{"id":987,"date":"2019-08-16T11:39:17","date_gmt":"2019-08-16T11:39:17","guid":{"rendered":"http:\/\/driewes.de\/?page_id=987"},"modified":"2019-11-15T10:42:08","modified_gmt":"2019-11-15T09:42:08","slug":"moanet","status":"publish","type":"page","link":"https:\/\/driewes.de\/?page_id=987","title":{"rendered":"MOANET"},"content":{"rendered":"\n<p><strong>Ein Typ<\/strong> <strong>zwischen Streetware und Tradition<\/strong><\/p>\n\n\n\n<figure class=\"wp-block-image\"><img loading=\"lazy\" decoding=\"async\" width=\"1024\" height=\"768\" src=\"http:\/\/driewes.de\/wp-content\/uploads\/2019\/08\/IMG_7134-1024x768.jpg\" alt=\"\" class=\"wp-image-988\" srcset=\"https:\/\/driewes.de\/wp-content\/uploads\/2019\/08\/IMG_7134-1024x768.jpg 1024w, https:\/\/driewes.de\/wp-content\/uploads\/2019\/08\/IMG_7134-300x225.jpg 300w, https:\/\/driewes.de\/wp-content\/uploads\/2019\/08\/IMG_7134-768x576.jpg 768w, https:\/\/driewes.de\/wp-content\/uploads\/2019\/08\/IMG_7134.jpg 2016w\" sizes=\"auto, (max-width: 1024px) 100vw, 1024px\" \/><\/figure>\n\n\n\n<p>Dennis Henkel ist ein guter Typ, weil er sagt und tut, was durch seinen Wuschelkopf braust. Mit seinem Streetwarelabel MOANET ist er auf einem richtigen guten Unternehmerwanderweg. Bei Wandern gibt es beste Aussichten und genau die hat Dennis Henkel gefunden. Er k\u00fcmmert sich mit gro\u00dfer Sorgfalt um Mundart aus der Region. Sein Label ist ein gelungener Spagat zwischen Streetwaremode und Tradition. Das funktioniert bestens, auch weil Dennis Henkel selbst aus der Provinz kommt und mit seiner Philosophie der Dorf\u00e4sthetik genau die erreicht, die das Leben auf dem Land mega geil finden. In seiner Modewerkstatt in Siegen hat er f\u00fcr alle Zeit. Die Kreativen, den Milchbauern, den M\u00fcllmann, die Trendsetter und die Hunde. Ein Platz auf dem Sofa ist immer frei, f\u00fcr einen kurzen Talk mit dem gelernten Grafik- und Kommunikationsdesigner. Wir finden Dennis Henkel und seine Kollektion super schlau, da gutes Design, Tradition und Spa\u00df bestens vereint sind. Und wie sagt es Dennis Henkel in seinem Drop: &#8220; DORF, frische Luft kommt von dort.&#8220;<\/p>\n\n\n\n<p><\/p>\n\n\n\n<figure class=\"wp-block-gallery columns-3 is-cropped wp-block-gallery-1 is-layout-flex wp-block-gallery-is-layout-flex\"><ul class=\"blocks-gallery-grid\"><li class=\"blocks-gallery-item\"><figure><a href=\"http:\/\/driewes.de\/wp-content\/uploads\/2019\/08\/IMG_7117-1024x768.jpg\"><img loading=\"lazy\" decoding=\"async\" width=\"1024\" height=\"768\" src=\"http:\/\/driewes.de\/wp-content\/uploads\/2019\/08\/IMG_7117-1024x768.jpg\" alt=\"\" data-id=\"989\" data-link=\"http:\/\/driewes.de\/?attachment_id=989\" class=\"wp-image-989\" srcset=\"https:\/\/driewes.de\/wp-content\/uploads\/2019\/08\/IMG_7117-1024x768.jpg 1024w, https:\/\/driewes.de\/wp-content\/uploads\/2019\/08\/IMG_7117-300x225.jpg 300w, https:\/\/driewes.de\/wp-content\/uploads\/2019\/08\/IMG_7117-768x576.jpg 768w, https:\/\/driewes.de\/wp-content\/uploads\/2019\/08\/IMG_7117.jpg 2016w\" sizes=\"auto, (max-width: 1024px) 100vw, 1024px\" \/><\/a><\/figure><\/li><li class=\"blocks-gallery-item\"><figure><a href=\"http:\/\/driewes.de\/wp-content\/uploads\/2019\/08\/IMG_7119-937x1024.jpg\"><img loading=\"lazy\" decoding=\"async\" width=\"937\" height=\"1024\" src=\"http:\/\/driewes.de\/wp-content\/uploads\/2019\/08\/IMG_7119-937x1024.jpg\" alt=\"\" data-id=\"990\" data-link=\"http:\/\/driewes.de\/?attachment_id=990\" class=\"wp-image-990\" srcset=\"https:\/\/driewes.de\/wp-content\/uploads\/2019\/08\/IMG_7119-937x1024.jpg 937w, https:\/\/driewes.de\/wp-content\/uploads\/2019\/08\/IMG_7119-275x300.jpg 275w, https:\/\/driewes.de\/wp-content\/uploads\/2019\/08\/IMG_7119-768x839.jpg 768w, https:\/\/driewes.de\/wp-content\/uploads\/2019\/08\/IMG_7119.jpg 1358w\" sizes=\"auto, (max-width: 937px) 100vw, 937px\" \/><\/a><\/figure><\/li><li class=\"blocks-gallery-item\"><figure><a href=\"http:\/\/driewes.de\/wp-content\/uploads\/2019\/08\/IMG_7121-1024x592.jpg\"><img loading=\"lazy\" decoding=\"async\" width=\"1024\" height=\"592\" src=\"http:\/\/driewes.de\/wp-content\/uploads\/2019\/08\/IMG_7121-1024x592.jpg\" alt=\"\" data-id=\"991\" data-link=\"http:\/\/driewes.de\/?attachment_id=991\" class=\"wp-image-991\" srcset=\"https:\/\/driewes.de\/wp-content\/uploads\/2019\/08\/IMG_7121-1024x592.jpg 1024w, https:\/\/driewes.de\/wp-content\/uploads\/2019\/08\/IMG_7121-300x173.jpg 300w, https:\/\/driewes.de\/wp-content\/uploads\/2019\/08\/IMG_7121-768x444.jpg 768w, https:\/\/driewes.de\/wp-content\/uploads\/2019\/08\/IMG_7121.jpg 1816w\" sizes=\"auto, (max-width: 1024px) 100vw, 1024px\" \/><\/a><\/figure><\/li><li class=\"blocks-gallery-item\"><figure><a href=\"http:\/\/driewes.de\/wp-content\/uploads\/2019\/08\/IMG_7124-1024x768.jpg\"><img loading=\"lazy\" decoding=\"async\" width=\"1024\" height=\"768\" src=\"http:\/\/driewes.de\/wp-content\/uploads\/2019\/08\/IMG_7124-1024x768.jpg\" alt=\"\" data-id=\"992\" data-link=\"http:\/\/driewes.de\/?attachment_id=992\" class=\"wp-image-992\" srcset=\"https:\/\/driewes.de\/wp-content\/uploads\/2019\/08\/IMG_7124-1024x768.jpg 1024w, https:\/\/driewes.de\/wp-content\/uploads\/2019\/08\/IMG_7124-300x225.jpg 300w, https:\/\/driewes.de\/wp-content\/uploads\/2019\/08\/IMG_7124-768x576.jpg 768w, https:\/\/driewes.de\/wp-content\/uploads\/2019\/08\/IMG_7124.jpg 1933w\" sizes=\"auto, (max-width: 1024px) 100vw, 1024px\" \/><\/a><\/figure><\/li><li class=\"blocks-gallery-item\"><figure><a href=\"http:\/\/driewes.de\/wp-content\/uploads\/2019\/08\/IMG_7115-1024x768.jpg\"><img loading=\"lazy\" decoding=\"async\" width=\"1024\" height=\"768\" src=\"http:\/\/driewes.de\/wp-content\/uploads\/2019\/08\/IMG_7115-1024x768.jpg\" alt=\"\" data-id=\"993\" data-link=\"http:\/\/driewes.de\/?attachment_id=993\" class=\"wp-image-993\" srcset=\"https:\/\/driewes.de\/wp-content\/uploads\/2019\/08\/IMG_7115-1024x768.jpg 1024w, https:\/\/driewes.de\/wp-content\/uploads\/2019\/08\/IMG_7115-300x225.jpg 300w, https:\/\/driewes.de\/wp-content\/uploads\/2019\/08\/IMG_7115-768x576.jpg 768w, https:\/\/driewes.de\/wp-content\/uploads\/2019\/08\/IMG_7115.jpg 2016w\" sizes=\"auto, (max-width: 1024px) 100vw, 1024px\" \/><\/a><\/figure><\/li><\/ul><\/figure>\n\n\n\n<p><\/p>\n","protected":false},"excerpt":{"rendered":"<p>Ein Typ zwischen Streetware und Tradition Dennis Henkel ist ein guter Typ, weil er sagt und tut, was durch seinen Wuschelkopf braust. Mit seinem Streetwarelabel MOANET ist er auf einem richtigen guten Unternehmerwanderweg. Bei Wandern gibt es beste Aussichten und genau die hat Dennis Henkel gefunden. Er k\u00fcmmert sich mit gro\u00dfer Sorgfalt um Mundart aus [&hellip;]<\/p>\n","protected":false},"author":3,"featured_media":0,"parent":320,"menu_order":0,"comment_status":"closed","ping_status":"closed","template":"","meta":{"footnotes":""},"class_list":["post-987","page","type-page","status-publish","hentry"],"_links":{"self":[{"href":"https:\/\/driewes.de\/index.php?rest_route=\/wp\/v2\/pages\/987","targetHints":{"allow":["GET"]}}],"collection":[{"href":"https:\/\/driewes.de\/index.php?rest_route=\/wp\/v2\/pages"}],"about":[{"href":"https:\/\/driewes.de\/index.php?rest_route=\/wp\/v2\/types\/page"}],"author":[{"embeddable":true,"href":"https:\/\/driewes.de\/index.php?rest_route=\/wp\/v2\/users\/3"}],"replies":[{"embeddable":true,"href":"https:\/\/driewes.de\/index.php?rest_route=%2Fwp%2Fv2%2Fcomments&post=987"}],"version-history":[{"count":6,"href":"https:\/\/driewes.de\/index.php?rest_route=\/wp\/v2\/pages\/987\/revisions"}],"predecessor-version":[{"id":1180,"href":"https:\/\/driewes.de\/index.php?rest_route=\/wp\/v2\/pages\/987\/revisions\/1180"}],"up":[{"embeddable":true,"href":"https:\/\/driewes.de\/index.php?rest_route=\/wp\/v2\/pages\/320"}],"wp:attachment":[{"href":"https:\/\/driewes.de\/index.php?rest_route=%2Fwp%2Fv2%2Fmedia&parent=987"}],"curies":[{"name":"wp","href":"https:\/\/api.w.org\/{rel}","templated":true}]}}