{"id":957,"date":"2019-08-02T10:11:18","date_gmt":"2019-08-02T10:11:18","guid":{"rendered":"http:\/\/driewes.de\/?page_id=957"},"modified":"2019-09-04T16:52:08","modified_gmt":"2019-09-04T14:52:08","slug":"kaffeeroesterei-in-seelbach","status":"publish","type":"page","link":"https:\/\/driewes.de\/?page_id=957","title":{"rendered":"Kaffeer\u00f6sterei in Seelbach"},"content":{"rendered":"\n<p><strong>Kathreiner`s&nbsp; Kaffee mit Anspruch<\/strong><\/p>\n\n\n\n<figure class=\"wp-block-image\"><img loading=\"lazy\" decoding=\"async\" width=\"1024\" height=\"768\" src=\"http:\/\/driewes.de\/wp-content\/uploads\/2019\/08\/IMG_7014-1024x768.jpg\" alt=\"\" class=\"wp-image-958\" srcset=\"https:\/\/driewes.de\/wp-content\/uploads\/2019\/08\/IMG_7014-1024x768.jpg 1024w, https:\/\/driewes.de\/wp-content\/uploads\/2019\/08\/IMG_7014-300x225.jpg 300w, https:\/\/driewes.de\/wp-content\/uploads\/2019\/08\/IMG_7014-768x576.jpg 768w, https:\/\/driewes.de\/wp-content\/uploads\/2019\/08\/IMG_7014.jpg 1632w\" sizes=\"auto, (max-width: 1024px) 100vw, 1024px\" \/><\/figure>\n\n\n\n<p>Wir sitzen drau\u00dfen auf der Terrasse vor dem mehr als dreihundert Jahre alten Haus mitten in Seelbach. Man trifft sich hier offensichtlich zum Fr\u00fchst\u00fcck .<\/p>\n\n\n\n<p>F\u00fcr Judith und Bj\u00f6rn Kathreiner steht der Kaffee, den sie hier anbieten, im Mittelpunkt und muss in doppelter Hinsicht hohe Anspr\u00fcche erf\u00fcllen. Er kommt aus Guatemala, Kenia, Brasilien, Sumatra oder Bolivien und die Kathreiners haben sich zum Teil vor Ort ein Bild davon gemacht, wie der Kaffee angebaut und geerntet wird und welche M\u00fche hinter jedem Kilo Kaffee steckt. Daher ist es ihnen wichtig, dass ihr Kaffee sozial vertr\u00e4glich, nachhaltig und zu fairen Bedingungen erzeugt und vermarktet wird. Anspruch auch, wenn es um das R\u00f6sten des Kaffees geht. Das geschieht vor Ort schonend und in kleinen Mengen in Handarbeit in der Trommel.<\/p>\n\n\n\n<p>Und es war beiden ein Anliegen, das Haus, das schon sehr lange im Besitz der Familie von Judith Kathreiner ist, mit seinem Charme zu erhalten und entstanden ist ein sch\u00f6ner Raum, in dem man bei sich einem S\u00fcppchen in der Mittagspause wohlf\u00fchlt oder bei einem St\u00fcck Kuchen nett plaudern kann. Den Kaffee oder Espresso kann man selbstverst\u00e4ndlich auch kaufen und zu Hause genie\u00dfen. <\/p>\n\n\n\n<p><a href=\"http:\/\/www.kathreiners.de\">www. kathreiners.de<\/a><\/p>\n\n\n\n<p><\/p>\n\n\n\n<p><\/p>\n\n\n\n<ul class=\"wp-block-gallery columns-3 is-cropped wp-block-gallery-1 is-layout-flex wp-block-gallery-is-layout-flex\"><li class=\"blocks-gallery-item\"><figure><a href=\"http:\/\/driewes.de\/wp-content\/uploads\/2019\/08\/FBA2327F-A7DC-48AE-BCB0-5130B0BE3CEF-1024x1024.jpg\"><img loading=\"lazy\" decoding=\"async\" width=\"1024\" height=\"1024\" src=\"http:\/\/driewes.de\/wp-content\/uploads\/2019\/08\/FBA2327F-A7DC-48AE-BCB0-5130B0BE3CEF-1024x1024.jpg\" alt=\"\" data-id=\"959\" data-link=\"http:\/\/driewes.de\/?attachment_id=959\" class=\"wp-image-959\" srcset=\"https:\/\/driewes.de\/wp-content\/uploads\/2019\/08\/FBA2327F-A7DC-48AE-BCB0-5130B0BE3CEF-1024x1024.jpg 1024w, https:\/\/driewes.de\/wp-content\/uploads\/2019\/08\/FBA2327F-A7DC-48AE-BCB0-5130B0BE3CEF-150x150.jpg 150w, https:\/\/driewes.de\/wp-content\/uploads\/2019\/08\/FBA2327F-A7DC-48AE-BCB0-5130B0BE3CEF-300x300.jpg 300w, https:\/\/driewes.de\/wp-content\/uploads\/2019\/08\/FBA2327F-A7DC-48AE-BCB0-5130B0BE3CEF-768x768.jpg 768w, https:\/\/driewes.de\/wp-content\/uploads\/2019\/08\/FBA2327F-A7DC-48AE-BCB0-5130B0BE3CEF-70x70.jpg 70w, https:\/\/driewes.de\/wp-content\/uploads\/2019\/08\/FBA2327F-A7DC-48AE-BCB0-5130B0BE3CEF-127x127.jpg 127w, https:\/\/driewes.de\/wp-content\/uploads\/2019\/08\/FBA2327F-A7DC-48AE-BCB0-5130B0BE3CEF-476x476.jpg 476w, https:\/\/driewes.de\/wp-content\/uploads\/2019\/08\/FBA2327F-A7DC-48AE-BCB0-5130B0BE3CEF-125x125.jpg 125w, https:\/\/driewes.de\/wp-content\/uploads\/2019\/08\/FBA2327F-A7DC-48AE-BCB0-5130B0BE3CEF.jpg 1440w\" sizes=\"auto, (max-width: 1024px) 100vw, 1024px\" \/><\/a><\/figure><\/li><li class=\"blocks-gallery-item\"><figure><a href=\"http:\/\/driewes.de\/wp-content\/uploads\/2019\/08\/22CACDCD-DA19-497F-B112-7CAD671F4C39-1024x1024.jpg\"><img loading=\"lazy\" decoding=\"async\" width=\"1024\" height=\"1024\" src=\"http:\/\/driewes.de\/wp-content\/uploads\/2019\/08\/22CACDCD-DA19-497F-B112-7CAD671F4C39-1024x1024.jpg\" alt=\"\" data-id=\"963\" data-link=\"http:\/\/driewes.de\/?attachment_id=963\" class=\"wp-image-963\" srcset=\"https:\/\/driewes.de\/wp-content\/uploads\/2019\/08\/22CACDCD-DA19-497F-B112-7CAD671F4C39-1024x1024.jpg 1024w, https:\/\/driewes.de\/wp-content\/uploads\/2019\/08\/22CACDCD-DA19-497F-B112-7CAD671F4C39-150x150.jpg 150w, https:\/\/driewes.de\/wp-content\/uploads\/2019\/08\/22CACDCD-DA19-497F-B112-7CAD671F4C39-300x300.jpg 300w, https:\/\/driewes.de\/wp-content\/uploads\/2019\/08\/22CACDCD-DA19-497F-B112-7CAD671F4C39-768x767.jpg 768w, https:\/\/driewes.de\/wp-content\/uploads\/2019\/08\/22CACDCD-DA19-497F-B112-7CAD671F4C39-70x70.jpg 70w, https:\/\/driewes.de\/wp-content\/uploads\/2019\/08\/22CACDCD-DA19-497F-B112-7CAD671F4C39-127x127.jpg 127w, https:\/\/driewes.de\/wp-content\/uploads\/2019\/08\/22CACDCD-DA19-497F-B112-7CAD671F4C39-476x476.jpg 476w, https:\/\/driewes.de\/wp-content\/uploads\/2019\/08\/22CACDCD-DA19-497F-B112-7CAD671F4C39-125x125.jpg 125w, https:\/\/driewes.de\/wp-content\/uploads\/2019\/08\/22CACDCD-DA19-497F-B112-7CAD671F4C39.jpg 1440w\" sizes=\"auto, (max-width: 1024px) 100vw, 1024px\" \/><\/a><\/figure><\/li><li class=\"blocks-gallery-item\"><figure><a href=\"http:\/\/driewes.de\/wp-content\/uploads\/2019\/08\/B7071F4F-279A-449F-A463-F49547ED0CEC-1024x1024.jpg\"><img loading=\"lazy\" decoding=\"async\" width=\"1024\" height=\"1024\" src=\"http:\/\/driewes.de\/wp-content\/uploads\/2019\/08\/B7071F4F-279A-449F-A463-F49547ED0CEC-1024x1024.jpg\" alt=\"\" data-id=\"960\" data-link=\"http:\/\/driewes.de\/?attachment_id=960\" class=\"wp-image-960\" srcset=\"https:\/\/driewes.de\/wp-content\/uploads\/2019\/08\/B7071F4F-279A-449F-A463-F49547ED0CEC-1024x1024.jpg 1024w, https:\/\/driewes.de\/wp-content\/uploads\/2019\/08\/B7071F4F-279A-449F-A463-F49547ED0CEC-150x150.jpg 150w, https:\/\/driewes.de\/wp-content\/uploads\/2019\/08\/B7071F4F-279A-449F-A463-F49547ED0CEC-300x300.jpg 300w, https:\/\/driewes.de\/wp-content\/uploads\/2019\/08\/B7071F4F-279A-449F-A463-F49547ED0CEC-768x768.jpg 768w, https:\/\/driewes.de\/wp-content\/uploads\/2019\/08\/B7071F4F-279A-449F-A463-F49547ED0CEC-70x70.jpg 70w, https:\/\/driewes.de\/wp-content\/uploads\/2019\/08\/B7071F4F-279A-449F-A463-F49547ED0CEC-127x127.jpg 127w, https:\/\/driewes.de\/wp-content\/uploads\/2019\/08\/B7071F4F-279A-449F-A463-F49547ED0CEC-476x476.jpg 476w, https:\/\/driewes.de\/wp-content\/uploads\/2019\/08\/B7071F4F-279A-449F-A463-F49547ED0CEC-125x125.jpg 125w, https:\/\/driewes.de\/wp-content\/uploads\/2019\/08\/B7071F4F-279A-449F-A463-F49547ED0CEC.jpg 1440w\" sizes=\"auto, (max-width: 1024px) 100vw, 1024px\" \/><\/a><\/figure><\/li><li class=\"blocks-gallery-item\"><figure><a href=\"http:\/\/driewes.de\/wp-content\/uploads\/2019\/08\/41F39722-7C64-4ECB-A07E-0E0317A6564B-1024x1024.jpg\"><img loading=\"lazy\" decoding=\"async\" width=\"1024\" height=\"1024\" src=\"http:\/\/driewes.de\/wp-content\/uploads\/2019\/08\/41F39722-7C64-4ECB-A07E-0E0317A6564B-1024x1024.jpg\" alt=\"\" data-id=\"962\" data-link=\"http:\/\/driewes.de\/?attachment_id=962\" class=\"wp-image-962\" srcset=\"https:\/\/driewes.de\/wp-content\/uploads\/2019\/08\/41F39722-7C64-4ECB-A07E-0E0317A6564B-1024x1024.jpg 1024w, https:\/\/driewes.de\/wp-content\/uploads\/2019\/08\/41F39722-7C64-4ECB-A07E-0E0317A6564B-150x150.jpg 150w, https:\/\/driewes.de\/wp-content\/uploads\/2019\/08\/41F39722-7C64-4ECB-A07E-0E0317A6564B-300x300.jpg 300w, https:\/\/driewes.de\/wp-content\/uploads\/2019\/08\/41F39722-7C64-4ECB-A07E-0E0317A6564B-768x768.jpg 768w, https:\/\/driewes.de\/wp-content\/uploads\/2019\/08\/41F39722-7C64-4ECB-A07E-0E0317A6564B-70x70.jpg 70w, https:\/\/driewes.de\/wp-content\/uploads\/2019\/08\/41F39722-7C64-4ECB-A07E-0E0317A6564B-127x127.jpg 127w, https:\/\/driewes.de\/wp-content\/uploads\/2019\/08\/41F39722-7C64-4ECB-A07E-0E0317A6564B-476x476.jpg 476w, https:\/\/driewes.de\/wp-content\/uploads\/2019\/08\/41F39722-7C64-4ECB-A07E-0E0317A6564B-125x125.jpg 125w, https:\/\/driewes.de\/wp-content\/uploads\/2019\/08\/41F39722-7C64-4ECB-A07E-0E0317A6564B.jpg 1440w\" sizes=\"auto, (max-width: 1024px) 100vw, 1024px\" \/><\/a><\/figure><\/li><li class=\"blocks-gallery-item\"><figure><a href=\"http:\/\/driewes.de\/wp-content\/uploads\/2019\/08\/IMG_7015-1024x768.jpg\"><img loading=\"lazy\" decoding=\"async\" width=\"1024\" height=\"768\" src=\"http:\/\/driewes.de\/wp-content\/uploads\/2019\/08\/IMG_7015-1024x768.jpg\" alt=\"\" data-id=\"961\" data-link=\"http:\/\/driewes.de\/?attachment_id=961\" class=\"wp-image-961\" srcset=\"https:\/\/driewes.de\/wp-content\/uploads\/2019\/08\/IMG_7015-1024x768.jpg 1024w, https:\/\/driewes.de\/wp-content\/uploads\/2019\/08\/IMG_7015-300x225.jpg 300w, https:\/\/driewes.de\/wp-content\/uploads\/2019\/08\/IMG_7015-768x576.jpg 768w, https:\/\/driewes.de\/wp-content\/uploads\/2019\/08\/IMG_7015.jpg 1280w\" sizes=\"auto, (max-width: 1024px) 100vw, 1024px\" \/><\/a><\/figure><\/li><\/ul>\n\n\n\n<div class=\"wp-block-webfactory-map\"><div class=\"wp-block-webfactory-map\"><iframe loading=\"lazy\" width=\"100%\" height=\"300px\" src=\"https:\/\/www.google.com\/maps\/embed\/v1\/place?q=freundenbergerstra%C3%9Fe%20477&amp;maptype=roadmap&amp;zoom=10&amp;key=AIzaSyAjyDspiPfzEfjRSS5fQzm-3jHFjHxeXB4\" frameborder=\"0\"><\/iframe><\/div><\/div>\n","protected":false},"excerpt":{"rendered":"<p>Kathreiner`s&nbsp; Kaffee mit Anspruch Wir sitzen drau\u00dfen auf der Terrasse vor dem mehr als dreihundert Jahre alten Haus mitten in Seelbach. Man trifft sich hier offensichtlich zum Fr\u00fchst\u00fcck . F\u00fcr Judith und Bj\u00f6rn Kathreiner steht der Kaffee, den sie hier anbieten, im Mittelpunkt und muss in doppelter Hinsicht hohe Anspr\u00fcche erf\u00fcllen. Er kommt aus Guatemala, [&hellip;]<\/p>\n","protected":false},"author":3,"featured_media":0,"parent":324,"menu_order":0,"comment_status":"closed","ping_status":"closed","template":"","meta":{"footnotes":""},"class_list":["post-957","page","type-page","status-publish","hentry"],"_links":{"self":[{"href":"https:\/\/driewes.de\/index.php?rest_route=\/wp\/v2\/pages\/957","targetHints":{"allow":["GET"]}}],"collection":[{"href":"https:\/\/driewes.de\/index.php?rest_route=\/wp\/v2\/pages"}],"about":[{"href":"https:\/\/driewes.de\/index.php?rest_route=\/wp\/v2\/types\/page"}],"author":[{"embeddable":true,"href":"https:\/\/driewes.de\/index.php?rest_route=\/wp\/v2\/users\/3"}],"replies":[{"embeddable":true,"href":"https:\/\/driewes.de\/index.php?rest_route=%2Fwp%2Fv2%2Fcomments&post=957"}],"version-history":[{"count":7,"href":"https:\/\/driewes.de\/index.php?rest_route=\/wp\/v2\/pages\/957\/revisions"}],"predecessor-version":[{"id":1062,"href":"https:\/\/driewes.de\/index.php?rest_route=\/wp\/v2\/pages\/957\/revisions\/1062"}],"up":[{"embeddable":true,"href":"https:\/\/driewes.de\/index.php?rest_route=\/wp\/v2\/pages\/324"}],"wp:attachment":[{"href":"https:\/\/driewes.de\/index.php?rest_route=%2Fwp%2Fv2%2Fmedia&parent=957"}],"curies":[{"name":"wp","href":"https:\/\/api.w.org\/{rel}","templated":true}]}}