{"id":893,"date":"2019-07-23T12:48:40","date_gmt":"2019-07-23T12:48:40","guid":{"rendered":"http:\/\/driewes.de\/?page_id=893"},"modified":"2019-09-04T16:53:25","modified_gmt":"2019-09-04T14:53:25","slug":"der-traum-vom-treibhaus","status":"publish","type":"page","link":"https:\/\/driewes.de\/?page_id=893","title":{"rendered":"Die Kr\u00e4uterey L\u00fctzel"},"content":{"rendered":"\n<p><strong> Der Traum vom Treibhaus<\/strong><\/p>\n\n\n\n<figure class=\"wp-block-image\"><img loading=\"lazy\" decoding=\"async\" width=\"1949\" height=\"1461\" src=\"http:\/\/driewes.de\/wp-content\/uploads\/2019\/07\/image10.jpeg\" alt=\"\" class=\"wp-image-894\" srcset=\"https:\/\/driewes.de\/wp-content\/uploads\/2019\/07\/image10.jpeg 1949w, https:\/\/driewes.de\/wp-content\/uploads\/2019\/07\/image10-300x225.jpeg 300w, https:\/\/driewes.de\/wp-content\/uploads\/2019\/07\/image10-768x576.jpeg 768w, https:\/\/driewes.de\/wp-content\/uploads\/2019\/07\/image10-1024x768.jpeg 1024w\" sizes=\"auto, (max-width: 1949px) 100vw, 1949px\" \/><figcaption>Eines der beiden Treibh\u00e4user der Kr\u00e4uterey<\/figcaption><\/figure>\n\n\n\n<p>Schon als junger Mann hat J\u00f6rg Massow davon getr\u00e4umt, in einem Treibhaus zu wohnen. Diesem Traum ist er ganz sch\u00f6n nahe gekommen, als er im November 2018 zusammen mit seiner Frau Monika die seit Jahren leerstehende Kr\u00e4uterey in L\u00fctzel erwarb. Seither gibt es ordentlich zu tun. Das Dach des Treibhauses musste repariert werden und die Pflanztische erst einmal wieder nutzbar gemacht werden. Umso erstaunlicher, dass es schon jetzt, ein gutes halbes Jahr sp\u00e4ter, auf den Tischen wuchert und Tomaten, Paprika, Kr\u00e4uter und Kartoffeln gedeihen. Das Freigel\u00e4nde ist verwunschen, es bl\u00fcht hellgr\u00fcn und rosa, und nat\u00fcrlich gibt es f\u00fcr diesen besonderen Ort viele Pl\u00e4ne, die aber ohne Eile angegangen werden. Monika und J\u00f6rg wollen den Prozess des Wachsens im Hier und Jetzt genie\u00dfen. Es bleibt also Zeit f\u00fcr einen gemeinsamen Kaffee, als wir zu Besuch kommen. <\/p>\n\n\n\n<p>Und man darf gespannt sein, was bei so viel Power in den n\u00e4chsten Jahren dort entsteht. Schon in Angriff genommen ist der Ausbau des Nebengeb\u00e4udes, in dem eine K\u00fcche und R\u00e4ume f\u00fcr Kochkurse oder Kochevents entstehen sollen. Wir sind angesteckt von so viel Tatendrang und stellen uns schon vor, wie es w\u00e4re, dort mit anderen zusammen zu kochen, zu essen, zu verweilen, im Treibhaus zu tr\u00e4umen.<br>Bis es so weit ist, kann man auf jeden Fall schon mal vorbeischauen und Tomaten und Kr\u00e4uter kaufen und sich einfangen lassen von diesem Ort.<br><\/p>\n\n\n\n<p><a href=\"https:\/\/kr\u00e4uterey-l\u00fctzel.de\/\" target=\"_blank\" rel=\"noreferrer noopener\" aria-label=\" (\u00f6ffnet in neuem Tab)\"> www.kr\u00e4uterey-l\u00fctzel.de<\/a><\/p>\n\n\n\n<p><br><\/p>\n\n\n\n<ul class=\"wp-block-gallery columns-3 is-cropped wp-block-gallery-1 is-layout-flex wp-block-gallery-is-layout-flex\"><li class=\"blocks-gallery-item\"><figure><a href=\"http:\/\/driewes.de\/wp-content\/uploads\/2019\/07\/image3-3-768x1024.jpeg\"><img loading=\"lazy\" decoding=\"async\" width=\"768\" height=\"1024\" src=\"http:\/\/driewes.de\/wp-content\/uploads\/2019\/07\/image3-3-768x1024.jpeg\" alt=\"\" data-id=\"895\" data-link=\"http:\/\/driewes.de\/?attachment_id=895\" class=\"wp-image-895\" srcset=\"https:\/\/driewes.de\/wp-content\/uploads\/2019\/07\/image3-3-768x1024.jpeg 768w, https:\/\/driewes.de\/wp-content\/uploads\/2019\/07\/image3-3-225x300.jpeg 225w, https:\/\/driewes.de\/wp-content\/uploads\/2019\/07\/image3-3.jpeg 1512w\" sizes=\"auto, (max-width: 768px) 100vw, 768px\" \/><\/a><\/figure><\/li><li class=\"blocks-gallery-item\"><figure><a href=\"http:\/\/driewes.de\/wp-content\/uploads\/2019\/07\/image4-3-768x1024.jpeg\"><img loading=\"lazy\" decoding=\"async\" width=\"768\" height=\"1024\" src=\"http:\/\/driewes.de\/wp-content\/uploads\/2019\/07\/image4-3-768x1024.jpeg\" alt=\"\" data-id=\"896\" data-link=\"http:\/\/driewes.de\/?attachment_id=896\" class=\"wp-image-896\" srcset=\"https:\/\/driewes.de\/wp-content\/uploads\/2019\/07\/image4-3-768x1024.jpeg 768w, https:\/\/driewes.de\/wp-content\/uploads\/2019\/07\/image4-3-225x300.jpeg 225w, https:\/\/driewes.de\/wp-content\/uploads\/2019\/07\/image4-3.jpeg 1512w\" sizes=\"auto, (max-width: 768px) 100vw, 768px\" \/><\/a><\/figure><\/li><li class=\"blocks-gallery-item\"><figure><a href=\"http:\/\/driewes.de\/wp-content\/uploads\/2019\/07\/image2-2-2-768x1024.jpeg\"><img loading=\"lazy\" decoding=\"async\" width=\"768\" height=\"1024\" src=\"http:\/\/driewes.de\/wp-content\/uploads\/2019\/07\/image2-2-2-768x1024.jpeg\" alt=\"\" data-id=\"903\" data-link=\"http:\/\/driewes.de\/?attachment_id=903\" class=\"wp-image-903\" srcset=\"https:\/\/driewes.de\/wp-content\/uploads\/2019\/07\/image2-2-2-768x1024.jpeg 768w, https:\/\/driewes.de\/wp-content\/uploads\/2019\/07\/image2-2-2-225x300.jpeg 225w, https:\/\/driewes.de\/wp-content\/uploads\/2019\/07\/image2-2-2.jpeg 1512w\" sizes=\"auto, (max-width: 768px) 100vw, 768px\" \/><\/a><\/figure><\/li><li class=\"blocks-gallery-item\"><figure><a href=\"http:\/\/driewes.de\/wp-content\/uploads\/2019\/07\/image5-1-1024x768.jpeg\"><img loading=\"lazy\" decoding=\"async\" width=\"1024\" height=\"768\" src=\"http:\/\/driewes.de\/wp-content\/uploads\/2019\/07\/image5-1-1024x768.jpeg\" alt=\"\" data-id=\"897\" data-link=\"http:\/\/driewes.de\/?attachment_id=897\" class=\"wp-image-897\" srcset=\"https:\/\/driewes.de\/wp-content\/uploads\/2019\/07\/image5-1-1024x768.jpeg 1024w, https:\/\/driewes.de\/wp-content\/uploads\/2019\/07\/image5-1-300x225.jpeg 300w, https:\/\/driewes.de\/wp-content\/uploads\/2019\/07\/image5-1-768x576.jpeg 768w, https:\/\/driewes.de\/wp-content\/uploads\/2019\/07\/image5-1.jpeg 2016w\" sizes=\"auto, (max-width: 1024px) 100vw, 1024px\" \/><\/a><\/figure><\/li><li class=\"blocks-gallery-item\"><figure><a href=\"http:\/\/driewes.de\/wp-content\/uploads\/2019\/07\/image6-1-1024x768.jpeg\"><img loading=\"lazy\" decoding=\"async\" width=\"1024\" height=\"768\" src=\"http:\/\/driewes.de\/wp-content\/uploads\/2019\/07\/image6-1-1024x768.jpeg\" alt=\"\" data-id=\"898\" data-link=\"http:\/\/driewes.de\/?attachment_id=898\" class=\"wp-image-898\" srcset=\"https:\/\/driewes.de\/wp-content\/uploads\/2019\/07\/image6-1-1024x768.jpeg 1024w, https:\/\/driewes.de\/wp-content\/uploads\/2019\/07\/image6-1-300x225.jpeg 300w, https:\/\/driewes.de\/wp-content\/uploads\/2019\/07\/image6-1-768x576.jpeg 768w, https:\/\/driewes.de\/wp-content\/uploads\/2019\/07\/image6-1.jpeg 2016w\" sizes=\"auto, (max-width: 1024px) 100vw, 1024px\" \/><\/a><\/figure><\/li><li class=\"blocks-gallery-item\"><figure><a href=\"http:\/\/driewes.de\/wp-content\/uploads\/2019\/07\/image7-1024x768.jpeg\"><img loading=\"lazy\" decoding=\"async\" width=\"1024\" height=\"768\" src=\"http:\/\/driewes.de\/wp-content\/uploads\/2019\/07\/image7-1024x768.jpeg\" alt=\"\" data-id=\"899\" data-link=\"http:\/\/driewes.de\/?attachment_id=899\" class=\"wp-image-899\" srcset=\"https:\/\/driewes.de\/wp-content\/uploads\/2019\/07\/image7-1024x768.jpeg 1024w, https:\/\/driewes.de\/wp-content\/uploads\/2019\/07\/image7-300x225.jpeg 300w, https:\/\/driewes.de\/wp-content\/uploads\/2019\/07\/image7-768x576.jpeg 768w, https:\/\/driewes.de\/wp-content\/uploads\/2019\/07\/image7.jpeg 2016w\" sizes=\"auto, (max-width: 1024px) 100vw, 1024px\" \/><\/a><\/figure><\/li><li class=\"blocks-gallery-item\"><figure><a href=\"http:\/\/driewes.de\/wp-content\/uploads\/2019\/07\/image9-1024x768.jpeg\"><img loading=\"lazy\" decoding=\"async\" width=\"1024\" height=\"768\" src=\"http:\/\/driewes.de\/wp-content\/uploads\/2019\/07\/image9-1024x768.jpeg\" alt=\"\" data-id=\"901\" data-link=\"http:\/\/driewes.de\/?attachment_id=901\" class=\"wp-image-901\" srcset=\"https:\/\/driewes.de\/wp-content\/uploads\/2019\/07\/image9-1024x768.jpeg 1024w, https:\/\/driewes.de\/wp-content\/uploads\/2019\/07\/image9-300x225.jpeg 300w, https:\/\/driewes.de\/wp-content\/uploads\/2019\/07\/image9-768x576.jpeg 768w, https:\/\/driewes.de\/wp-content\/uploads\/2019\/07\/image9.jpeg 2016w\" sizes=\"auto, (max-width: 1024px) 100vw, 1024px\" \/><\/a><\/figure><\/li><li class=\"blocks-gallery-item\"><figure><a href=\"http:\/\/driewes.de\/wp-content\/uploads\/2019\/07\/image13-768x1024.jpeg\"><img loading=\"lazy\" decoding=\"async\" width=\"768\" height=\"1024\" src=\"http:\/\/driewes.de\/wp-content\/uploads\/2019\/07\/image13-768x1024.jpeg\" alt=\"\" data-id=\"902\" data-link=\"http:\/\/driewes.de\/?attachment_id=902\" class=\"wp-image-902\" srcset=\"https:\/\/driewes.de\/wp-content\/uploads\/2019\/07\/image13-768x1024.jpeg 768w, https:\/\/driewes.de\/wp-content\/uploads\/2019\/07\/image13-225x300.jpeg 225w, https:\/\/driewes.de\/wp-content\/uploads\/2019\/07\/image13.jpeg 1512w\" sizes=\"auto, (max-width: 768px) 100vw, 768px\" \/><\/a><\/figure><\/li><\/ul>\n","protected":false},"excerpt":{"rendered":"<p>Der Traum vom Treibhaus Schon als junger Mann hat J\u00f6rg Massow davon getr\u00e4umt, in einem Treibhaus zu wohnen. Diesem Traum ist er ganz sch\u00f6n nahe gekommen, als er im November 2018 zusammen mit seiner Frau Monika die seit Jahren leerstehende Kr\u00e4uterey in L\u00fctzel erwarb. Seither gibt es ordentlich zu tun. Das Dach des Treibhauses musste [&hellip;]<\/p>\n","protected":false},"author":3,"featured_media":0,"parent":324,"menu_order":0,"comment_status":"closed","ping_status":"closed","template":"","meta":{"footnotes":""},"class_list":["post-893","page","type-page","status-publish","hentry"],"_links":{"self":[{"href":"https:\/\/driewes.de\/index.php?rest_route=\/wp\/v2\/pages\/893","targetHints":{"allow":["GET"]}}],"collection":[{"href":"https:\/\/driewes.de\/index.php?rest_route=\/wp\/v2\/pages"}],"about":[{"href":"https:\/\/driewes.de\/index.php?rest_route=\/wp\/v2\/types\/page"}],"author":[{"embeddable":true,"href":"https:\/\/driewes.de\/index.php?rest_route=\/wp\/v2\/users\/3"}],"replies":[{"embeddable":true,"href":"https:\/\/driewes.de\/index.php?rest_route=%2Fwp%2Fv2%2Fcomments&post=893"}],"version-history":[{"count":11,"href":"https:\/\/driewes.de\/index.php?rest_route=\/wp\/v2\/pages\/893\/revisions"}],"predecessor-version":[{"id":1063,"href":"https:\/\/driewes.de\/index.php?rest_route=\/wp\/v2\/pages\/893\/revisions\/1063"}],"up":[{"embeddable":true,"href":"https:\/\/driewes.de\/index.php?rest_route=\/wp\/v2\/pages\/324"}],"wp:attachment":[{"href":"https:\/\/driewes.de\/index.php?rest_route=%2Fwp%2Fv2%2Fmedia&parent=893"}],"curies":[{"name":"wp","href":"https:\/\/api.w.org\/{rel}","templated":true}]}}