{"id":876,"date":"2019-07-18T09:07:01","date_gmt":"2019-07-18T09:07:01","guid":{"rendered":"http:\/\/driewes.de\/?page_id=876"},"modified":"2019-07-24T08:15:44","modified_gmt":"2019-07-24T08:15:44","slug":"gruene-tomaten","status":"publish","type":"page","link":"https:\/\/driewes.de\/?page_id=876","title":{"rendered":"Gr\u00fcne Tomaten"},"content":{"rendered":"\n<figure class=\"wp-block-image\"><img loading=\"lazy\" decoding=\"async\" width=\"1024\" height=\"1024\" src=\"http:\/\/driewes.de\/wp-content\/uploads\/2019\/07\/E165292E-1483-4D4A-BFA7-BBD637545A6A-1024x1024.jpg\" alt=\"\" class=\"wp-image-877\" srcset=\"https:\/\/driewes.de\/wp-content\/uploads\/2019\/07\/E165292E-1483-4D4A-BFA7-BBD637545A6A-1024x1024.jpg 1024w, https:\/\/driewes.de\/wp-content\/uploads\/2019\/07\/E165292E-1483-4D4A-BFA7-BBD637545A6A-150x150.jpg 150w, https:\/\/driewes.de\/wp-content\/uploads\/2019\/07\/E165292E-1483-4D4A-BFA7-BBD637545A6A-300x300.jpg 300w, https:\/\/driewes.de\/wp-content\/uploads\/2019\/07\/E165292E-1483-4D4A-BFA7-BBD637545A6A-768x768.jpg 768w, https:\/\/driewes.de\/wp-content\/uploads\/2019\/07\/E165292E-1483-4D4A-BFA7-BBD637545A6A-70x70.jpg 70w, https:\/\/driewes.de\/wp-content\/uploads\/2019\/07\/E165292E-1483-4D4A-BFA7-BBD637545A6A-127x127.jpg 127w, https:\/\/driewes.de\/wp-content\/uploads\/2019\/07\/E165292E-1483-4D4A-BFA7-BBD637545A6A-476x476.jpg 476w, https:\/\/driewes.de\/wp-content\/uploads\/2019\/07\/E165292E-1483-4D4A-BFA7-BBD637545A6A-125x125.jpg 125w, https:\/\/driewes.de\/wp-content\/uploads\/2019\/07\/E165292E-1483-4D4A-BFA7-BBD637545A6A.jpg 1440w\" sizes=\"auto, (max-width: 1024px) 100vw, 1024px\" \/><figcaption>Mitte Juli finden sich die ersten gr\u00fcnen Tomaten am Strauch ein<\/figcaption><\/figure>\n\n\n\n<p>500 g gr\u00fcne Tomaten<br>Dillzweige<br>2 Lorbeerbl\u00e4tter<br>2 Chilischoten<br>1 EL Senfk\u00f6rner<br>1 TL schwarze Pfefferk\u00f6rner<br>2 Gew\u00fcrznelken<br>500 ml Apfelessig<br>100 ml Wasser<br>2 EL Honig<br>1 TL Salz<\/p>\n\n\n\n<p>Die Tomaten mit einem Zahnstocher an einigen Stellen einstechen. Kr\u00e4uter und gr\u00fcne Tomaten in ein steriles Glas schichten. Essig, Wasser, Honig und Salz aufkochen und 5 min k\u00f6cheln lassen, dann abk\u00fchlen. Das warme Essigwasser \u00fcber die Tomaten gie\u00dfen und mit einem Glasstein beschweren und verschlie\u00dfen. Das Aroma der eingelegten gr\u00fcnen Tomaten entfaltet sich nach 3 Monaten. Die Tomaten k\u00f6nnen dann zu Fleisch oder K\u00e4se gereicht werden.<br>Zu<\/p>\n\n\n\n<ul class=\"wp-block-gallery columns-3 is-cropped wp-block-gallery-1 is-layout-flex wp-block-gallery-is-layout-flex\"><li class=\"blocks-gallery-item\"><figure><a href=\"http:\/\/driewes.de\/wp-content\/uploads\/2019\/07\/69F95F28-D457-4F30-94E3-322757817871-1024x1024.jpg\"><img loading=\"lazy\" decoding=\"async\" width=\"1024\" height=\"1024\" src=\"http:\/\/driewes.de\/wp-content\/uploads\/2019\/07\/69F95F28-D457-4F30-94E3-322757817871-1024x1024.jpg\" alt=\"\" data-id=\"878\" data-link=\"http:\/\/driewes.de\/?attachment_id=878\" class=\"wp-image-878\" srcset=\"https:\/\/driewes.de\/wp-content\/uploads\/2019\/07\/69F95F28-D457-4F30-94E3-322757817871-1024x1024.jpg 1024w, https:\/\/driewes.de\/wp-content\/uploads\/2019\/07\/69F95F28-D457-4F30-94E3-322757817871-150x150.jpg 150w, https:\/\/driewes.de\/wp-content\/uploads\/2019\/07\/69F95F28-D457-4F30-94E3-322757817871-300x300.jpg 300w, https:\/\/driewes.de\/wp-content\/uploads\/2019\/07\/69F95F28-D457-4F30-94E3-322757817871-768x768.jpg 768w, https:\/\/driewes.de\/wp-content\/uploads\/2019\/07\/69F95F28-D457-4F30-94E3-322757817871-70x70.jpg 70w, https:\/\/driewes.de\/wp-content\/uploads\/2019\/07\/69F95F28-D457-4F30-94E3-322757817871-127x127.jpg 127w, https:\/\/driewes.de\/wp-content\/uploads\/2019\/07\/69F95F28-D457-4F30-94E3-322757817871-476x476.jpg 476w, https:\/\/driewes.de\/wp-content\/uploads\/2019\/07\/69F95F28-D457-4F30-94E3-322757817871-125x125.jpg 125w, https:\/\/driewes.de\/wp-content\/uploads\/2019\/07\/69F95F28-D457-4F30-94E3-322757817871.jpg 1440w\" sizes=\"auto, (max-width: 1024px) 100vw, 1024px\" \/><\/a><figcaption>Zutaten<\/figcaption><\/figure><\/li><li class=\"blocks-gallery-item\"><figure><a href=\"http:\/\/driewes.de\/wp-content\/uploads\/2019\/07\/ADB47300-78C9-4D4B-AEBA-DFCBF40A185D-1024x1024.jpg\"><img loading=\"lazy\" decoding=\"async\" width=\"1024\" height=\"1024\" src=\"http:\/\/driewes.de\/wp-content\/uploads\/2019\/07\/ADB47300-78C9-4D4B-AEBA-DFCBF40A185D-1024x1024.jpg\" alt=\"\" data-id=\"881\" data-link=\"http:\/\/driewes.de\/?attachment_id=881\" class=\"wp-image-881\" srcset=\"https:\/\/driewes.de\/wp-content\/uploads\/2019\/07\/ADB47300-78C9-4D4B-AEBA-DFCBF40A185D-1024x1024.jpg 1024w, https:\/\/driewes.de\/wp-content\/uploads\/2019\/07\/ADB47300-78C9-4D4B-AEBA-DFCBF40A185D-150x150.jpg 150w, https:\/\/driewes.de\/wp-content\/uploads\/2019\/07\/ADB47300-78C9-4D4B-AEBA-DFCBF40A185D-300x300.jpg 300w, https:\/\/driewes.de\/wp-content\/uploads\/2019\/07\/ADB47300-78C9-4D4B-AEBA-DFCBF40A185D-768x768.jpg 768w, https:\/\/driewes.de\/wp-content\/uploads\/2019\/07\/ADB47300-78C9-4D4B-AEBA-DFCBF40A185D-70x70.jpg 70w, https:\/\/driewes.de\/wp-content\/uploads\/2019\/07\/ADB47300-78C9-4D4B-AEBA-DFCBF40A185D-127x127.jpg 127w, https:\/\/driewes.de\/wp-content\/uploads\/2019\/07\/ADB47300-78C9-4D4B-AEBA-DFCBF40A185D-476x476.jpg 476w, https:\/\/driewes.de\/wp-content\/uploads\/2019\/07\/ADB47300-78C9-4D4B-AEBA-DFCBF40A185D-125x125.jpg 125w, https:\/\/driewes.de\/wp-content\/uploads\/2019\/07\/ADB47300-78C9-4D4B-AEBA-DFCBF40A185D.jpg 1440w\" sizes=\"auto, (max-width: 1024px) 100vw, 1024px\" \/><\/a><figcaption>Schichten<\/figcaption><\/figure><\/li><li class=\"blocks-gallery-item\"><figure><a href=\"http:\/\/driewes.de\/wp-content\/uploads\/2019\/07\/413DD44C-01DD-4718-8CAE-EA1519DF1F4E-1024x1024.jpg\"><img loading=\"lazy\" decoding=\"async\" width=\"1024\" height=\"1024\" src=\"http:\/\/driewes.de\/wp-content\/uploads\/2019\/07\/413DD44C-01DD-4718-8CAE-EA1519DF1F4E-1024x1024.jpg\" alt=\"\" data-id=\"879\" data-link=\"http:\/\/driewes.de\/?attachment_id=879\" class=\"wp-image-879\" srcset=\"https:\/\/driewes.de\/wp-content\/uploads\/2019\/07\/413DD44C-01DD-4718-8CAE-EA1519DF1F4E-1024x1024.jpg 1024w, https:\/\/driewes.de\/wp-content\/uploads\/2019\/07\/413DD44C-01DD-4718-8CAE-EA1519DF1F4E-150x150.jpg 150w, https:\/\/driewes.de\/wp-content\/uploads\/2019\/07\/413DD44C-01DD-4718-8CAE-EA1519DF1F4E-300x300.jpg 300w, https:\/\/driewes.de\/wp-content\/uploads\/2019\/07\/413DD44C-01DD-4718-8CAE-EA1519DF1F4E-768x768.jpg 768w, https:\/\/driewes.de\/wp-content\/uploads\/2019\/07\/413DD44C-01DD-4718-8CAE-EA1519DF1F4E-70x70.jpg 70w, https:\/\/driewes.de\/wp-content\/uploads\/2019\/07\/413DD44C-01DD-4718-8CAE-EA1519DF1F4E-127x127.jpg 127w, https:\/\/driewes.de\/wp-content\/uploads\/2019\/07\/413DD44C-01DD-4718-8CAE-EA1519DF1F4E-476x476.jpg 476w, https:\/\/driewes.de\/wp-content\/uploads\/2019\/07\/413DD44C-01DD-4718-8CAE-EA1519DF1F4E-125x125.jpg 125w, https:\/\/driewes.de\/wp-content\/uploads\/2019\/07\/413DD44C-01DD-4718-8CAE-EA1519DF1F4E.jpg 1440w\" sizes=\"auto, (max-width: 1024px) 100vw, 1024px\" \/><\/a><figcaption>Kr\u00e4uter und Gew\u00fcrze<\/figcaption><\/figure><\/li><li class=\"blocks-gallery-item\"><figure><a href=\"http:\/\/driewes.de\/wp-content\/uploads\/2019\/07\/45783BBB-E1B9-4211-8002-BA429C7B6A48-1024x1024.jpg\"><img loading=\"lazy\" decoding=\"async\" width=\"1024\" height=\"1024\" src=\"http:\/\/driewes.de\/wp-content\/uploads\/2019\/07\/45783BBB-E1B9-4211-8002-BA429C7B6A48-1024x1024.jpg\" alt=\"\" data-id=\"880\" data-link=\"http:\/\/driewes.de\/?attachment_id=880\" class=\"wp-image-880\" srcset=\"https:\/\/driewes.de\/wp-content\/uploads\/2019\/07\/45783BBB-E1B9-4211-8002-BA429C7B6A48-1024x1024.jpg 1024w, https:\/\/driewes.de\/wp-content\/uploads\/2019\/07\/45783BBB-E1B9-4211-8002-BA429C7B6A48-150x150.jpg 150w, https:\/\/driewes.de\/wp-content\/uploads\/2019\/07\/45783BBB-E1B9-4211-8002-BA429C7B6A48-300x300.jpg 300w, https:\/\/driewes.de\/wp-content\/uploads\/2019\/07\/45783BBB-E1B9-4211-8002-BA429C7B6A48-768x767.jpg 768w, https:\/\/driewes.de\/wp-content\/uploads\/2019\/07\/45783BBB-E1B9-4211-8002-BA429C7B6A48-70x70.jpg 70w, https:\/\/driewes.de\/wp-content\/uploads\/2019\/07\/45783BBB-E1B9-4211-8002-BA429C7B6A48-127x127.jpg 127w, https:\/\/driewes.de\/wp-content\/uploads\/2019\/07\/45783BBB-E1B9-4211-8002-BA429C7B6A48-476x476.jpg 476w, https:\/\/driewes.de\/wp-content\/uploads\/2019\/07\/45783BBB-E1B9-4211-8002-BA429C7B6A48-125x125.jpg 125w, https:\/\/driewes.de\/wp-content\/uploads\/2019\/07\/45783BBB-E1B9-4211-8002-BA429C7B6A48.jpg 1440w\" sizes=\"auto, (max-width: 1024px) 100vw, 1024px\" \/><\/a><figcaption>Essigsud<\/figcaption><\/figure><\/li><\/ul>\n\n\n\n<p><br><\/p>\n","protected":false},"excerpt":{"rendered":"<p>500 g gr\u00fcne TomatenDillzweige2 Lorbeerbl\u00e4tter2 Chilischoten1 EL Senfk\u00f6rner1 TL schwarze Pfefferk\u00f6rner2 Gew\u00fcrznelken500 ml Apfelessig100 ml Wasser2 EL Honig1 TL Salz Die Tomaten mit einem Zahnstocher an einigen Stellen einstechen. Kr\u00e4uter und gr\u00fcne Tomaten in ein steriles Glas schichten. Essig, Wasser, Honig und Salz aufkochen und 5 min k\u00f6cheln lassen, dann abk\u00fchlen. Das warme Essigwasser \u00fcber [&hellip;]<\/p>\n","protected":false},"author":3,"featured_media":0,"parent":240,"menu_order":0,"comment_status":"closed","ping_status":"closed","template":"","meta":{"footnotes":""},"class_list":["post-876","page","type-page","status-publish","hentry"],"_links":{"self":[{"href":"https:\/\/driewes.de\/index.php?rest_route=\/wp\/v2\/pages\/876","targetHints":{"allow":["GET"]}}],"collection":[{"href":"https:\/\/driewes.de\/index.php?rest_route=\/wp\/v2\/pages"}],"about":[{"href":"https:\/\/driewes.de\/index.php?rest_route=\/wp\/v2\/types\/page"}],"author":[{"embeddable":true,"href":"https:\/\/driewes.de\/index.php?rest_route=\/wp\/v2\/users\/3"}],"replies":[{"embeddable":true,"href":"https:\/\/driewes.de\/index.php?rest_route=%2Fwp%2Fv2%2Fcomments&post=876"}],"version-history":[{"count":3,"href":"https:\/\/driewes.de\/index.php?rest_route=\/wp\/v2\/pages\/876\/revisions"}],"predecessor-version":[{"id":930,"href":"https:\/\/driewes.de\/index.php?rest_route=\/wp\/v2\/pages\/876\/revisions\/930"}],"up":[{"embeddable":true,"href":"https:\/\/driewes.de\/index.php?rest_route=\/wp\/v2\/pages\/240"}],"wp:attachment":[{"href":"https:\/\/driewes.de\/index.php?rest_route=%2Fwp%2Fv2%2Fmedia&parent=876"}],"curies":[{"name":"wp","href":"https:\/\/api.w.org\/{rel}","templated":true}]}}