{"id":837,"date":"2019-07-09T12:43:29","date_gmt":"2019-07-09T12:43:29","guid":{"rendered":"http:\/\/driewes.de\/?page_id=837"},"modified":"2019-09-04T17:00:12","modified_gmt":"2019-09-04T15:00:12","slug":"bauhaus-auf-dem-land","status":"publish","type":"page","link":"https:\/\/driewes.de\/?page_id=837","title":{"rendered":"Bauhaus auf dem Land"},"content":{"rendered":"\n<h5 class=\"wp-block-heading\">Das Landhaus Ilse in Burbach<\/h5>\n\n\n\n<figure class=\"wp-block-image\"><img loading=\"lazy\" decoding=\"async\" width=\"1024\" height=\"661\" src=\"http:\/\/driewes.de\/wp-content\/uploads\/2019\/07\/villa_Ilse01-1024x661.jpg\" alt=\"\" class=\"wp-image-847\" srcset=\"https:\/\/driewes.de\/wp-content\/uploads\/2019\/07\/villa_Ilse01-1024x661.jpg 1024w, https:\/\/driewes.de\/wp-content\/uploads\/2019\/07\/villa_Ilse01-300x194.jpg 300w, https:\/\/driewes.de\/wp-content\/uploads\/2019\/07\/villa_Ilse01-768x496.jpg 768w, https:\/\/driewes.de\/wp-content\/uploads\/2019\/07\/villa_Ilse01.jpg 1878w\" sizes=\"auto, (max-width: 1024px) 100vw, 1024px\" \/><\/figure>\n\n\n\n<p>Wir werden aufmerksam durch einen Zeitungsartikel \u201e100 Jahre Bauhaus\u201c. Es soll in Burbach ein Haus geben, das nach dem Vorbild des Hauses am Horn in Weimar gebaut wurde. Das h\u00f6rt sich spannend an und wir nehmen Kontakt auf zu Frau Mehlich von der Gemeinde Burbach, die uns wenige Tage sp\u00e4ter zu einer F\u00fchrung durch das Haus empf\u00e4ngt. <\/p>\n\n\n\n<p>Es ist schon erstaunlich, dass die Verwandtschaft mit dem Haus am Horn erst 2002 entdeckt worden ist. Die Villa wurde 1924 gebaut von Willi Grobleben, der als technischer Direktor nach Burbach geholt worden war. Der Architekt ist unbekannt, aber die Parallele zum Haus am Horn unverkennbar. Noch erstaunlicher ist, dass nahezu alles in dem Haus im Original erhalten ist und sehr wenig je ver\u00e4ndert wurde. Auch deshalb ist die Villa nun f\u00fcr Kunsthistoriker und Bauhaus-Experten h\u00f6chst interessant. <\/p>\n\n\n\n<ul class=\"wp-block-gallery columns-3 is-cropped wp-block-gallery-1 is-layout-flex wp-block-gallery-is-layout-flex\"><li class=\"blocks-gallery-item\"><figure><a href=\"http:\/\/driewes.de\/wp-content\/uploads\/2019\/07\/villa_Ilse_Tuere_offen-768x1024.jpg\"><img loading=\"lazy\" decoding=\"async\" width=\"768\" height=\"1024\" src=\"http:\/\/driewes.de\/wp-content\/uploads\/2019\/07\/villa_Ilse_Tuere_offen-768x1024.jpg\" alt=\"\" data-id=\"845\" data-link=\"http:\/\/driewes.de\/?attachment_id=845\" class=\"wp-image-845\" srcset=\"https:\/\/driewes.de\/wp-content\/uploads\/2019\/07\/villa_Ilse_Tuere_offen-768x1024.jpg 768w, https:\/\/driewes.de\/wp-content\/uploads\/2019\/07\/villa_Ilse_Tuere_offen-225x300.jpg 225w, https:\/\/driewes.de\/wp-content\/uploads\/2019\/07\/villa_Ilse_Tuere_offen.jpg 1512w\" sizes=\"auto, (max-width: 768px) 100vw, 768px\" \/><\/a><\/figure><\/li><li class=\"blocks-gallery-item\"><figure><a href=\"http:\/\/driewes.de\/wp-content\/uploads\/2019\/07\/villa_Ilse_Heizung-768x1024.jpg\"><img loading=\"lazy\" decoding=\"async\" width=\"768\" height=\"1024\" src=\"http:\/\/driewes.de\/wp-content\/uploads\/2019\/07\/villa_Ilse_Heizung-768x1024.jpg\" alt=\"\" data-id=\"841\" data-link=\"http:\/\/driewes.de\/?attachment_id=841\" class=\"wp-image-841\" srcset=\"https:\/\/driewes.de\/wp-content\/uploads\/2019\/07\/villa_Ilse_Heizung-768x1024.jpg 768w, https:\/\/driewes.de\/wp-content\/uploads\/2019\/07\/villa_Ilse_Heizung-225x300.jpg 225w, https:\/\/driewes.de\/wp-content\/uploads\/2019\/07\/villa_Ilse_Heizung.jpg 1404w\" sizes=\"auto, (max-width: 768px) 100vw, 768px\" \/><\/a><\/figure><\/li><li class=\"blocks-gallery-item\"><figure><a href=\"http:\/\/driewes.de\/wp-content\/uploads\/2019\/07\/villa_Ilse_lampe-1024x768.jpg\"><img loading=\"lazy\" decoding=\"async\" width=\"1024\" height=\"768\" src=\"http:\/\/driewes.de\/wp-content\/uploads\/2019\/07\/villa_Ilse_lampe-1024x768.jpg\" alt=\"\" data-id=\"843\" data-link=\"http:\/\/driewes.de\/?attachment_id=843\" class=\"wp-image-843\" srcset=\"https:\/\/driewes.de\/wp-content\/uploads\/2019\/07\/villa_Ilse_lampe-1024x768.jpg 1024w, https:\/\/driewes.de\/wp-content\/uploads\/2019\/07\/villa_Ilse_lampe-300x225.jpg 300w, https:\/\/driewes.de\/wp-content\/uploads\/2019\/07\/villa_Ilse_lampe-768x576.jpg 768w, https:\/\/driewes.de\/wp-content\/uploads\/2019\/07\/villa_Ilse_lampe.jpg 2016w\" sizes=\"auto, (max-width: 1024px) 100vw, 1024px\" \/><\/a><\/figure><\/li><li class=\"blocks-gallery-item\"><figure><a href=\"http:\/\/driewes.de\/wp-content\/uploads\/2019\/07\/villa_Ilse_blau-768x1024.jpg\"><img loading=\"lazy\" decoding=\"async\" width=\"768\" height=\"1024\" src=\"http:\/\/driewes.de\/wp-content\/uploads\/2019\/07\/villa_Ilse_blau-768x1024.jpg\" alt=\"\" data-id=\"838\" data-link=\"http:\/\/driewes.de\/?attachment_id=838\" class=\"wp-image-838\" srcset=\"https:\/\/driewes.de\/wp-content\/uploads\/2019\/07\/villa_Ilse_blau-768x1024.jpg 768w, https:\/\/driewes.de\/wp-content\/uploads\/2019\/07\/villa_Ilse_blau-225x300.jpg 225w, https:\/\/driewes.de\/wp-content\/uploads\/2019\/07\/villa_Ilse_blau.jpg 1512w\" sizes=\"auto, (max-width: 768px) 100vw, 768px\" \/><\/a><\/figure><\/li><li class=\"blocks-gallery-item\"><figure><a href=\"http:\/\/driewes.de\/wp-content\/uploads\/2019\/07\/villa_Ilse_Fenster-768x1024.jpg\"><img loading=\"lazy\" decoding=\"async\" width=\"768\" height=\"1024\" src=\"http:\/\/driewes.de\/wp-content\/uploads\/2019\/07\/villa_Ilse_Fenster-768x1024.jpg\" alt=\"\" data-id=\"839\" data-link=\"http:\/\/driewes.de\/?attachment_id=839\" class=\"wp-image-839\" srcset=\"https:\/\/driewes.de\/wp-content\/uploads\/2019\/07\/villa_Ilse_Fenster-768x1024.jpg 768w, https:\/\/driewes.de\/wp-content\/uploads\/2019\/07\/villa_Ilse_Fenster-225x300.jpg 225w, https:\/\/driewes.de\/wp-content\/uploads\/2019\/07\/villa_Ilse_Fenster.jpg 1512w\" sizes=\"auto, (max-width: 768px) 100vw, 768px\" \/><\/a><\/figure><\/li><li class=\"blocks-gallery-item\"><figure><a href=\"http:\/\/driewes.de\/wp-content\/uploads\/2019\/07\/villa_Ilse_halbetuere-768x1024.jpg\"><img loading=\"lazy\" decoding=\"async\" width=\"768\" height=\"1024\" src=\"http:\/\/driewes.de\/wp-content\/uploads\/2019\/07\/villa_Ilse_halbetuere-768x1024.jpg\" alt=\"\" data-id=\"840\" data-link=\"http:\/\/driewes.de\/?attachment_id=840\" class=\"wp-image-840\" srcset=\"https:\/\/driewes.de\/wp-content\/uploads\/2019\/07\/villa_Ilse_halbetuere-768x1024.jpg 768w, https:\/\/driewes.de\/wp-content\/uploads\/2019\/07\/villa_Ilse_halbetuere-225x300.jpg 225w, https:\/\/driewes.de\/wp-content\/uploads\/2019\/07\/villa_Ilse_halbetuere.jpg 1512w\" sizes=\"auto, (max-width: 768px) 100vw, 768px\" \/><\/a><\/figure><\/li><li class=\"blocks-gallery-item\"><figure><a href=\"http:\/\/driewes.de\/wp-content\/uploads\/2019\/07\/villa_Ilse_kueche-768x1024.jpg\"><img loading=\"lazy\" decoding=\"async\" width=\"768\" height=\"1024\" src=\"http:\/\/driewes.de\/wp-content\/uploads\/2019\/07\/villa_Ilse_kueche-768x1024.jpg\" alt=\"\" data-id=\"842\" data-link=\"http:\/\/driewes.de\/?attachment_id=842\" class=\"wp-image-842\" srcset=\"https:\/\/driewes.de\/wp-content\/uploads\/2019\/07\/villa_Ilse_kueche-768x1024.jpg 768w, https:\/\/driewes.de\/wp-content\/uploads\/2019\/07\/villa_Ilse_kueche-225x300.jpg 225w, https:\/\/driewes.de\/wp-content\/uploads\/2019\/07\/villa_Ilse_kueche.jpg 1512w\" sizes=\"auto, (max-width: 768px) 100vw, 768px\" \/><\/a><\/figure><\/li><li class=\"blocks-gallery-item\"><figure><a href=\"http:\/\/driewes.de\/wp-content\/uploads\/2019\/07\/villa_Ilse_Salbe-1024x768.jpg\"><img loading=\"lazy\" decoding=\"async\" width=\"1024\" height=\"768\" src=\"http:\/\/driewes.de\/wp-content\/uploads\/2019\/07\/villa_Ilse_Salbe-1024x768.jpg\" alt=\"\" data-id=\"844\" data-link=\"http:\/\/driewes.de\/?attachment_id=844\" class=\"wp-image-844\" srcset=\"https:\/\/driewes.de\/wp-content\/uploads\/2019\/07\/villa_Ilse_Salbe-1024x768.jpg 1024w, https:\/\/driewes.de\/wp-content\/uploads\/2019\/07\/villa_Ilse_Salbe-300x225.jpg 300w, https:\/\/driewes.de\/wp-content\/uploads\/2019\/07\/villa_Ilse_Salbe-768x576.jpg 768w, https:\/\/driewes.de\/wp-content\/uploads\/2019\/07\/villa_Ilse_Salbe.jpg 2016w\" sizes=\"auto, (max-width: 1024px) 100vw, 1024px\" \/><\/a><\/figure><\/li><\/ul>\n\n\n\n<p>Noch lebendiger aber sind die Geschichten, die Katrin Mehlich \u2013 in der Region auch bekannt als die Kabarettistin Daubs Melanie \u2013 zur Geschichte des Hauses und zu der Familie Grobleben erz\u00e4hlen kann. Man taucht ein in Jahrzehnte deutscher Geschichte. Eine F\u00fchrung, die sich lohnt und die man jederzeit kostenlos buchen kann. Vom 5. bis 8. September 2019 gibt es Lesungen und andere Events vor Ort.<\/p>\n\n\n\n<p>Katrin Mehlich 02736-4588&nbsp; oder <a href=\"mailto:kulturbuero@burbach-siegerland.de\">kulturbuero@burbach-siegerland.de<\/a><\/p>\n\n\n\n<div class=\"wp-block-webfactory-map\"><div class=\"wp-block-webfactory-map\"><iframe loading=\"lazy\" width=\"100%\" height=\"300px\" src=\"https:\/\/www.google.com\/maps\/embed\/v1\/place?q=Erzweg%203%2C%2057299%20Burbach%20%20Landhaus%20Ilse&amp;maptype=roadmap&amp;zoom=10&amp;key=AIzaSyAjyDspiPfzEfjRSS5fQzm-3jHFjHxeXB4\" frameborder=\"0\"><\/iframe><\/div><\/div>\n\n\n\n<p>Das <a href=\"http:\/\/driewes.de\/?page_id=673\">Buchhellertal<\/a> liegt \u00fcbrigens gleich um die Ecke und l\u00e4dt zu einer Wanderung ein, so dass sich Kultur und Natur grandios verbinden lassen.<\/p>\n","protected":false},"excerpt":{"rendered":"<p>Das Landhaus Ilse in Burbach Wir werden aufmerksam durch einen Zeitungsartikel \u201e100 Jahre Bauhaus\u201c. Es soll in Burbach ein Haus geben, das nach dem Vorbild des Hauses am Horn in Weimar gebaut wurde. Das h\u00f6rt sich spannend an und wir nehmen Kontakt auf zu Frau Mehlich von der Gemeinde Burbach, die uns wenige Tage sp\u00e4ter [&hellip;]<\/p>\n","protected":false},"author":2,"featured_media":0,"parent":322,"menu_order":0,"comment_status":"closed","ping_status":"closed","template":"","meta":{"footnotes":""},"class_list":["post-837","page","type-page","status-publish","hentry"],"_links":{"self":[{"href":"https:\/\/driewes.de\/index.php?rest_route=\/wp\/v2\/pages\/837","targetHints":{"allow":["GET"]}}],"collection":[{"href":"https:\/\/driewes.de\/index.php?rest_route=\/wp\/v2\/pages"}],"about":[{"href":"https:\/\/driewes.de\/index.php?rest_route=\/wp\/v2\/types\/page"}],"author":[{"embeddable":true,"href":"https:\/\/driewes.de\/index.php?rest_route=\/wp\/v2\/users\/2"}],"replies":[{"embeddable":true,"href":"https:\/\/driewes.de\/index.php?rest_route=%2Fwp%2Fv2%2Fcomments&post=837"}],"version-history":[{"count":8,"href":"https:\/\/driewes.de\/index.php?rest_route=\/wp\/v2\/pages\/837\/revisions"}],"predecessor-version":[{"id":1072,"href":"https:\/\/driewes.de\/index.php?rest_route=\/wp\/v2\/pages\/837\/revisions\/1072"}],"up":[{"embeddable":true,"href":"https:\/\/driewes.de\/index.php?rest_route=\/wp\/v2\/pages\/322"}],"wp:attachment":[{"href":"https:\/\/driewes.de\/index.php?rest_route=%2Fwp%2Fv2%2Fmedia&parent=837"}],"curies":[{"name":"wp","href":"https:\/\/api.w.org\/{rel}","templated":true}]}}