{"id":827,"date":"2019-07-08T11:51:18","date_gmt":"2019-07-08T11:51:18","guid":{"rendered":"http:\/\/driewes.de\/?page_id=827"},"modified":"2019-07-08T11:58:25","modified_gmt":"2019-07-08T11:58:25","slug":"cocktailkraeuter","status":"publish","type":"page","link":"https:\/\/driewes.de\/?page_id=827","title":{"rendered":"Cocktailkr\u00e4uter"},"content":{"rendered":"\n<ul class=\"wp-block-gallery columns-1 is-cropped wp-block-gallery-1 is-layout-flex wp-block-gallery-is-layout-flex\"><li class=\"blocks-gallery-item\"><figure><img loading=\"lazy\" decoding=\"async\" width=\"1024\" height=\"765\" src=\"http:\/\/driewes.de\/wp-content\/uploads\/2019\/07\/11834813_1664373487129595_1569949070201208138_o-1024x765.jpg\" alt=\"\" data-id=\"828\" data-link=\"http:\/\/driewes.de\/?attachment_id=828\" class=\"wp-image-828\" srcset=\"https:\/\/driewes.de\/wp-content\/uploads\/2019\/07\/11834813_1664373487129595_1569949070201208138_o-1024x765.jpg 1024w, https:\/\/driewes.de\/wp-content\/uploads\/2019\/07\/11834813_1664373487129595_1569949070201208138_o-300x224.jpg 300w, https:\/\/driewes.de\/wp-content\/uploads\/2019\/07\/11834813_1664373487129595_1569949070201208138_o-768x574.jpg 768w, https:\/\/driewes.de\/wp-content\/uploads\/2019\/07\/11834813_1664373487129595_1569949070201208138_o.jpg 2048w\" sizes=\"auto, (max-width: 1024px) 100vw, 1024px\" \/><\/figure><\/li><\/ul>\n\n\n\n<p>Rosmarin, Zitronenverbene, Minze &amp; Co. aus dem Garten, werden an hei\u00dfen Sommertagen zu k\u00f6stlichen Cocktailkr\u00e4utern.  Ohne Minze kein <strong>CAIPIRINHA<\/strong>, Rosmarin l\u00e4sst jeden <strong>GIN MARE<\/strong> vom Boden abheben und seit 1971 wird der Klassiker <strong>PIMM`s No.1 <\/strong>mit Zitronenverbene beim Tennisturnier in Wimbledon gereicht.<\/p>\n\n\n\n<ul class=\"wp-block-gallery columns-3 is-cropped wp-block-gallery-2 is-layout-flex wp-block-gallery-is-layout-flex\"><li class=\"blocks-gallery-item\"><figure><img loading=\"lazy\" decoding=\"async\" width=\"921\" height=\"1024\" src=\"http:\/\/driewes.de\/wp-content\/uploads\/2019\/07\/IMG_6185-921x1024.jpg\" alt=\"\" data-id=\"801\" data-link=\"http:\/\/driewes.de\/?attachment_id=801\" class=\"wp-image-801\" srcset=\"https:\/\/driewes.de\/wp-content\/uploads\/2019\/07\/IMG_6185-921x1024.jpg 921w, https:\/\/driewes.de\/wp-content\/uploads\/2019\/07\/IMG_6185-270x300.jpg 270w, https:\/\/driewes.de\/wp-content\/uploads\/2019\/07\/IMG_6185-768x854.jpg 768w, https:\/\/driewes.de\/wp-content\/uploads\/2019\/07\/IMG_6185.jpg 1512w\" sizes=\"auto, (max-width: 921px) 100vw, 921px\" \/><\/figure><\/li><li class=\"blocks-gallery-item\"><figure><img loading=\"lazy\" decoding=\"async\" width=\"1024\" height=\"765\" src=\"http:\/\/driewes.de\/wp-content\/uploads\/2019\/07\/11890333_1664373490462928_4540840294007225361_o-1024x765.jpg\" alt=\"\" data-id=\"829\" data-link=\"http:\/\/driewes.de\/?attachment_id=829\" class=\"wp-image-829\" srcset=\"https:\/\/driewes.de\/wp-content\/uploads\/2019\/07\/11890333_1664373490462928_4540840294007225361_o-1024x765.jpg 1024w, https:\/\/driewes.de\/wp-content\/uploads\/2019\/07\/11890333_1664373490462928_4540840294007225361_o-300x224.jpg 300w, https:\/\/driewes.de\/wp-content\/uploads\/2019\/07\/11890333_1664373490462928_4540840294007225361_o-768x574.jpg 768w, https:\/\/driewes.de\/wp-content\/uploads\/2019\/07\/11890333_1664373490462928_4540840294007225361_o.jpg 2048w\" sizes=\"auto, (max-width: 1024px) 100vw, 1024px\" \/><\/figure><\/li><li class=\"blocks-gallery-item\"><figure><img loading=\"lazy\" decoding=\"async\" width=\"768\" height=\"1024\" src=\"http:\/\/driewes.de\/wp-content\/uploads\/2019\/07\/37927580_2180122922221313_2196705828638031872_o-768x1024.jpg\" alt=\"\" data-id=\"831\" data-link=\"http:\/\/driewes.de\/?attachment_id=831\" class=\"wp-image-831\" srcset=\"https:\/\/driewes.de\/wp-content\/uploads\/2019\/07\/37927580_2180122922221313_2196705828638031872_o-768x1024.jpg 768w, https:\/\/driewes.de\/wp-content\/uploads\/2019\/07\/37927580_2180122922221313_2196705828638031872_o-225x300.jpg 225w, https:\/\/driewes.de\/wp-content\/uploads\/2019\/07\/37927580_2180122922221313_2196705828638031872_o.jpg 1536w\" sizes=\"auto, (max-width: 768px) 100vw, 768px\" \/><\/figure><\/li><li class=\"blocks-gallery-item\"><figure><img loading=\"lazy\" decoding=\"async\" width=\"1024\" height=\"624\" src=\"http:\/\/driewes.de\/wp-content\/uploads\/2019\/07\/14102874_1803391486561127_6265809525101658644_o-1024x624.jpg\" alt=\"\" data-id=\"830\" data-link=\"http:\/\/driewes.de\/?attachment_id=830\" class=\"wp-image-830\" srcset=\"https:\/\/driewes.de\/wp-content\/uploads\/2019\/07\/14102874_1803391486561127_6265809525101658644_o-1024x624.jpg 1024w, https:\/\/driewes.de\/wp-content\/uploads\/2019\/07\/14102874_1803391486561127_6265809525101658644_o-300x183.jpg 300w, https:\/\/driewes.de\/wp-content\/uploads\/2019\/07\/14102874_1803391486561127_6265809525101658644_o-768x468.jpg 768w, https:\/\/driewes.de\/wp-content\/uploads\/2019\/07\/14102874_1803391486561127_6265809525101658644_o.jpg 1668w\" sizes=\"auto, (max-width: 1024px) 100vw, 1024px\" \/><\/figure><\/li><\/ul>\n\n\n\n<p><\/p>\n","protected":false},"excerpt":{"rendered":"<p>Rosmarin, Zitronenverbene, Minze &amp; Co. aus dem Garten, werden an hei\u00dfen Sommertagen zu k\u00f6stlichen Cocktailkr\u00e4utern. Ohne Minze kein CAIPIRINHA, Rosmarin l\u00e4sst jeden GIN MARE vom Boden abheben und seit 1971 wird der Klassiker PIMM`s No.1 mit Zitronenverbene beim Tennisturnier in Wimbledon gereicht.<\/p>\n","protected":false},"author":3,"featured_media":0,"parent":240,"menu_order":0,"comment_status":"closed","ping_status":"closed","template":"","meta":{"footnotes":""},"class_list":["post-827","page","type-page","status-publish","hentry"],"_links":{"self":[{"href":"https:\/\/driewes.de\/index.php?rest_route=\/wp\/v2\/pages\/827","targetHints":{"allow":["GET"]}}],"collection":[{"href":"https:\/\/driewes.de\/index.php?rest_route=\/wp\/v2\/pages"}],"about":[{"href":"https:\/\/driewes.de\/index.php?rest_route=\/wp\/v2\/types\/page"}],"author":[{"embeddable":true,"href":"https:\/\/driewes.de\/index.php?rest_route=\/wp\/v2\/users\/3"}],"replies":[{"embeddable":true,"href":"https:\/\/driewes.de\/index.php?rest_route=%2Fwp%2Fv2%2Fcomments&post=827"}],"version-history":[{"count":4,"href":"https:\/\/driewes.de\/index.php?rest_route=\/wp\/v2\/pages\/827\/revisions"}],"predecessor-version":[{"id":836,"href":"https:\/\/driewes.de\/index.php?rest_route=\/wp\/v2\/pages\/827\/revisions\/836"}],"up":[{"embeddable":true,"href":"https:\/\/driewes.de\/index.php?rest_route=\/wp\/v2\/pages\/240"}],"wp:attachment":[{"href":"https:\/\/driewes.de\/index.php?rest_route=%2Fwp%2Fv2%2Fmedia&parent=827"}],"curies":[{"name":"wp","href":"https:\/\/api.w.org\/{rel}","templated":true}]}}