{"id":780,"date":"2019-07-05T10:53:30","date_gmt":"2019-07-05T10:53:30","guid":{"rendered":"http:\/\/driewes.de\/?page_id=780"},"modified":"2019-07-24T08:16:41","modified_gmt":"2019-07-24T08:16:41","slug":"holunderbluetensirup","status":"publish","type":"page","link":"https:\/\/driewes.de\/?page_id=780","title":{"rendered":"Holunderbl\u00fctensirup"},"content":{"rendered":"\n<figure class=\"wp-block-image\"><img loading=\"lazy\" decoding=\"async\" width=\"1440\" height=\"1440\" src=\"http:\/\/driewes.de\/wp-content\/uploads\/2019\/07\/CE1C569D-6A94-4F55-B14E-4FB48C525502-1.jpg\" alt=\"\" class=\"wp-image-788\" srcset=\"https:\/\/driewes.de\/wp-content\/uploads\/2019\/07\/CE1C569D-6A94-4F55-B14E-4FB48C525502-1.jpg 1440w, https:\/\/driewes.de\/wp-content\/uploads\/2019\/07\/CE1C569D-6A94-4F55-B14E-4FB48C525502-1-150x150.jpg 150w, https:\/\/driewes.de\/wp-content\/uploads\/2019\/07\/CE1C569D-6A94-4F55-B14E-4FB48C525502-1-300x300.jpg 300w, https:\/\/driewes.de\/wp-content\/uploads\/2019\/07\/CE1C569D-6A94-4F55-B14E-4FB48C525502-1-768x768.jpg 768w, https:\/\/driewes.de\/wp-content\/uploads\/2019\/07\/CE1C569D-6A94-4F55-B14E-4FB48C525502-1-1024x1024.jpg 1024w, https:\/\/driewes.de\/wp-content\/uploads\/2019\/07\/CE1C569D-6A94-4F55-B14E-4FB48C525502-1-70x70.jpg 70w, https:\/\/driewes.de\/wp-content\/uploads\/2019\/07\/CE1C569D-6A94-4F55-B14E-4FB48C525502-1-127x127.jpg 127w, https:\/\/driewes.de\/wp-content\/uploads\/2019\/07\/CE1C569D-6A94-4F55-B14E-4FB48C525502-1-476x476.jpg 476w, https:\/\/driewes.de\/wp-content\/uploads\/2019\/07\/CE1C569D-6A94-4F55-B14E-4FB48C525502-1-125x125.jpg 125w\" sizes=\"auto, (max-width: 1440px) 100vw, 1440px\" \/><figcaption>Wenn von Mai bis Juli am Strauch die gelblich-wei\u00dfen Bl\u00fctendolden duften, dann ist Hollerzeit.<\/figcaption><\/figure>\n\n\n\n<p>11\/2 Liter Wasser<br>500 g Zucker<br>1 Biozitrone<br>20 Holunderbl\u00fcten<br>30 g Zitronens\u00e4ure<\/p>\n\n\n\n<p>An einem warmen Vormittag die abgetrockneten Holunderbl\u00fcten pfl\u00fccken und von den St\u00e4ngeln befreien. Zucker, Zitronens\u00e4ure und Wasser aufkochen und abk\u00fchlen lassen. Die Bl\u00fctendolden in das Zuckerwasser geben und die d\u00fcnn geschnittenen Zitronenscheiben oben auflegen. 5 Tage an einem k\u00fchlen, dunklen Ort zugedeckt stehen lassen. Danach den Sirup durch einen K\u00fcchentuch abseihen und in gereinigte Flaschen f\u00fcllen. Im K\u00fchlschrank aufbewahren und an hei\u00dfen Sommertagen mit Wasser vermischen. Fertig ist das leckere Hollerschorle!<\/p>\n\n\n\n<ul class=\"wp-block-gallery columns-3 is-cropped wp-block-gallery-1 is-layout-flex wp-block-gallery-is-layout-flex\"><li class=\"blocks-gallery-item\"><figure><a href=\"http:\/\/driewes.de\/wp-content\/uploads\/2019\/07\/A574D26C-1D38-47F8-B342-BCFB4363D705-1024x1024.jpg\"><img loading=\"lazy\" decoding=\"async\" width=\"1024\" height=\"1024\" src=\"http:\/\/driewes.de\/wp-content\/uploads\/2019\/07\/A574D26C-1D38-47F8-B342-BCFB4363D705-1024x1024.jpg\" alt=\"\" data-id=\"784\" data-link=\"http:\/\/driewes.de\/?attachment_id=784\" class=\"wp-image-784\" srcset=\"https:\/\/driewes.de\/wp-content\/uploads\/2019\/07\/A574D26C-1D38-47F8-B342-BCFB4363D705-1024x1024.jpg 1024w, https:\/\/driewes.de\/wp-content\/uploads\/2019\/07\/A574D26C-1D38-47F8-B342-BCFB4363D705-150x150.jpg 150w, https:\/\/driewes.de\/wp-content\/uploads\/2019\/07\/A574D26C-1D38-47F8-B342-BCFB4363D705-300x300.jpg 300w, https:\/\/driewes.de\/wp-content\/uploads\/2019\/07\/A574D26C-1D38-47F8-B342-BCFB4363D705-768x768.jpg 768w, https:\/\/driewes.de\/wp-content\/uploads\/2019\/07\/A574D26C-1D38-47F8-B342-BCFB4363D705-70x70.jpg 70w, https:\/\/driewes.de\/wp-content\/uploads\/2019\/07\/A574D26C-1D38-47F8-B342-BCFB4363D705-127x127.jpg 127w, https:\/\/driewes.de\/wp-content\/uploads\/2019\/07\/A574D26C-1D38-47F8-B342-BCFB4363D705-476x476.jpg 476w, https:\/\/driewes.de\/wp-content\/uploads\/2019\/07\/A574D26C-1D38-47F8-B342-BCFB4363D705-125x125.jpg 125w, https:\/\/driewes.de\/wp-content\/uploads\/2019\/07\/A574D26C-1D38-47F8-B342-BCFB4363D705.jpg 1440w\" sizes=\"auto, (max-width: 1024px) 100vw, 1024px\" \/><\/a><figcaption>Sammeln<\/figcaption><\/figure><\/li><li class=\"blocks-gallery-item\"><figure><a href=\"http:\/\/driewes.de\/wp-content\/uploads\/2019\/07\/93068AC7-A1C8-44EC-8EFC-0A9239C3E0FA-1-1024x1024.jpg\"><img loading=\"lazy\" decoding=\"async\" width=\"1024\" height=\"1024\" src=\"http:\/\/driewes.de\/wp-content\/uploads\/2019\/07\/93068AC7-A1C8-44EC-8EFC-0A9239C3E0FA-1-1024x1024.jpg\" alt=\"\" data-id=\"783\" data-link=\"http:\/\/driewes.de\/?attachment_id=783\" class=\"wp-image-783\" srcset=\"https:\/\/driewes.de\/wp-content\/uploads\/2019\/07\/93068AC7-A1C8-44EC-8EFC-0A9239C3E0FA-1-1024x1024.jpg 1024w, https:\/\/driewes.de\/wp-content\/uploads\/2019\/07\/93068AC7-A1C8-44EC-8EFC-0A9239C3E0FA-1-150x150.jpg 150w, https:\/\/driewes.de\/wp-content\/uploads\/2019\/07\/93068AC7-A1C8-44EC-8EFC-0A9239C3E0FA-1-300x300.jpg 300w, https:\/\/driewes.de\/wp-content\/uploads\/2019\/07\/93068AC7-A1C8-44EC-8EFC-0A9239C3E0FA-1-768x768.jpg 768w, https:\/\/driewes.de\/wp-content\/uploads\/2019\/07\/93068AC7-A1C8-44EC-8EFC-0A9239C3E0FA-1-70x70.jpg 70w, https:\/\/driewes.de\/wp-content\/uploads\/2019\/07\/93068AC7-A1C8-44EC-8EFC-0A9239C3E0FA-1-127x127.jpg 127w, https:\/\/driewes.de\/wp-content\/uploads\/2019\/07\/93068AC7-A1C8-44EC-8EFC-0A9239C3E0FA-1-476x476.jpg 476w, https:\/\/driewes.de\/wp-content\/uploads\/2019\/07\/93068AC7-A1C8-44EC-8EFC-0A9239C3E0FA-1-125x125.jpg 125w, https:\/\/driewes.de\/wp-content\/uploads\/2019\/07\/93068AC7-A1C8-44EC-8EFC-0A9239C3E0FA-1.jpg 1440w\" sizes=\"auto, (max-width: 1024px) 100vw, 1024px\" \/><\/a><figcaption>Ansetzen<\/figcaption><\/figure><\/li><li class=\"blocks-gallery-item\"><figure><a href=\"http:\/\/driewes.de\/wp-content\/uploads\/2019\/07\/72C4E367-FB64-43FD-93AD-014189B842F4-1024x878.jpg\"><img loading=\"lazy\" decoding=\"async\" width=\"1024\" height=\"878\" src=\"http:\/\/driewes.de\/wp-content\/uploads\/2019\/07\/72C4E367-FB64-43FD-93AD-014189B842F4-1024x878.jpg\" alt=\"\" data-id=\"782\" data-link=\"http:\/\/driewes.de\/?attachment_id=782\" class=\"wp-image-782\" srcset=\"https:\/\/driewes.de\/wp-content\/uploads\/2019\/07\/72C4E367-FB64-43FD-93AD-014189B842F4-1024x878.jpg 1024w, https:\/\/driewes.de\/wp-content\/uploads\/2019\/07\/72C4E367-FB64-43FD-93AD-014189B842F4-300x257.jpg 300w, https:\/\/driewes.de\/wp-content\/uploads\/2019\/07\/72C4E367-FB64-43FD-93AD-014189B842F4-768x658.jpg 768w, https:\/\/driewes.de\/wp-content\/uploads\/2019\/07\/72C4E367-FB64-43FD-93AD-014189B842F4-240x206.jpg 240w, https:\/\/driewes.de\/wp-content\/uploads\/2019\/07\/72C4E367-FB64-43FD-93AD-014189B842F4-250x213.jpg 250w, https:\/\/driewes.de\/wp-content\/uploads\/2019\/07\/72C4E367-FB64-43FD-93AD-014189B842F4.jpg 1762w\" sizes=\"auto, (max-width: 1024px) 100vw, 1024px\" \/><\/a><figcaption>Abf\u00fcllen<\/figcaption><\/figure><\/li><\/ul>\n","protected":false},"excerpt":{"rendered":"<p>11\/2 Liter Wasser500 g Zucker1 Biozitrone20 Holunderbl\u00fcten30 g Zitronens\u00e4ure An einem warmen Vormittag die abgetrockneten Holunderbl\u00fcten pfl\u00fccken und von den St\u00e4ngeln befreien. Zucker, Zitronens\u00e4ure und Wasser aufkochen und abk\u00fchlen lassen. Die Bl\u00fctendolden in das Zuckerwasser geben und die d\u00fcnn geschnittenen Zitronenscheiben oben auflegen. 5 Tage an einem k\u00fchlen, dunklen Ort zugedeckt stehen lassen. Danach den [&hellip;]<\/p>\n","protected":false},"author":3,"featured_media":0,"parent":240,"menu_order":0,"comment_status":"closed","ping_status":"closed","template":"","meta":{"footnotes":""},"class_list":["post-780","page","type-page","status-publish","hentry"],"_links":{"self":[{"href":"https:\/\/driewes.de\/index.php?rest_route=\/wp\/v2\/pages\/780","targetHints":{"allow":["GET"]}}],"collection":[{"href":"https:\/\/driewes.de\/index.php?rest_route=\/wp\/v2\/pages"}],"about":[{"href":"https:\/\/driewes.de\/index.php?rest_route=\/wp\/v2\/types\/page"}],"author":[{"embeddable":true,"href":"https:\/\/driewes.de\/index.php?rest_route=\/wp\/v2\/users\/3"}],"replies":[{"embeddable":true,"href":"https:\/\/driewes.de\/index.php?rest_route=%2Fwp%2Fv2%2Fcomments&post=780"}],"version-history":[{"count":4,"href":"https:\/\/driewes.de\/index.php?rest_route=\/wp\/v2\/pages\/780\/revisions"}],"predecessor-version":[{"id":931,"href":"https:\/\/driewes.de\/index.php?rest_route=\/wp\/v2\/pages\/780\/revisions\/931"}],"up":[{"embeddable":true,"href":"https:\/\/driewes.de\/index.php?rest_route=\/wp\/v2\/pages\/240"}],"wp:attachment":[{"href":"https:\/\/driewes.de\/index.php?rest_route=%2Fwp%2Fv2%2Fmedia&parent=780"}],"curies":[{"name":"wp","href":"https:\/\/api.w.org\/{rel}","templated":true}]}}