{"id":74,"date":"2019-01-30T16:18:48","date_gmt":"2019-01-30T16:18:48","guid":{"rendered":"http:\/\/driewes.de\/?page_id=74"},"modified":"2026-01-30T17:50:54","modified_gmt":"2026-01-30T16:50:54","slug":"was-ist-driewes","status":"publish","type":"page","link":"https:\/\/driewes.de\/?page_id=74","title":{"rendered":"Was ist driewes?"},"content":{"rendered":"\n<p><\/p>\n\n\n\n<p><strong>Die Idee<\/strong><br>Wir sind von Osten, S\u00fcden und Westen ins Siegerland gezogen und damit in eine Region, deren geografische Lage und Bedeutsamkeit man h\u00e4ufig erkl\u00e4ren muss. Das ist schade, denn die Region hat durchaus eine Menge Reize, die sich Besuchern und Zugezogenen allerdings nicht spontan und beim ersten Blick erschlie\u00dfen. Wir m\u00f6chten Menschen aus der Region &amp; ihre pers\u00f6nlichen Geschichten vorstellen und Begeisterung f\u00fcr neue Ideen wecken.<\/p>\n\n\n\n<p><strong>Man muss sie entdecken<\/strong><br>Diese Plattform will das Entdecken erleichtern, Entdecktes b\u00fcndeln und sich durch neue Entdeckungen immer weiter entwickeln.<\/p>\n\n\n\n<p>Mit <strong>driewes connect <\/strong>m\u00f6chten wir Menschen in unserer Region auf ganz unterschiedliche Art und Weise miteinander vernetzen. Ob ein Spaziergang zu den&nbsp;<a href=\"https:\/\/driewes.de\/?page_id=1880\">Gl\u00fccksorten in und um Siegen<\/a>&nbsp;, ein&nbsp;<a href=\"https:\/\/driewes.de\/?page_id=1850\">flying Dinner<\/a>&nbsp;oder ein&nbsp;<a href=\"https:\/\/driewes.de\/?page_id=1842\">Adventskalender<\/a> f\u00fcr Menschen in unserer Region&nbsp;\u2026 jedes Format ist m\u00f6glich.<\/p>\n\n\n\n<p>Aus driewes-herumtreiben im Garten hat sich im Mai 2024 das erste Siegener <a href=\"https:\/\/driewes.de\/?page_id=1989&#x2197;\">driewes Schnittblumenfeld <\/a>entwickelt. Auf einer Fl\u00e4che von gut 500 qm bauen wir saisonale Schnittblumen in Bioqualit\u00e4t an.<\/p>\n\n\n\n<p>Wir treiben uns stellvertretend und ehrenamtlich f\u00fcr unsere Leserinnen und Leser als &#8222;driewes&#8220; herum und stellen unsere Fundst\u00fccke aus der Region vor:<\/p>\n\n\n\n<ul class=\"wp-block-list\">\n<li><strong><a href=\"http:\/\/driewes.de\/?page_id=322\">besondere Orte<\/a><\/strong><\/li>\n\n\n\n<li><strong> <a href=\"http:\/\/driewes.de\/?page_id=320\">interessante Menschen<\/a><\/strong><\/li>\n\n\n\n<li><strong><a href=\"http:\/\/driewes.de\/?page_id=324\">gutes Essen<\/a><\/strong><\/li>\n<\/ul>\n\n\n\n<p>Das Projekt driewes-herumtreiben in der Region hat seinen finalen Abschluss mit der Buchver\u00f6ffentlichung <a href=\"https:\/\/www.droste-verlag.de\/buecher\/titel\/gluecksorte-in-und-um-siegen-2.html\">Gl\u00fccksorte in und um Siegen<\/a>, gefunden. Ihr bekommt unseren besonderen Reisef\u00fchrer in jeder Buchhandlung im Stadtgebiet oder direkt bei Droste Verlag. <\/p>\n\n\n\n<figure class=\"wp-block-gallery has-nested-images columns-3 is-cropped wp-block-gallery-1 is-layout-flex wp-block-gallery-is-layout-flex\">\n<figure class=\"wp-block-image size-large\"><img loading=\"lazy\" decoding=\"async\" width=\"1000\" height=\"750\" data-id=\"394\" src=\"http:\/\/driewes.de\/wp-content\/uploads\/2019\/04\/driewes_region02-1.jpg\" alt=\"\" class=\"wp-image-394\" srcset=\"https:\/\/driewes.de\/wp-content\/uploads\/2019\/04\/driewes_region02-1.jpg 1000w, https:\/\/driewes.de\/wp-content\/uploads\/2019\/04\/driewes_region02-1-300x225.jpg 300w, https:\/\/driewes.de\/wp-content\/uploads\/2019\/04\/driewes_region02-1-768x576.jpg 768w\" sizes=\"auto, (max-width: 1000px) 100vw, 1000px\" \/><\/figure>\n\n\n\n<figure class=\"wp-block-image size-large\"><img loading=\"lazy\" decoding=\"async\" width=\"1000\" height=\"750\" data-id=\"395\" src=\"http:\/\/driewes.de\/wp-content\/uploads\/2019\/04\/driewesimgarten01.jpg\" alt=\"\" class=\"wp-image-395\" srcset=\"https:\/\/driewes.de\/wp-content\/uploads\/2019\/04\/driewesimgarten01.jpg 1000w, https:\/\/driewes.de\/wp-content\/uploads\/2019\/04\/driewesimgarten01-300x225.jpg 300w, https:\/\/driewes.de\/wp-content\/uploads\/2019\/04\/driewesimgarten01-768x576.jpg 768w\" sizes=\"auto, (max-width: 1000px) 100vw, 1000px\" \/><\/figure>\n\n\n\n<figure class=\"wp-block-image size-large\"><img loading=\"lazy\" decoding=\"async\" width=\"798\" height=\"1000\" data-id=\"392\" src=\"http:\/\/driewes.de\/wp-content\/uploads\/2019\/04\/driewes_region01-2.jpg\" alt=\"\" class=\"wp-image-392\" srcset=\"https:\/\/driewes.de\/wp-content\/uploads\/2019\/04\/driewes_region01-2.jpg 798w, https:\/\/driewes.de\/wp-content\/uploads\/2019\/04\/driewes_region01-2-239x300.jpg 239w, https:\/\/driewes.de\/wp-content\/uploads\/2019\/04\/driewes_region01-2-768x962.jpg 768w\" sizes=\"auto, (max-width: 798px) 100vw, 798px\" \/><\/figure>\n<\/figure>\n\n\n\n<p>Wir suchen pers\u00f6nlich die Menschen und Orte auf, die wir vorstellen, weil es uns wichtig ist, miteinander ins Gespr\u00e4ch zu kommen, sich offen und neugierig aufeinander einzulassen.<\/p>\n\n\n\n<p><strong>Lokaler und saisonaler geht es nicht!<\/strong><\/p>\n\n\n\n<p>Eine besondere Form nachbarschaftlichen Miteinanders ist die <strong><a href=\"http:\/\/driewes.de\/?page_id=341\">driewesBOX<\/a><\/strong>, eine Idee, die wir aus Bornholm mitgebracht haben. Sie bringt Nachbarn miteinander in Kontakt und Lebensmittel direkt an die Frau und den Mann. <\/p>\n\n\n\n<figure class=\"wp-block-gallery has-nested-images columns-default is-cropped wp-block-gallery-2 is-layout-flex wp-block-gallery-is-layout-flex\">\n<figure class=\"wp-block-image size-large\"><img loading=\"lazy\" decoding=\"async\" width=\"239\" height=\"300\" data-id=\"396\" src=\"http:\/\/driewes.de\/wp-content\/uploads\/2019\/04\/driewesimgarten03-239x300.jpg\" alt=\"\" class=\"wp-image-396\" srcset=\"https:\/\/driewes.de\/wp-content\/uploads\/2019\/04\/driewesimgarten03-239x300.jpg 239w, https:\/\/driewes.de\/wp-content\/uploads\/2019\/04\/driewesimgarten03-768x962.jpg 768w, https:\/\/driewes.de\/wp-content\/uploads\/2019\/04\/driewesimgarten03.jpg 798w\" sizes=\"auto, (max-width: 239px) 100vw, 239px\" \/><\/figure>\n\n\n\n<figure class=\"wp-block-image size-large\"><img loading=\"lazy\" decoding=\"async\" width=\"960\" height=\"960\" data-id=\"436\" src=\"http:\/\/driewes.de\/wp-content\/uploads\/2019\/04\/DriewesBox05.jpg\" alt=\"\" class=\"wp-image-436\" srcset=\"https:\/\/driewes.de\/wp-content\/uploads\/2019\/04\/DriewesBox05.jpg 960w, https:\/\/driewes.de\/wp-content\/uploads\/2019\/04\/DriewesBox05-150x150.jpg 150w, https:\/\/driewes.de\/wp-content\/uploads\/2019\/04\/DriewesBox05-300x300.jpg 300w, https:\/\/driewes.de\/wp-content\/uploads\/2019\/04\/DriewesBox05-768x768.jpg 768w, https:\/\/driewes.de\/wp-content\/uploads\/2019\/04\/DriewesBox05-70x70.jpg 70w, https:\/\/driewes.de\/wp-content\/uploads\/2019\/04\/DriewesBox05-127x127.jpg 127w, https:\/\/driewes.de\/wp-content\/uploads\/2019\/04\/DriewesBox05-476x476.jpg 476w, https:\/\/driewes.de\/wp-content\/uploads\/2019\/04\/DriewesBox05-125x125.jpg 125w\" sizes=\"auto, (max-width: 960px) 100vw, 960px\" \/><\/figure>\n<\/figure>\n\n\n\n<p>Das <strong>driewesPROJEKT<\/strong> mit Start im Fr\u00fchjahr 2019, ist st\u00e4ndig in Entwicklung und ein \u201ework in progress\u201c. <br>Unter <a href=\"http:\/\/driewes.de\/?page_id=70\">Kontakt<\/a> k\u00f6nnt Ihr uns gerne viele weitere Ideen und Vorschl\u00e4ge schicken, damit sich die Plattform vielf\u00e4ltig f\u00fcllt. <\/p>\n","protected":false},"excerpt":{"rendered":"<p>Die IdeeWir sind von Osten, S\u00fcden und Westen ins Siegerland gezogen und damit in eine Region, deren geografische Lage und Bedeutsamkeit man h\u00e4ufig erkl\u00e4ren muss. Das ist schade, denn die Region hat durchaus eine Menge Reize, die sich Besuchern und Zugezogenen allerdings nicht spontan und beim ersten Blick erschlie\u00dfen. Wir m\u00f6chten Menschen aus der Region [&hellip;]<\/p>\n","protected":false},"author":2,"featured_media":0,"parent":0,"menu_order":0,"comment_status":"closed","ping_status":"closed","template":"","meta":{"footnotes":""},"class_list":["post-74","page","type-page","status-publish","hentry"],"_links":{"self":[{"href":"https:\/\/driewes.de\/index.php?rest_route=\/wp\/v2\/pages\/74","targetHints":{"allow":["GET"]}}],"collection":[{"href":"https:\/\/driewes.de\/index.php?rest_route=\/wp\/v2\/pages"}],"about":[{"href":"https:\/\/driewes.de\/index.php?rest_route=\/wp\/v2\/types\/page"}],"author":[{"embeddable":true,"href":"https:\/\/driewes.de\/index.php?rest_route=\/wp\/v2\/users\/2"}],"replies":[{"embeddable":true,"href":"https:\/\/driewes.de\/index.php?rest_route=%2Fwp%2Fv2%2Fcomments&post=74"}],"version-history":[{"count":52,"href":"https:\/\/driewes.de\/index.php?rest_route=\/wp\/v2\/pages\/74\/revisions"}],"predecessor-version":[{"id":2351,"href":"https:\/\/driewes.de\/index.php?rest_route=\/wp\/v2\/pages\/74\/revisions\/2351"}],"wp:attachment":[{"href":"https:\/\/driewes.de\/index.php?rest_route=%2Fwp%2Fv2%2Fmedia&parent=74"}],"curies":[{"name":"wp","href":"https:\/\/api.w.org\/{rel}","templated":true}]}}