{"id":72,"date":"2019-01-30T16:18:05","date_gmt":"2019-01-30T16:18:05","guid":{"rendered":"http:\/\/driewes.de\/?page_id=72"},"modified":"2025-06-24T11:06:12","modified_gmt":"2025-06-24T09:06:12","slug":"impressum","status":"publish","type":"page","link":"https:\/\/driewes.de\/?page_id=72","title":{"rendered":"Impressum"},"content":{"rendered":"\n<p><strong>Verantwortlich f\u00fcr den Inhalt:<\/strong><br>Sabine Ullrich<br>Radschl\u00e4fe 11<br>57074 Siegen <br><a href=\"mailto:info@driewes.de\">info@driewes.de<\/a><br>tel: 0177 37 23 913<\/p>\n\n\n\n<p>\u00d6kokontrollstelle: DE-\u00d6KO-037<br><\/p>\n\n\n\n<p><strong>Umsetzung Internet:<\/strong><br>\nGrafik+Umsetzung: greinerdesign im modulb\u00fcro<br>\n<a href=\"http:\/\/www.modulbuero.de\/\">www.modulbuero.de<\/a><\/p>\n\n\n\n<p><strong>Fotos:<\/strong><br>Sabine Ullrich und Thomas Greiner<\/p>\n\n\n\n<p><strong>Copyright:<\/strong><br> Die vorliegenden Inhalte des Internetauftritts www.driewes.de sind  urheberrechtlich gesch\u00fctzt. Alle Rechte sind vorbehalten. Die Verwendung  der Texte und Abbildungen, auch auszugsweise, verst\u00f6\u00dft ohne die  vorherige schriftliche Zustimmung gegen die Bestimmungen des  Urheberrechts und ist damit rechtswidrig.<br> Dies gilt insbesondere auch f\u00fcr alle Verwertungsrechte wie die  Vervielf\u00e4ltigung, die \u00dcbersetzung oder die Verwendung in elektronischen  Systemen.<\/p>\n\n\n\n<p><strong>Rechtlicher Hinweis zur Haftung:<\/strong><br>\nDie Inhalte externer Links werden von uns sorgf\u00e4ltig gepr\u00fcft. Wir \n\u00fcbernehmen dennoch keine Haftung f\u00fcr die Inhalte der mit oder von \nunserer Website verlinkten externen Seiten. F\u00fcr die Inhalte externer \nSeiten sind ausschlie\u00dflich deren Anbieter verantwortlich.<\/p>\n\n\n\n<p><strong><a href=\"http:\/\/driewes.de\/?page_id=162\">Datenschutzerkl\u00e4rung finden Sie hier!<\/a><\/strong><\/p>\n\n\n\n<p><strong>Weitere Informationen und Kontakt:<\/strong><br>\nWenn Sie weitere Fragen zum Thema haben, wenden Sie sich an uns.<\/p>\n","protected":false},"excerpt":{"rendered":"<p>Verantwortlich f\u00fcr den Inhalt:Sabine UllrichRadschl\u00e4fe 1157074 Siegen info@driewes.detel: 0177 37 23 913 \u00d6kokontrollstelle: DE-\u00d6KO-037 Umsetzung Internet: Grafik+Umsetzung: greinerdesign im modulb\u00fcro www.modulbuero.de Fotos:Sabine Ullrich und Thomas Greiner Copyright: Die vorliegenden Inhalte des Internetauftritts www.driewes.de sind urheberrechtlich gesch\u00fctzt. Alle Rechte sind vorbehalten. Die Verwendung der Texte und Abbildungen, auch auszugsweise, verst\u00f6\u00dft ohne die vorherige schriftliche Zustimmung gegen [&hellip;]<\/p>\n","protected":false},"author":2,"featured_media":0,"parent":0,"menu_order":0,"comment_status":"closed","ping_status":"closed","template":"","meta":{"footnotes":""},"class_list":["post-72","page","type-page","status-publish","hentry"],"_links":{"self":[{"href":"https:\/\/driewes.de\/index.php?rest_route=\/wp\/v2\/pages\/72","targetHints":{"allow":["GET"]}}],"collection":[{"href":"https:\/\/driewes.de\/index.php?rest_route=\/wp\/v2\/pages"}],"about":[{"href":"https:\/\/driewes.de\/index.php?rest_route=\/wp\/v2\/types\/page"}],"author":[{"embeddable":true,"href":"https:\/\/driewes.de\/index.php?rest_route=\/wp\/v2\/users\/2"}],"replies":[{"embeddable":true,"href":"https:\/\/driewes.de\/index.php?rest_route=%2Fwp%2Fv2%2Fcomments&post=72"}],"version-history":[{"count":7,"href":"https:\/\/driewes.de\/index.php?rest_route=\/wp\/v2\/pages\/72\/revisions"}],"predecessor-version":[{"id":2137,"href":"https:\/\/driewes.de\/index.php?rest_route=\/wp\/v2\/pages\/72\/revisions\/2137"}],"wp:attachment":[{"href":"https:\/\/driewes.de\/index.php?rest_route=%2Fwp%2Fv2%2Fmedia&parent=72"}],"curies":[{"name":"wp","href":"https:\/\/api.w.org\/{rel}","templated":true}]}}