{"id":673,"date":"2019-07-02T14:24:23","date_gmt":"2019-07-02T14:24:23","guid":{"rendered":"http:\/\/driewes.de\/?page_id=673"},"modified":"2019-09-04T17:00:46","modified_gmt":"2019-09-04T15:00:46","slug":"buchhellertal","status":"publish","type":"page","link":"https:\/\/driewes.de\/?page_id=673","title":{"rendered":"Buchhellertal"},"content":{"rendered":"\n<h5 class=\"wp-block-heading\">Naturmeditation zum downloaden<\/h5>\n\n\n\n<figure class=\"wp-block-image\"><img loading=\"lazy\" decoding=\"async\" width=\"1024\" height=\"768\" src=\"http:\/\/driewes.de\/wp-content\/uploads\/2019\/07\/image1-2-1024x768.jpeg\" alt=\"\" class=\"wp-image-679\" srcset=\"https:\/\/driewes.de\/wp-content\/uploads\/2019\/07\/image1-2-1024x768.jpeg 1024w, https:\/\/driewes.de\/wp-content\/uploads\/2019\/07\/image1-2-300x225.jpeg 300w, https:\/\/driewes.de\/wp-content\/uploads\/2019\/07\/image1-2-768x576.jpeg 768w, https:\/\/driewes.de\/wp-content\/uploads\/2019\/07\/image1-2.jpeg 2016w\" sizes=\"auto, (max-width: 1024px) 100vw, 1024px\" \/><figcaption>Br\u00fccke im Buchhellertal<\/figcaption><\/figure>\n\n\n\n<p>Wer auf der Suche nach innerer Ruhe und Entspannung ist, sollte den Weg ins Buchhellertal finden. Hier gibt es direkt hinter der alten Holzbr\u00fccke Naturmeditation zum \u201ekostenlosen Download\u201c. Entweder lauscht man dem Gurgeln und Pl\u00e4tschern des Wassers der Bucher, welches sich seinen Weg \u00fcber Flusskiesel und Steine sucht. Oder man legt sich einfach auf den Boden und lauscht den Grillen beim Zirpen im Gr\u00e4serwald. Es ist fantastisch zum Runterkommen, ohne viel Tamtam einfach nur lauschen und tr\u00e4umen. Wer dann noch einen Picknickkorb dabei hat, kann am Bachlauf f\u00fcr sein leibliches Wiederauftanken sorgen. Wir m\u00f6gen diesen Ort sehr und sollten ihn gut sch\u00fctzen.<\/p>\n\n\n\n<ul class=\"wp-block-gallery columns-3 is-cropped wp-block-gallery-1 is-layout-flex wp-block-gallery-is-layout-flex\"><li class=\"blocks-gallery-item\"><figure><a href=\"http:\/\/driewes.de\/wp-content\/uploads\/2019\/07\/image2-768x1024.jpeg\"><img loading=\"lazy\" decoding=\"async\" width=\"768\" height=\"1024\" src=\"http:\/\/driewes.de\/wp-content\/uploads\/2019\/07\/image2-768x1024.jpeg\" alt=\"\" data-id=\"674\" data-link=\"http:\/\/driewes.de\/?attachment_id=674\" class=\"wp-image-674\" srcset=\"https:\/\/driewes.de\/wp-content\/uploads\/2019\/07\/image2-768x1024.jpeg 768w, https:\/\/driewes.de\/wp-content\/uploads\/2019\/07\/image2-225x300.jpeg 225w, https:\/\/driewes.de\/wp-content\/uploads\/2019\/07\/image2.jpeg 1512w\" sizes=\"auto, (max-width: 768px) 100vw, 768px\" \/><\/a><\/figure><\/li><li class=\"blocks-gallery-item\"><figure><a href=\"http:\/\/driewes.de\/wp-content\/uploads\/2019\/07\/image3-1024x768.jpeg\"><img loading=\"lazy\" decoding=\"async\" width=\"1024\" height=\"768\" src=\"http:\/\/driewes.de\/wp-content\/uploads\/2019\/07\/image3-1024x768.jpeg\" alt=\"\" data-id=\"675\" data-link=\"http:\/\/driewes.de\/?attachment_id=675\" class=\"wp-image-675\" srcset=\"https:\/\/driewes.de\/wp-content\/uploads\/2019\/07\/image3-1024x768.jpeg 1024w, https:\/\/driewes.de\/wp-content\/uploads\/2019\/07\/image3-300x225.jpeg 300w, https:\/\/driewes.de\/wp-content\/uploads\/2019\/07\/image3-768x576.jpeg 768w, https:\/\/driewes.de\/wp-content\/uploads\/2019\/07\/image3.jpeg 2016w\" sizes=\"auto, (max-width: 1024px) 100vw, 1024px\" \/><\/a><\/figure><\/li><li class=\"blocks-gallery-item\"><figure><a href=\"http:\/\/driewes.de\/wp-content\/uploads\/2019\/07\/image5-768x1024.jpeg\"><img loading=\"lazy\" decoding=\"async\" width=\"768\" height=\"1024\" src=\"http:\/\/driewes.de\/wp-content\/uploads\/2019\/07\/image5-768x1024.jpeg\" alt=\"\" data-id=\"677\" data-link=\"http:\/\/driewes.de\/?attachment_id=677\" class=\"wp-image-677\" srcset=\"https:\/\/driewes.de\/wp-content\/uploads\/2019\/07\/image5-768x1024.jpeg 768w, https:\/\/driewes.de\/wp-content\/uploads\/2019\/07\/image5-225x300.jpeg 225w, https:\/\/driewes.de\/wp-content\/uploads\/2019\/07\/image5.jpeg 1512w\" sizes=\"auto, (max-width: 768px) 100vw, 768px\" \/><\/a><\/figure><\/li><li class=\"blocks-gallery-item\"><figure><a href=\"http:\/\/driewes.de\/wp-content\/uploads\/2019\/07\/image4-1024x768.jpeg\"><img loading=\"lazy\" decoding=\"async\" width=\"1024\" height=\"768\" src=\"http:\/\/driewes.de\/wp-content\/uploads\/2019\/07\/image4-1024x768.jpeg\" alt=\"\" data-id=\"676\" data-link=\"http:\/\/driewes.de\/?attachment_id=676\" class=\"wp-image-676\" srcset=\"https:\/\/driewes.de\/wp-content\/uploads\/2019\/07\/image4-1024x768.jpeg 1024w, https:\/\/driewes.de\/wp-content\/uploads\/2019\/07\/image4-300x225.jpeg 300w, https:\/\/driewes.de\/wp-content\/uploads\/2019\/07\/image4-768x576.jpeg 768w, https:\/\/driewes.de\/wp-content\/uploads\/2019\/07\/image4.jpeg 2016w\" sizes=\"auto, (max-width: 1024px) 100vw, 1024px\" \/><\/a><\/figure><\/li><\/ul>\n\n\n\n<figure class=\"wp-block-video\"><video height=\"1080\" style=\"aspect-ratio: 1920 \/ 1080;\" width=\"1920\" controls src=\"http:\/\/driewes.de\/wp-content\/uploads\/2019\/07\/IMG_6588.mov\"><\/video><figcaption>h\u00f6rt mal rein ins Buchhellertal!<\/figcaption><\/figure>\n\n\n\n<div class=\"wp-block-webfactory-map\"><div class=\"wp-block-webfactory-map\"><iframe loading=\"lazy\" width=\"100%\" height=\"300px\" src=\"https:\/\/www.google.com\/maps\/embed\/v1\/place?q=Unteres%20Buchhellertal%20&amp;maptype=roadmap&amp;zoom=10&amp;key=AIzaSyAjyDspiPfzEfjRSS5fQzm-3jHFjHxeXB4\" frameborder=\"0\"><\/iframe><\/div><\/div>\n\n\n\n<p><a href=\"https:\/\/www.ich-geh-wandern.de\/buchhellertal-rundwanderung-siegerland\" target=\"_blank\" rel=\"noreferrer noopener\" aria-label=\"Wanderung im Buchhellertal (\u00f6ffnet in neuem Tab)\">Wanderung im Buchhellertal<\/a><\/p>\n","protected":false},"excerpt":{"rendered":"<p>Naturmeditation zum downloaden Wer auf der Suche nach innerer Ruhe und Entspannung ist, sollte den Weg ins Buchhellertal finden. Hier gibt es direkt hinter der alten Holzbr\u00fccke Naturmeditation zum \u201ekostenlosen Download\u201c. Entweder lauscht man dem Gurgeln und Pl\u00e4tschern des Wassers der Bucher, welches sich seinen Weg \u00fcber Flusskiesel und Steine sucht. Oder man legt sich [&hellip;]<\/p>\n","protected":false},"author":3,"featured_media":0,"parent":322,"menu_order":0,"comment_status":"closed","ping_status":"closed","template":"","meta":{"footnotes":""},"class_list":["post-673","page","type-page","status-publish","hentry"],"_links":{"self":[{"href":"https:\/\/driewes.de\/index.php?rest_route=\/wp\/v2\/pages\/673","targetHints":{"allow":["GET"]}}],"collection":[{"href":"https:\/\/driewes.de\/index.php?rest_route=\/wp\/v2\/pages"}],"about":[{"href":"https:\/\/driewes.de\/index.php?rest_route=\/wp\/v2\/types\/page"}],"author":[{"embeddable":true,"href":"https:\/\/driewes.de\/index.php?rest_route=\/wp\/v2\/users\/3"}],"replies":[{"embeddable":true,"href":"https:\/\/driewes.de\/index.php?rest_route=%2Fwp%2Fv2%2Fcomments&post=673"}],"version-history":[{"count":11,"href":"https:\/\/driewes.de\/index.php?rest_route=\/wp\/v2\/pages\/673\/revisions"}],"predecessor-version":[{"id":1073,"href":"https:\/\/driewes.de\/index.php?rest_route=\/wp\/v2\/pages\/673\/revisions\/1073"}],"up":[{"embeddable":true,"href":"https:\/\/driewes.de\/index.php?rest_route=\/wp\/v2\/pages\/322"}],"wp:attachment":[{"href":"https:\/\/driewes.de\/index.php?rest_route=%2Fwp%2Fv2%2Fmedia&parent=673"}],"curies":[{"name":"wp","href":"https:\/\/api.w.org\/{rel}","templated":true}]}}