{"id":566,"date":"2019-05-22T15:35:46","date_gmt":"2019-05-22T15:35:46","guid":{"rendered":"http:\/\/driewes.de\/?page_id=566"},"modified":"2019-09-04T16:57:24","modified_gmt":"2019-09-04T14:57:24","slug":"ilsequelle","status":"publish","type":"page","link":"https:\/\/driewes.de\/?page_id=566","title":{"rendered":"Ilsequelle Heiligenborn"},"content":{"rendered":"\n<h5 class=\"wp-block-heading\">Durstl\u00f6scherin und Energiespenderin<\/h5>\n\n\n\n<figure class=\"wp-block-image\"><img loading=\"lazy\" decoding=\"async\" width=\"1024\" height=\"768\" src=\"http:\/\/driewes.de\/wp-content\/uploads\/2019\/05\/quelle_mit-1024x768.jpg\" alt=\"\" class=\"wp-image-604\" srcset=\"https:\/\/driewes.de\/wp-content\/uploads\/2019\/05\/quelle_mit-1024x768.jpg 1024w, https:\/\/driewes.de\/wp-content\/uploads\/2019\/05\/quelle_mit-300x225.jpg 300w, https:\/\/driewes.de\/wp-content\/uploads\/2019\/05\/quelle_mit-768x576.jpg 768w, https:\/\/driewes.de\/wp-content\/uploads\/2019\/05\/quelle_mit.jpg 2000w\" sizes=\"auto, (max-width: 1024px) 100vw, 1024px\" \/><\/figure>\n\n\n\n<p>Wer gerne Wanderungen mit besonderer Einkehr mag, sollte sich die Ilsequelle merken. Der Weg dorthin f\u00fchrt durch einen saftig gr\u00fcnen Mischwald auf gut 600 H\u00f6henmetern. Die Ilsequelle&nbsp;steht f\u00fcr die beiden im Rothaargebirge&nbsp;liegenden Quellen&nbsp;des Lahn-Nebenflusses Ilse.&nbsp;&nbsp;Sie befinden sich nahe dem Ort <strong>Heiligenborn<\/strong>.&nbsp;&nbsp;Die Quellfassung befindet sich in einem kleinen, von Wald ums\u00e4umten wundersch\u00f6nen Wiesental&nbsp;mit kr\u00e4ftig gr\u00fcnen Sumpfgr\u00e4sern. Das Herz schl\u00e4gt h\u00f6her wenn man kurz vor dem Ziel den Ilsebachlauf barfu\u00df \u00fcberquert und sp\u00fcrt, das ist ein besonderer Ort. Im Mittelalter&nbsp;war die Quelle der Ilse als <strong>Heilige Ilsequelle<\/strong>&nbsp;bekannt und z\u00e4hlte zu den bekanntesten Heilquellen Mitteleuropas. Kranke pilgerten dorthin, um durch das Trinken von Quellwasser Heilung&nbsp;zu finden. Jetzt befinden sich an der Quelle Ruheb\u00e4nke und Tische, um die mitgebrachten Flaschen und Kanister mit dem heiligen Wasser zu f\u00fcllen. Ein guter Ort mit viel Energie im Rothaargebirge.<\/p>\n\n\n\n<ul class=\"wp-block-gallery columns-3 is-cropped wp-block-gallery-1 is-layout-flex wp-block-gallery-is-layout-flex\"><li class=\"blocks-gallery-item\"><figure><a href=\"http:\/\/driewes.de\/wp-content\/uploads\/2019\/05\/Bach-768x1024.jpg\"><img loading=\"lazy\" decoding=\"async\" width=\"768\" height=\"1024\" src=\"http:\/\/driewes.de\/wp-content\/uploads\/2019\/05\/Bach-768x1024.jpg\" alt=\"\" data-id=\"571\" data-link=\"http:\/\/driewes.de\/?attachment_id=571\" class=\"wp-image-571\" srcset=\"https:\/\/driewes.de\/wp-content\/uploads\/2019\/05\/Bach-768x1024.jpg 768w, https:\/\/driewes.de\/wp-content\/uploads\/2019\/05\/Bach-225x300.jpg 225w, https:\/\/driewes.de\/wp-content\/uploads\/2019\/05\/Bach.jpg 1500w\" sizes=\"auto, (max-width: 768px) 100vw, 768px\" \/><\/a><\/figure><\/li><li class=\"blocks-gallery-item\"><figure><a href=\"http:\/\/driewes.de\/wp-content\/uploads\/2019\/05\/wiese-1024x768.jpg\"><img loading=\"lazy\" decoding=\"async\" width=\"1024\" height=\"768\" src=\"http:\/\/driewes.de\/wp-content\/uploads\/2019\/05\/wiese-1024x768.jpg\" alt=\"\" data-id=\"574\" data-link=\"http:\/\/driewes.de\/?attachment_id=574\" class=\"wp-image-574\" srcset=\"https:\/\/driewes.de\/wp-content\/uploads\/2019\/05\/wiese-1024x768.jpg 1024w, https:\/\/driewes.de\/wp-content\/uploads\/2019\/05\/wiese-300x225.jpg 300w, https:\/\/driewes.de\/wp-content\/uploads\/2019\/05\/wiese-768x576.jpg 768w, https:\/\/driewes.de\/wp-content\/uploads\/2019\/05\/wiese.jpg 2000w\" sizes=\"auto, (max-width: 1024px) 100vw, 1024px\" \/><\/a><\/figure><\/li><li class=\"blocks-gallery-item\"><figure><a href=\"http:\/\/driewes.de\/wp-content\/uploads\/2019\/05\/Schild-768x1024.jpg\"><img loading=\"lazy\" decoding=\"async\" width=\"768\" height=\"1024\" src=\"http:\/\/driewes.de\/wp-content\/uploads\/2019\/05\/Schild-768x1024.jpg\" alt=\"\" data-id=\"573\" data-link=\"http:\/\/driewes.de\/?attachment_id=573\" class=\"wp-image-573\" srcset=\"https:\/\/driewes.de\/wp-content\/uploads\/2019\/05\/Schild-768x1024.jpg 768w, https:\/\/driewes.de\/wp-content\/uploads\/2019\/05\/Schild-225x300.jpg 225w, https:\/\/driewes.de\/wp-content\/uploads\/2019\/05\/Schild.jpg 1500w\" sizes=\"auto, (max-width: 768px) 100vw, 768px\" \/><\/a><\/figure><\/li><li class=\"blocks-gallery-item\"><figure><a href=\"http:\/\/driewes.de\/wp-content\/uploads\/2019\/05\/Bank-768x1024.jpg\"><img loading=\"lazy\" decoding=\"async\" width=\"768\" height=\"1024\" src=\"http:\/\/driewes.de\/wp-content\/uploads\/2019\/05\/Bank-768x1024.jpg\" alt=\"\" data-id=\"577\" data-link=\"http:\/\/driewes.de\/?attachment_id=577\" class=\"wp-image-577\" srcset=\"https:\/\/driewes.de\/wp-content\/uploads\/2019\/05\/Bank-768x1024.jpg 768w, https:\/\/driewes.de\/wp-content\/uploads\/2019\/05\/Bank-225x300.jpg 225w, https:\/\/driewes.de\/wp-content\/uploads\/2019\/05\/Bank.jpg 1500w\" sizes=\"auto, (max-width: 768px) 100vw, 768px\" \/><\/a><\/figure><\/li><li class=\"blocks-gallery-item\"><figure><a href=\"http:\/\/driewes.de\/wp-content\/uploads\/2019\/06\/ilsequelle01.jpg\"><img loading=\"lazy\" decoding=\"async\" width=\"640\" height=\"480\" src=\"http:\/\/driewes.de\/wp-content\/uploads\/2019\/06\/ilsequelle01.jpg\" alt=\"\" data-id=\"654\" data-link=\"http:\/\/driewes.de\/?attachment_id=654\" class=\"wp-image-654\" srcset=\"https:\/\/driewes.de\/wp-content\/uploads\/2019\/06\/ilsequelle01.jpg 640w, https:\/\/driewes.de\/wp-content\/uploads\/2019\/06\/ilsequelle01-300x225.jpg 300w\" sizes=\"auto, (max-width: 640px) 100vw, 640px\" \/><\/a><\/figure><\/li><li class=\"blocks-gallery-item\"><figure><a href=\"http:\/\/driewes.de\/wp-content\/uploads\/2019\/06\/ilsequelle02.jpg\"><img loading=\"lazy\" decoding=\"async\" width=\"480\" height=\"640\" src=\"http:\/\/driewes.de\/wp-content\/uploads\/2019\/06\/ilsequelle02.jpg\" alt=\"\" data-id=\"655\" data-link=\"http:\/\/driewes.de\/?attachment_id=655\" class=\"wp-image-655\" srcset=\"https:\/\/driewes.de\/wp-content\/uploads\/2019\/06\/ilsequelle02.jpg 480w, https:\/\/driewes.de\/wp-content\/uploads\/2019\/06\/ilsequelle02-225x300.jpg 225w\" sizes=\"auto, (max-width: 480px) 100vw, 480px\" \/><\/a><\/figure><\/li><li class=\"blocks-gallery-item\"><figure><a href=\"http:\/\/driewes.de\/wp-content\/uploads\/2019\/06\/ilsequelle03.jpg\"><img loading=\"lazy\" decoding=\"async\" width=\"640\" height=\"480\" src=\"http:\/\/driewes.de\/wp-content\/uploads\/2019\/06\/ilsequelle03.jpg\" alt=\"\" data-id=\"656\" data-link=\"http:\/\/driewes.de\/?attachment_id=656\" class=\"wp-image-656\" srcset=\"https:\/\/driewes.de\/wp-content\/uploads\/2019\/06\/ilsequelle03.jpg 640w, https:\/\/driewes.de\/wp-content\/uploads\/2019\/06\/ilsequelle03-300x225.jpg 300w\" sizes=\"auto, (max-width: 640px) 100vw, 640px\" \/><\/a><\/figure><\/li><li class=\"blocks-gallery-item\"><figure><a href=\"http:\/\/driewes.de\/wp-content\/uploads\/2019\/06\/ilsequelle04.jpg\"><img loading=\"lazy\" decoding=\"async\" width=\"640\" height=\"480\" src=\"http:\/\/driewes.de\/wp-content\/uploads\/2019\/06\/ilsequelle04.jpg\" alt=\"\" data-id=\"657\" data-link=\"http:\/\/driewes.de\/?attachment_id=657\" class=\"wp-image-657\" srcset=\"https:\/\/driewes.de\/wp-content\/uploads\/2019\/06\/ilsequelle04.jpg 640w, https:\/\/driewes.de\/wp-content\/uploads\/2019\/06\/ilsequelle04-300x225.jpg 300w\" sizes=\"auto, (max-width: 640px) 100vw, 640px\" \/><\/a><\/figure><\/li><\/ul>\n\n\n\n<div class=\"wp-block-webfactory-map\"><div class=\"wp-block-webfactory-map\"><iframe loading=\"lazy\" width=\"100%\" height=\"300px\" src=\"https:\/\/www.google.com\/maps\/embed\/v1\/place?q=Ilsequelle%2C%2057334%20Bad%20Laasphe%2CGermany&amp;maptype=roadmap&amp;zoom=14&amp;key=AIzaSyAjyDspiPfzEfjRSS5fQzm-3jHFjHxeXB4\" frameborder=\"0\"><\/iframe><\/div><\/div>\n\n\n\n<p>hier finden sie weiter Infos:<br><a href=\"https:\/\/www.rothaarsteig.de\/Rothaarsteig3\/Sehenswertes-am-Rothaarsteig\/Ilsequelle\">www.rothaarsteig.de<\/a><\/p>\n","protected":false},"excerpt":{"rendered":"<p>Durstl\u00f6scherin und Energiespenderin Wer gerne Wanderungen mit besonderer Einkehr mag, sollte sich die Ilsequelle merken. Der Weg dorthin f\u00fchrt durch einen saftig gr\u00fcnen Mischwald auf gut 600 H\u00f6henmetern. Die Ilsequelle&nbsp;steht f\u00fcr die beiden im Rothaargebirge&nbsp;liegenden Quellen&nbsp;des Lahn-Nebenflusses Ilse.&nbsp;&nbsp;Sie befinden sich nahe dem Ort Heiligenborn.&nbsp;&nbsp;Die Quellfassung befindet sich in einem kleinen, von Wald ums\u00e4umten wundersch\u00f6nen Wiesental&nbsp;mit [&hellip;]<\/p>\n","protected":false},"author":3,"featured_media":0,"parent":322,"menu_order":0,"comment_status":"closed","ping_status":"closed","template":"","meta":{"footnotes":""},"class_list":["post-566","page","type-page","status-publish","hentry"],"_links":{"self":[{"href":"https:\/\/driewes.de\/index.php?rest_route=\/wp\/v2\/pages\/566","targetHints":{"allow":["GET"]}}],"collection":[{"href":"https:\/\/driewes.de\/index.php?rest_route=\/wp\/v2\/pages"}],"about":[{"href":"https:\/\/driewes.de\/index.php?rest_route=\/wp\/v2\/types\/page"}],"author":[{"embeddable":true,"href":"https:\/\/driewes.de\/index.php?rest_route=\/wp\/v2\/users\/3"}],"replies":[{"embeddable":true,"href":"https:\/\/driewes.de\/index.php?rest_route=%2Fwp%2Fv2%2Fcomments&post=566"}],"version-history":[{"count":15,"href":"https:\/\/driewes.de\/index.php?rest_route=\/wp\/v2\/pages\/566\/revisions"}],"predecessor-version":[{"id":1068,"href":"https:\/\/driewes.de\/index.php?rest_route=\/wp\/v2\/pages\/566\/revisions\/1068"}],"up":[{"embeddable":true,"href":"https:\/\/driewes.de\/index.php?rest_route=\/wp\/v2\/pages\/322"}],"wp:attachment":[{"href":"https:\/\/driewes.de\/index.php?rest_route=%2Fwp%2Fv2%2Fmedia&parent=566"}],"curies":[{"name":"wp","href":"https:\/\/api.w.org\/{rel}","templated":true}]}}