{"id":528,"date":"2019-05-17T14:07:56","date_gmt":"2019-05-17T14:07:56","guid":{"rendered":"http:\/\/driewes.de\/?page_id=528"},"modified":"2019-07-05T10:57:42","modified_gmt":"2019-07-05T10:57:42","slug":"fliedersirup","status":"publish","type":"page","link":"https:\/\/driewes.de\/?page_id=528","title":{"rendered":"Fliedersirup"},"content":{"rendered":"\n<figure class=\"wp-block-image is-resized\"><img loading=\"lazy\" decoding=\"async\" src=\"http:\/\/driewes.de\/wp-content\/uploads\/2019\/05\/fliedersirup03-1014x1024.jpg\" alt=\"\" class=\"wp-image-529\" width=\"507\" height=\"512\" srcset=\"https:\/\/driewes.de\/wp-content\/uploads\/2019\/05\/fliedersirup03-1014x1024.jpg 1014w, https:\/\/driewes.de\/wp-content\/uploads\/2019\/05\/fliedersirup03-150x150.jpg 150w, https:\/\/driewes.de\/wp-content\/uploads\/2019\/05\/fliedersirup03-297x300.jpg 297w, https:\/\/driewes.de\/wp-content\/uploads\/2019\/05\/fliedersirup03-768x776.jpg 768w, https:\/\/driewes.de\/wp-content\/uploads\/2019\/05\/fliedersirup03-70x70.jpg 70w, https:\/\/driewes.de\/wp-content\/uploads\/2019\/05\/fliedersirup03-127x127.jpg 127w, https:\/\/driewes.de\/wp-content\/uploads\/2019\/05\/fliedersirup03-125x125.jpg 125w, https:\/\/driewes.de\/wp-content\/uploads\/2019\/05\/fliedersirup03.jpg 1080w\" sizes=\"auto, (max-width: 507px) 100vw, 507px\" \/><\/figure>\n\n\n\n<p>5 aufgebl\u00fchte Fliederdolden und Zitronenscheiben von 1 unbehandelten Zitrone in ein gro\u00dfes Einmachglas geben. 2 l Wasser mit 800g Kristall-zucker in einen gro\u00dfen Topf geben&nbsp;und einmal sprudelnd aufkochen, 3-4 Minuten bei geringer Hitze weiter k\u00f6cheln, den Topf vom Herd nehmen und 12g Zitronens\u00e4ure unter den Sirup r\u00fchren. Sirup vollst\u00e4ndig abk\u00fchlen lassen, dann \u00fcber die Fliederbl\u00fcten und Zitronen gie\u00dfen. Das Glas fest verschlie\u00dfen und den Sirup 1 Woche ziehen lassen. Sirup durch ein mit K\u00fcchenleinen ausgelegtes feines Sieb gie\u00dfen, anschlie\u00dfend in Flaschen abf\u00fcllen. Der Sirup ist k\u00fchl und dunkel gelagert f\u00fcnf Monate haltbar.<\/p>\n\n\n\n<ul class=\"wp-block-gallery columns-2 is-cropped wp-block-gallery-1 is-layout-flex wp-block-gallery-is-layout-flex\"><li class=\"blocks-gallery-item\"><figure><img loading=\"lazy\" decoding=\"async\" width=\"768\" height=\"1024\" src=\"http:\/\/driewes.de\/wp-content\/uploads\/2019\/05\/fliedersirup01-768x1024.jpg\" alt=\"\" data-id=\"530\" data-link=\"http:\/\/driewes.de\/?attachment_id=530\" class=\"wp-image-530\" srcset=\"https:\/\/driewes.de\/wp-content\/uploads\/2019\/05\/fliedersirup01-768x1024.jpg 768w, https:\/\/driewes.de\/wp-content\/uploads\/2019\/05\/fliedersirup01-225x300.jpg 225w, https:\/\/driewes.de\/wp-content\/uploads\/2019\/05\/fliedersirup01.jpg 1500w\" sizes=\"auto, (max-width: 768px) 100vw, 768px\" \/><\/figure><\/li><li class=\"blocks-gallery-item\"><figure><img loading=\"lazy\" decoding=\"async\" width=\"1024\" height=\"1024\" src=\"http:\/\/driewes.de\/wp-content\/uploads\/2019\/05\/fliedersirup02-1024x1024.jpg\" alt=\"\" data-id=\"531\" data-link=\"http:\/\/driewes.de\/?attachment_id=531\" class=\"wp-image-531\" srcset=\"https:\/\/driewes.de\/wp-content\/uploads\/2019\/05\/fliedersirup02-1024x1024.jpg 1024w, https:\/\/driewes.de\/wp-content\/uploads\/2019\/05\/fliedersirup02-150x150.jpg 150w, https:\/\/driewes.de\/wp-content\/uploads\/2019\/05\/fliedersirup02-300x300.jpg 300w, https:\/\/driewes.de\/wp-content\/uploads\/2019\/05\/fliedersirup02-768x768.jpg 768w, https:\/\/driewes.de\/wp-content\/uploads\/2019\/05\/fliedersirup02-70x70.jpg 70w, https:\/\/driewes.de\/wp-content\/uploads\/2019\/05\/fliedersirup02-127x127.jpg 127w, https:\/\/driewes.de\/wp-content\/uploads\/2019\/05\/fliedersirup02-476x476.jpg 476w, https:\/\/driewes.de\/wp-content\/uploads\/2019\/05\/fliedersirup02-125x125.jpg 125w, https:\/\/driewes.de\/wp-content\/uploads\/2019\/05\/fliedersirup02.jpg 2000w\" sizes=\"auto, (max-width: 1024px) 100vw, 1024px\" \/><\/figure><\/li><\/ul>\n\n\n\n<p>F\u00fcr einen Sommerspritz gleiche Menge an Wei\u00dfwein und Mineralwasser in ein Glas f\u00fcllen und mit einem Spritzer Fliederbl\u00fctensirup verfeinern.<\/p>\n","protected":false},"excerpt":{"rendered":"<p>5 aufgebl\u00fchte Fliederdolden und Zitronenscheiben von 1 unbehandelten Zitrone in ein gro\u00dfes Einmachglas geben. 2 l Wasser mit 800g Kristall-zucker in einen gro\u00dfen Topf geben&nbsp;und einmal sprudelnd aufkochen, 3-4 Minuten bei geringer Hitze weiter k\u00f6cheln, den Topf vom Herd nehmen und 12g Zitronens\u00e4ure unter den Sirup r\u00fchren. Sirup vollst\u00e4ndig abk\u00fchlen lassen, dann \u00fcber die Fliederbl\u00fcten [&hellip;]<\/p>\n","protected":false},"author":2,"featured_media":0,"parent":255,"menu_order":0,"comment_status":"closed","ping_status":"closed","template":"","meta":{"footnotes":""},"class_list":["post-528","page","type-page","status-publish","hentry"],"_links":{"self":[{"href":"https:\/\/driewes.de\/index.php?rest_route=\/wp\/v2\/pages\/528","targetHints":{"allow":["GET"]}}],"collection":[{"href":"https:\/\/driewes.de\/index.php?rest_route=\/wp\/v2\/pages"}],"about":[{"href":"https:\/\/driewes.de\/index.php?rest_route=\/wp\/v2\/types\/page"}],"author":[{"embeddable":true,"href":"https:\/\/driewes.de\/index.php?rest_route=\/wp\/v2\/users\/2"}],"replies":[{"embeddable":true,"href":"https:\/\/driewes.de\/index.php?rest_route=%2Fwp%2Fv2%2Fcomments&post=528"}],"version-history":[{"count":2,"href":"https:\/\/driewes.de\/index.php?rest_route=\/wp\/v2\/pages\/528\/revisions"}],"predecessor-version":[{"id":791,"href":"https:\/\/driewes.de\/index.php?rest_route=\/wp\/v2\/pages\/528\/revisions\/791"}],"up":[{"embeddable":true,"href":"https:\/\/driewes.de\/index.php?rest_route=\/wp\/v2\/pages\/255"}],"wp:attachment":[{"href":"https:\/\/driewes.de\/index.php?rest_route=%2Fwp%2Fv2%2Fmedia&parent=528"}],"curies":[{"name":"wp","href":"https:\/\/api.w.org\/{rel}","templated":true}]}}