{"id":443,"date":"2019-05-02T08:14:59","date_gmt":"2019-05-02T08:14:59","guid":{"rendered":"http:\/\/driewes.de\/?page_id=443"},"modified":"2019-09-04T16:55:49","modified_gmt":"2019-09-04T14:55:49","slug":"bouleplatz-in-der-hengsbach","status":"publish","type":"page","link":"https:\/\/driewes.de\/?page_id=443","title":{"rendered":"Bouleplatz in der Hengsbach"},"content":{"rendered":"\n<p><strong>Platz f\u00fcr ein T\u00eate-\u00e0-t\u00eate<\/strong><\/p>\n\n\n\n<figure class=\"wp-block-image\"><img loading=\"lazy\" decoding=\"async\" width=\"1024\" height=\"589\" src=\"http:\/\/driewes.de\/wp-content\/uploads\/2019\/05\/Bouleplatz1-1024x589.jpg\" alt=\"\" class=\"wp-image-452\" srcset=\"https:\/\/driewes.de\/wp-content\/uploads\/2019\/05\/Bouleplatz1-1024x589.jpg 1024w, https:\/\/driewes.de\/wp-content\/uploads\/2019\/05\/Bouleplatz1-300x173.jpg 300w, https:\/\/driewes.de\/wp-content\/uploads\/2019\/05\/Bouleplatz1-768x442.jpg 768w, https:\/\/driewes.de\/wp-content\/uploads\/2019\/05\/Bouleplatz1.jpg 2000w\" sizes=\"auto, (max-width: 1024px) 100vw, 1024px\" \/><\/figure>\n\n\n\n<p>Der Heimatf\u00f6rderkreis Hengsbach e. V. rund um Familie Z\u00f6ller k\u00fcmmert sich seit vielen Jahren liebevoll um einen ganz besonderen Ort in der Hengsbach in Siegen Eiserfeld. Zur Feier des 725. Jubil\u00e4um der Hengsbach engagierte sich ein Arbeitsteam rund um Klaus Z\u00f6ller um den Aufbau eines zentral gelegenen Bouleplatzes im Stadtteil. Es ist ein wunderbarer Platz f\u00fcr ein T\u00eate-\u00e0-t\u00eate entstanden der jedes Jahr zum 1.Mai festlich mit einem Maibaum geschm\u00fcckt wird. <a href=\"http:\/\/www.hfk-hengsbach.de\/indexB.htm\" target=\"_blank\" rel=\"noreferrer noopener\" aria-label=\"www.hfk-hengsbach.de (\u00f6ffnet in neuem Tab)\">www.hfk-hengsbach.de<\/a><\/p>\n\n\n\n<ul class=\"wp-block-gallery columns-2 is-cropped wp-block-gallery-1 is-layout-flex wp-block-gallery-is-layout-flex\"><li class=\"blocks-gallery-item\"><figure><a href=\"http:\/\/driewes.de\/wp-content\/uploads\/2019\/05\/maibaum-736x1024.jpg\"><img loading=\"lazy\" decoding=\"async\" width=\"736\" height=\"1024\" src=\"http:\/\/driewes.de\/wp-content\/uploads\/2019\/05\/maibaum-736x1024.jpg\" alt=\"\" data-id=\"447\" data-link=\"http:\/\/driewes.de\/?attachment_id=447\" class=\"wp-image-447\" srcset=\"https:\/\/driewes.de\/wp-content\/uploads\/2019\/05\/maibaum-736x1024.jpg 736w, https:\/\/driewes.de\/wp-content\/uploads\/2019\/05\/maibaum-216x300.jpg 216w, https:\/\/driewes.de\/wp-content\/uploads\/2019\/05\/maibaum-768x1069.jpg 768w, https:\/\/driewes.de\/wp-content\/uploads\/2019\/05\/maibaum.jpg 1437w\" sizes=\"auto, (max-width: 736px) 100vw, 736px\" \/><\/a><\/figure><\/li><li class=\"blocks-gallery-item\"><figure><a href=\"http:\/\/driewes.de\/wp-content\/uploads\/2019\/05\/bouleregeln-735x1024.jpg\"><img loading=\"lazy\" decoding=\"async\" width=\"735\" height=\"1024\" src=\"http:\/\/driewes.de\/wp-content\/uploads\/2019\/05\/bouleregeln-735x1024.jpg\" alt=\"\" data-id=\"446\" data-link=\"http:\/\/driewes.de\/?attachment_id=446\" class=\"wp-image-446\" srcset=\"https:\/\/driewes.de\/wp-content\/uploads\/2019\/05\/bouleregeln-735x1024.jpg 735w, https:\/\/driewes.de\/wp-content\/uploads\/2019\/05\/bouleregeln-215x300.jpg 215w, https:\/\/driewes.de\/wp-content\/uploads\/2019\/05\/bouleregeln-768x1070.jpg 768w, https:\/\/driewes.de\/wp-content\/uploads\/2019\/05\/bouleregeln.jpg 1435w\" sizes=\"auto, (max-width: 735px) 100vw, 735px\" \/><\/a><\/figure><\/li><li class=\"blocks-gallery-item\"><figure><a href=\"http:\/\/driewes.de\/wp-content\/uploads\/2019\/05\/Bouleplatz2-1024x767.jpg\"><img loading=\"lazy\" decoding=\"async\" width=\"1024\" height=\"767\" src=\"http:\/\/driewes.de\/wp-content\/uploads\/2019\/05\/Bouleplatz2-1024x767.jpg\" alt=\"\" data-id=\"445\" data-link=\"http:\/\/driewes.de\/?attachment_id=445\" class=\"wp-image-445\" srcset=\"https:\/\/driewes.de\/wp-content\/uploads\/2019\/05\/Bouleplatz2-1024x767.jpg 1024w, https:\/\/driewes.de\/wp-content\/uploads\/2019\/05\/Bouleplatz2-300x225.jpg 300w, https:\/\/driewes.de\/wp-content\/uploads\/2019\/05\/Bouleplatz2-768x576.jpg 768w, https:\/\/driewes.de\/wp-content\/uploads\/2019\/05\/Bouleplatz2.jpg 2000w\" sizes=\"auto, (max-width: 1024px) 100vw, 1024px\" \/><\/a><\/figure><\/li><\/ul>\n\n\n\n<div class=\"wp-block-webfactory-map\"><div class=\"wp-block-webfactory-map\"><iframe loading=\"lazy\" width=\"100%\" height=\"300px\" src=\"https:\/\/www.google.com\/maps\/embed\/v1\/place?q=Siegen%20Hengsbachstr.%2070&amp;maptype=roadmap&amp;zoom=18&amp;key=AIzaSyAjyDspiPfzEfjRSS5fQzm-3jHFjHxeXB4\" frameborder=\"0\"><\/iframe><\/div><\/div>\n","protected":false},"excerpt":{"rendered":"<p>Platz f\u00fcr ein T\u00eate-\u00e0-t\u00eate Der Heimatf\u00f6rderkreis Hengsbach e. V. rund um Familie Z\u00f6ller k\u00fcmmert sich seit vielen Jahren liebevoll um einen ganz besonderen Ort in der Hengsbach in Siegen Eiserfeld. Zur Feier des 725. Jubil\u00e4um der Hengsbach engagierte sich ein Arbeitsteam rund um Klaus Z\u00f6ller um den Aufbau eines zentral gelegenen Bouleplatzes im Stadtteil. Es [&hellip;]<\/p>\n","protected":false},"author":2,"featured_media":0,"parent":322,"menu_order":0,"comment_status":"closed","ping_status":"closed","template":"","meta":{"footnotes":""},"class_list":["post-443","page","type-page","status-publish","hentry"],"_links":{"self":[{"href":"https:\/\/driewes.de\/index.php?rest_route=\/wp\/v2\/pages\/443","targetHints":{"allow":["GET"]}}],"collection":[{"href":"https:\/\/driewes.de\/index.php?rest_route=\/wp\/v2\/pages"}],"about":[{"href":"https:\/\/driewes.de\/index.php?rest_route=\/wp\/v2\/types\/page"}],"author":[{"embeddable":true,"href":"https:\/\/driewes.de\/index.php?rest_route=\/wp\/v2\/users\/2"}],"replies":[{"embeddable":true,"href":"https:\/\/driewes.de\/index.php?rest_route=%2Fwp%2Fv2%2Fcomments&post=443"}],"version-history":[{"count":15,"href":"https:\/\/driewes.de\/index.php?rest_route=\/wp\/v2\/pages\/443\/revisions"}],"predecessor-version":[{"id":1065,"href":"https:\/\/driewes.de\/index.php?rest_route=\/wp\/v2\/pages\/443\/revisions\/1065"}],"up":[{"embeddable":true,"href":"https:\/\/driewes.de\/index.php?rest_route=\/wp\/v2\/pages\/322"}],"wp:attachment":[{"href":"https:\/\/driewes.de\/index.php?rest_route=%2Fwp%2Fv2%2Fmedia&parent=443"}],"curies":[{"name":"wp","href":"https:\/\/api.w.org\/{rel}","templated":true}]}}