{"id":289,"date":"2019-04-04T21:10:17","date_gmt":"2019-04-04T21:10:17","guid":{"rendered":"http:\/\/driewes.de\/?page_id=289"},"modified":"2019-12-17T16:25:47","modified_gmt":"2019-12-17T15:25:47","slug":"kaffeeklatsch-im-forsthaus","status":"publish","type":"page","link":"https:\/\/driewes.de\/?page_id=289","title":{"rendered":"Forsthaus Hohenroth"},"content":{"rendered":"\n<p class=\"has-medium-font-size\"><strong>Waffeln und Wildbret im Waldland Hohenroth<\/strong><\/p>\n\n\n\n<figure class=\"wp-block-image\"><img loading=\"lazy\" decoding=\"async\" width=\"1024\" height=\"576\" src=\"http:\/\/driewes.de\/wp-content\/uploads\/2019\/02\/hohenroth01-1024x576.jpg\" alt=\"\" class=\"wp-image-113\" srcset=\"https:\/\/driewes.de\/wp-content\/uploads\/2019\/02\/hohenroth01-1024x576.jpg 1024w, https:\/\/driewes.de\/wp-content\/uploads\/2019\/02\/hohenroth01-300x169.jpg 300w, https:\/\/driewes.de\/wp-content\/uploads\/2019\/02\/hohenroth01-768x432.jpg 768w, https:\/\/driewes.de\/wp-content\/uploads\/2019\/02\/hohenroth01.jpg 2000w\" sizes=\"auto, (max-width: 1024px) 100vw, 1024px\" \/><\/figure>\n\n\n\n<p>Mitten im Wald, an der Kreuzung zweier uralter Handelswege: der Eisenstra\u00dfe und der Kohlenstra\u00dfe, liegt verwunschen das Forsthaus Hohenroth. Das Caf\u00e9 Waldland im Forsthaus, ist ein Ort um sich nach einer  Winterwanderung die H\u00e4nde und F\u00fcsse zu w\u00e4rmen und die Erinnerungen an einen sch\u00f6nen Tag im Schnee mit Freunden zu teilen. Der hausgemachte Kuchen und die frischen Waffeln von Carmen Six bringen gute Laune in die Runde. Wer gerne frisches Wildbret aus dem Siegerl\u00e4nder Forst an Festtagen genie\u00dfen m\u00f6chte, der sollte sich die ersten drei Adventssonntage vormerken. Dann werden in der wundersch\u00f6nen Scheune die hinter dem Forsthaus liegt allerlei K\u00f6stlichkeiten von Reh und Wildschwein angeboten. Wer sich \u00fcber die Herkunft informieren m\u00f6chte, kann dies direkt bei anwesenden Oberf\u00f6rster tun und dann mit vollgepackten Taschen nach Hause wandern.<\/p>\n\n\n\n<p><a href=\"https:\/\/www.waldland-hohenroth.de\">https:\/\/www.waldland-hohenroth.de<\/a><\/p>\n\n\n\n<figure class=\"wp-block-gallery columns-0 is-cropped wp-block-gallery-1 is-layout-flex wp-block-gallery-is-layout-flex\"><ul class=\"blocks-gallery-grid\"><li class=\"blocks-gallery-item\"><figure><a href=\"http:\/\/driewes.de\/wp-content\/uploads\/2019\/12\/146CB4E5-E6F2-4AE1-9933-7424590AE381.jpg\"><img loading=\"lazy\" decoding=\"async\" width=\"1024\" height=\"1024\" src=\"http:\/\/driewes.de\/wp-content\/uploads\/2019\/12\/146CB4E5-E6F2-4AE1-9933-7424590AE381-1024x1024.jpg\" alt=\"\" data-id=\"1280\" data-full-url=\"http:\/\/driewes.de\/wp-content\/uploads\/2019\/12\/146CB4E5-E6F2-4AE1-9933-7424590AE381.jpg\" data-link=\"http:\/\/driewes.de\/?attachment_id=1280\" class=\"wp-image-1280\" srcset=\"https:\/\/driewes.de\/wp-content\/uploads\/2019\/12\/146CB4E5-E6F2-4AE1-9933-7424590AE381-1024x1024.jpg 1024w, https:\/\/driewes.de\/wp-content\/uploads\/2019\/12\/146CB4E5-E6F2-4AE1-9933-7424590AE381-300x300.jpg 300w, https:\/\/driewes.de\/wp-content\/uploads\/2019\/12\/146CB4E5-E6F2-4AE1-9933-7424590AE381-150x150.jpg 150w, https:\/\/driewes.de\/wp-content\/uploads\/2019\/12\/146CB4E5-E6F2-4AE1-9933-7424590AE381-768x768.jpg 768w, https:\/\/driewes.de\/wp-content\/uploads\/2019\/12\/146CB4E5-E6F2-4AE1-9933-7424590AE381-70x70.jpg 70w, https:\/\/driewes.de\/wp-content\/uploads\/2019\/12\/146CB4E5-E6F2-4AE1-9933-7424590AE381-127x127.jpg 127w, https:\/\/driewes.de\/wp-content\/uploads\/2019\/12\/146CB4E5-E6F2-4AE1-9933-7424590AE381-476x476.jpg 476w, https:\/\/driewes.de\/wp-content\/uploads\/2019\/12\/146CB4E5-E6F2-4AE1-9933-7424590AE381-125x125.jpg 125w, https:\/\/driewes.de\/wp-content\/uploads\/2019\/12\/146CB4E5-E6F2-4AE1-9933-7424590AE381.jpg 1280w\" sizes=\"auto, (max-width: 1024px) 100vw, 1024px\" \/><\/a><\/figure><\/li><li class=\"blocks-gallery-item\"><figure><a href=\"http:\/\/driewes.de\/wp-content\/uploads\/2019\/12\/IMG_8773.jpg\"><img loading=\"lazy\" decoding=\"async\" width=\"1024\" height=\"768\" src=\"http:\/\/driewes.de\/wp-content\/uploads\/2019\/12\/IMG_8773-1024x768.jpg\" alt=\"\" data-id=\"1282\" data-full-url=\"http:\/\/driewes.de\/wp-content\/uploads\/2019\/12\/IMG_8773.jpg\" data-link=\"http:\/\/driewes.de\/?attachment_id=1282\" class=\"wp-image-1282\" srcset=\"https:\/\/driewes.de\/wp-content\/uploads\/2019\/12\/IMG_8773-1024x768.jpg 1024w, https:\/\/driewes.de\/wp-content\/uploads\/2019\/12\/IMG_8773-300x225.jpg 300w, https:\/\/driewes.de\/wp-content\/uploads\/2019\/12\/IMG_8773-768x576.jpg 768w, https:\/\/driewes.de\/wp-content\/uploads\/2019\/12\/IMG_8773-1536x1152.jpg 1536w, https:\/\/driewes.de\/wp-content\/uploads\/2019\/12\/IMG_8773.jpg 2016w\" sizes=\"auto, (max-width: 1024px) 100vw, 1024px\" \/><\/a><\/figure><\/li><li class=\"blocks-gallery-item\"><figure><a href=\"http:\/\/driewes.de\/wp-content\/uploads\/2019\/12\/IMG_8771-rotated.jpg\"><img loading=\"lazy\" decoding=\"async\" width=\"768\" height=\"1024\" src=\"http:\/\/driewes.de\/wp-content\/uploads\/2019\/12\/IMG_8771-768x1024.jpg\" alt=\"\" data-id=\"1281\" data-full-url=\"http:\/\/driewes.de\/wp-content\/uploads\/2019\/12\/IMG_8771-rotated.jpg\" data-link=\"http:\/\/driewes.de\/?attachment_id=1281\" class=\"wp-image-1281\" srcset=\"https:\/\/driewes.de\/wp-content\/uploads\/2019\/12\/IMG_8771-768x1024.jpg 768w, https:\/\/driewes.de\/wp-content\/uploads\/2019\/12\/IMG_8771-225x300.jpg 225w, https:\/\/driewes.de\/wp-content\/uploads\/2019\/12\/IMG_8771-1152x1536.jpg 1152w, https:\/\/driewes.de\/wp-content\/uploads\/2019\/12\/IMG_8771-rotated.jpg 1512w\" sizes=\"auto, (max-width: 768px) 100vw, 768px\" \/><\/a><\/figure><\/li><li class=\"blocks-gallery-item\"><figure><a href=\"http:\/\/driewes.de\/wp-content\/uploads\/2019\/12\/IMG_8774-rotated.jpg\"><img loading=\"lazy\" decoding=\"async\" width=\"768\" height=\"1024\" src=\"http:\/\/driewes.de\/wp-content\/uploads\/2019\/12\/IMG_8774-768x1024.jpg\" alt=\"\" data-id=\"1283\" data-full-url=\"http:\/\/driewes.de\/wp-content\/uploads\/2019\/12\/IMG_8774-rotated.jpg\" data-link=\"http:\/\/driewes.de\/?attachment_id=1283\" class=\"wp-image-1283\" srcset=\"https:\/\/driewes.de\/wp-content\/uploads\/2019\/12\/IMG_8774-768x1024.jpg 768w, https:\/\/driewes.de\/wp-content\/uploads\/2019\/12\/IMG_8774-225x300.jpg 225w, https:\/\/driewes.de\/wp-content\/uploads\/2019\/12\/IMG_8774-1152x1536.jpg 1152w, https:\/\/driewes.de\/wp-content\/uploads\/2019\/12\/IMG_8774-rotated.jpg 1512w\" sizes=\"auto, (max-width: 768px) 100vw, 768px\" \/><\/a><\/figure><\/li><li class=\"blocks-gallery-item\"><figure><a href=\"http:\/\/driewes.de\/wp-content\/uploads\/2019\/12\/70CC2DE3-400C-4971-9C97-68E8C4200592.jpg\"><img loading=\"lazy\" decoding=\"async\" width=\"1024\" height=\"1024\" src=\"http:\/\/driewes.de\/wp-content\/uploads\/2019\/12\/70CC2DE3-400C-4971-9C97-68E8C4200592-1024x1024.jpg\" alt=\"\" data-id=\"1279\" data-full-url=\"http:\/\/driewes.de\/wp-content\/uploads\/2019\/12\/70CC2DE3-400C-4971-9C97-68E8C4200592.jpg\" data-link=\"http:\/\/driewes.de\/?attachment_id=1279\" class=\"wp-image-1279\" srcset=\"https:\/\/driewes.de\/wp-content\/uploads\/2019\/12\/70CC2DE3-400C-4971-9C97-68E8C4200592-1024x1024.jpg 1024w, https:\/\/driewes.de\/wp-content\/uploads\/2019\/12\/70CC2DE3-400C-4971-9C97-68E8C4200592-300x300.jpg 300w, https:\/\/driewes.de\/wp-content\/uploads\/2019\/12\/70CC2DE3-400C-4971-9C97-68E8C4200592-150x150.jpg 150w, https:\/\/driewes.de\/wp-content\/uploads\/2019\/12\/70CC2DE3-400C-4971-9C97-68E8C4200592-768x768.jpg 768w, https:\/\/driewes.de\/wp-content\/uploads\/2019\/12\/70CC2DE3-400C-4971-9C97-68E8C4200592-70x70.jpg 70w, https:\/\/driewes.de\/wp-content\/uploads\/2019\/12\/70CC2DE3-400C-4971-9C97-68E8C4200592-127x127.jpg 127w, https:\/\/driewes.de\/wp-content\/uploads\/2019\/12\/70CC2DE3-400C-4971-9C97-68E8C4200592-476x476.jpg 476w, https:\/\/driewes.de\/wp-content\/uploads\/2019\/12\/70CC2DE3-400C-4971-9C97-68E8C4200592-125x125.jpg 125w, https:\/\/driewes.de\/wp-content\/uploads\/2019\/12\/70CC2DE3-400C-4971-9C97-68E8C4200592.jpg 1280w\" sizes=\"auto, (max-width: 1024px) 100vw, 1024px\" \/><\/a><\/figure><\/li><li class=\"blocks-gallery-item\"><figure><a href=\"http:\/\/driewes.de\/wp-content\/uploads\/2019\/02\/hohenroth02.jpg\"><img loading=\"lazy\" decoding=\"async\" width=\"1024\" height=\"575\" src=\"http:\/\/driewes.de\/wp-content\/uploads\/2019\/02\/hohenroth02-1024x575.jpg\" alt=\"\" data-id=\"114\" data-full-url=\"http:\/\/driewes.de\/wp-content\/uploads\/2019\/02\/hohenroth02.jpg\" data-link=\"http:\/\/driewes.de\/?attachment_id=114\" class=\"wp-image-114\" srcset=\"https:\/\/driewes.de\/wp-content\/uploads\/2019\/02\/hohenroth02-1024x575.jpg 1024w, https:\/\/driewes.de\/wp-content\/uploads\/2019\/02\/hohenroth02-300x169.jpg 300w, https:\/\/driewes.de\/wp-content\/uploads\/2019\/02\/hohenroth02-768x432.jpg 768w, https:\/\/driewes.de\/wp-content\/uploads\/2019\/02\/hohenroth02.jpg 2000w\" sizes=\"auto, (max-width: 1024px) 100vw, 1024px\" \/><\/a><\/figure><\/li><li class=\"blocks-gallery-item\"><figure><a href=\"http:\/\/driewes.de\/wp-content\/uploads\/2019\/02\/hohenroth03.jpg\"><img loading=\"lazy\" decoding=\"async\" width=\"1024\" height=\"604\" src=\"http:\/\/driewes.de\/wp-content\/uploads\/2019\/02\/hohenroth03-1024x604.jpg\" alt=\"\" data-id=\"115\" data-full-url=\"http:\/\/driewes.de\/wp-content\/uploads\/2019\/02\/hohenroth03.jpg\" data-link=\"http:\/\/driewes.de\/?attachment_id=115\" class=\"wp-image-115\" srcset=\"https:\/\/driewes.de\/wp-content\/uploads\/2019\/02\/hohenroth03-1024x604.jpg 1024w, https:\/\/driewes.de\/wp-content\/uploads\/2019\/02\/hohenroth03-300x177.jpg 300w, https:\/\/driewes.de\/wp-content\/uploads\/2019\/02\/hohenroth03-768x453.jpg 768w, https:\/\/driewes.de\/wp-content\/uploads\/2019\/02\/hohenroth03.jpg 2000w\" sizes=\"auto, (max-width: 1024px) 100vw, 1024px\" \/><\/a><\/figure><\/li><\/ul><\/figure>\n\n\n\n<div class=\"wp-block-webfactory-map\"><div class=\"wp-block-webfactory-map\"><iframe loading=\"lazy\" width=\"100%\" height=\"300px\" src=\"https:\/\/www.google.com\/maps\/embed\/v1\/place?q=forsthaus%20Hohenroth&amp;maptype=roadmap&amp;zoom=10&amp;key=AIzaSyAjyDspiPfzEfjRSS5fQzm-3jHFjHxeXB4\" frameborder=\"0\"><\/iframe><\/div><\/div>\n","protected":false},"excerpt":{"rendered":"<p>Waffeln und Wildbret im Waldland Hohenroth Mitten im Wald, an der Kreuzung zweier uralter Handelswege: der Eisenstra\u00dfe und der Kohlenstra\u00dfe, liegt verwunschen das Forsthaus Hohenroth. Das Caf\u00e9 Waldland im Forsthaus, ist ein Ort um sich nach einer Winterwanderung die H\u00e4nde und F\u00fcsse zu w\u00e4rmen und die Erinnerungen an einen sch\u00f6nen Tag im Schnee mit Freunden [&hellip;]<\/p>\n","protected":false},"author":2,"featured_media":0,"parent":324,"menu_order":0,"comment_status":"closed","ping_status":"closed","template":"","meta":{"footnotes":""},"class_list":["post-289","page","type-page","status-publish","hentry"],"_links":{"self":[{"href":"https:\/\/driewes.de\/index.php?rest_route=\/wp\/v2\/pages\/289","targetHints":{"allow":["GET"]}}],"collection":[{"href":"https:\/\/driewes.de\/index.php?rest_route=\/wp\/v2\/pages"}],"about":[{"href":"https:\/\/driewes.de\/index.php?rest_route=\/wp\/v2\/types\/page"}],"author":[{"embeddable":true,"href":"https:\/\/driewes.de\/index.php?rest_route=\/wp\/v2\/users\/2"}],"replies":[{"embeddable":true,"href":"https:\/\/driewes.de\/index.php?rest_route=%2Fwp%2Fv2%2Fcomments&post=289"}],"version-history":[{"count":6,"href":"https:\/\/driewes.de\/index.php?rest_route=\/wp\/v2\/pages\/289\/revisions"}],"predecessor-version":[{"id":1291,"href":"https:\/\/driewes.de\/index.php?rest_route=\/wp\/v2\/pages\/289\/revisions\/1291"}],"up":[{"embeddable":true,"href":"https:\/\/driewes.de\/index.php?rest_route=\/wp\/v2\/pages\/324"}],"wp:attachment":[{"href":"https:\/\/driewes.de\/index.php?rest_route=%2Fwp%2Fv2%2Fmedia&parent=289"}],"curies":[{"name":"wp","href":"https:\/\/api.w.org\/{rel}","templated":true}]}}