{"id":269,"date":"2019-04-04T20:16:59","date_gmt":"2019-04-04T20:16:59","guid":{"rendered":"http:\/\/driewes.de\/?page_id=269"},"modified":"2021-07-06T12:45:32","modified_gmt":"2021-07-06T10:45:32","slug":"driewes-in-der-region","status":"publish","type":"page","link":"https:\/\/driewes.de\/?page_id=269","title":{"rendered":"driewes in der Region"},"content":{"rendered":"\n<p><strong>driewes<\/strong> steht im Siegerland f\u00fcr den Herumtreiber, f\u00fcr jemanden, der neugierig ist und sich offen auf Dinge einl\u00e4sst. Wir finden, dass es sich in Siegerland an vielen Orten gut herumtreiben l\u00e4sst. Oft reicht ein kleiner Perspektivenwechsel, um etwas spannendes Neues zu entdecken. Wir machen uns auf die Suche nach besonderen, manchmal verborgenen Orten, nach Menschen, die interessante Ideen haben und leben und nach regionalen Leckereien, zum genie\u00dfen. <\/p>\n\n\n\n<figure class=\"wp-block-image\"><img loading=\"lazy\" decoding=\"async\" width=\"1024\" height=\"427\" src=\"http:\/\/driewes.de\/wp-content\/uploads\/2019\/03\/header_Siegerland03-1024x427.jpg\" alt=\"driewes Siegen, S\u00fcdwestfalen, Siegerland\" class=\"wp-image-203\" srcset=\"https:\/\/driewes.de\/wp-content\/uploads\/2019\/03\/header_Siegerland03-1024x427.jpg 1024w, https:\/\/driewes.de\/wp-content\/uploads\/2019\/03\/header_Siegerland03-300x125.jpg 300w, https:\/\/driewes.de\/wp-content\/uploads\/2019\/03\/header_Siegerland03-768x320.jpg 768w, https:\/\/driewes.de\/wp-content\/uploads\/2019\/03\/header_Siegerland03.jpg 1920w\" sizes=\"auto, (max-width: 1024px) 100vw, 1024px\" \/><\/figure>\n\n\n\n<p><strong>besondere Orte<\/strong><\/p>\n\n\n\n<ul class=\"wp-block-list\"><li><a href=\"http:\/\/driewes.de\/?page_id=443\">Bouleplatz in der Hengsbach<\/a><\/li><li><a href=\"http:\/\/driewes.de\/?page_id=494\">Autobahnkirche Wilnsdorf<\/a><\/li><li><a href=\"http:\/\/driewes.de\/?page_id=566\">Ilsequelle Heiligenborn<\/a><\/li><li><a href=\"http:\/\/driewes.de\/?page_id=620\">der Mittwochsmarkt in Siegen<\/a><\/li><li><a href=\"http:\/\/driewes.de\/?page_id=837\">Bauhaus auf dem Land<\/a><\/li><li><a href=\"http:\/\/driewes.de\/?page_id=673\">Buchhellertal Burbach<\/a><\/li><li><a href=\"http:\/\/driewes.de\/?page_id=688\">die Zitzenbach<\/a><\/li><li><a href=\"http:\/\/driewes.de\/?page_id=727\">Gernsdorfer Weidek\u00e4mpe<\/a><\/li><li><a href=\"http:\/\/driewes.de\/?page_id=1215\">Feuersbacher Weihnachtsmarkt<\/a><\/li><\/ul>\n\n\n\n<p><strong>interessante Menschen<\/strong><\/p>\n\n\n\n<ul class=\"wp-block-list\"><li><a href=\"http:\/\/driewes.de\/?page_id=754\">der K\u00f6hler von Walpersdorf<\/a><\/li><li><a href=\"http:\/\/driewes.de\/?page_id=987\">MOANET Siegen<\/a><\/li><li><a href=\"http:\/\/driewes.de\/?page_id=1135\">Der Gerbermeister von Eschenbach<\/a><\/li><li><a href=\"https:\/\/driewes.de\/?page_id=1583\">Waltraud Sch\u00e4fer und die Dorfrufanlage<\/a><\/li><\/ul>\n\n\n\n<p><strong>gutes Essen<\/strong><\/p>\n\n\n\n<ul class=\"wp-block-list\"><li><a href=\"http:\/\/driewes.de\/?page_id=510\">Edelk\u00e4serei<\/a><\/li><li><a href=\"http:\/\/driewes.de\/?page_id=910\">SoLaWi Littfeld<\/a><\/li><li><a href=\"http:\/\/driewes.de\/?page_id=893\">Kr\u00e4uterey L\u00fctzel<\/a><\/li><li><a href=\"http:\/\/driewes.de\/?page_id=957\">Kathreiners Kaffeer\u00f6sterei<\/a><\/li><li><a href=\"http:\/\/driewes.de\/?page_id=1167\">Backes Niederndorf<\/a><\/li><li><a href=\"http:\/\/driewes.de\/?page_id=1191\">PURO GUSTO<\/a><\/li><li><a href=\"https:\/\/driewes.de\/?page_id=1593\">Die Mosterei<\/a><\/li><\/ul>\n","protected":false},"excerpt":{"rendered":"<p>driewes steht im Siegerland f\u00fcr den Herumtreiber, f\u00fcr jemanden, der neugierig ist und sich offen auf Dinge einl\u00e4sst. Wir finden, dass es sich in Siegerland an vielen Orten gut herumtreiben l\u00e4sst. Oft reicht ein kleiner Perspektivenwechsel, um etwas spannendes Neues zu entdecken. Wir machen uns auf die Suche nach besonderen, manchmal verborgenen Orten, nach Menschen, [&hellip;]<\/p>\n","protected":false},"author":2,"featured_media":0,"parent":0,"menu_order":0,"comment_status":"closed","ping_status":"closed","template":"","meta":{"footnotes":""},"class_list":["post-269","page","type-page","status-publish","hentry"],"_links":{"self":[{"href":"https:\/\/driewes.de\/index.php?rest_route=\/wp\/v2\/pages\/269","targetHints":{"allow":["GET"]}}],"collection":[{"href":"https:\/\/driewes.de\/index.php?rest_route=\/wp\/v2\/pages"}],"about":[{"href":"https:\/\/driewes.de\/index.php?rest_route=\/wp\/v2\/types\/page"}],"author":[{"embeddable":true,"href":"https:\/\/driewes.de\/index.php?rest_route=\/wp\/v2\/users\/2"}],"replies":[{"embeddable":true,"href":"https:\/\/driewes.de\/index.php?rest_route=%2Fwp%2Fv2%2Fcomments&post=269"}],"version-history":[{"count":30,"href":"https:\/\/driewes.de\/index.php?rest_route=\/wp\/v2\/pages\/269\/revisions"}],"predecessor-version":[{"id":1671,"href":"https:\/\/driewes.de\/index.php?rest_route=\/wp\/v2\/pages\/269\/revisions\/1671"}],"wp:attachment":[{"href":"https:\/\/driewes.de\/index.php?rest_route=%2Fwp%2Fv2%2Fmedia&parent=269"}],"curies":[{"name":"wp","href":"https:\/\/api.w.org\/{rel}","templated":true}]}}