{"id":255,"date":"2019-04-04T19:54:44","date_gmt":"2019-04-04T19:54:44","guid":{"rendered":"http:\/\/driewes.de\/?page_id=255"},"modified":"2022-05-08T11:03:59","modified_gmt":"2022-05-08T09:03:59","slug":"rezepte-im-fruehling","status":"publish","type":"page","link":"https:\/\/driewes.de\/?page_id=255","title":{"rendered":"Rezepte im Fr\u00fchling"},"content":{"rendered":"\n<p>Hier findet ihr die Rezepte, f\u00fcr all das, was sich im Fr\u00fchling in unserer driewes Box finden l\u00e4sst!<\/p>\n\n\n\n<div class=\"wp-block-columns has-3-columns is-layout-flex wp-container-core-columns-is-layout-9d6595d7 wp-block-columns-is-layout-flex\">\n<div class=\"wp-block-column is-layout-flow wp-block-column-is-layout-flow\">\n<figure class=\"wp-block-image is-resized\"><a href=\"http:\/\/driewes.de\/?page_id=245\"><img loading=\"lazy\" decoding=\"async\" src=\"http:\/\/driewes.de\/wp-content\/uploads\/2019\/04\/chives-2649406_1920-e1554407953930-1024x1024.jpg\" alt=\"\" class=\"wp-image-252\" width=\"196\" height=\"197\" srcset=\"https:\/\/driewes.de\/wp-content\/uploads\/2019\/04\/chives-2649406_1920-e1554407953930-1024x1024.jpg 1024w, https:\/\/driewes.de\/wp-content\/uploads\/2019\/04\/chives-2649406_1920-e1554407953930-150x150.jpg 150w, https:\/\/driewes.de\/wp-content\/uploads\/2019\/04\/chives-2649406_1920-e1554407953930-300x300.jpg 300w, https:\/\/driewes.de\/wp-content\/uploads\/2019\/04\/chives-2649406_1920-e1554407953930-768x768.jpg 768w, https:\/\/driewes.de\/wp-content\/uploads\/2019\/04\/chives-2649406_1920-e1554407953930-70x70.jpg 70w, https:\/\/driewes.de\/wp-content\/uploads\/2019\/04\/chives-2649406_1920-e1554407953930-127x127.jpg 127w, https:\/\/driewes.de\/wp-content\/uploads\/2019\/04\/chives-2649406_1920-e1554407953930-476x476.jpg 476w, https:\/\/driewes.de\/wp-content\/uploads\/2019\/04\/chives-2649406_1920-e1554407953930-125x125.jpg 125w, https:\/\/driewes.de\/wp-content\/uploads\/2019\/04\/chives-2649406_1920-e1554407953930.jpg 1281w\" sizes=\"auto, (max-width: 196px) 100vw, 196px\" \/><\/a><figcaption><a href=\"http:\/\/driewes.de\/?page_id=245\">Bozner Sauce<\/a><br><\/figcaption><\/figure>\n\n\n\n<figure class=\"wp-block-image size-large is-resized\"><img loading=\"lazy\" decoding=\"async\" src=\"http:\/\/driewes.de\/wp-content\/uploads\/2020\/05\/F29BF870-FC75-4294-BC25-7C6A64663100.jpg\" alt=\"\" class=\"wp-image-1340\" width=\"196\" height=\"196\" srcset=\"https:\/\/driewes.de\/wp-content\/uploads\/2020\/05\/F29BF870-FC75-4294-BC25-7C6A64663100.jpg 640w, https:\/\/driewes.de\/wp-content\/uploads\/2020\/05\/F29BF870-FC75-4294-BC25-7C6A64663100-300x300.jpg 300w, https:\/\/driewes.de\/wp-content\/uploads\/2020\/05\/F29BF870-FC75-4294-BC25-7C6A64663100-150x150.jpg 150w, https:\/\/driewes.de\/wp-content\/uploads\/2020\/05\/F29BF870-FC75-4294-BC25-7C6A64663100-70x70.jpg 70w, https:\/\/driewes.de\/wp-content\/uploads\/2020\/05\/F29BF870-FC75-4294-BC25-7C6A64663100-127x127.jpg 127w, https:\/\/driewes.de\/wp-content\/uploads\/2020\/05\/F29BF870-FC75-4294-BC25-7C6A64663100-476x476.jpg 476w, https:\/\/driewes.de\/wp-content\/uploads\/2020\/05\/F29BF870-FC75-4294-BC25-7C6A64663100-125x125.jpg 125w\" sizes=\"auto, (max-width: 196px) 100vw, 196px\" \/><figcaption><a href=\"http:\/\/driewes.de\/?page_id=1345\">L\u00f6wenzahnbl\u00fctenhonig<\/a><br><\/figcaption><\/figure>\n\n\n\n<figure class=\"wp-block-image size-large is-resized\"><img loading=\"lazy\" decoding=\"async\" src=\"https:\/\/driewes.de\/wp-content\/uploads\/2021\/04\/22914726-AB8A-40AE-9450-F0A8216E6C4B-1024x1024.jpg\" alt=\"\" class=\"wp-image-1567\" width=\"196\" height=\"196\" srcset=\"https:\/\/driewes.de\/wp-content\/uploads\/2021\/04\/22914726-AB8A-40AE-9450-F0A8216E6C4B-1024x1024.jpg 1024w, https:\/\/driewes.de\/wp-content\/uploads\/2021\/04\/22914726-AB8A-40AE-9450-F0A8216E6C4B-300x300.jpg 300w, https:\/\/driewes.de\/wp-content\/uploads\/2021\/04\/22914726-AB8A-40AE-9450-F0A8216E6C4B-150x150.jpg 150w, https:\/\/driewes.de\/wp-content\/uploads\/2021\/04\/22914726-AB8A-40AE-9450-F0A8216E6C4B-768x768.jpg 768w, https:\/\/driewes.de\/wp-content\/uploads\/2021\/04\/22914726-AB8A-40AE-9450-F0A8216E6C4B-70x70.jpg 70w, https:\/\/driewes.de\/wp-content\/uploads\/2021\/04\/22914726-AB8A-40AE-9450-F0A8216E6C4B-127x127.jpg 127w, https:\/\/driewes.de\/wp-content\/uploads\/2021\/04\/22914726-AB8A-40AE-9450-F0A8216E6C4B-476x476.jpg 476w, https:\/\/driewes.de\/wp-content\/uploads\/2021\/04\/22914726-AB8A-40AE-9450-F0A8216E6C4B-125x125.jpg 125w, https:\/\/driewes.de\/wp-content\/uploads\/2021\/04\/22914726-AB8A-40AE-9450-F0A8216E6C4B.jpg 1440w\" sizes=\"auto, (max-width: 196px) 100vw, 196px\" \/><figcaption><a href=\"https:\/\/driewes.de\/?page_id=1563\">Pickled Eggs<\/a><\/figcaption><\/figure>\n\n\n\n<p><\/p>\n<\/div>\n\n\n\n<div class=\"wp-block-column is-layout-flow wp-block-column-is-layout-flow\">\n<figure class=\"wp-block-image size-large is-resized\"><img loading=\"lazy\" decoding=\"async\" src=\"http:\/\/driewes.de\/wp-content\/uploads\/2020\/05\/97D3D1AE-FB54-41FE-AF7F-5B613E523257-1024x1024.jpg\" alt=\"\" class=\"wp-image-1371\" width=\"196\" height=\"196\" srcset=\"https:\/\/driewes.de\/wp-content\/uploads\/2020\/05\/97D3D1AE-FB54-41FE-AF7F-5B613E523257-1024x1024.jpg 1024w, https:\/\/driewes.de\/wp-content\/uploads\/2020\/05\/97D3D1AE-FB54-41FE-AF7F-5B613E523257-300x300.jpg 300w, https:\/\/driewes.de\/wp-content\/uploads\/2020\/05\/97D3D1AE-FB54-41FE-AF7F-5B613E523257-150x150.jpg 150w, https:\/\/driewes.de\/wp-content\/uploads\/2020\/05\/97D3D1AE-FB54-41FE-AF7F-5B613E523257-768x767.jpg 768w, https:\/\/driewes.de\/wp-content\/uploads\/2020\/05\/97D3D1AE-FB54-41FE-AF7F-5B613E523257-70x70.jpg 70w, https:\/\/driewes.de\/wp-content\/uploads\/2020\/05\/97D3D1AE-FB54-41FE-AF7F-5B613E523257-127x127.jpg 127w, https:\/\/driewes.de\/wp-content\/uploads\/2020\/05\/97D3D1AE-FB54-41FE-AF7F-5B613E523257-476x476.jpg 476w, https:\/\/driewes.de\/wp-content\/uploads\/2020\/05\/97D3D1AE-FB54-41FE-AF7F-5B613E523257-125x125.jpg 125w, https:\/\/driewes.de\/wp-content\/uploads\/2020\/05\/97D3D1AE-FB54-41FE-AF7F-5B613E523257.jpg 1440w\" sizes=\"auto, (max-width: 196px) 100vw, 196px\" \/><figcaption><a href=\"http:\/\/driewes.de\/?page_id=1370\">Waldmeistersirup<\/a><\/figcaption><\/figure>\n\n\n\n<figure class=\"wp-block-image is-resized\"><a href=\"http:\/\/driewes.de\/?page_id=485\"><img decoding=\"async\" src=\"http:\/\/driewes.de\/wp-content\/uploads\/2019\/05\/Maiwipferlsirup_thumb.jpg\" alt=\"\" class=\"wp-image-488\" height=\"196\" srcset=\"https:\/\/driewes.de\/wp-content\/uploads\/2019\/05\/Maiwipferlsirup_thumb.jpg 196w, https:\/\/driewes.de\/wp-content\/uploads\/2019\/05\/Maiwipferlsirup_thumb-150x150.jpg 150w, https:\/\/driewes.de\/wp-content\/uploads\/2019\/05\/Maiwipferlsirup_thumb-70x70.jpg 70w, https:\/\/driewes.de\/wp-content\/uploads\/2019\/05\/Maiwipferlsirup_thumb-127x127.jpg 127w, https:\/\/driewes.de\/wp-content\/uploads\/2019\/05\/Maiwipferlsirup_thumb-125x125.jpg 125w\" sizes=\"(max-width: 196px) 100vw, 196px\" \/><\/a><figcaption><a href=\"http:\/\/driewes.de\/?page_id=485\">Maiwipferlsirup<\/a><\/figcaption><\/figure>\n\n\n\n<p><\/p>\n<\/div>\n\n\n\n<div class=\"wp-block-column is-layout-flow wp-block-column-is-layout-flow\">\n<figure class=\"wp-block-image is-resized\"><img loading=\"lazy\" decoding=\"async\" src=\"http:\/\/driewes.de\/wp-content\/uploads\/2019\/05\/fliedersirup03-1014x1024.jpg\" alt=\"\" class=\"wp-image-529\" width=\"196\" height=\"197\" srcset=\"https:\/\/driewes.de\/wp-content\/uploads\/2019\/05\/fliedersirup03-1014x1024.jpg 1014w, https:\/\/driewes.de\/wp-content\/uploads\/2019\/05\/fliedersirup03-150x150.jpg 150w, https:\/\/driewes.de\/wp-content\/uploads\/2019\/05\/fliedersirup03-297x300.jpg 297w, https:\/\/driewes.de\/wp-content\/uploads\/2019\/05\/fliedersirup03-768x776.jpg 768w, https:\/\/driewes.de\/wp-content\/uploads\/2019\/05\/fliedersirup03-70x70.jpg 70w, https:\/\/driewes.de\/wp-content\/uploads\/2019\/05\/fliedersirup03-127x127.jpg 127w, https:\/\/driewes.de\/wp-content\/uploads\/2019\/05\/fliedersirup03-476x476.jpg 476w, https:\/\/driewes.de\/wp-content\/uploads\/2019\/05\/fliedersirup03-125x125.jpg 125w, https:\/\/driewes.de\/wp-content\/uploads\/2019\/05\/fliedersirup03.jpg 1080w\" sizes=\"auto, (max-width: 196px) 100vw, 196px\" \/><figcaption><a href=\"http:\/\/driewes.de\/?page_id=528\">Fliederbl\u00fctensirup<\/a><\/figcaption><\/figure>\n\n\n\n<figure class=\"wp-block-image size-large is-resized\"><img loading=\"lazy\" decoding=\"async\" src=\"https:\/\/driewes.de\/wp-content\/uploads\/2021\/05\/IMG_8654.jpg\" alt=\"\" class=\"wp-image-1646\" width=\"196\" height=\"196\" srcset=\"https:\/\/driewes.de\/wp-content\/uploads\/2021\/05\/IMG_8654-150x150.jpg 150w, https:\/\/driewes.de\/wp-content\/uploads\/2021\/05\/IMG_8654-70x70.jpg 70w, https:\/\/driewes.de\/wp-content\/uploads\/2021\/05\/IMG_8654-127x127.jpg 127w, https:\/\/driewes.de\/wp-content\/uploads\/2021\/05\/IMG_8654-476x476.jpg 476w, https:\/\/driewes.de\/wp-content\/uploads\/2021\/05\/IMG_8654-125x125.jpg 125w\" sizes=\"auto, (max-width: 196px) 100vw, 196px\" \/><figcaption><a href=\"https:\/\/driewes.de\/?page_id=1636\">Rhabarbertarte<\/a><\/figcaption><\/figure>\n\n\n\n<figure class=\"wp-block-image size-large is-resized\"><img loading=\"lazy\" decoding=\"async\" src=\"https:\/\/driewes.de\/wp-content\/uploads\/2022\/05\/IMG_5498-768x1024.jpg\" alt=\"\" class=\"wp-image-1780\" width=\"196\" height=\"196\" srcset=\"https:\/\/driewes.de\/wp-content\/uploads\/2022\/05\/IMG_5498-150x150.jpg 150w, https:\/\/driewes.de\/wp-content\/uploads\/2022\/05\/IMG_5498-70x70.jpg 70w, https:\/\/driewes.de\/wp-content\/uploads\/2022\/05\/IMG_5498-127x127.jpg 127w, https:\/\/driewes.de\/wp-content\/uploads\/2022\/05\/IMG_5498-476x476.jpg 476w, https:\/\/driewes.de\/wp-content\/uploads\/2022\/05\/IMG_5498-125x125.jpg 125w\" sizes=\"auto, (max-width: 196px) 100vw, 196px\" \/><figcaption><a href=\"https:\/\/driewes.de\/?page_id=1779(\u00f6ffnet in neuem Tab)\">SauerampferButter<\/a><\/figcaption><\/figure>\n\n\n\n<p><\/p>\n\n\n\n<p><\/p>\n\n\n\n<p><\/p>\n<\/div>\n<\/div>\n\n\n\n<p><\/p>\n","protected":false},"excerpt":{"rendered":"<p>Hier findet ihr die Rezepte, f\u00fcr all das, was sich im Fr\u00fchling in unserer driewes Box finden l\u00e4sst!<\/p>\n","protected":false},"author":2,"featured_media":0,"parent":341,"menu_order":0,"comment_status":"closed","ping_status":"closed","template":"","meta":{"footnotes":""},"class_list":["post-255","page","type-page","status-publish","hentry"],"_links":{"self":[{"href":"https:\/\/driewes.de\/index.php?rest_route=\/wp\/v2\/pages\/255","targetHints":{"allow":["GET"]}}],"collection":[{"href":"https:\/\/driewes.de\/index.php?rest_route=\/wp\/v2\/pages"}],"about":[{"href":"https:\/\/driewes.de\/index.php?rest_route=\/wp\/v2\/types\/page"}],"author":[{"embeddable":true,"href":"https:\/\/driewes.de\/index.php?rest_route=\/wp\/v2\/users\/2"}],"replies":[{"embeddable":true,"href":"https:\/\/driewes.de\/index.php?rest_route=%2Fwp%2Fv2%2Fcomments&post=255"}],"version-history":[{"count":22,"href":"https:\/\/driewes.de\/index.php?rest_route=\/wp\/v2\/pages\/255\/revisions"}],"predecessor-version":[{"id":1791,"href":"https:\/\/driewes.de\/index.php?rest_route=\/wp\/v2\/pages\/255\/revisions\/1791"}],"up":[{"embeddable":true,"href":"https:\/\/driewes.de\/index.php?rest_route=\/wp\/v2\/pages\/341"}],"wp:attachment":[{"href":"https:\/\/driewes.de\/index.php?rest_route=%2Fwp%2Fv2%2Fmedia&parent=255"}],"curies":[{"name":"wp","href":"https:\/\/api.w.org\/{rel}","templated":true}]}}