{"id":2147,"date":"2026-01-26T15:33:53","date_gmt":"2026-01-26T14:33:53","guid":{"rendered":"https:\/\/driewes.de\/?page_id=2147"},"modified":"2026-02-11T18:39:56","modified_gmt":"2026-02-11T17:39:56","slug":"blumen-newsletter-immer-bluehend-informiert","status":"publish","type":"page","link":"https:\/\/driewes.de\/?page_id=2147","title":{"rendered":"Blumengl\u00fcck-Newsletter"},"content":{"rendered":"\n<p><strong>Immer bl\u00fchend informiert!<\/strong><\/p>\n\n\n\n<p>Verpasse keine Nachrichten vom Siegener Blumenfeld. Melde Dich f\u00fcr unseren Newsletter an und erhalte w\u00e4hrend der Blumensaison bl\u00fchende Nachrichten von uns, mit:<\/p>\n\n\n\n<p><\/p>\n\n\n\n<div class=\"wp-block-group\"><div class=\"wp-block-group__inner-container is-layout-constrained wp-block-group-is-layout-constrained\">\n<p>-Einblicken in die saisonalen Bl\u00fctenhighlights<\/p>\n\n\n\n<p>-Tipps &amp; Tricks zum eigenen Blumenanbau<\/p>\n\n\n\n<p>-Ank\u00fcndigungen von Verkaufsterminen von Jungpflanzen &amp; Blumenstr\u00e4u\u00dfen<\/p>\n\n\n\n<p>-Einladungen zu Workshops und besonderen Terminen auf dem Blumenfeld &amp; bei Kooperationspartnern<\/p>\n\n\n<div class=\"wp-block-mailchimp-mailchimp\">\n\t\t<div class=\"mc_container\">\n\t\t\t\t\t<div class=\"mc_subheader\">\n\t\t\t\t<h3>\n\t\t\t\t\tJetzt f\u00fcr unseren Blumengl\u00fcck-Newsletter anmelden:<br>( Achtung ! Bei deiner Anmeldung zu unserem Newsletter erh\u00e4ltst Du eine mail zur Best\u00e4tigung deiner Email-Adresse, diese landet gerne mal im SPAM Ordner, bitte dort nachschauen, erst mit dem Klick der email Best\u00e4tigung bekommst Du unseren Blumegl\u00fcck Newsletter)\t\t\t\t<\/h3>\n\t\t\t<\/div><!-- \/mc_subheader -->\n\t\t\t\t\t<div id=\"mc_signup_c30695c3a9_4\">\n\t\t\t<form method=\"post\" action=\"#mc_signup_c30695c3a9_4\" id=\"mc_signup_form_c30695c3a9_4\" class=\"mc_signup_form\">\n\t\t\t\t<input type=\"hidden\" class=\"mc_submit_type\" name=\"mc_submit_type\" value=\"html\" \/>\n\t\t\t\t<input type=\"hidden\" name=\"mcsf_action\" value=\"mc_submit_signup_form\" \/>\n\t\t\t\t<input type=\"hidden\" name=\"mailchimp_sf_list_id\" value=\"c30695c3a9\" \/>\n\t\t\t\t<input type=\"hidden\" name=\"mailchimp_sf_update_existing_subscribers\" value=\"yes\" \/>\n\t\t\t\t<input type=\"hidden\" name=\"mailchimp_sf_double_opt_in\" value=\"yes\" \/>\n\t\t\t\t<input type=\"hidden\" name=\"mailchimp_sf_skip_merge_validation\" value=\"no\" \/>\n\t\t\t\t<input type=\"hidden\" name=\"mailchimp_sf_hash\" value=\"498fb7c1c823c6c8ec8064e3bbb9cf5f\" \/>\n\t\t\t\t<input type=\"hidden\" id=\"_mc_submit_signup_form_nonce\" name=\"_mc_submit_signup_form_nonce\" value=\"9f7d2a1a16\" \/>\t\t\t\t<div class=\"mc_form_inside\">\n\t\t\t\t\t<div class=\"mc_message_wrapper\">\n\t\t\t\t\t\t\t\t\t\t\t<\/div>\n\n\t\t\t\t\t\n<div class=\"wp-block-mailchimp-mailchimp-form-field\">\n\t\n<div class=\"mc_merge_var\">\n\t\t<label for=\"mc_mv_FNAME_1\" class=\"mc_var_label mc_header mc_header_text\">Vorname<\/label>\n\t<input type=\"text\" size=\"18\" placeholder=\"\" name=\"mc_mv_FNAME\" id=\"mc_mv_FNAME_1\" class=\"mc_input\"\/>\n<\/div><!-- \/mc_merge_var --><\/div>\n\n\n\n\n<div class=\"wp-block-mailchimp-mailchimp-form-field\">\n\t\n<div class=\"mc_merge_var\">\n\t\t<label for=\"mc_mv_EMAIL_3\" class=\"mc_var_label mc_header mc_header_email\">Email Addresse<span class=\"mc_required\">*<\/span><\/label>\n\t<input type=\"text\" size=\"18\" placeholder=\"\" name=\"mc_mv_EMAIL\" id=\"mc_mv_EMAIL_3\" class=\"mc_input\"\/>\n<\/div><!-- \/mc_merge_var --><\/div>\n\n\n\n\n\n\n\n\t\t\t\t\t\t<div class=\"mc-indicates-required\">\n\t\t\t\t\t\t\t* = required field\t\t\t\t\t\t<\/div><!-- \/mc-indicates-required -->\n\t\t\t\t\t\t\t<div style=\"display: none; !important\">\n\t\t<label for=\"mailchimp_sf_alt_email\">Alternative Email:<\/label>\n\t\t<input type=\"text\" name=\"mailchimp_sf_alt_email\" autocomplete=\"off\"\/>\n\t<\/div>\n\t<input type=\"hidden\" class=\"mailchimp_sf_no_js\" name=\"mailchimp_sf_no_js\" value=\"1\" \/>\n\t\t\t\t\t\t<div class=\"mc_signup_submit\">\n\t\t\t\t\t\t<input type=\"submit\" name=\"mc_signup_submit\" class=\"mc_signup_submit_button\" id=\"mc_signup_submit_c30695c3a9_4\" value=\"Anmelden\" class=\"button\" \/>\n\t\t\t\t\t<\/div><!-- \/mc_signup_submit -->\n\n\t\t\t\t\t\t\t\t\t\t\t<div class=\"mc_unsub_link\" align=\"center\">\n\t\t\t\t\t\t\t<a href=\"https:\/\/us21.list-manage.com\/unsubscribe\/?u=43815bfca03c3523a4e44cc1a&#038;id=c30695c3a9\" target=\"_blank\">\n\t\t\t\t\t\t\t\tunsubscribe from list\t\t\t\t\t\t\t<\/a>\n\t\t\t\t\t\t<\/div><!-- \/mc_unsub_link -->\n\t\t\t\t\t\t\t\t\t\t<\/div><!-- \/mc_form_inside -->\n\t\t\t<\/form><!-- \/mc_signup_form -->\n\t\t<\/div><!-- \/mc_signup_container -->\n\t<\/div><!-- \/mc_container -->\n<\/div>\n<\/div><\/div>\n\n\n\n<p>Du kannst Dich jederzeit von unserem Newsletter wieder abmelden.<\/p>\n","protected":false},"excerpt":{"rendered":"<p>Immer bl\u00fchend informiert! Verpasse keine Nachrichten vom Siegener Blumenfeld. Melde Dich f\u00fcr unseren Newsletter an und erhalte w\u00e4hrend der Blumensaison bl\u00fchende Nachrichten von uns, mit: -Einblicken in die saisonalen Bl\u00fctenhighlights -Tipps &amp; Tricks zum eigenen Blumenanbau -Ank\u00fcndigungen von Verkaufsterminen von Jungpflanzen &amp; Blumenstr\u00e4u\u00dfen -Einladungen zu Workshops und besonderen Terminen auf dem Blumenfeld &amp; bei Kooperationspartnern [&hellip;]<\/p>\n","protected":false},"author":3,"featured_media":2353,"parent":0,"menu_order":0,"comment_status":"closed","ping_status":"closed","template":"","meta":{"footnotes":""},"class_list":["post-2147","page","type-page","status-publish","has-post-thumbnail","hentry"],"_links":{"self":[{"href":"https:\/\/driewes.de\/index.php?rest_route=\/wp\/v2\/pages\/2147","targetHints":{"allow":["GET"]}}],"collection":[{"href":"https:\/\/driewes.de\/index.php?rest_route=\/wp\/v2\/pages"}],"about":[{"href":"https:\/\/driewes.de\/index.php?rest_route=\/wp\/v2\/types\/page"}],"author":[{"embeddable":true,"href":"https:\/\/driewes.de\/index.php?rest_route=\/wp\/v2\/users\/3"}],"replies":[{"embeddable":true,"href":"https:\/\/driewes.de\/index.php?rest_route=%2Fwp%2Fv2%2Fcomments&post=2147"}],"version-history":[{"count":10,"href":"https:\/\/driewes.de\/index.php?rest_route=\/wp\/v2\/pages\/2147\/revisions"}],"predecessor-version":[{"id":2394,"href":"https:\/\/driewes.de\/index.php?rest_route=\/wp\/v2\/pages\/2147\/revisions\/2394"}],"wp:featuredmedia":[{"embeddable":true,"href":"https:\/\/driewes.de\/index.php?rest_route=\/wp\/v2\/media\/2353"}],"wp:attachment":[{"href":"https:\/\/driewes.de\/index.php?rest_route=%2Fwp%2Fv2%2Fmedia&parent=2147"}],"curies":[{"name":"wp","href":"https:\/\/api.w.org\/{rel}","templated":true}]}}