{"id":2074,"date":"2025-02-24T16:01:30","date_gmt":"2025-02-24T15:01:30","guid":{"rendered":"https:\/\/driewes.de\/?page_id=2074"},"modified":"2026-04-25T19:48:38","modified_gmt":"2026-04-25T17:48:38","slug":"wir-sind-unterwegs-jungpflanzenverkauf-maerkte","status":"publish","type":"page","link":"https:\/\/driewes.de\/?page_id=2074","title":{"rendered":"Blumen unterwegs: Jungpflanzenverkauf, HandmadeMarkets &amp; Verkaufstand Denns BioMarkt"},"content":{"rendered":"\n<p>Unsere Blumen sind auch in der Region unterwegs. Ob Jungpflanzenverkauf, HandeMadeMarket oder unser Verkaufstand im Denns BioMarkt. Unsere nachhaltig in lebendigem Boden gewachsenen Jungpflanzen und Blumen hinterlassen einen bleibenden Eindruck. All unsere Blumen sind mit dem BioSiegel von \u00d6kop zertifiziert.<\/p>\n\n\n\n<p>Jeder einzelne Samen geht durch unsere H\u00e4nde. Die Keimung beginnt im Dunkeln auf 150`er Aussaatplatten, bevor die jungen Pflanzen im Gew\u00e4chshaus weiter wachsen d\u00fcrfen. Ende April werden sie mit torffreier BioErde von Sonnenerde getopft. Ab Mitte Mai bieten wir unsere Jungpflanzen zum Verkauf an. Unsere Blumen bekommt Ihr beim HandMadeMarket im Caf\u00e9 Juli <a href=\"http:\/\/www.bowilious.de\">http:\/\/www.bowilious.de<\/a> und zur Blumensaison im Denns Biomarkt in Siegen.<\/p>\n\n\n\n<p>In der Blumensaison 2026 bekommt Ihr unsere Blumen direkt vom Feld in der driewesVerkaufsbox vor unserem Haus. Die aktuellen Termine erfahrt Ihr rechtzeitig in unserem <a href=\"https:\/\/driewes.de\/?page_id=2147\">Newsletter.<\/a><\/p>\n\n\n\n<p><strong>Melde dich gerne f\u00fcr Informationen zu den aktuellen Verkaufsterminen. <\/strong><br>Sabine Ullrich | mobil: 0177\/3723913 | mail: sabine@driewes.de<\/p>\n\n\n\n<figure class=\"wp-block-gallery has-nested-images columns-5 is-cropped wp-block-gallery-1 is-layout-flex wp-block-gallery-is-layout-flex\">\n<figure class=\"wp-block-image size-large\"><img loading=\"lazy\" decoding=\"async\" width=\"576\" height=\"1024\" data-id=\"2297\" src=\"https:\/\/driewes.de\/wp-content\/uploads\/2026\/01\/5A6B0497-9A40-4743-B4BC-43B343398E71-576x1024.jpg\" alt=\"\" class=\"wp-image-2297\" srcset=\"https:\/\/driewes.de\/wp-content\/uploads\/2026\/01\/5A6B0497-9A40-4743-B4BC-43B343398E71-576x1024.jpg 576w, https:\/\/driewes.de\/wp-content\/uploads\/2026\/01\/5A6B0497-9A40-4743-B4BC-43B343398E71-169x300.jpg 169w, https:\/\/driewes.de\/wp-content\/uploads\/2026\/01\/5A6B0497-9A40-4743-B4BC-43B343398E71-65x116.jpg 65w, https:\/\/driewes.de\/wp-content\/uploads\/2026\/01\/5A6B0497-9A40-4743-B4BC-43B343398E71.jpg 720w\" sizes=\"auto, (max-width: 576px) 100vw, 576px\" \/><\/figure>\n\n\n\n<figure class=\"wp-block-image size-large\"><img loading=\"lazy\" decoding=\"async\" width=\"576\" height=\"1024\" data-id=\"2295\" src=\"https:\/\/driewes.de\/wp-content\/uploads\/2026\/01\/60F17032-F1EC-42FC-ACA2-D44323DCF4CD-576x1024.jpg\" alt=\"\" class=\"wp-image-2295\" srcset=\"https:\/\/driewes.de\/wp-content\/uploads\/2026\/01\/60F17032-F1EC-42FC-ACA2-D44323DCF4CD-576x1024.jpg 576w, https:\/\/driewes.de\/wp-content\/uploads\/2026\/01\/60F17032-F1EC-42FC-ACA2-D44323DCF4CD-169x300.jpg 169w, https:\/\/driewes.de\/wp-content\/uploads\/2026\/01\/60F17032-F1EC-42FC-ACA2-D44323DCF4CD-65x116.jpg 65w, https:\/\/driewes.de\/wp-content\/uploads\/2026\/01\/60F17032-F1EC-42FC-ACA2-D44323DCF4CD.jpg 720w\" sizes=\"auto, (max-width: 576px) 100vw, 576px\" \/><\/figure>\n\n\n\n<figure class=\"wp-block-image size-large\"><img loading=\"lazy\" decoding=\"async\" width=\"768\" height=\"1024\" data-id=\"2305\" src=\"https:\/\/driewes.de\/wp-content\/uploads\/2026\/01\/IMG_8818-768x1024.jpeg\" alt=\"\" class=\"wp-image-2305\" srcset=\"https:\/\/driewes.de\/wp-content\/uploads\/2026\/01\/IMG_8818-768x1024.jpeg 768w, https:\/\/driewes.de\/wp-content\/uploads\/2026\/01\/IMG_8818-225x300.jpeg 225w, https:\/\/driewes.de\/wp-content\/uploads\/2026\/01\/IMG_8818-1152x1536.jpeg 1152w, https:\/\/driewes.de\/wp-content\/uploads\/2026\/01\/IMG_8818-87x116.jpeg 87w, https:\/\/driewes.de\/wp-content\/uploads\/2026\/01\/IMG_8818-rotated.jpeg 1512w\" sizes=\"auto, (max-width: 768px) 100vw, 768px\" \/><\/figure>\n\n\n\n<figure class=\"wp-block-image size-large\"><img loading=\"lazy\" decoding=\"async\" width=\"576\" height=\"1024\" data-id=\"2293\" src=\"https:\/\/driewes.de\/wp-content\/uploads\/2026\/01\/82859165-EB58-40EF-900C-E49F6BD8252B-576x1024.jpg\" alt=\"\" class=\"wp-image-2293\" srcset=\"https:\/\/driewes.de\/wp-content\/uploads\/2026\/01\/82859165-EB58-40EF-900C-E49F6BD8252B-576x1024.jpg 576w, https:\/\/driewes.de\/wp-content\/uploads\/2026\/01\/82859165-EB58-40EF-900C-E49F6BD8252B-169x300.jpg 169w, https:\/\/driewes.de\/wp-content\/uploads\/2026\/01\/82859165-EB58-40EF-900C-E49F6BD8252B-65x116.jpg 65w, https:\/\/driewes.de\/wp-content\/uploads\/2026\/01\/82859165-EB58-40EF-900C-E49F6BD8252B.jpg 720w\" sizes=\"auto, (max-width: 576px) 100vw, 576px\" \/><\/figure>\n\n\n\n<figure class=\"wp-block-image size-large\"><img loading=\"lazy\" decoding=\"async\" width=\"576\" height=\"1024\" data-id=\"2296\" src=\"https:\/\/driewes.de\/wp-content\/uploads\/2026\/01\/F181D040-B845-411B-BBE7-345B0E19B72A-576x1024.jpg\" alt=\"\" class=\"wp-image-2296\" srcset=\"https:\/\/driewes.de\/wp-content\/uploads\/2026\/01\/F181D040-B845-411B-BBE7-345B0E19B72A-576x1024.jpg 576w, https:\/\/driewes.de\/wp-content\/uploads\/2026\/01\/F181D040-B845-411B-BBE7-345B0E19B72A-169x300.jpg 169w, https:\/\/driewes.de\/wp-content\/uploads\/2026\/01\/F181D040-B845-411B-BBE7-345B0E19B72A-65x116.jpg 65w, https:\/\/driewes.de\/wp-content\/uploads\/2026\/01\/F181D040-B845-411B-BBE7-345B0E19B72A.jpg 720w\" sizes=\"auto, (max-width: 576px) 100vw, 576px\" \/><\/figure>\n\n\n\n<figure class=\"wp-block-image size-large\"><img loading=\"lazy\" decoding=\"async\" width=\"768\" height=\"1024\" data-id=\"2300\" src=\"https:\/\/driewes.de\/wp-content\/uploads\/2026\/01\/IMG_7737-768x1024.jpeg\" alt=\"\" class=\"wp-image-2300\" srcset=\"https:\/\/driewes.de\/wp-content\/uploads\/2026\/01\/IMG_7737-768x1024.jpeg 768w, https:\/\/driewes.de\/wp-content\/uploads\/2026\/01\/IMG_7737-225x300.jpeg 225w, https:\/\/driewes.de\/wp-content\/uploads\/2026\/01\/IMG_7737-1152x1536.jpeg 1152w, https:\/\/driewes.de\/wp-content\/uploads\/2026\/01\/IMG_7737-87x116.jpeg 87w, https:\/\/driewes.de\/wp-content\/uploads\/2026\/01\/IMG_7737-rotated.jpeg 1512w\" sizes=\"auto, (max-width: 768px) 100vw, 768px\" \/><\/figure>\n\n\n\n<figure class=\"wp-block-image size-large\"><img loading=\"lazy\" decoding=\"async\" width=\"768\" height=\"1024\" data-id=\"2299\" src=\"https:\/\/driewes.de\/wp-content\/uploads\/2026\/01\/IMG_7743-768x1024.jpeg\" alt=\"\" class=\"wp-image-2299\" srcset=\"https:\/\/driewes.de\/wp-content\/uploads\/2026\/01\/IMG_7743-768x1024.jpeg 768w, https:\/\/driewes.de\/wp-content\/uploads\/2026\/01\/IMG_7743-225x300.jpeg 225w, https:\/\/driewes.de\/wp-content\/uploads\/2026\/01\/IMG_7743-1152x1536.jpeg 1152w, https:\/\/driewes.de\/wp-content\/uploads\/2026\/01\/IMG_7743-87x116.jpeg 87w, https:\/\/driewes.de\/wp-content\/uploads\/2026\/01\/IMG_7743-rotated.jpeg 1512w\" sizes=\"auto, (max-width: 768px) 100vw, 768px\" \/><\/figure>\n\n\n\n<figure class=\"wp-block-image size-large\"><img loading=\"lazy\" decoding=\"async\" width=\"576\" height=\"1024\" data-id=\"2294\" src=\"https:\/\/driewes.de\/wp-content\/uploads\/2026\/01\/C5A881E6-0EF6-4EC1-854E-0F8D74B8BAD6-576x1024.jpg\" alt=\"\" class=\"wp-image-2294\" srcset=\"https:\/\/driewes.de\/wp-content\/uploads\/2026\/01\/C5A881E6-0EF6-4EC1-854E-0F8D74B8BAD6-576x1024.jpg 576w, https:\/\/driewes.de\/wp-content\/uploads\/2026\/01\/C5A881E6-0EF6-4EC1-854E-0F8D74B8BAD6-169x300.jpg 169w, https:\/\/driewes.de\/wp-content\/uploads\/2026\/01\/C5A881E6-0EF6-4EC1-854E-0F8D74B8BAD6-65x116.jpg 65w, https:\/\/driewes.de\/wp-content\/uploads\/2026\/01\/C5A881E6-0EF6-4EC1-854E-0F8D74B8BAD6.jpg 720w\" sizes=\"auto, (max-width: 576px) 100vw, 576px\" \/><\/figure>\n\n\n\n<figure class=\"wp-block-image size-large\"><img loading=\"lazy\" decoding=\"async\" width=\"768\" height=\"1024\" data-id=\"2312\" src=\"https:\/\/driewes.de\/wp-content\/uploads\/2026\/01\/IMG_9184-768x1024.jpeg\" alt=\"\" class=\"wp-image-2312\" srcset=\"https:\/\/driewes.de\/wp-content\/uploads\/2026\/01\/IMG_9184-768x1024.jpeg 768w, https:\/\/driewes.de\/wp-content\/uploads\/2026\/01\/IMG_9184-225x300.jpeg 225w, https:\/\/driewes.de\/wp-content\/uploads\/2026\/01\/IMG_9184-1152x1536.jpeg 1152w, https:\/\/driewes.de\/wp-content\/uploads\/2026\/01\/IMG_9184-87x116.jpeg 87w, https:\/\/driewes.de\/wp-content\/uploads\/2026\/01\/IMG_9184-rotated.jpeg 1512w\" sizes=\"auto, (max-width: 768px) 100vw, 768px\" \/><\/figure>\n\n\n\n<figure class=\"wp-block-image size-large\"><img loading=\"lazy\" decoding=\"async\" width=\"768\" height=\"1024\" data-id=\"2308\" src=\"https:\/\/driewes.de\/wp-content\/uploads\/2026\/01\/IMG_9196-768x1024.jpeg\" alt=\"\" class=\"wp-image-2308\" srcset=\"https:\/\/driewes.de\/wp-content\/uploads\/2026\/01\/IMG_9196-768x1024.jpeg 768w, https:\/\/driewes.de\/wp-content\/uploads\/2026\/01\/IMG_9196-225x300.jpeg 225w, https:\/\/driewes.de\/wp-content\/uploads\/2026\/01\/IMG_9196-1152x1536.jpeg 1152w, https:\/\/driewes.de\/wp-content\/uploads\/2026\/01\/IMG_9196-87x116.jpeg 87w, https:\/\/driewes.de\/wp-content\/uploads\/2026\/01\/IMG_9196-rotated.jpeg 1512w\" sizes=\"auto, (max-width: 768px) 100vw, 768px\" \/><\/figure>\n\n\n\n<figure class=\"wp-block-image size-large\"><img loading=\"lazy\" decoding=\"async\" width=\"768\" height=\"1024\" data-id=\"2313\" src=\"https:\/\/driewes.de\/wp-content\/uploads\/2026\/01\/IMG_9238-768x1024.jpeg\" alt=\"\" class=\"wp-image-2313\" srcset=\"https:\/\/driewes.de\/wp-content\/uploads\/2026\/01\/IMG_9238-768x1024.jpeg 768w, https:\/\/driewes.de\/wp-content\/uploads\/2026\/01\/IMG_9238-225x300.jpeg 225w, https:\/\/driewes.de\/wp-content\/uploads\/2026\/01\/IMG_9238-1152x1536.jpeg 1152w, https:\/\/driewes.de\/wp-content\/uploads\/2026\/01\/IMG_9238-87x116.jpeg 87w, https:\/\/driewes.de\/wp-content\/uploads\/2026\/01\/IMG_9238.jpeg 1512w\" sizes=\"auto, (max-width: 768px) 100vw, 768px\" \/><\/figure>\n\n\n\n<figure class=\"wp-block-image size-large\"><img loading=\"lazy\" decoding=\"async\" width=\"768\" height=\"1024\" data-id=\"2310\" src=\"https:\/\/driewes.de\/wp-content\/uploads\/2026\/01\/IMG_9223-768x1024.jpeg\" alt=\"\" class=\"wp-image-2310\" srcset=\"https:\/\/driewes.de\/wp-content\/uploads\/2026\/01\/IMG_9223-768x1024.jpeg 768w, https:\/\/driewes.de\/wp-content\/uploads\/2026\/01\/IMG_9223-225x300.jpeg 225w, https:\/\/driewes.de\/wp-content\/uploads\/2026\/01\/IMG_9223-1152x1536.jpeg 1152w, https:\/\/driewes.de\/wp-content\/uploads\/2026\/01\/IMG_9223-87x116.jpeg 87w, https:\/\/driewes.de\/wp-content\/uploads\/2026\/01\/IMG_9223.jpeg 1512w\" sizes=\"auto, (max-width: 768px) 100vw, 768px\" \/><\/figure>\n\n\n\n<figure class=\"wp-block-image size-large\"><img loading=\"lazy\" decoding=\"async\" width=\"768\" height=\"1024\" data-id=\"2309\" src=\"https:\/\/driewes.de\/wp-content\/uploads\/2026\/01\/IMG_9228-768x1024.jpeg\" alt=\"\" class=\"wp-image-2309\" srcset=\"https:\/\/driewes.de\/wp-content\/uploads\/2026\/01\/IMG_9228-768x1024.jpeg 768w, https:\/\/driewes.de\/wp-content\/uploads\/2026\/01\/IMG_9228-225x300.jpeg 225w, https:\/\/driewes.de\/wp-content\/uploads\/2026\/01\/IMG_9228-1152x1536.jpeg 1152w, https:\/\/driewes.de\/wp-content\/uploads\/2026\/01\/IMG_9228-87x116.jpeg 87w, https:\/\/driewes.de\/wp-content\/uploads\/2026\/01\/IMG_9228.jpeg 1512w\" sizes=\"auto, (max-width: 768px) 100vw, 768px\" \/><\/figure>\n\n\n\n<figure class=\"wp-block-image size-large\"><img loading=\"lazy\" decoding=\"async\" width=\"768\" height=\"1024\" data-id=\"2302\" src=\"https:\/\/driewes.de\/wp-content\/uploads\/2026\/01\/IMG_8825-768x1024.jpeg\" alt=\"\" class=\"wp-image-2302\" srcset=\"https:\/\/driewes.de\/wp-content\/uploads\/2026\/01\/IMG_8825-768x1024.jpeg 768w, https:\/\/driewes.de\/wp-content\/uploads\/2026\/01\/IMG_8825-225x300.jpeg 225w, https:\/\/driewes.de\/wp-content\/uploads\/2026\/01\/IMG_8825-1152x1536.jpeg 1152w, https:\/\/driewes.de\/wp-content\/uploads\/2026\/01\/IMG_8825-87x116.jpeg 87w, https:\/\/driewes.de\/wp-content\/uploads\/2026\/01\/IMG_8825-rotated.jpeg 1512w\" sizes=\"auto, (max-width: 768px) 100vw, 768px\" \/><\/figure>\n\n\n\n<figure class=\"wp-block-image size-large\"><img loading=\"lazy\" decoding=\"async\" width=\"768\" height=\"1024\" data-id=\"2303\" src=\"https:\/\/driewes.de\/wp-content\/uploads\/2026\/01\/IMG_0765-768x1024.jpeg\" alt=\"\" class=\"wp-image-2303\" srcset=\"https:\/\/driewes.de\/wp-content\/uploads\/2026\/01\/IMG_0765-768x1024.jpeg 768w, https:\/\/driewes.de\/wp-content\/uploads\/2026\/01\/IMG_0765-225x300.jpeg 225w, https:\/\/driewes.de\/wp-content\/uploads\/2026\/01\/IMG_0765-1152x1536.jpeg 1152w, https:\/\/driewes.de\/wp-content\/uploads\/2026\/01\/IMG_0765-87x116.jpeg 87w, https:\/\/driewes.de\/wp-content\/uploads\/2026\/01\/IMG_0765.jpeg 1512w\" sizes=\"auto, (max-width: 768px) 100vw, 768px\" \/><\/figure>\n\n\n\n<figure class=\"wp-block-image size-large\"><img loading=\"lazy\" decoding=\"async\" width=\"768\" height=\"1024\" data-id=\"2301\" src=\"https:\/\/driewes.de\/wp-content\/uploads\/2026\/01\/IMG_0718-768x1024.jpeg\" alt=\"\" class=\"wp-image-2301\" srcset=\"https:\/\/driewes.de\/wp-content\/uploads\/2026\/01\/IMG_0718-768x1024.jpeg 768w, https:\/\/driewes.de\/wp-content\/uploads\/2026\/01\/IMG_0718-225x300.jpeg 225w, https:\/\/driewes.de\/wp-content\/uploads\/2026\/01\/IMG_0718-1152x1536.jpeg 1152w, https:\/\/driewes.de\/wp-content\/uploads\/2026\/01\/IMG_0718-87x116.jpeg 87w, https:\/\/driewes.de\/wp-content\/uploads\/2026\/01\/IMG_0718.jpeg 1512w\" sizes=\"auto, (max-width: 768px) 100vw, 768px\" \/><\/figure>\n\n\n\n<figure class=\"wp-block-image size-large\"><img loading=\"lazy\" decoding=\"async\" width=\"768\" height=\"1024\" data-id=\"2307\" src=\"https:\/\/driewes.de\/wp-content\/uploads\/2026\/01\/IMG_0776-768x1024.jpeg\" alt=\"\" class=\"wp-image-2307\" srcset=\"https:\/\/driewes.de\/wp-content\/uploads\/2026\/01\/IMG_0776-768x1024.jpeg 768w, https:\/\/driewes.de\/wp-content\/uploads\/2026\/01\/IMG_0776-225x300.jpeg 225w, https:\/\/driewes.de\/wp-content\/uploads\/2026\/01\/IMG_0776-1152x1536.jpeg 1152w, https:\/\/driewes.de\/wp-content\/uploads\/2026\/01\/IMG_0776-87x116.jpeg 87w, https:\/\/driewes.de\/wp-content\/uploads\/2026\/01\/IMG_0776.jpeg 1512w\" sizes=\"auto, (max-width: 768px) 100vw, 768px\" \/><\/figure>\n\n\n\n<figure class=\"wp-block-image size-large\"><img loading=\"lazy\" decoding=\"async\" width=\"768\" height=\"1024\" data-id=\"2304\" src=\"https:\/\/driewes.de\/wp-content\/uploads\/2026\/01\/IMG_9122-1-768x1024.jpeg\" alt=\"\" class=\"wp-image-2304\" srcset=\"https:\/\/driewes.de\/wp-content\/uploads\/2026\/01\/IMG_9122-1-768x1024.jpeg 768w, https:\/\/driewes.de\/wp-content\/uploads\/2026\/01\/IMG_9122-1-225x300.jpeg 225w, https:\/\/driewes.de\/wp-content\/uploads\/2026\/01\/IMG_9122-1-1152x1536.jpeg 1152w, https:\/\/driewes.de\/wp-content\/uploads\/2026\/01\/IMG_9122-1-87x116.jpeg 87w, https:\/\/driewes.de\/wp-content\/uploads\/2026\/01\/IMG_9122-1-rotated.jpeg 1512w\" sizes=\"auto, (max-width: 768px) 100vw, 768px\" \/><\/figure>\n\n\n\n<figure class=\"wp-block-image size-large\"><img decoding=\"async\" data-id=\"2311\" src=\"https:\/\/driewes.de\/wp-content\/uploads\/2026\/01\/IMG_9207-768x1024.jpeg\" alt=\"\" class=\"wp-image-2311\"\/><\/figure>\n\n\n\n<figure class=\"wp-block-image size-large\"><img loading=\"lazy\" decoding=\"async\" width=\"768\" height=\"1024\" data-id=\"2315\" src=\"https:\/\/driewes.de\/wp-content\/uploads\/2026\/01\/IMG_9244-768x1024.jpeg\" alt=\"\" class=\"wp-image-2315\" srcset=\"https:\/\/driewes.de\/wp-content\/uploads\/2026\/01\/IMG_9244-768x1024.jpeg 768w, https:\/\/driewes.de\/wp-content\/uploads\/2026\/01\/IMG_9244-225x300.jpeg 225w, https:\/\/driewes.de\/wp-content\/uploads\/2026\/01\/IMG_9244-1152x1536.jpeg 1152w, https:\/\/driewes.de\/wp-content\/uploads\/2026\/01\/IMG_9244-87x116.jpeg 87w, https:\/\/driewes.de\/wp-content\/uploads\/2026\/01\/IMG_9244-rotated.jpeg 1512w\" sizes=\"auto, (max-width: 768px) 100vw, 768px\" \/><\/figure>\n\n\n\n<figure class=\"wp-block-image size-large\"><img loading=\"lazy\" decoding=\"async\" width=\"768\" height=\"1024\" data-id=\"2316\" src=\"https:\/\/driewes.de\/wp-content\/uploads\/2026\/01\/IMG_9765-768x1024.jpeg\" alt=\"\" class=\"wp-image-2316\" srcset=\"https:\/\/driewes.de\/wp-content\/uploads\/2026\/01\/IMG_9765-768x1024.jpeg 768w, https:\/\/driewes.de\/wp-content\/uploads\/2026\/01\/IMG_9765-225x300.jpeg 225w, https:\/\/driewes.de\/wp-content\/uploads\/2026\/01\/IMG_9765-1152x1536.jpeg 1152w, https:\/\/driewes.de\/wp-content\/uploads\/2026\/01\/IMG_9765-1536x2048.jpeg 1536w, https:\/\/driewes.de\/wp-content\/uploads\/2026\/01\/IMG_9765-87x116.jpeg 87w, https:\/\/driewes.de\/wp-content\/uploads\/2026\/01\/IMG_9765-scaled.jpeg 1920w\" sizes=\"auto, (max-width: 768px) 100vw, 768px\" \/><\/figure>\n\n\n\n<figure class=\"wp-block-image size-large\"><img loading=\"lazy\" decoding=\"async\" width=\"768\" height=\"1024\" data-id=\"2314\" src=\"https:\/\/driewes.de\/wp-content\/uploads\/2026\/01\/IMG_9783-768x1024.jpeg\" alt=\"\" class=\"wp-image-2314\" srcset=\"https:\/\/driewes.de\/wp-content\/uploads\/2026\/01\/IMG_9783-768x1024.jpeg 768w, https:\/\/driewes.de\/wp-content\/uploads\/2026\/01\/IMG_9783-225x300.jpeg 225w, https:\/\/driewes.de\/wp-content\/uploads\/2026\/01\/IMG_9783-1152x1536.jpeg 1152w, https:\/\/driewes.de\/wp-content\/uploads\/2026\/01\/IMG_9783-87x116.jpeg 87w, https:\/\/driewes.de\/wp-content\/uploads\/2026\/01\/IMG_9783-rotated.jpeg 1512w\" sizes=\"auto, (max-width: 768px) 100vw, 768px\" \/><\/figure>\n<\/figure>\n","protected":false},"excerpt":{"rendered":"<p>Unsere Blumen sind auch in der Region unterwegs. Ob Jungpflanzenverkauf, HandeMadeMarket oder unser Verkaufstand im Denns BioMarkt. Unsere nachhaltig in lebendigem Boden gewachsenen Jungpflanzen und Blumen hinterlassen einen bleibenden Eindruck. All unsere Blumen sind mit dem BioSiegel von \u00d6kop zertifiziert. Jeder einzelne Samen geht durch unsere H\u00e4nde. Die Keimung beginnt im Dunkeln auf 150`er Aussaatplatten, [&hellip;]<\/p>\n","protected":false},"author":3,"featured_media":2309,"parent":0,"menu_order":0,"comment_status":"closed","ping_status":"closed","template":"","meta":{"footnotes":""},"class_list":["post-2074","page","type-page","status-publish","has-post-thumbnail","hentry"],"_links":{"self":[{"href":"https:\/\/driewes.de\/index.php?rest_route=\/wp\/v2\/pages\/2074","targetHints":{"allow":["GET"]}}],"collection":[{"href":"https:\/\/driewes.de\/index.php?rest_route=\/wp\/v2\/pages"}],"about":[{"href":"https:\/\/driewes.de\/index.php?rest_route=\/wp\/v2\/types\/page"}],"author":[{"embeddable":true,"href":"https:\/\/driewes.de\/index.php?rest_route=\/wp\/v2\/users\/3"}],"replies":[{"embeddable":true,"href":"https:\/\/driewes.de\/index.php?rest_route=%2Fwp%2Fv2%2Fcomments&post=2074"}],"version-history":[{"count":12,"href":"https:\/\/driewes.de\/index.php?rest_route=\/wp\/v2\/pages\/2074\/revisions"}],"predecessor-version":[{"id":2458,"href":"https:\/\/driewes.de\/index.php?rest_route=\/wp\/v2\/pages\/2074\/revisions\/2458"}],"wp:featuredmedia":[{"embeddable":true,"href":"https:\/\/driewes.de\/index.php?rest_route=\/wp\/v2\/media\/2309"}],"wp:attachment":[{"href":"https:\/\/driewes.de\/index.php?rest_route=%2Fwp%2Fv2%2Fmedia&parent=2074"}],"curies":[{"name":"wp","href":"https:\/\/api.w.org\/{rel}","templated":true}]}}