{"id":2024,"date":"2025-02-24T14:18:25","date_gmt":"2025-02-24T13:18:25","guid":{"rendered":"https:\/\/driewes.de\/?page_id=2024"},"modified":"2026-04-25T19:42:38","modified_gmt":"2026-04-25T17:42:38","slug":"blumen-schenken-mit-bedacht-straeusse-und-kraenze-in-bio-qualitaet","status":"publish","type":"page","link":"https:\/\/driewes.de\/?page_id=2024","title":{"rendered":"Wilde Bouquets aus einzigartigen Bio-Schnittblumen"},"content":{"rendered":"\n<p>Blumen sagen mehr als Worte: Wir binden biologisch angebaute Blumen zu wilden Bouquets &#8211; nat\u00fcrliche Stimmungsaufheller, die Farbe in den Alltag bringen und den Blick verweilen lassen.<br><\/p>\n\n\n\n<p>Unsere Blumen sind mehr als ein h\u00fcbsches Pr\u00e4sent: Der nat\u00fcrliche, schadstofffreie Duft, ihre einzigartigen Formen und Farben ber\u00fchren die Sinne und schaffen besondere Momente. Ob als liebevolle Geste, als Dankesch\u00f6n oder \u00dcberraschung \u2013 unsere nachhaltig in lebendigem Boden gewachsenen Blumen hinterlassen einen bleibenden Eindruck.<\/p>\n\n\n\n<div class=\"wp-block-file\"><a href=\"https:\/\/driewes.de\/wp-content\/uploads\/2026\/02\/preisliste_blumenstraeusse2026.pdf\" class=\"wp-block-file__button wp-element-button\" download>Hier k\u00f6nnt Ihr die aktuelle Preisliste f\u00fcr unsere Bio-Blumenstr\u00e4u\u00dfe 2026  runterladen<\/a><\/div>\n\n\n\n<p><strong>Melde dich gerne f\u00fcr eine individuelle Beratung zu unserer Blumenauswahl bei:<\/strong><br>Sabine Ullrich | mobil: 0177\/3723913 | mail: sabine@driewes.de<\/p>\n\n\n\n<figure class=\"wp-block-gallery has-nested-images columns-5 is-cropped wp-block-gallery-1 is-layout-flex wp-block-gallery-is-layout-flex\">\n<figure class=\"wp-block-image size-large\"><img loading=\"lazy\" decoding=\"async\" width=\"768\" height=\"1024\" data-id=\"2355\" src=\"https:\/\/driewes.de\/wp-content\/uploads\/2026\/01\/IMG_6583-768x1024.jpeg\" alt=\"\" class=\"wp-image-2355\" style=\"aspect-ratio:2\/3\" srcset=\"https:\/\/driewes.de\/wp-content\/uploads\/2026\/01\/IMG_6583-768x1024.jpeg 768w, https:\/\/driewes.de\/wp-content\/uploads\/2026\/01\/IMG_6583-225x300.jpeg 225w, https:\/\/driewes.de\/wp-content\/uploads\/2026\/01\/IMG_6583-1152x1536.jpeg 1152w, https:\/\/driewes.de\/wp-content\/uploads\/2026\/01\/IMG_6583-87x116.jpeg 87w, https:\/\/driewes.de\/wp-content\/uploads\/2026\/01\/IMG_6583-rotated.jpeg 1512w\" sizes=\"auto, (max-width: 768px) 100vw, 768px\" \/><\/figure>\n\n\n\n<figure class=\"wp-block-image size-large\"><img loading=\"lazy\" decoding=\"async\" width=\"768\" height=\"1024\" data-id=\"2244\" src=\"https:\/\/driewes.de\/wp-content\/uploads\/2026\/01\/IMG_9816-768x1024.jpeg\" alt=\"\" class=\"wp-image-2244\" style=\"aspect-ratio:2\/3\" srcset=\"https:\/\/driewes.de\/wp-content\/uploads\/2026\/01\/IMG_9816-768x1024.jpeg 768w, https:\/\/driewes.de\/wp-content\/uploads\/2026\/01\/IMG_9816-225x300.jpeg 225w, https:\/\/driewes.de\/wp-content\/uploads\/2026\/01\/IMG_9816-1152x1536.jpeg 1152w, https:\/\/driewes.de\/wp-content\/uploads\/2026\/01\/IMG_9816-87x116.jpeg 87w, https:\/\/driewes.de\/wp-content\/uploads\/2026\/01\/IMG_9816-rotated.jpeg 1512w\" sizes=\"auto, (max-width: 768px) 100vw, 768px\" \/><\/figure>\n\n\n\n<figure class=\"wp-block-image size-large\"><img loading=\"lazy\" decoding=\"async\" width=\"768\" height=\"1024\" data-id=\"2361\" src=\"https:\/\/driewes.de\/wp-content\/uploads\/2026\/01\/IMG_9556-768x1024.jpeg\" alt=\"\" class=\"wp-image-2361\" style=\"aspect-ratio:2\/3\" srcset=\"https:\/\/driewes.de\/wp-content\/uploads\/2026\/01\/IMG_9556-768x1024.jpeg 768w, https:\/\/driewes.de\/wp-content\/uploads\/2026\/01\/IMG_9556-225x300.jpeg 225w, https:\/\/driewes.de\/wp-content\/uploads\/2026\/01\/IMG_9556-1152x1536.jpeg 1152w, https:\/\/driewes.de\/wp-content\/uploads\/2026\/01\/IMG_9556-87x116.jpeg 87w, https:\/\/driewes.de\/wp-content\/uploads\/2026\/01\/IMG_9556.jpeg 1512w\" sizes=\"auto, (max-width: 768px) 100vw, 768px\" \/><\/figure>\n\n\n\n<figure class=\"wp-block-image size-large\"><img loading=\"lazy\" decoding=\"async\" width=\"768\" height=\"1024\" data-id=\"2259\" src=\"https:\/\/driewes.de\/wp-content\/uploads\/2026\/01\/IMG_8831-768x1024.jpeg\" alt=\"\" class=\"wp-image-2259\" style=\"aspect-ratio:2\/3\" srcset=\"https:\/\/driewes.de\/wp-content\/uploads\/2026\/01\/IMG_8831-768x1024.jpeg 768w, https:\/\/driewes.de\/wp-content\/uploads\/2026\/01\/IMG_8831-225x300.jpeg 225w, https:\/\/driewes.de\/wp-content\/uploads\/2026\/01\/IMG_8831-1152x1536.jpeg 1152w, https:\/\/driewes.de\/wp-content\/uploads\/2026\/01\/IMG_8831-87x116.jpeg 87w, https:\/\/driewes.de\/wp-content\/uploads\/2026\/01\/IMG_8831-rotated.jpeg 1512w\" sizes=\"auto, (max-width: 768px) 100vw, 768px\" \/><\/figure>\n\n\n\n<figure class=\"wp-block-image size-large\"><img loading=\"lazy\" decoding=\"async\" width=\"768\" height=\"1024\" data-id=\"2256\" src=\"https:\/\/driewes.de\/wp-content\/uploads\/2026\/01\/IMG_8292-768x1024.jpeg\" alt=\"\" class=\"wp-image-2256\" style=\"aspect-ratio:2\/3\" srcset=\"https:\/\/driewes.de\/wp-content\/uploads\/2026\/01\/IMG_8292-768x1024.jpeg 768w, https:\/\/driewes.de\/wp-content\/uploads\/2026\/01\/IMG_8292-225x300.jpeg 225w, https:\/\/driewes.de\/wp-content\/uploads\/2026\/01\/IMG_8292-1152x1536.jpeg 1152w, https:\/\/driewes.de\/wp-content\/uploads\/2026\/01\/IMG_8292-87x116.jpeg 87w, https:\/\/driewes.de\/wp-content\/uploads\/2026\/01\/IMG_8292.jpeg 1512w\" sizes=\"auto, (max-width: 768px) 100vw, 768px\" \/><\/figure>\n\n\n\n<figure class=\"wp-block-image size-large\"><img loading=\"lazy\" decoding=\"async\" width=\"768\" height=\"1024\" data-id=\"2241\" src=\"https:\/\/driewes.de\/wp-content\/uploads\/2026\/01\/IMG_9082-768x1024.jpeg\" alt=\"\" class=\"wp-image-2241\" style=\"aspect-ratio:2\/3\" srcset=\"https:\/\/driewes.de\/wp-content\/uploads\/2026\/01\/IMG_9082-768x1024.jpeg 768w, https:\/\/driewes.de\/wp-content\/uploads\/2026\/01\/IMG_9082-225x300.jpeg 225w, https:\/\/driewes.de\/wp-content\/uploads\/2026\/01\/IMG_9082-1152x1536.jpeg 1152w, https:\/\/driewes.de\/wp-content\/uploads\/2026\/01\/IMG_9082-87x116.jpeg 87w, https:\/\/driewes.de\/wp-content\/uploads\/2026\/01\/IMG_9082-rotated.jpeg 1512w\" sizes=\"auto, (max-width: 768px) 100vw, 768px\" \/><\/figure>\n\n\n\n<figure class=\"wp-block-image size-large\"><img loading=\"lazy\" decoding=\"async\" width=\"768\" height=\"1024\" data-id=\"2242\" src=\"https:\/\/driewes.de\/wp-content\/uploads\/2026\/01\/IMG_9122-768x1024.jpeg\" alt=\"\" class=\"wp-image-2242\" style=\"aspect-ratio:2\/3\" srcset=\"https:\/\/driewes.de\/wp-content\/uploads\/2026\/01\/IMG_9122-768x1024.jpeg 768w, https:\/\/driewes.de\/wp-content\/uploads\/2026\/01\/IMG_9122-225x300.jpeg 225w, https:\/\/driewes.de\/wp-content\/uploads\/2026\/01\/IMG_9122-1152x1536.jpeg 1152w, https:\/\/driewes.de\/wp-content\/uploads\/2026\/01\/IMG_9122-87x116.jpeg 87w, https:\/\/driewes.de\/wp-content\/uploads\/2026\/01\/IMG_9122-rotated.jpeg 1512w\" sizes=\"auto, (max-width: 768px) 100vw, 768px\" \/><\/figure>\n\n\n\n<figure class=\"wp-block-image size-large\"><img loading=\"lazy\" decoding=\"async\" width=\"768\" height=\"1024\" data-id=\"2363\" src=\"https:\/\/driewes.de\/wp-content\/uploads\/2026\/01\/IMG_9889-768x1024.jpeg\" alt=\"\" class=\"wp-image-2363\" style=\"aspect-ratio:2\/3\" srcset=\"https:\/\/driewes.de\/wp-content\/uploads\/2026\/01\/IMG_9889-768x1024.jpeg 768w, https:\/\/driewes.de\/wp-content\/uploads\/2026\/01\/IMG_9889-225x300.jpeg 225w, https:\/\/driewes.de\/wp-content\/uploads\/2026\/01\/IMG_9889-1152x1536.jpeg 1152w, https:\/\/driewes.de\/wp-content\/uploads\/2026\/01\/IMG_9889-87x116.jpeg 87w, https:\/\/driewes.de\/wp-content\/uploads\/2026\/01\/IMG_9889.jpeg 1512w\" sizes=\"auto, (max-width: 768px) 100vw, 768px\" \/><\/figure>\n\n\n\n<figure class=\"wp-block-image size-large\"><img loading=\"lazy\" decoding=\"async\" width=\"768\" height=\"1024\" data-id=\"2358\" src=\"https:\/\/driewes.de\/wp-content\/uploads\/2026\/01\/IMG_9458-768x1024.jpeg\" alt=\"\" class=\"wp-image-2358\" style=\"aspect-ratio:2\/3\" srcset=\"https:\/\/driewes.de\/wp-content\/uploads\/2026\/01\/IMG_9458-768x1024.jpeg 768w, https:\/\/driewes.de\/wp-content\/uploads\/2026\/01\/IMG_9458-225x300.jpeg 225w, https:\/\/driewes.de\/wp-content\/uploads\/2026\/01\/IMG_9458-1152x1536.jpeg 1152w, https:\/\/driewes.de\/wp-content\/uploads\/2026\/01\/IMG_9458-87x116.jpeg 87w, https:\/\/driewes.de\/wp-content\/uploads\/2026\/01\/IMG_9458.jpeg 1512w\" sizes=\"auto, (max-width: 768px) 100vw, 768px\" \/><\/figure>\n\n\n\n<figure class=\"wp-block-image size-large\"><img loading=\"lazy\" decoding=\"async\" width=\"768\" height=\"1024\" data-id=\"2357\" src=\"https:\/\/driewes.de\/wp-content\/uploads\/2026\/01\/IMG_9454-768x1024.jpeg\" alt=\"\" class=\"wp-image-2357\" style=\"aspect-ratio:2\/3\" srcset=\"https:\/\/driewes.de\/wp-content\/uploads\/2026\/01\/IMG_9454-768x1024.jpeg 768w, https:\/\/driewes.de\/wp-content\/uploads\/2026\/01\/IMG_9454-225x300.jpeg 225w, https:\/\/driewes.de\/wp-content\/uploads\/2026\/01\/IMG_9454-1152x1536.jpeg 1152w, https:\/\/driewes.de\/wp-content\/uploads\/2026\/01\/IMG_9454-87x116.jpeg 87w, https:\/\/driewes.de\/wp-content\/uploads\/2026\/01\/IMG_9454.jpeg 1512w\" sizes=\"auto, (max-width: 768px) 100vw, 768px\" \/><\/figure>\n\n\n\n<figure class=\"wp-block-image size-large\"><img loading=\"lazy\" decoding=\"async\" width=\"768\" height=\"1024\" data-id=\"2228\" src=\"https:\/\/driewes.de\/wp-content\/uploads\/2026\/01\/IMG_9261-768x1024.jpeg\" alt=\"\" class=\"wp-image-2228\" style=\"aspect-ratio:2\/3\" srcset=\"https:\/\/driewes.de\/wp-content\/uploads\/2026\/01\/IMG_9261-768x1024.jpeg 768w, https:\/\/driewes.de\/wp-content\/uploads\/2026\/01\/IMG_9261-225x300.jpeg 225w, https:\/\/driewes.de\/wp-content\/uploads\/2026\/01\/IMG_9261-1152x1536.jpeg 1152w, https:\/\/driewes.de\/wp-content\/uploads\/2026\/01\/IMG_9261-87x116.jpeg 87w, https:\/\/driewes.de\/wp-content\/uploads\/2026\/01\/IMG_9261.jpeg 1512w\" sizes=\"auto, (max-width: 768px) 100vw, 768px\" \/><\/figure>\n\n\n\n<figure class=\"wp-block-image size-large\"><img loading=\"lazy\" decoding=\"async\" width=\"768\" height=\"1024\" data-id=\"2359\" src=\"https:\/\/driewes.de\/wp-content\/uploads\/2026\/01\/IMG_9482-768x1024.jpeg\" alt=\"\" class=\"wp-image-2359\" style=\"aspect-ratio:2\/3\" srcset=\"https:\/\/driewes.de\/wp-content\/uploads\/2026\/01\/IMG_9482-768x1024.jpeg 768w, https:\/\/driewes.de\/wp-content\/uploads\/2026\/01\/IMG_9482-225x300.jpeg 225w, https:\/\/driewes.de\/wp-content\/uploads\/2026\/01\/IMG_9482-1152x1536.jpeg 1152w, https:\/\/driewes.de\/wp-content\/uploads\/2026\/01\/IMG_9482-87x116.jpeg 87w, https:\/\/driewes.de\/wp-content\/uploads\/2026\/01\/IMG_9482-rotated.jpeg 1512w\" sizes=\"auto, (max-width: 768px) 100vw, 768px\" \/><\/figure>\n\n\n\n<figure class=\"wp-block-image size-large\"><img loading=\"lazy\" decoding=\"async\" width=\"768\" height=\"1024\" data-id=\"2356\" src=\"https:\/\/driewes.de\/wp-content\/uploads\/2026\/01\/IMG_9349-768x1024.jpeg\" alt=\"\" class=\"wp-image-2356\" style=\"aspect-ratio:2\/3\" srcset=\"https:\/\/driewes.de\/wp-content\/uploads\/2026\/01\/IMG_9349-768x1024.jpeg 768w, https:\/\/driewes.de\/wp-content\/uploads\/2026\/01\/IMG_9349-225x300.jpeg 225w, https:\/\/driewes.de\/wp-content\/uploads\/2026\/01\/IMG_9349-1152x1536.jpeg 1152w, https:\/\/driewes.de\/wp-content\/uploads\/2026\/01\/IMG_9349-87x116.jpeg 87w, https:\/\/driewes.de\/wp-content\/uploads\/2026\/01\/IMG_9349-rotated.jpeg 1512w\" sizes=\"auto, (max-width: 768px) 100vw, 768px\" \/><\/figure>\n\n\n\n<figure class=\"wp-block-image size-large\"><img loading=\"lazy\" decoding=\"async\" width=\"768\" height=\"1024\" data-id=\"2229\" src=\"https:\/\/driewes.de\/wp-content\/uploads\/2026\/01\/IMG_9354-768x1024.jpeg\" alt=\"\" class=\"wp-image-2229\" style=\"aspect-ratio:2\/3\" srcset=\"https:\/\/driewes.de\/wp-content\/uploads\/2026\/01\/IMG_9354-768x1024.jpeg 768w, https:\/\/driewes.de\/wp-content\/uploads\/2026\/01\/IMG_9354-225x300.jpeg 225w, https:\/\/driewes.de\/wp-content\/uploads\/2026\/01\/IMG_9354-1152x1536.jpeg 1152w, https:\/\/driewes.de\/wp-content\/uploads\/2026\/01\/IMG_9354-87x116.jpeg 87w, https:\/\/driewes.de\/wp-content\/uploads\/2026\/01\/IMG_9354-rotated.jpeg 1512w\" sizes=\"auto, (max-width: 768px) 100vw, 768px\" \/><\/figure>\n\n\n\n<figure class=\"wp-block-image size-large\"><img loading=\"lazy\" decoding=\"async\" width=\"768\" height=\"1024\" data-id=\"2360\" src=\"https:\/\/driewes.de\/wp-content\/uploads\/2026\/01\/IMG_9487-768x1024.jpeg\" alt=\"\" class=\"wp-image-2360\" style=\"aspect-ratio:2\/3\" srcset=\"https:\/\/driewes.de\/wp-content\/uploads\/2026\/01\/IMG_9487-768x1024.jpeg 768w, https:\/\/driewes.de\/wp-content\/uploads\/2026\/01\/IMG_9487-225x300.jpeg 225w, https:\/\/driewes.de\/wp-content\/uploads\/2026\/01\/IMG_9487-1152x1536.jpeg 1152w, https:\/\/driewes.de\/wp-content\/uploads\/2026\/01\/IMG_9487-87x116.jpeg 87w, https:\/\/driewes.de\/wp-content\/uploads\/2026\/01\/IMG_9487.jpeg 1512w\" sizes=\"auto, (max-width: 768px) 100vw, 768px\" \/><\/figure>\n\n\n\n<figure class=\"wp-block-image size-large\"><img loading=\"lazy\" decoding=\"async\" width=\"768\" height=\"1024\" data-id=\"2226\" src=\"https:\/\/driewes.de\/wp-content\/uploads\/2026\/01\/IMG_9101-768x1024.jpeg\" alt=\"\" class=\"wp-image-2226\" style=\"aspect-ratio:2\/3\" srcset=\"https:\/\/driewes.de\/wp-content\/uploads\/2026\/01\/IMG_9101-768x1024.jpeg 768w, https:\/\/driewes.de\/wp-content\/uploads\/2026\/01\/IMG_9101-225x300.jpeg 225w, https:\/\/driewes.de\/wp-content\/uploads\/2026\/01\/IMG_9101-1152x1536.jpeg 1152w, https:\/\/driewes.de\/wp-content\/uploads\/2026\/01\/IMG_9101-87x116.jpeg 87w, https:\/\/driewes.de\/wp-content\/uploads\/2026\/01\/IMG_9101-rotated.jpeg 1512w\" sizes=\"auto, (max-width: 768px) 100vw, 768px\" \/><\/figure>\n\n\n\n<figure class=\"wp-block-image size-full\"><img loading=\"lazy\" decoding=\"async\" width=\"1512\" height=\"2016\" data-id=\"2225\" src=\"https:\/\/driewes.de\/wp-content\/uploads\/2026\/01\/IMG_0004.jpeg\" alt=\"\" class=\"wp-image-2225\" style=\"aspect-ratio:2\/3\" srcset=\"https:\/\/driewes.de\/wp-content\/uploads\/2026\/01\/IMG_0004.jpeg 1512w, https:\/\/driewes.de\/wp-content\/uploads\/2026\/01\/IMG_0004-225x300.jpeg 225w, https:\/\/driewes.de\/wp-content\/uploads\/2026\/01\/IMG_0004-768x1024.jpeg 768w, https:\/\/driewes.de\/wp-content\/uploads\/2026\/01\/IMG_0004-1152x1536.jpeg 1152w, https:\/\/driewes.de\/wp-content\/uploads\/2026\/01\/IMG_0004-87x116.jpeg 87w\" sizes=\"auto, (max-width: 1512px) 100vw, 1512px\" \/><\/figure>\n<\/figure>\n","protected":false},"excerpt":{"rendered":"<p>Blumen sagen mehr als Worte: Wir binden biologisch angebaute Blumen zu wilden Bouquets &#8211; nat\u00fcrliche Stimmungsaufheller, die Farbe in den Alltag bringen und den Blick verweilen lassen. Unsere Blumen sind mehr als ein h\u00fcbsches Pr\u00e4sent: Der nat\u00fcrliche, schadstofffreie Duft, ihre einzigartigen Formen und Farben ber\u00fchren die Sinne und schaffen besondere Momente. Ob als liebevolle Geste, [&hellip;]<\/p>\n","protected":false},"author":3,"featured_media":2226,"parent":0,"menu_order":0,"comment_status":"closed","ping_status":"closed","template":"","meta":{"footnotes":""},"class_list":["post-2024","page","type-page","status-publish","has-post-thumbnail","hentry"],"_links":{"self":[{"href":"https:\/\/driewes.de\/index.php?rest_route=\/wp\/v2\/pages\/2024","targetHints":{"allow":["GET"]}}],"collection":[{"href":"https:\/\/driewes.de\/index.php?rest_route=\/wp\/v2\/pages"}],"about":[{"href":"https:\/\/driewes.de\/index.php?rest_route=\/wp\/v2\/types\/page"}],"author":[{"embeddable":true,"href":"https:\/\/driewes.de\/index.php?rest_route=\/wp\/v2\/users\/3"}],"replies":[{"embeddable":true,"href":"https:\/\/driewes.de\/index.php?rest_route=%2Fwp%2Fv2%2Fcomments&post=2024"}],"version-history":[{"count":13,"href":"https:\/\/driewes.de\/index.php?rest_route=\/wp\/v2\/pages\/2024\/revisions"}],"predecessor-version":[{"id":2453,"href":"https:\/\/driewes.de\/index.php?rest_route=\/wp\/v2\/pages\/2024\/revisions\/2453"}],"wp:featuredmedia":[{"embeddable":true,"href":"https:\/\/driewes.de\/index.php?rest_route=\/wp\/v2\/media\/2226"}],"wp:attachment":[{"href":"https:\/\/driewes.de\/index.php?rest_route=%2Fwp%2Fv2%2Fmedia&parent=2024"}],"curies":[{"name":"wp","href":"https:\/\/api.w.org\/{rel}","templated":true}]}}