{"id":2012,"date":"2025-02-24T13:43:56","date_gmt":"2025-02-24T12:43:56","guid":{"rendered":"https:\/\/driewes.de\/?page_id=2012"},"modified":"2026-02-11T15:33:58","modified_gmt":"2026-02-11T14:33:58","slug":"driewes-schnittblumenfeld-natuerlich-schoene-blumen","status":"publish","type":"page","link":"https:\/\/driewes.de\/?page_id=2012","title":{"rendered":"driewes Blumenfeld: Nat\u00fcrlich sch\u00f6ne Bio-Blumen\u00a0"},"content":{"rendered":"\n<p>Wir handeln aus \u00dcberzeugung nach den Prinzipien der Slowflower-Bewegung: Sie steht f\u00fcr nachhaltig und saisonal angebaute Schnittblumen, die ohne Pestizide und mit organischem D\u00fcnger kultiviert werden. Unsere Bio-Blumen kommen direkt von unserem Siegener Feld in die Vase \u2013 frisch, duftend und voller Leben. <\/p>\n\n\n\n<p>Ob Tulpen, L\u00f6wenm\u00e4ulchen, Zinnien, Dahlien oder Chrysanthemen \u2013 jede Bl\u00fcte dieser bewusst gew\u00e4hlten Sorten tr\u00e4gt die wilde Sch\u00f6nheit der Natur in sich und w\u00e4chst aus lebendigem Boden. <\/p>\n\n\n\n<p>Jeder einzelne Samen geht durch die H\u00e4nde von Sabine Ullrich, Landwirtin f\u00fcr Sonderkultur. Die Keimung beginnt im Dunkeln auf Aussaatplatten, bevor die jungen Pflanzen im Gew\u00e4chshaus weiterwachsen d\u00fcrfen. Nach den Eisheiligen ziehen sie direkt auf das Blumenfeld am Rosterberg um, wo sie gedeihen, bis ihre Zeit gekommen ist.<\/p>\n\n\n\n<p>Melde Dich gerne f\u00fcr weitere Informationen zu unserem Bio-Blumenfeld bei:<\/p>\n\n\n\n<p>Sabine Ullrich I mobil: 0177\/3723913 I mail: sabine@driewes.de <\/p>\n\n\n\n<p>Informationen zu unseren <a href=\"https:\/\/driewes.de\/?page_id=2024\">Bio-Blumenstr\u00e4u\u00dfen<\/a>, \u00fcber unser <a href=\"https:\/\/driewes.de\/?page_id=2066\">Blumenbalsam f\u00fcrs B\u00fcro<\/a> und wo unsere <a href=\"https:\/\/driewes.de\/?page_id=2074\">Blumen unterwegs <\/a>sind, bekommst du mit Klick auf den jeweiligen Link.<\/p>\n\n\n\n<div class=\"wp-block-file\"><a href=\"https:\/\/driewes.de\/wp-content\/uploads\/2026\/02\/preisliste_hochzeitsblumen2026.pdf\" class=\"wp-block-file__button wp-element-button\" download>Ein Informationsblatt zu unseren Hochzeitsblumen findet Ihr hier.<br><\/a><\/div>\n\n\n\n<div class=\"wp-block-file\"><a href=\"https:\/\/driewes.de\/wp-content\/uploads\/2026\/02\/preisliste_abschiedsblumen2026.pdf\" class=\"wp-block-file__button wp-element-button\" download>Ein Informationsblatt zu unseren Abschiedsblumen findet Ihr hier.<\/a><\/div>\n\n\n\n<figure class=\"wp-block-gallery has-nested-images columns-5 is-cropped wp-block-gallery-1 is-layout-flex wp-block-gallery-is-layout-flex\">\n<figure class=\"wp-block-image size-large\"><img loading=\"lazy\" decoding=\"async\" width=\"768\" height=\"1024\" data-id=\"2166\" src=\"https:\/\/driewes.de\/wp-content\/uploads\/2026\/01\/IMG_7523-768x1024.jpeg\" alt=\"\" class=\"wp-image-2166\" srcset=\"https:\/\/driewes.de\/wp-content\/uploads\/2026\/01\/IMG_7523-768x1024.jpeg 768w, https:\/\/driewes.de\/wp-content\/uploads\/2026\/01\/IMG_7523-225x300.jpeg 225w, https:\/\/driewes.de\/wp-content\/uploads\/2026\/01\/IMG_7523-1152x1536.jpeg 1152w, https:\/\/driewes.de\/wp-content\/uploads\/2026\/01\/IMG_7523-87x116.jpeg 87w, https:\/\/driewes.de\/wp-content\/uploads\/2026\/01\/IMG_7523-rotated.jpeg 1512w\" sizes=\"auto, (max-width: 768px) 100vw, 768px\" \/><\/figure>\n\n\n\n<figure class=\"wp-block-image size-large\"><img loading=\"lazy\" decoding=\"async\" width=\"768\" height=\"1024\" data-id=\"2170\" src=\"https:\/\/driewes.de\/wp-content\/uploads\/2026\/01\/IMG_7315-768x1024.jpeg\" alt=\"\" class=\"wp-image-2170\" srcset=\"https:\/\/driewes.de\/wp-content\/uploads\/2026\/01\/IMG_7315-768x1024.jpeg 768w, https:\/\/driewes.de\/wp-content\/uploads\/2026\/01\/IMG_7315-225x300.jpeg 225w, https:\/\/driewes.de\/wp-content\/uploads\/2026\/01\/IMG_7315-1152x1536.jpeg 1152w, https:\/\/driewes.de\/wp-content\/uploads\/2026\/01\/IMG_7315-87x116.jpeg 87w, https:\/\/driewes.de\/wp-content\/uploads\/2026\/01\/IMG_7315-rotated.jpeg 1512w\" sizes=\"auto, (max-width: 768px) 100vw, 768px\" \/><\/figure>\n\n\n\n<figure class=\"wp-block-image size-large\"><img loading=\"lazy\" decoding=\"async\" width=\"576\" height=\"1024\" data-id=\"2165\" src=\"https:\/\/driewes.de\/wp-content\/uploads\/2026\/01\/B8F6C646-8FD7-4194-A023-2B7BA78AA2E9-576x1024.jpg\" alt=\"\" class=\"wp-image-2165\" srcset=\"https:\/\/driewes.de\/wp-content\/uploads\/2026\/01\/B8F6C646-8FD7-4194-A023-2B7BA78AA2E9-576x1024.jpg 576w, https:\/\/driewes.de\/wp-content\/uploads\/2026\/01\/B8F6C646-8FD7-4194-A023-2B7BA78AA2E9-169x300.jpg 169w, https:\/\/driewes.de\/wp-content\/uploads\/2026\/01\/B8F6C646-8FD7-4194-A023-2B7BA78AA2E9-65x116.jpg 65w, https:\/\/driewes.de\/wp-content\/uploads\/2026\/01\/B8F6C646-8FD7-4194-A023-2B7BA78AA2E9.jpg 720w\" sizes=\"auto, (max-width: 576px) 100vw, 576px\" \/><\/figure>\n\n\n\n<figure class=\"wp-block-image size-large\"><img loading=\"lazy\" decoding=\"async\" width=\"768\" height=\"1024\" data-id=\"2171\" src=\"https:\/\/driewes.de\/wp-content\/uploads\/2026\/01\/IMG_7406-768x1024.jpeg\" alt=\"\" class=\"wp-image-2171\" srcset=\"https:\/\/driewes.de\/wp-content\/uploads\/2026\/01\/IMG_7406-768x1024.jpeg 768w, https:\/\/driewes.de\/wp-content\/uploads\/2026\/01\/IMG_7406-225x300.jpeg 225w, https:\/\/driewes.de\/wp-content\/uploads\/2026\/01\/IMG_7406-1152x1536.jpeg 1152w, https:\/\/driewes.de\/wp-content\/uploads\/2026\/01\/IMG_7406-87x116.jpeg 87w, https:\/\/driewes.de\/wp-content\/uploads\/2026\/01\/IMG_7406-rotated.jpeg 1512w\" sizes=\"auto, (max-width: 768px) 100vw, 768px\" \/><\/figure>\n\n\n\n<figure class=\"wp-block-image size-large\"><img loading=\"lazy\" decoding=\"async\" width=\"768\" height=\"1024\" data-id=\"2172\" src=\"https:\/\/driewes.de\/wp-content\/uploads\/2026\/01\/IMG_7643-768x1024.jpeg\" alt=\"\" class=\"wp-image-2172\" srcset=\"https:\/\/driewes.de\/wp-content\/uploads\/2026\/01\/IMG_7643-768x1024.jpeg 768w, https:\/\/driewes.de\/wp-content\/uploads\/2026\/01\/IMG_7643-225x300.jpeg 225w, https:\/\/driewes.de\/wp-content\/uploads\/2026\/01\/IMG_7643-1152x1536.jpeg 1152w, https:\/\/driewes.de\/wp-content\/uploads\/2026\/01\/IMG_7643-87x116.jpeg 87w, https:\/\/driewes.de\/wp-content\/uploads\/2026\/01\/IMG_7643-rotated.jpeg 1512w\" sizes=\"auto, (max-width: 768px) 100vw, 768px\" \/><\/figure>\n\n\n\n<figure class=\"wp-block-image size-large\"><img loading=\"lazy\" decoding=\"async\" width=\"768\" height=\"1024\" data-id=\"2167\" src=\"https:\/\/driewes.de\/wp-content\/uploads\/2026\/01\/IMG_6950-768x1024.jpeg\" alt=\"\" class=\"wp-image-2167\" srcset=\"https:\/\/driewes.de\/wp-content\/uploads\/2026\/01\/IMG_6950-768x1024.jpeg 768w, https:\/\/driewes.de\/wp-content\/uploads\/2026\/01\/IMG_6950-225x300.jpeg 225w, https:\/\/driewes.de\/wp-content\/uploads\/2026\/01\/IMG_6950-1152x1536.jpeg 1152w, https:\/\/driewes.de\/wp-content\/uploads\/2026\/01\/IMG_6950-87x116.jpeg 87w, https:\/\/driewes.de\/wp-content\/uploads\/2026\/01\/IMG_6950-rotated.jpeg 1512w\" sizes=\"auto, (max-width: 768px) 100vw, 768px\" \/><\/figure>\n\n\n\n<figure class=\"wp-block-image size-large\"><img loading=\"lazy\" decoding=\"async\" width=\"768\" height=\"1024\" data-id=\"2180\" src=\"https:\/\/driewes.de\/wp-content\/uploads\/2026\/01\/IMG_8894-768x1024.jpeg\" alt=\"\" class=\"wp-image-2180\" srcset=\"https:\/\/driewes.de\/wp-content\/uploads\/2026\/01\/IMG_8894-768x1024.jpeg 768w, https:\/\/driewes.de\/wp-content\/uploads\/2026\/01\/IMG_8894-225x300.jpeg 225w, https:\/\/driewes.de\/wp-content\/uploads\/2026\/01\/IMG_8894-1152x1536.jpeg 1152w, https:\/\/driewes.de\/wp-content\/uploads\/2026\/01\/IMG_8894-87x116.jpeg 87w, https:\/\/driewes.de\/wp-content\/uploads\/2026\/01\/IMG_8894-rotated.jpeg 1512w\" sizes=\"auto, (max-width: 768px) 100vw, 768px\" \/><\/figure>\n\n\n\n<figure class=\"wp-block-image size-large\"><img loading=\"lazy\" decoding=\"async\" width=\"768\" height=\"1024\" data-id=\"2183\" src=\"https:\/\/driewes.de\/wp-content\/uploads\/2026\/01\/IMG_9051-768x1024.jpeg\" alt=\"\" class=\"wp-image-2183\" srcset=\"https:\/\/driewes.de\/wp-content\/uploads\/2026\/01\/IMG_9051-768x1024.jpeg 768w, https:\/\/driewes.de\/wp-content\/uploads\/2026\/01\/IMG_9051-225x300.jpeg 225w, https:\/\/driewes.de\/wp-content\/uploads\/2026\/01\/IMG_9051-1152x1536.jpeg 1152w, https:\/\/driewes.de\/wp-content\/uploads\/2026\/01\/IMG_9051-87x116.jpeg 87w, https:\/\/driewes.de\/wp-content\/uploads\/2026\/01\/IMG_9051.jpeg 1512w\" sizes=\"auto, (max-width: 768px) 100vw, 768px\" \/><\/figure>\n\n\n\n<figure class=\"wp-block-image size-large\"><img loading=\"lazy\" decoding=\"async\" width=\"768\" height=\"1024\" data-id=\"2184\" src=\"https:\/\/driewes.de\/wp-content\/uploads\/2026\/01\/IMG_9059-768x1024.jpeg\" alt=\"\" class=\"wp-image-2184\" srcset=\"https:\/\/driewes.de\/wp-content\/uploads\/2026\/01\/IMG_9059-768x1024.jpeg 768w, https:\/\/driewes.de\/wp-content\/uploads\/2026\/01\/IMG_9059-225x300.jpeg 225w, https:\/\/driewes.de\/wp-content\/uploads\/2026\/01\/IMG_9059-1152x1536.jpeg 1152w, https:\/\/driewes.de\/wp-content\/uploads\/2026\/01\/IMG_9059-87x116.jpeg 87w, https:\/\/driewes.de\/wp-content\/uploads\/2026\/01\/IMG_9059-rotated.jpeg 1512w\" sizes=\"auto, (max-width: 768px) 100vw, 768px\" \/><\/figure>\n\n\n\n<figure class=\"wp-block-image size-large\"><img loading=\"lazy\" decoding=\"async\" width=\"768\" height=\"1024\" data-id=\"2181\" src=\"https:\/\/driewes.de\/wp-content\/uploads\/2026\/01\/IMG_8896-768x1024.jpeg\" alt=\"\" class=\"wp-image-2181\" srcset=\"https:\/\/driewes.de\/wp-content\/uploads\/2026\/01\/IMG_8896-768x1024.jpeg 768w, https:\/\/driewes.de\/wp-content\/uploads\/2026\/01\/IMG_8896-225x300.jpeg 225w, https:\/\/driewes.de\/wp-content\/uploads\/2026\/01\/IMG_8896-1152x1536.jpeg 1152w, https:\/\/driewes.de\/wp-content\/uploads\/2026\/01\/IMG_8896-87x116.jpeg 87w, https:\/\/driewes.de\/wp-content\/uploads\/2026\/01\/IMG_8896-rotated.jpeg 1512w\" sizes=\"auto, (max-width: 768px) 100vw, 768px\" \/><\/figure>\n\n\n\n<figure class=\"wp-block-image size-large\"><img loading=\"lazy\" decoding=\"async\" width=\"768\" height=\"1024\" data-id=\"2177\" src=\"https:\/\/driewes.de\/wp-content\/uploads\/2026\/01\/IMG_8741-768x1024.jpeg\" alt=\"\" class=\"wp-image-2177\" srcset=\"https:\/\/driewes.de\/wp-content\/uploads\/2026\/01\/IMG_8741-768x1024.jpeg 768w, https:\/\/driewes.de\/wp-content\/uploads\/2026\/01\/IMG_8741-225x300.jpeg 225w, https:\/\/driewes.de\/wp-content\/uploads\/2026\/01\/IMG_8741-1152x1536.jpeg 1152w, https:\/\/driewes.de\/wp-content\/uploads\/2026\/01\/IMG_8741-87x116.jpeg 87w, https:\/\/driewes.de\/wp-content\/uploads\/2026\/01\/IMG_8741-rotated.jpeg 1512w\" sizes=\"auto, (max-width: 768px) 100vw, 768px\" \/><\/figure>\n\n\n\n<figure class=\"wp-block-image size-large\"><img loading=\"lazy\" decoding=\"async\" width=\"768\" height=\"1024\" data-id=\"2251\" src=\"https:\/\/driewes.de\/wp-content\/uploads\/2026\/01\/IMG_9399-768x1024.jpeg\" alt=\"\" class=\"wp-image-2251\" srcset=\"https:\/\/driewes.de\/wp-content\/uploads\/2026\/01\/IMG_9399-768x1024.jpeg 768w, https:\/\/driewes.de\/wp-content\/uploads\/2026\/01\/IMG_9399-225x300.jpeg 225w, https:\/\/driewes.de\/wp-content\/uploads\/2026\/01\/IMG_9399-1152x1536.jpeg 1152w, https:\/\/driewes.de\/wp-content\/uploads\/2026\/01\/IMG_9399-87x116.jpeg 87w, https:\/\/driewes.de\/wp-content\/uploads\/2026\/01\/IMG_9399.jpeg 1512w\" sizes=\"auto, (max-width: 768px) 100vw, 768px\" \/><\/figure>\n\n\n\n<figure class=\"wp-block-image size-large\"><img loading=\"lazy\" decoding=\"async\" width=\"768\" height=\"1024\" data-id=\"2186\" src=\"https:\/\/driewes.de\/wp-content\/uploads\/2026\/01\/IMG_9137-768x1024.jpeg\" alt=\"\" class=\"wp-image-2186\" srcset=\"https:\/\/driewes.de\/wp-content\/uploads\/2026\/01\/IMG_9137-768x1024.jpeg 768w, https:\/\/driewes.de\/wp-content\/uploads\/2026\/01\/IMG_9137-225x300.jpeg 225w, https:\/\/driewes.de\/wp-content\/uploads\/2026\/01\/IMG_9137-1152x1536.jpeg 1152w, https:\/\/driewes.de\/wp-content\/uploads\/2026\/01\/IMG_9137-87x116.jpeg 87w, https:\/\/driewes.de\/wp-content\/uploads\/2026\/01\/IMG_9137-rotated.jpeg 1512w\" sizes=\"auto, (max-width: 768px) 100vw, 768px\" \/><\/figure>\n\n\n\n<figure class=\"wp-block-image size-large\"><img loading=\"lazy\" decoding=\"async\" width=\"768\" height=\"1024\" data-id=\"2321\" src=\"https:\/\/driewes.de\/wp-content\/uploads\/2026\/01\/IMG_9691-768x1024.jpeg\" alt=\"\" class=\"wp-image-2321\" srcset=\"https:\/\/driewes.de\/wp-content\/uploads\/2026\/01\/IMG_9691-768x1024.jpeg 768w, https:\/\/driewes.de\/wp-content\/uploads\/2026\/01\/IMG_9691-225x300.jpeg 225w, https:\/\/driewes.de\/wp-content\/uploads\/2026\/01\/IMG_9691-1152x1536.jpeg 1152w, https:\/\/driewes.de\/wp-content\/uploads\/2026\/01\/IMG_9691-1536x2048.jpeg 1536w, https:\/\/driewes.de\/wp-content\/uploads\/2026\/01\/IMG_9691-87x116.jpeg 87w, https:\/\/driewes.de\/wp-content\/uploads\/2026\/01\/IMG_9691-scaled.jpeg 1920w\" sizes=\"auto, (max-width: 768px) 100vw, 768px\" \/><\/figure>\n\n\n\n<figure class=\"wp-block-image size-large\"><img loading=\"lazy\" decoding=\"async\" width=\"768\" height=\"1024\" data-id=\"2253\" src=\"https:\/\/driewes.de\/wp-content\/uploads\/2026\/01\/IMG_9407-768x1024.jpeg\" alt=\"\" class=\"wp-image-2253\" srcset=\"https:\/\/driewes.de\/wp-content\/uploads\/2026\/01\/IMG_9407-768x1024.jpeg 768w, https:\/\/driewes.de\/wp-content\/uploads\/2026\/01\/IMG_9407-225x300.jpeg 225w, https:\/\/driewes.de\/wp-content\/uploads\/2026\/01\/IMG_9407-1152x1536.jpeg 1152w, https:\/\/driewes.de\/wp-content\/uploads\/2026\/01\/IMG_9407-87x116.jpeg 87w, https:\/\/driewes.de\/wp-content\/uploads\/2026\/01\/IMG_9407.jpeg 1512w\" sizes=\"auto, (max-width: 768px) 100vw, 768px\" \/><\/figure>\n\n\n\n<figure class=\"wp-block-image size-large\"><img loading=\"lazy\" decoding=\"async\" width=\"768\" height=\"1024\" data-id=\"2249\" src=\"https:\/\/driewes.de\/wp-content\/uploads\/2026\/01\/IMG_9392-768x1024.jpeg\" alt=\"\" class=\"wp-image-2249\" srcset=\"https:\/\/driewes.de\/wp-content\/uploads\/2026\/01\/IMG_9392-768x1024.jpeg 768w, https:\/\/driewes.de\/wp-content\/uploads\/2026\/01\/IMG_9392-225x300.jpeg 225w, https:\/\/driewes.de\/wp-content\/uploads\/2026\/01\/IMG_9392-1152x1536.jpeg 1152w, https:\/\/driewes.de\/wp-content\/uploads\/2026\/01\/IMG_9392-87x116.jpeg 87w, https:\/\/driewes.de\/wp-content\/uploads\/2026\/01\/IMG_9392.jpeg 1512w\" sizes=\"auto, (max-width: 768px) 100vw, 768px\" \/><\/figure>\n\n\n\n<figure class=\"wp-block-image size-full\"><img loading=\"lazy\" decoding=\"async\" width=\"1512\" height=\"2016\" data-id=\"2250\" src=\"https:\/\/driewes.de\/wp-content\/uploads\/2026\/01\/IMG_9395.jpeg\" alt=\"\" class=\"wp-image-2250\" srcset=\"https:\/\/driewes.de\/wp-content\/uploads\/2026\/01\/IMG_9395.jpeg 1512w, https:\/\/driewes.de\/wp-content\/uploads\/2026\/01\/IMG_9395-225x300.jpeg 225w, https:\/\/driewes.de\/wp-content\/uploads\/2026\/01\/IMG_9395-768x1024.jpeg 768w, https:\/\/driewes.de\/wp-content\/uploads\/2026\/01\/IMG_9395-1152x1536.jpeg 1152w, https:\/\/driewes.de\/wp-content\/uploads\/2026\/01\/IMG_9395-87x116.jpeg 87w\" sizes=\"auto, (max-width: 1512px) 100vw, 1512px\" \/><\/figure>\n\n\n\n<figure class=\"wp-block-image size-large\"><img loading=\"lazy\" decoding=\"async\" width=\"768\" height=\"1024\" data-id=\"2320\" src=\"https:\/\/driewes.de\/wp-content\/uploads\/2026\/01\/IMG_9634-768x1024.jpeg\" alt=\"\" class=\"wp-image-2320\" srcset=\"https:\/\/driewes.de\/wp-content\/uploads\/2026\/01\/IMG_9634-768x1024.jpeg 768w, https:\/\/driewes.de\/wp-content\/uploads\/2026\/01\/IMG_9634-225x300.jpeg 225w, https:\/\/driewes.de\/wp-content\/uploads\/2026\/01\/IMG_9634-1152x1536.jpeg 1152w, https:\/\/driewes.de\/wp-content\/uploads\/2026\/01\/IMG_9634-1536x2048.jpeg 1536w, https:\/\/driewes.de\/wp-content\/uploads\/2026\/01\/IMG_9634-87x116.jpeg 87w, https:\/\/driewes.de\/wp-content\/uploads\/2026\/01\/IMG_9634-scaled.jpeg 1920w\" sizes=\"auto, (max-width: 768px) 100vw, 768px\" \/><\/figure>\n\n\n\n<figure class=\"wp-block-image size-large\"><img loading=\"lazy\" decoding=\"async\" width=\"768\" height=\"1024\" data-id=\"2324\" src=\"https:\/\/driewes.de\/wp-content\/uploads\/2026\/01\/IMG_0317-768x1024.jpeg\" alt=\"\" class=\"wp-image-2324\" srcset=\"https:\/\/driewes.de\/wp-content\/uploads\/2026\/01\/IMG_0317-768x1024.jpeg 768w, https:\/\/driewes.de\/wp-content\/uploads\/2026\/01\/IMG_0317-225x300.jpeg 225w, https:\/\/driewes.de\/wp-content\/uploads\/2026\/01\/IMG_0317-1152x1536.jpeg 1152w, https:\/\/driewes.de\/wp-content\/uploads\/2026\/01\/IMG_0317-1536x2048.jpeg 1536w, https:\/\/driewes.de\/wp-content\/uploads\/2026\/01\/IMG_0317-87x116.jpeg 87w, https:\/\/driewes.de\/wp-content\/uploads\/2026\/01\/IMG_0317-scaled.jpeg 1920w\" sizes=\"auto, (max-width: 768px) 100vw, 768px\" \/><\/figure>\n\n\n\n<figure class=\"wp-block-image size-large\"><img loading=\"lazy\" decoding=\"async\" width=\"768\" height=\"1024\" data-id=\"2326\" src=\"https:\/\/driewes.de\/wp-content\/uploads\/2026\/01\/IMG_0321-768x1024.jpeg\" alt=\"\" class=\"wp-image-2326\" srcset=\"https:\/\/driewes.de\/wp-content\/uploads\/2026\/01\/IMG_0321-768x1024.jpeg 768w, https:\/\/driewes.de\/wp-content\/uploads\/2026\/01\/IMG_0321-225x300.jpeg 225w, https:\/\/driewes.de\/wp-content\/uploads\/2026\/01\/IMG_0321-1152x1536.jpeg 1152w, https:\/\/driewes.de\/wp-content\/uploads\/2026\/01\/IMG_0321-87x116.jpeg 87w, https:\/\/driewes.de\/wp-content\/uploads\/2026\/01\/IMG_0321.jpeg 1512w\" sizes=\"auto, (max-width: 768px) 100vw, 768px\" \/><\/figure>\n\n\n\n<figure class=\"wp-block-image size-large\"><img loading=\"lazy\" decoding=\"async\" width=\"768\" height=\"1024\" data-id=\"2252\" src=\"https:\/\/driewes.de\/wp-content\/uploads\/2026\/01\/IMG_9405-768x1024.jpeg\" alt=\"\" class=\"wp-image-2252\" srcset=\"https:\/\/driewes.de\/wp-content\/uploads\/2026\/01\/IMG_9405-768x1024.jpeg 768w, https:\/\/driewes.de\/wp-content\/uploads\/2026\/01\/IMG_9405-225x300.jpeg 225w, https:\/\/driewes.de\/wp-content\/uploads\/2026\/01\/IMG_9405-1152x1536.jpeg 1152w, https:\/\/driewes.de\/wp-content\/uploads\/2026\/01\/IMG_9405-87x116.jpeg 87w, https:\/\/driewes.de\/wp-content\/uploads\/2026\/01\/IMG_9405.jpeg 1512w\" sizes=\"auto, (max-width: 768px) 100vw, 768px\" \/><\/figure>\n\n\n\n<figure class=\"wp-block-image size-large\"><img loading=\"lazy\" decoding=\"async\" width=\"768\" height=\"1024\" data-id=\"2327\" src=\"https:\/\/driewes.de\/wp-content\/uploads\/2026\/01\/IMG_0323-768x1024.jpeg\" alt=\"\" class=\"wp-image-2327\" srcset=\"https:\/\/driewes.de\/wp-content\/uploads\/2026\/01\/IMG_0323-768x1024.jpeg 768w, https:\/\/driewes.de\/wp-content\/uploads\/2026\/01\/IMG_0323-225x300.jpeg 225w, https:\/\/driewes.de\/wp-content\/uploads\/2026\/01\/IMG_0323-1152x1536.jpeg 1152w, https:\/\/driewes.de\/wp-content\/uploads\/2026\/01\/IMG_0323-87x116.jpeg 87w, https:\/\/driewes.de\/wp-content\/uploads\/2026\/01\/IMG_0323-rotated.jpeg 1512w\" sizes=\"auto, (max-width: 768px) 100vw, 768px\" \/><\/figure>\n\n\n\n<figure class=\"wp-block-image size-large\"><img loading=\"lazy\" decoding=\"async\" width=\"768\" height=\"1024\" data-id=\"2323\" src=\"https:\/\/driewes.de\/wp-content\/uploads\/2026\/01\/IMG_0315-768x1024.jpeg\" alt=\"\" class=\"wp-image-2323\" srcset=\"https:\/\/driewes.de\/wp-content\/uploads\/2026\/01\/IMG_0315-768x1024.jpeg 768w, https:\/\/driewes.de\/wp-content\/uploads\/2026\/01\/IMG_0315-225x300.jpeg 225w, https:\/\/driewes.de\/wp-content\/uploads\/2026\/01\/IMG_0315-1152x1536.jpeg 1152w, https:\/\/driewes.de\/wp-content\/uploads\/2026\/01\/IMG_0315-1536x2048.jpeg 1536w, https:\/\/driewes.de\/wp-content\/uploads\/2026\/01\/IMG_0315-87x116.jpeg 87w, https:\/\/driewes.de\/wp-content\/uploads\/2026\/01\/IMG_0315-scaled.jpeg 1920w\" sizes=\"auto, (max-width: 768px) 100vw, 768px\" \/><\/figure>\n\n\n\n<figure class=\"wp-block-image size-large\"><img loading=\"lazy\" decoding=\"async\" width=\"768\" height=\"1024\" data-id=\"2325\" src=\"https:\/\/driewes.de\/wp-content\/uploads\/2026\/01\/IMG_0319-768x1024.jpeg\" alt=\"\" class=\"wp-image-2325\" srcset=\"https:\/\/driewes.de\/wp-content\/uploads\/2026\/01\/IMG_0319-768x1024.jpeg 768w, https:\/\/driewes.de\/wp-content\/uploads\/2026\/01\/IMG_0319-225x300.jpeg 225w, https:\/\/driewes.de\/wp-content\/uploads\/2026\/01\/IMG_0319-1152x1536.jpeg 1152w, https:\/\/driewes.de\/wp-content\/uploads\/2026\/01\/IMG_0319-87x116.jpeg 87w, https:\/\/driewes.de\/wp-content\/uploads\/2026\/01\/IMG_0319-rotated.jpeg 1512w\" sizes=\"auto, (max-width: 768px) 100vw, 768px\" \/><\/figure>\n\n\n\n<figure class=\"wp-block-image size-large\"><img loading=\"lazy\" decoding=\"async\" width=\"576\" height=\"1024\" data-id=\"2322\" src=\"https:\/\/driewes.de\/wp-content\/uploads\/2026\/01\/IMG_9723-576x1024.jpeg\" alt=\"\" class=\"wp-image-2322\" srcset=\"https:\/\/driewes.de\/wp-content\/uploads\/2026\/01\/IMG_9723-576x1024.jpeg 576w, https:\/\/driewes.de\/wp-content\/uploads\/2026\/01\/IMG_9723-169x300.jpeg 169w, https:\/\/driewes.de\/wp-content\/uploads\/2026\/01\/IMG_9723-768x1365.jpeg 768w, https:\/\/driewes.de\/wp-content\/uploads\/2026\/01\/IMG_9723-864x1536.jpeg 864w, https:\/\/driewes.de\/wp-content\/uploads\/2026\/01\/IMG_9723-65x116.jpeg 65w, https:\/\/driewes.de\/wp-content\/uploads\/2026\/01\/IMG_9723.jpeg 1134w\" sizes=\"auto, (max-width: 576px) 100vw, 576px\" \/><\/figure>\n<\/figure>\n","protected":false},"excerpt":{"rendered":"<p>Wir handeln aus \u00dcberzeugung nach den Prinzipien der Slowflower-Bewegung: Sie steht f\u00fcr nachhaltig und saisonal angebaute Schnittblumen, die ohne Pestizide und mit organischem D\u00fcnger kultiviert werden. Unsere Bio-Blumen kommen direkt von unserem Siegener Feld in die Vase \u2013 frisch, duftend und voller Leben. Ob Tulpen, L\u00f6wenm\u00e4ulchen, Zinnien, Dahlien oder Chrysanthemen \u2013 jede Bl\u00fcte dieser bewusst [&hellip;]<\/p>\n","protected":false},"author":3,"featured_media":2322,"parent":0,"menu_order":0,"comment_status":"closed","ping_status":"closed","template":"","meta":{"footnotes":""},"class_list":["post-2012","page","type-page","status-publish","has-post-thumbnail","hentry"],"_links":{"self":[{"href":"https:\/\/driewes.de\/index.php?rest_route=\/wp\/v2\/pages\/2012","targetHints":{"allow":["GET"]}}],"collection":[{"href":"https:\/\/driewes.de\/index.php?rest_route=\/wp\/v2\/pages"}],"about":[{"href":"https:\/\/driewes.de\/index.php?rest_route=\/wp\/v2\/types\/page"}],"author":[{"embeddable":true,"href":"https:\/\/driewes.de\/index.php?rest_route=\/wp\/v2\/users\/3"}],"replies":[{"embeddable":true,"href":"https:\/\/driewes.de\/index.php?rest_route=%2Fwp%2Fv2%2Fcomments&post=2012"}],"version-history":[{"count":21,"href":"https:\/\/driewes.de\/index.php?rest_route=\/wp\/v2\/pages\/2012\/revisions"}],"predecessor-version":[{"id":2392,"href":"https:\/\/driewes.de\/index.php?rest_route=\/wp\/v2\/pages\/2012\/revisions\/2392"}],"wp:featuredmedia":[{"embeddable":true,"href":"https:\/\/driewes.de\/index.php?rest_route=\/wp\/v2\/media\/2322"}],"wp:attachment":[{"href":"https:\/\/driewes.de\/index.php?rest_route=%2Fwp%2Fv2%2Fmedia&parent=2012"}],"curies":[{"name":"wp","href":"https:\/\/api.w.org\/{rel}","templated":true}]}}