{"id":1842,"date":"2022-10-23T14:14:15","date_gmt":"2022-10-23T12:14:15","guid":{"rendered":"https:\/\/driewes.de\/?page_id=1842"},"modified":"2023-03-26T17:23:36","modified_gmt":"2023-03-26T15:23:36","slug":"connect-adventskalender","status":"publish","type":"page","link":"https:\/\/driewes.de\/?page_id=1842","title":{"rendered":"connect AdventsBox"},"content":{"rendered":"\n<p><strong>Der erste AdventsBox um gemeinsam in die Adventszeit zu starten&nbsp;<\/strong><\/p>\n\n\n\n<p>Wir wollen etwas f\u00fcr die Gemeinschaft tun und  haben uns gedacht, das nat\u00fcrlich nicht alleine zu tun.  Deshalb gibt es die herzliche Einladung, Teil der ersten Siegener&nbsp;<strong>connect<\/strong>&nbsp;AdventsBox zu werden.&nbsp;Das soll nat\u00fcrlich kein AdventsBox von der Stange werden.&nbsp;Etwas Spezielles und Besonderes passt viel besser zu den au\u00dfergew\u00f6hnlichen Menschen in unserer Stadt, die sich gemeinsam eine Freude bereiten m\u00f6chten.<\/p>\n\n\n\n<p><strong>Die Idee ist die:<\/strong><br>Du packst 12 P\u00e4ckchen deiner Wahl mit Selbst-Gemachtem ( ob Seife, Kerze, Duft, Gedanken, Blumensamen, Kartengru\u00df, Apfel,&nbsp;oder, oder). Jedes P\u00e4ckchen sollte maximal 1,50 \u20ac kosten. Wir stellen aus euren vielen Nettigkeiten dann die erste Siegener&nbsp;<strong>connect<\/strong>&nbsp;AdventsBox zusammen, die wir Euch kurz vor Nikolaus bei Feuer und Holunderpunsch \u00fcberreichen. Die zw\u00f6lfte Box \u00fcberreichen wir als Spende dem Team des Umsonstladens Siegen. <br>Es geht nicht um das Gro\u00dfe, sondern um das kleine Feine von Herzen, was jeder gerne an die Gemeinschaft weitergeben m\u00f6chte.&nbsp;<\/p>\n\n\n\n<figure class=\"wp-block-gallery has-nested-images columns-default is-cropped wp-block-gallery-1 is-layout-flex wp-block-gallery-is-layout-flex\">\n<figure class=\"wp-block-image size-medium\"><a href=\"https:\/\/driewes.de\/wp-content\/uploads\/2023\/03\/IMG_9874-rotated.jpg\"><img loading=\"lazy\" decoding=\"async\" width=\"225\" height=\"300\" data-id=\"1936\" src=\"https:\/\/driewes.de\/wp-content\/uploads\/2023\/03\/IMG_9874-225x300.jpg\" alt=\"\" class=\"wp-image-1936\" srcset=\"https:\/\/driewes.de\/wp-content\/uploads\/2023\/03\/IMG_9874-225x300.jpg 225w, https:\/\/driewes.de\/wp-content\/uploads\/2023\/03\/IMG_9874-87x116.jpg 87w, https:\/\/driewes.de\/wp-content\/uploads\/2023\/03\/IMG_9874-rotated.jpg 480w\" sizes=\"auto, (max-width: 225px) 100vw, 225px\" \/><\/a><figcaption class=\"wp-element-caption\">Eure P\u00e4ckchen sind eingetrudelt &#8230;<\/figcaption><\/figure>\n\n\n\n<figure class=\"wp-block-image size-large\"><a href=\"https:\/\/driewes.de\/wp-content\/uploads\/2023\/03\/IMG_9878-rotated.jpg\"><img loading=\"lazy\" decoding=\"async\" width=\"480\" height=\"640\" data-id=\"1934\" src=\"https:\/\/driewes.de\/wp-content\/uploads\/2023\/03\/IMG_9878-rotated.jpg\" alt=\"\" class=\"wp-image-1934\" srcset=\"https:\/\/driewes.de\/wp-content\/uploads\/2023\/03\/IMG_9878-rotated.jpg 480w, https:\/\/driewes.de\/wp-content\/uploads\/2023\/03\/IMG_9878-225x300.jpg 225w, https:\/\/driewes.de\/wp-content\/uploads\/2023\/03\/IMG_9878-87x116.jpg 87w\" sizes=\"auto, (max-width: 480px) 100vw, 480px\" \/><\/a><figcaption class=\"wp-element-caption\">wir packen eure Adeventsboxen&#8230;<\/figcaption><\/figure>\n\n\n\n<figure class=\"wp-block-image size-large\"><a href=\"https:\/\/driewes.de\/wp-content\/uploads\/2023\/03\/IMG_9880-rotated.jpg\"><img loading=\"lazy\" decoding=\"async\" width=\"480\" height=\"640\" data-id=\"1930\" src=\"https:\/\/driewes.de\/wp-content\/uploads\/2023\/03\/IMG_9880-rotated.jpg\" alt=\"\" class=\"wp-image-1930\" srcset=\"https:\/\/driewes.de\/wp-content\/uploads\/2023\/03\/IMG_9880-rotated.jpg 480w, https:\/\/driewes.de\/wp-content\/uploads\/2023\/03\/IMG_9880-225x300.jpg 225w, https:\/\/driewes.de\/wp-content\/uploads\/2023\/03\/IMG_9880-87x116.jpg 87w\" sizes=\"auto, (max-width: 480px) 100vw, 480px\" \/><\/a><figcaption class=\"wp-element-caption\">die fertige Adventsbox<\/figcaption><\/figure>\n\n\n\n<figure class=\"wp-block-image size-large\"><a href=\"https:\/\/driewes.de\/wp-content\/uploads\/2023\/03\/IMG_9881-rotated.jpg\"><img loading=\"lazy\" decoding=\"async\" width=\"480\" height=\"640\" data-id=\"1927\" src=\"https:\/\/driewes.de\/wp-content\/uploads\/2023\/03\/IMG_9881-rotated.jpg\" alt=\"\" class=\"wp-image-1927\" srcset=\"https:\/\/driewes.de\/wp-content\/uploads\/2023\/03\/IMG_9881-rotated.jpg 480w, https:\/\/driewes.de\/wp-content\/uploads\/2023\/03\/IMG_9881-225x300.jpg 225w, https:\/\/driewes.de\/wp-content\/uploads\/2023\/03\/IMG_9881-87x116.jpg 87w\" sizes=\"auto, (max-width: 480px) 100vw, 480px\" \/><\/a><figcaption class=\"wp-element-caption\">Alles sch\u00f6n verpackt von Euch<\/figcaption><\/figure>\n\n\n\n<figure class=\"wp-block-image size-large\"><a href=\"https:\/\/driewes.de\/wp-content\/uploads\/2023\/03\/IMG_9883-rotated.jpg\"><img loading=\"lazy\" decoding=\"async\" width=\"480\" height=\"640\" data-id=\"1926\" src=\"https:\/\/driewes.de\/wp-content\/uploads\/2023\/03\/IMG_9883-rotated.jpg\" alt=\"\" class=\"wp-image-1926\" srcset=\"https:\/\/driewes.de\/wp-content\/uploads\/2023\/03\/IMG_9883-rotated.jpg 480w, https:\/\/driewes.de\/wp-content\/uploads\/2023\/03\/IMG_9883-225x300.jpg 225w, https:\/\/driewes.de\/wp-content\/uploads\/2023\/03\/IMG_9883-87x116.jpg 87w\" sizes=\"auto, (max-width: 480px) 100vw, 480px\" \/><\/a><figcaption class=\"wp-element-caption\">Eine kleine Bedienungsanleitung&#8230;.<\/figcaption><\/figure>\n\n\n\n<figure class=\"wp-block-image size-large\"><a href=\"https:\/\/driewes.de\/wp-content\/uploads\/2023\/03\/IMG_9915-rotated.jpg\"><img loading=\"lazy\" decoding=\"async\" width=\"480\" height=\"640\" data-id=\"1928\" src=\"https:\/\/driewes.de\/wp-content\/uploads\/2023\/03\/IMG_9915-rotated.jpg\" alt=\"\" class=\"wp-image-1928\" srcset=\"https:\/\/driewes.de\/wp-content\/uploads\/2023\/03\/IMG_9915-rotated.jpg 480w, https:\/\/driewes.de\/wp-content\/uploads\/2023\/03\/IMG_9915-225x300.jpg 225w, https:\/\/driewes.de\/wp-content\/uploads\/2023\/03\/IMG_9915-87x116.jpg 87w\" sizes=\"auto, (max-width: 480px) 100vw, 480px\" \/><\/a><figcaption class=\"wp-element-caption\">Feierliche \u00dcbergabe der Adventsboxen&#8230;<\/figcaption><\/figure>\n\n\n\n<figure class=\"wp-block-image size-large\"><a href=\"https:\/\/driewes.de\/wp-content\/uploads\/2023\/03\/IMG_9914-rotated.jpg\"><img loading=\"lazy\" decoding=\"async\" width=\"480\" height=\"640\" data-id=\"1925\" src=\"https:\/\/driewes.de\/wp-content\/uploads\/2023\/03\/IMG_9914-rotated.jpg\" alt=\"\" class=\"wp-image-1925\" srcset=\"https:\/\/driewes.de\/wp-content\/uploads\/2023\/03\/IMG_9914-rotated.jpg 480w, https:\/\/driewes.de\/wp-content\/uploads\/2023\/03\/IMG_9914-225x300.jpg 225w, https:\/\/driewes.de\/wp-content\/uploads\/2023\/03\/IMG_9914-87x116.jpg 87w\" sizes=\"auto, (max-width: 480px) 100vw, 480px\" \/><\/a><figcaption class=\"wp-element-caption\">mit Holunderpunsch und Adventsfeuer&#8230;.<\/figcaption><\/figure>\n\n\n\n<figure class=\"wp-block-image size-large\"><a href=\"https:\/\/driewes.de\/wp-content\/uploads\/2023\/03\/8165eb4b-9ec2-44a0-90d2-5f1d593726f3.jpg\"><img loading=\"lazy\" decoding=\"async\" width=\"1024\" height=\"768\" data-id=\"1932\" src=\"https:\/\/driewes.de\/wp-content\/uploads\/2023\/03\/8165eb4b-9ec2-44a0-90d2-5f1d593726f3.jpg\" alt=\"\" class=\"wp-image-1932\" srcset=\"https:\/\/driewes.de\/wp-content\/uploads\/2023\/03\/8165eb4b-9ec2-44a0-90d2-5f1d593726f3.jpg 1024w, https:\/\/driewes.de\/wp-content\/uploads\/2023\/03\/8165eb4b-9ec2-44a0-90d2-5f1d593726f3-300x225.jpg 300w, https:\/\/driewes.de\/wp-content\/uploads\/2023\/03\/8165eb4b-9ec2-44a0-90d2-5f1d593726f3-768x576.jpg 768w, https:\/\/driewes.de\/wp-content\/uploads\/2023\/03\/8165eb4b-9ec2-44a0-90d2-5f1d593726f3-155x116.jpg 155w\" sizes=\"auto, (max-width: 1024px) 100vw, 1024px\" \/><\/a><\/figure>\n\n\n\n<figure class=\"wp-block-image size-large\"><a href=\"https:\/\/driewes.de\/wp-content\/uploads\/2023\/03\/IMG_9919-rotated.jpg\"><img loading=\"lazy\" decoding=\"async\" width=\"480\" height=\"640\" data-id=\"1929\" src=\"https:\/\/driewes.de\/wp-content\/uploads\/2023\/03\/IMG_9919-rotated.jpg\" alt=\"\" class=\"wp-image-1929\" srcset=\"https:\/\/driewes.de\/wp-content\/uploads\/2023\/03\/IMG_9919-rotated.jpg 480w, https:\/\/driewes.de\/wp-content\/uploads\/2023\/03\/IMG_9919-225x300.jpg 225w, https:\/\/driewes.de\/wp-content\/uploads\/2023\/03\/IMG_9919-87x116.jpg 87w\" sizes=\"auto, (max-width: 480px) 100vw, 480px\" \/><\/a><figcaption class=\"wp-element-caption\">sich kennenlernen&#8230;.und quatschen<\/figcaption><\/figure>\n\n\n\n<figure class=\"wp-block-image size-large\"><a href=\"https:\/\/driewes.de\/wp-content\/uploads\/2023\/03\/IMG_9922-rotated.jpg\"><img loading=\"lazy\" decoding=\"async\" width=\"480\" height=\"640\" data-id=\"1931\" src=\"https:\/\/driewes.de\/wp-content\/uploads\/2023\/03\/IMG_9922-rotated.jpg\" alt=\"\" class=\"wp-image-1931\" srcset=\"https:\/\/driewes.de\/wp-content\/uploads\/2023\/03\/IMG_9922-rotated.jpg 480w, https:\/\/driewes.de\/wp-content\/uploads\/2023\/03\/IMG_9922-225x300.jpg 225w, https:\/\/driewes.de\/wp-content\/uploads\/2023\/03\/IMG_9922-87x116.jpg 87w\" sizes=\"auto, (max-width: 480px) 100vw, 480px\" \/><\/a><figcaption class=\"wp-element-caption\">sch\u00f6n dass Ihr dabei wart&#8230;.<\/figcaption><\/figure>\n\n\n\n<figure class=\"wp-block-image size-large\"><a href=\"https:\/\/driewes.de\/wp-content\/uploads\/2023\/03\/388262b0-aaf7-457c-9925-3eae8d9606c4.jpg\"><img loading=\"lazy\" decoding=\"async\" width=\"1024\" height=\"768\" data-id=\"1937\" src=\"https:\/\/driewes.de\/wp-content\/uploads\/2023\/03\/388262b0-aaf7-457c-9925-3eae8d9606c4.jpg\" alt=\"\" class=\"wp-image-1937\" srcset=\"https:\/\/driewes.de\/wp-content\/uploads\/2023\/03\/388262b0-aaf7-457c-9925-3eae8d9606c4.jpg 1024w, https:\/\/driewes.de\/wp-content\/uploads\/2023\/03\/388262b0-aaf7-457c-9925-3eae8d9606c4-300x225.jpg 300w, https:\/\/driewes.de\/wp-content\/uploads\/2023\/03\/388262b0-aaf7-457c-9925-3eae8d9606c4-768x576.jpg 768w, https:\/\/driewes.de\/wp-content\/uploads\/2023\/03\/388262b0-aaf7-457c-9925-3eae8d9606c4-155x116.jpg 155w\" sizes=\"auto, (max-width: 1024px) 100vw, 1024px\" \/><\/a><figcaption class=\"wp-element-caption\">Bis zum n\u00e4chsten Jahr!<\/figcaption><\/figure>\n<\/figure>\n","protected":false},"excerpt":{"rendered":"<p>Der erste AdventsBox um gemeinsam in die Adventszeit zu starten&nbsp; Wir wollen etwas f\u00fcr die Gemeinschaft tun und haben uns gedacht, das nat\u00fcrlich nicht alleine zu tun. Deshalb gibt es die herzliche Einladung, Teil der ersten Siegener&nbsp;connect&nbsp;AdventsBox zu werden.&nbsp;Das soll nat\u00fcrlich kein AdventsBox von der Stange werden.&nbsp;Etwas Spezielles und Besonderes passt viel besser zu den [&hellip;]<\/p>\n","protected":false},"author":3,"featured_media":0,"parent":0,"menu_order":0,"comment_status":"closed","ping_status":"closed","template":"","meta":{"footnotes":""},"class_list":["post-1842","page","type-page","status-publish","hentry"],"_links":{"self":[{"href":"https:\/\/driewes.de\/index.php?rest_route=\/wp\/v2\/pages\/1842","targetHints":{"allow":["GET"]}}],"collection":[{"href":"https:\/\/driewes.de\/index.php?rest_route=\/wp\/v2\/pages"}],"about":[{"href":"https:\/\/driewes.de\/index.php?rest_route=\/wp\/v2\/types\/page"}],"author":[{"embeddable":true,"href":"https:\/\/driewes.de\/index.php?rest_route=\/wp\/v2\/users\/3"}],"replies":[{"embeddable":true,"href":"https:\/\/driewes.de\/index.php?rest_route=%2Fwp%2Fv2%2Fcomments&post=1842"}],"version-history":[{"count":7,"href":"https:\/\/driewes.de\/index.php?rest_route=\/wp\/v2\/pages\/1842\/revisions"}],"predecessor-version":[{"id":1940,"href":"https:\/\/driewes.de\/index.php?rest_route=\/wp\/v2\/pages\/1842\/revisions\/1940"}],"wp:attachment":[{"href":"https:\/\/driewes.de\/index.php?rest_route=%2Fwp%2Fv2%2Fmedia&parent=1842"}],"curies":[{"name":"wp","href":"https:\/\/api.w.org\/{rel}","templated":true}]}}