{"id":1833,"date":"2022-10-23T13:44:31","date_gmt":"2022-10-23T11:44:31","guid":{"rendered":"https:\/\/driewes.de\/?page_id=1833"},"modified":"2023-10-25T15:21:37","modified_gmt":"2023-10-25T13:21:37","slug":"driewes_connect","status":"publish","type":"page","link":"https:\/\/driewes.de\/?page_id=1833","title":{"rendered":"driewes connect"},"content":{"rendered":"\n<p>Was ist driewes connect?<\/p>\n\n\n\n<p>Mit driewes connect m\u00f6chten wir Menschen in unserer Region auf ganz unterschiedliche Art und Weise miteinander vernetzen. Ob ein Spaziergang zu den <a href=\"https:\/\/driewes.de\/?page_id=1880\">Gl\u00fccksorten in und um Siegen<\/a> , ein <a href=\"https:\/\/driewes.de\/?page_id=1850\">flying Dinner<\/a> oder die <a href=\"https:\/\/driewes.de\/?page_id=1842\">connect-Adventsbox<\/a> &#8230;.. jedes Format ist m\u00f6glich. Die connect <a href=\"https:\/\/driewes.de\/?page_id=1970\">Advents-Mailbox<\/a> ist das aktuelle Projekt f\u00fcr die Adventszeit 2023.<\/p>\n\n\n\n<figure class=\"wp-block-image size-large\"><img loading=\"lazy\" decoding=\"async\" width=\"1024\" height=\"303\" src=\"https:\/\/driewes.de\/wp-content\/uploads\/2022\/10\/Entwurf01_titel-1024x303.jpg\" alt=\"\" class=\"wp-image-1837\" srcset=\"https:\/\/driewes.de\/wp-content\/uploads\/2022\/10\/Entwurf01_titel-1024x303.jpg 1024w, https:\/\/driewes.de\/wp-content\/uploads\/2022\/10\/Entwurf01_titel-300x89.jpg 300w, https:\/\/driewes.de\/wp-content\/uploads\/2022\/10\/Entwurf01_titel-768x227.jpg 768w, https:\/\/driewes.de\/wp-content\/uploads\/2022\/10\/Entwurf01_titel-1536x454.jpg 1536w, https:\/\/driewes.de\/wp-content\/uploads\/2022\/10\/Entwurf01_titel-2048x606.jpg 2048w, https:\/\/driewes.de\/wp-content\/uploads\/2022\/10\/Entwurf01_titel-228x67.jpg 228w\" sizes=\"auto, (max-width: 1024px) 100vw, 1024px\" \/><\/figure>\n","protected":false},"excerpt":{"rendered":"<p>Was ist driewes connect? Mit driewes connect m\u00f6chten wir Menschen in unserer Region auf ganz unterschiedliche Art und Weise miteinander vernetzen. Ob ein Spaziergang zu den Gl\u00fccksorten in und um Siegen , ein flying Dinner oder die connect-Adventsbox &#8230;.. jedes Format ist m\u00f6glich. Die connect Advents-Mailbox ist das aktuelle Projekt f\u00fcr die Adventszeit 2023.<\/p>\n","protected":false},"author":2,"featured_media":0,"parent":0,"menu_order":0,"comment_status":"closed","ping_status":"closed","template":"","meta":{"footnotes":""},"class_list":["post-1833","page","type-page","status-publish","hentry"],"_links":{"self":[{"href":"https:\/\/driewes.de\/index.php?rest_route=\/wp\/v2\/pages\/1833","targetHints":{"allow":["GET"]}}],"collection":[{"href":"https:\/\/driewes.de\/index.php?rest_route=\/wp\/v2\/pages"}],"about":[{"href":"https:\/\/driewes.de\/index.php?rest_route=\/wp\/v2\/types\/page"}],"author":[{"embeddable":true,"href":"https:\/\/driewes.de\/index.php?rest_route=\/wp\/v2\/users\/2"}],"replies":[{"embeddable":true,"href":"https:\/\/driewes.de\/index.php?rest_route=%2Fwp%2Fv2%2Fcomments&post=1833"}],"version-history":[{"count":10,"href":"https:\/\/driewes.de\/index.php?rest_route=\/wp\/v2\/pages\/1833\/revisions"}],"predecessor-version":[{"id":1973,"href":"https:\/\/driewes.de\/index.php?rest_route=\/wp\/v2\/pages\/1833\/revisions\/1973"}],"wp:attachment":[{"href":"https:\/\/driewes.de\/index.php?rest_route=%2Fwp%2Fv2%2Fmedia&parent=1833"}],"curies":[{"name":"wp","href":"https:\/\/api.w.org\/{rel}","templated":true}]}}