{"id":1779,"date":"2022-05-08T10:54:22","date_gmt":"2022-05-08T08:54:22","guid":{"rendered":"https:\/\/driewes.de\/?page_id=1779"},"modified":"2022-05-08T11:00:04","modified_gmt":"2022-05-08T09:00:04","slug":"sauerampferbutter","status":"publish","type":"page","link":"https:\/\/driewes.de\/?page_id=1779","title":{"rendered":"SauerampferButter"},"content":{"rendered":"\n<figure class=\"wp-block-image size-large is-resized\"><img loading=\"lazy\" decoding=\"async\" src=\"https:\/\/driewes.de\/wp-content\/uploads\/2022\/05\/IMG_5498-768x1024.jpg\" alt=\"\" class=\"wp-image-1780\" width=\"940\" height=\"940\" srcset=\"https:\/\/driewes.de\/wp-content\/uploads\/2022\/05\/IMG_5498-150x150.jpg 150w, https:\/\/driewes.de\/wp-content\/uploads\/2022\/05\/IMG_5498-70x70.jpg 70w, https:\/\/driewes.de\/wp-content\/uploads\/2022\/05\/IMG_5498-127x127.jpg 127w, https:\/\/driewes.de\/wp-content\/uploads\/2022\/05\/IMG_5498-476x476.jpg 476w, https:\/\/driewes.de\/wp-content\/uploads\/2022\/05\/IMG_5498-125x125.jpg 125w\" sizes=\"auto, (max-width: 940px) 100vw, 940px\" \/><figcaption><br>Sauerampfer ist ein wild wachsendes Kraut, das zu den Kn\u00f6terichgew\u00e4chsen geh\u00f6rt und aus Europa stammt. Charakteristisch sind die langen, pfeilf\u00f6rmigen Bl\u00e4tter, die an\u00a0Spinat\u00a0erinnern.\u00a0Die unverwechselbare S\u00e4ure des Sauerampfers verleiht Gerichten ein tolles Aroma.\u00a0<br>\u00a0<br><strong>SAUERAMPFER-BUTTER<\/strong><br>\u00a0<br>250 g Butter<br>75 g Sauerampfer<br>1 gestrichenen Teel\u00f6ffel Salz<br>2 Zehen Knoblauch<br>\u00a0<br>Die Sauerampferbl\u00e4tter gut waschen, abtropfen und sehr fein hacken. Den Knoblauch sch\u00e4len und ebenfalls fein hacken. Nun alle Zutaten mit der zimmerwarmen Butter vermengen. Im K\u00fchlschrank eine Stunde fest werden lassen. Dieses Rezept von der Sauerampfer-Butter unbedingt im Fr\u00fchling probieren. Sie schmeckt besonders zu Gegrilltem oder auf eine Scheibe Roggenbrot.<br><br><br><br>\u00a0<br><br>\u00a0<\/figcaption><\/figure>\n\n\n\n<figure class=\"wp-block-gallery has-nested-images columns-default is-cropped wp-block-gallery-1 is-layout-flex wp-block-gallery-is-layout-flex\">\n<figure class=\"wp-block-image size-large\"><a href=\"https:\/\/driewes.de\/wp-content\/uploads\/2022\/05\/IMG_5499-rotated.jpg\"><img loading=\"lazy\" decoding=\"async\" width=\"768\" height=\"1024\" data-id=\"1786\" src=\"https:\/\/driewes.de\/wp-content\/uploads\/2022\/05\/IMG_5499-768x1024.jpg\" alt=\"\" class=\"wp-image-1786\" srcset=\"https:\/\/driewes.de\/wp-content\/uploads\/2022\/05\/IMG_5499-768x1024.jpg 768w, https:\/\/driewes.de\/wp-content\/uploads\/2022\/05\/IMG_5499-225x300.jpg 225w, https:\/\/driewes.de\/wp-content\/uploads\/2022\/05\/IMG_5499-1152x1536.jpg 1152w, https:\/\/driewes.de\/wp-content\/uploads\/2022\/05\/IMG_5499-87x116.jpg 87w, https:\/\/driewes.de\/wp-content\/uploads\/2022\/05\/IMG_5499-rotated.jpg 1512w\" sizes=\"auto, (max-width: 768px) 100vw, 768px\" \/><\/a><\/figure>\n\n\n\n<figure class=\"wp-block-image size-large\"><a href=\"https:\/\/driewes.de\/wp-content\/uploads\/2022\/05\/IMG_5511-rotated.jpg\"><img loading=\"lazy\" decoding=\"async\" width=\"768\" height=\"1024\" data-id=\"1784\" src=\"https:\/\/driewes.de\/wp-content\/uploads\/2022\/05\/IMG_5511-768x1024.jpg\" alt=\"\" class=\"wp-image-1784\" srcset=\"https:\/\/driewes.de\/wp-content\/uploads\/2022\/05\/IMG_5511-768x1024.jpg 768w, https:\/\/driewes.de\/wp-content\/uploads\/2022\/05\/IMG_5511-225x300.jpg 225w, https:\/\/driewes.de\/wp-content\/uploads\/2022\/05\/IMG_5511-1152x1536.jpg 1152w, https:\/\/driewes.de\/wp-content\/uploads\/2022\/05\/IMG_5511-87x116.jpg 87w, https:\/\/driewes.de\/wp-content\/uploads\/2022\/05\/IMG_5511-rotated.jpg 1512w\" sizes=\"auto, (max-width: 768px) 100vw, 768px\" \/><\/a><\/figure>\n\n\n\n<figure class=\"wp-block-image size-large\"><a href=\"https:\/\/driewes.de\/wp-content\/uploads\/2022\/05\/IMG_5512-rotated.jpg\"><img loading=\"lazy\" decoding=\"async\" width=\"768\" height=\"1024\" data-id=\"1785\" src=\"https:\/\/driewes.de\/wp-content\/uploads\/2022\/05\/IMG_5512-768x1024.jpg\" alt=\"\" class=\"wp-image-1785\" srcset=\"https:\/\/driewes.de\/wp-content\/uploads\/2022\/05\/IMG_5512-768x1024.jpg 768w, https:\/\/driewes.de\/wp-content\/uploads\/2022\/05\/IMG_5512-225x300.jpg 225w, https:\/\/driewes.de\/wp-content\/uploads\/2022\/05\/IMG_5512-1152x1536.jpg 1152w, https:\/\/driewes.de\/wp-content\/uploads\/2022\/05\/IMG_5512-87x116.jpg 87w, https:\/\/driewes.de\/wp-content\/uploads\/2022\/05\/IMG_5512-rotated.jpg 1512w\" sizes=\"auto, (max-width: 768px) 100vw, 768px\" \/><\/a><\/figure>\n<\/figure>\n","protected":false},"excerpt":{"rendered":"","protected":false},"author":3,"featured_media":0,"parent":0,"menu_order":0,"comment_status":"closed","ping_status":"closed","template":"","meta":{"footnotes":""},"class_list":["post-1779","page","type-page","status-publish","hentry"],"_links":{"self":[{"href":"https:\/\/driewes.de\/index.php?rest_route=\/wp\/v2\/pages\/1779","targetHints":{"allow":["GET"]}}],"collection":[{"href":"https:\/\/driewes.de\/index.php?rest_route=\/wp\/v2\/pages"}],"about":[{"href":"https:\/\/driewes.de\/index.php?rest_route=\/wp\/v2\/types\/page"}],"author":[{"embeddable":true,"href":"https:\/\/driewes.de\/index.php?rest_route=\/wp\/v2\/users\/3"}],"replies":[{"embeddable":true,"href":"https:\/\/driewes.de\/index.php?rest_route=%2Fwp%2Fv2%2Fcomments&post=1779"}],"version-history":[{"count":2,"href":"https:\/\/driewes.de\/index.php?rest_route=\/wp\/v2\/pages\/1779\/revisions"}],"predecessor-version":[{"id":1787,"href":"https:\/\/driewes.de\/index.php?rest_route=\/wp\/v2\/pages\/1779\/revisions\/1787"}],"wp:attachment":[{"href":"https:\/\/driewes.de\/index.php?rest_route=%2Fwp%2Fv2%2Fmedia&parent=1779"}],"curies":[{"name":"wp","href":"https:\/\/api.w.org\/{rel}","templated":true}]}}