{"id":1729,"date":"2021-10-14T10:05:04","date_gmt":"2021-10-14T08:05:04","guid":{"rendered":"https:\/\/driewes.de\/?page_id=1729"},"modified":"2021-10-14T10:05:04","modified_gmt":"2021-10-14T08:05:04","slug":"quittenmus","status":"publish","type":"page","link":"https:\/\/driewes.de\/?page_id=1729","title":{"rendered":"Quittenmus"},"content":{"rendered":"\n<figure class=\"wp-block-image size-large\"><img loading=\"lazy\" decoding=\"async\" width=\"1024\" height=\"768\" src=\"https:\/\/driewes.de\/wp-content\/uploads\/2021\/10\/image4-1-1024x768.jpeg\" alt=\"\" class=\"wp-image-1726\" srcset=\"https:\/\/driewes.de\/wp-content\/uploads\/2021\/10\/image4-1-1024x768.jpeg 1024w, https:\/\/driewes.de\/wp-content\/uploads\/2021\/10\/image4-1-300x225.jpeg 300w, https:\/\/driewes.de\/wp-content\/uploads\/2021\/10\/image4-1-768x576.jpeg 768w, https:\/\/driewes.de\/wp-content\/uploads\/2021\/10\/image4-1-1536x1152.jpeg 1536w, https:\/\/driewes.de\/wp-content\/uploads\/2021\/10\/image4-1-155x116.jpeg 155w, https:\/\/driewes.de\/wp-content\/uploads\/2021\/10\/image4-1.jpeg 1632w\" sizes=\"auto, (max-width: 1024px) 100vw, 1024px\" \/><\/figure>\n\n\n\n<p>Zutaten:<\/p>\n\n\n\n<p>&nbsp;1 kg Quitten<\/p>\n\n\n\n<p>1 l Wasser<\/p>\n\n\n\n<p>300-400 g Zucker<\/p>\n\n\n\n<p>1 Zimtstange<\/p>\n\n\n\n<p>1\/2 TL Piment<\/p>\n\n\n\n<p>1 Biozitrone<\/p>\n\n\n\n<p>Eine Flotte Lotte<\/p>\n\n\n\n<p>Quitten gut abreiben, entstielen und in grobe St\u00fccke schneiden. Sofort mit etwas Zitronensaft vermischen. 1 Liter Wasser mit dem Zucker und den Gew\u00fcrzen aufkochen. Die d\u00fcnn abgesch\u00e4lte Zitronenschale dazugeben und die hei\u00dfe Fl\u00fcssigkeit in einem weiteren gro\u00dfen Topf \u00fcber die Quitten gie\u00dfen.<\/p>\n\n\n\n<p>Alles mind. 24 Stunden im zugedeckten Topf ziehen lassen. Ggf. Nach 12 Stunden die Quitten mit einem Schauml\u00f6ffel entnehmen, die verbleibende Fl\u00fcssigkeit erneut aufkochen und wieder mit den Quitten vermischen.<\/p>\n\n\n\n<p>Nach dem Ziehen alles zusammen zum Kochen bringen und so lange k\u00f6cheln. Bis die Quitten weich sind.<\/p>\n\n\n\n<p>Dann alles durch die flotte Lotte gie\u00dfen und passieren, bis nur noch wenig Schalenreste und Kerne \u00fcbrig bleiben (evtl. In 2 Schritten).<\/p>\n\n\n\n<p>Die Masse durchr\u00fchren und erhitzen und in <strong>sterilisierte Gl\u00e4ser<\/strong> abf\u00fcllen.<\/p>\n\n\n\n<p>Das Mus ist ca. 1 Jahr lagerf\u00e4hig und gut geeignet als:<\/p>\n\n\n\n<ul class=\"wp-block-list\"><li>Brotaufstrich\/Fruchtaufstrich<\/li><li>Beilage zu K\u00e4se<\/li><li>Beilage zu Fleischgerichten<\/li><\/ul>\n\n\n\n<figure class=\"wp-block-gallery columns-3 is-cropped wp-block-gallery-1 is-layout-flex wp-block-gallery-is-layout-flex\"><ul class=\"blocks-gallery-grid\"><li class=\"blocks-gallery-item\"><figure><a href=\"https:\/\/driewes.de\/wp-content\/uploads\/2021\/10\/image0-3.jpeg\"><img loading=\"lazy\" decoding=\"async\" width=\"768\" height=\"1024\" src=\"https:\/\/driewes.de\/wp-content\/uploads\/2021\/10\/image0-3-768x1024.jpeg\" alt=\"\" data-id=\"1722\" data-full-url=\"https:\/\/driewes.de\/wp-content\/uploads\/2021\/10\/image0-3.jpeg\" data-link=\"https:\/\/driewes.de\/?attachment_id=1722\" class=\"wp-image-1722\" srcset=\"https:\/\/driewes.de\/wp-content\/uploads\/2021\/10\/image0-3-768x1024.jpeg 768w, https:\/\/driewes.de\/wp-content\/uploads\/2021\/10\/image0-3-225x300.jpeg 225w, https:\/\/driewes.de\/wp-content\/uploads\/2021\/10\/image0-3-87x116.jpeg 87w, https:\/\/driewes.de\/wp-content\/uploads\/2021\/10\/image0-3.jpeg 960w\" sizes=\"auto, (max-width: 768px) 100vw, 768px\" \/><\/a><\/figure><\/li><li class=\"blocks-gallery-item\"><figure><a href=\"https:\/\/driewes.de\/wp-content\/uploads\/2021\/10\/image1-2.jpeg\"><img loading=\"lazy\" decoding=\"async\" width=\"1024\" height=\"1024\" src=\"https:\/\/driewes.de\/wp-content\/uploads\/2021\/10\/image1-2-1024x1024.jpeg\" alt=\"\" data-id=\"1723\" data-full-url=\"https:\/\/driewes.de\/wp-content\/uploads\/2021\/10\/image1-2.jpeg\" data-link=\"https:\/\/driewes.de\/?attachment_id=1723\" class=\"wp-image-1723\" srcset=\"https:\/\/driewes.de\/wp-content\/uploads\/2021\/10\/image1-2-1024x1024.jpeg 1024w, https:\/\/driewes.de\/wp-content\/uploads\/2021\/10\/image1-2-300x300.jpeg 300w, https:\/\/driewes.de\/wp-content\/uploads\/2021\/10\/image1-2-150x150.jpeg 150w, https:\/\/driewes.de\/wp-content\/uploads\/2021\/10\/image1-2-768x768.jpeg 768w, https:\/\/driewes.de\/wp-content\/uploads\/2021\/10\/image1-2-70x70.jpeg 70w, https:\/\/driewes.de\/wp-content\/uploads\/2021\/10\/image1-2-127x127.jpeg 127w, https:\/\/driewes.de\/wp-content\/uploads\/2021\/10\/image1-2-476x476.jpeg 476w, https:\/\/driewes.de\/wp-content\/uploads\/2021\/10\/image1-2-125x125.jpeg 125w, https:\/\/driewes.de\/wp-content\/uploads\/2021\/10\/image1-2-116x116.jpeg 116w, https:\/\/driewes.de\/wp-content\/uploads\/2021\/10\/image1-2.jpeg 1280w\" sizes=\"auto, (max-width: 1024px) 100vw, 1024px\" \/><\/a><\/figure><\/li><li class=\"blocks-gallery-item\"><figure><a href=\"https:\/\/driewes.de\/wp-content\/uploads\/2021\/10\/image2.jpeg\"><img loading=\"lazy\" decoding=\"async\" width=\"1024\" height=\"1024\" src=\"https:\/\/driewes.de\/wp-content\/uploads\/2021\/10\/image2-1024x1024.jpeg\" alt=\"\" data-id=\"1724\" data-full-url=\"https:\/\/driewes.de\/wp-content\/uploads\/2021\/10\/image2.jpeg\" data-link=\"https:\/\/driewes.de\/?attachment_id=1724\" class=\"wp-image-1724\" srcset=\"https:\/\/driewes.de\/wp-content\/uploads\/2021\/10\/image2-1024x1024.jpeg 1024w, https:\/\/driewes.de\/wp-content\/uploads\/2021\/10\/image2-300x300.jpeg 300w, https:\/\/driewes.de\/wp-content\/uploads\/2021\/10\/image2-150x150.jpeg 150w, https:\/\/driewes.de\/wp-content\/uploads\/2021\/10\/image2-768x768.jpeg 768w, https:\/\/driewes.de\/wp-content\/uploads\/2021\/10\/image2-70x70.jpeg 70w, https:\/\/driewes.de\/wp-content\/uploads\/2021\/10\/image2-127x127.jpeg 127w, https:\/\/driewes.de\/wp-content\/uploads\/2021\/10\/image2-476x476.jpeg 476w, https:\/\/driewes.de\/wp-content\/uploads\/2021\/10\/image2-125x125.jpeg 125w, https:\/\/driewes.de\/wp-content\/uploads\/2021\/10\/image2-116x116.jpeg 116w, https:\/\/driewes.de\/wp-content\/uploads\/2021\/10\/image2.jpeg 1440w\" sizes=\"auto, (max-width: 1024px) 100vw, 1024px\" \/><\/a><\/figure><\/li><li class=\"blocks-gallery-item\"><figure><a href=\"https:\/\/driewes.de\/wp-content\/uploads\/2021\/10\/image3.jpeg\"><img loading=\"lazy\" decoding=\"async\" width=\"768\" height=\"1024\" src=\"https:\/\/driewes.de\/wp-content\/uploads\/2021\/10\/image3-768x1024.jpeg\" alt=\"\" data-id=\"1725\" data-full-url=\"https:\/\/driewes.de\/wp-content\/uploads\/2021\/10\/image3.jpeg\" data-link=\"https:\/\/driewes.de\/?attachment_id=1725\" class=\"wp-image-1725\" srcset=\"https:\/\/driewes.de\/wp-content\/uploads\/2021\/10\/image3-768x1024.jpeg 768w, https:\/\/driewes.de\/wp-content\/uploads\/2021\/10\/image3-225x300.jpeg 225w, https:\/\/driewes.de\/wp-content\/uploads\/2021\/10\/image3-87x116.jpeg 87w, https:\/\/driewes.de\/wp-content\/uploads\/2021\/10\/image3.jpeg 960w\" sizes=\"auto, (max-width: 768px) 100vw, 768px\" \/><\/a><\/figure><\/li><li class=\"blocks-gallery-item\"><figure><a href=\"https:\/\/driewes.de\/wp-content\/uploads\/2021\/10\/image4-1.jpeg\"><img loading=\"lazy\" decoding=\"async\" width=\"1024\" height=\"768\" src=\"https:\/\/driewes.de\/wp-content\/uploads\/2021\/10\/image4-1-1024x768.jpeg\" alt=\"\" data-id=\"1726\" data-full-url=\"https:\/\/driewes.de\/wp-content\/uploads\/2021\/10\/image4-1.jpeg\" data-link=\"https:\/\/driewes.de\/?attachment_id=1726\" class=\"wp-image-1726\" srcset=\"https:\/\/driewes.de\/wp-content\/uploads\/2021\/10\/image4-1-1024x768.jpeg 1024w, https:\/\/driewes.de\/wp-content\/uploads\/2021\/10\/image4-1-300x225.jpeg 300w, https:\/\/driewes.de\/wp-content\/uploads\/2021\/10\/image4-1-768x576.jpeg 768w, https:\/\/driewes.de\/wp-content\/uploads\/2021\/10\/image4-1-1536x1152.jpeg 1536w, https:\/\/driewes.de\/wp-content\/uploads\/2021\/10\/image4-1-155x116.jpeg 155w, https:\/\/driewes.de\/wp-content\/uploads\/2021\/10\/image4-1.jpeg 1632w\" sizes=\"auto, (max-width: 1024px) 100vw, 1024px\" \/><\/a><\/figure><\/li><\/ul><\/figure>\n","protected":false},"excerpt":{"rendered":"<p>Zutaten: &nbsp;1 kg Quitten 1 l Wasser 300-400 g Zucker 1 Zimtstange 1\/2 TL Piment 1 Biozitrone Eine Flotte Lotte Quitten gut abreiben, entstielen und in grobe St\u00fccke schneiden. Sofort mit etwas Zitronensaft vermischen. 1 Liter Wasser mit dem Zucker und den Gew\u00fcrzen aufkochen. Die d\u00fcnn abgesch\u00e4lte Zitronenschale dazugeben und die hei\u00dfe Fl\u00fcssigkeit in einem [&hellip;]<\/p>\n","protected":false},"author":3,"featured_media":0,"parent":0,"menu_order":0,"comment_status":"closed","ping_status":"closed","template":"","meta":{"footnotes":""},"class_list":["post-1729","page","type-page","status-publish","hentry"],"_links":{"self":[{"href":"https:\/\/driewes.de\/index.php?rest_route=\/wp\/v2\/pages\/1729","targetHints":{"allow":["GET"]}}],"collection":[{"href":"https:\/\/driewes.de\/index.php?rest_route=\/wp\/v2\/pages"}],"about":[{"href":"https:\/\/driewes.de\/index.php?rest_route=\/wp\/v2\/types\/page"}],"author":[{"embeddable":true,"href":"https:\/\/driewes.de\/index.php?rest_route=\/wp\/v2\/users\/3"}],"replies":[{"embeddable":true,"href":"https:\/\/driewes.de\/index.php?rest_route=%2Fwp%2Fv2%2Fcomments&post=1729"}],"version-history":[{"count":1,"href":"https:\/\/driewes.de\/index.php?rest_route=\/wp\/v2\/pages\/1729\/revisions"}],"predecessor-version":[{"id":1730,"href":"https:\/\/driewes.de\/index.php?rest_route=\/wp\/v2\/pages\/1729\/revisions\/1730"}],"wp:attachment":[{"href":"https:\/\/driewes.de\/index.php?rest_route=%2Fwp%2Fv2%2Fmedia&parent=1729"}],"curies":[{"name":"wp","href":"https:\/\/api.w.org\/{rel}","templated":true}]}}