{"id":1636,"date":"2021-05-24T16:09:36","date_gmt":"2021-05-24T14:09:36","guid":{"rendered":"https:\/\/driewes.de\/?page_id=1636"},"modified":"2021-05-24T16:12:30","modified_gmt":"2021-05-24T14:12:30","slug":"rhabarbertarte-fuer-festtage","status":"publish","type":"page","link":"https:\/\/driewes.de\/?page_id=1636","title":{"rendered":"Rharbarbertarte"},"content":{"rendered":"\n<p>F\u00dcR FESTTAGE<\/p>\n\n\n\n<figure class=\"wp-block-image size-large\"><img loading=\"lazy\" decoding=\"async\" width=\"640\" height=\"480\" src=\"https:\/\/driewes.de\/wp-content\/uploads\/2021\/05\/IMG_8655.jpg\" alt=\"\" class=\"wp-image-1637\" srcset=\"https:\/\/driewes.de\/wp-content\/uploads\/2021\/05\/IMG_8655.jpg 640w, https:\/\/driewes.de\/wp-content\/uploads\/2021\/05\/IMG_8655-300x225.jpg 300w\" sizes=\"auto, (max-width: 640px) 100vw, 640px\" \/><\/figure>\n\n\n\n<p>Ein fein s\u00fc\u00df-s\u00e4uerlicher Erdbeer- oder Himbeerrhabarber aus dem driewesGarten macht diese Rhabarbertarte zu einem himmlischen Festtagsvergn\u00fcgen. Roter Rhabarber eingebettet zwischen einer feinen Mandelcreme, Meringue und Rhabarbermarmeladentoping.<br>Zutaten:<br><strong>Teig<\/strong><br>120 g Butter<br>70 g Puderzucker<br>30 g blanchierte und gemahlenen Mandeln<br>1 Ei (M)<br>200 g Mehl Type 405<br>2 Prisen Salz<br><strong>Mandelcreme<\/strong><br>65 g Butter<br>75 g Puderzucker<br>65 g gesch\u00e4lte gemahlene Mandeln<br>1 Ei (M)<br>10 g Maisst\u00e4rke<br>\u00bd Vanilleschote<br><strong>Belag<\/strong><br>500 g Erdbeer- oder Himbeerrhabarber<br><strong>Meringue <\/strong><br>110 g Zucker<br>30 g Wasser<br>2 Eiwei\u00dfe (M)<br>1 Prise Salz<br><strong>Rhabarbermarmelade<\/strong><br>100 g gesch\u00e4lter Rhabarber<br>30 g Zucker<br>10 g Rosenwasser (muss man sich mal schenken lassen \ud83d\ude09<\/p>\n\n\n\n<p><strong>Zubereitung<\/strong><br>F\u00fcr den Boden, die weiche aber nicht fl\u00fcssige Butter in einer Sch\u00fcssel cremig r\u00fchren. Gesiebten Puderzucker und Salz in die cremige Butter r\u00fchren. Das Ei hinzugeben und zu einer homogenen Masse verr\u00fchren. Gesiebtes Mehl und gemahlene Mandeln hinzugeben und zu einem Teig verkneten. Den Teig zu einer fingerdicken Platte formen, in Frischhaltefolie verpacken und f\u00fcr 1 Stunde in den K\u00fchlschrank legen. F\u00fcr die Rhabarbermarmelade, den Rhabarber in 0,5 cm dicke Scheiben schneiden. Mit dem Rosenwasser und Zucker in einen kleinen Topf geben. Bei mittlerer Hitze unter r\u00fchren langsam aufkochen lassen und ca. 5-6 Minuten weiterkochen lassen, bis der Rahbarber zerfallen ist. Ausk\u00fchlen lassen und in einen Spritzbeutel f\u00fcllen. F\u00fcr die Mandelcreme, die sehr weiche aber nicht fl\u00fcssige Butter mit dem Puderzucker verr\u00fchren. Gemahlenen Mandeln und ausgekratzte Vanilleschote zugeben und verr\u00fchren. Danach das Ei unter die Mischung r\u00fchren und als letztes die Maisst\u00e4rke zugeben und verr\u00fchren. Eine Tarteform gleichm\u00e4\u00dfig mit Butter einpinseln und leicht mehlieren. Den Boden ausrollen und die Tarteform damit auslegen und gut andr\u00fccken. Ofen auf 175\u00b0C vorheizen. Rhabarber sch\u00e4len und in gleichm\u00e4\u00dfige St\u00fccke schneiden. Die Mandelcreme gleichm\u00e4\u00dfig in die Tarteform f\u00fcllen und den Rhabarber darauf verteilen. Im vorgeheizten Ofen auf mittlerer Schiene ca. 40 Minuten backen. Danach aus dem Ofen nehmen, ausk\u00fchlen lassen und aus der Form l\u00f6sen. F\u00fcr die Meringue, Zucker und Wasser in einen kleinen Topf geben. Zu Sirup kochen. Wenn der Sirup eine Temperatur von 114\u00b0C hat, die beiden Eiwei\u00dfe aufschlagen. Erreicht der Sirup 118\u00b0C, den Sirup langsam am Rand, einlaufen lassen. Solange weiter aufschlagen, bis die Meringue eine Temperatur von unter 35\u00b0C erreicht hat. Meringue in einen Spritzsack mit T\u00fclle nach Wahl f\u00fcllen. Meringue auf die ausgek\u00fchlte Rhabarbertarte spritzen. Danach die Rhabarberkonfit\u00fcre zwischen der Meringue verteilen und mit dem Bunsenbrenner abfl\u00e4mmen.<\/p>\n\n\n\n<figure class=\"wp-block-gallery columns-3 is-cropped wp-block-gallery-1 is-layout-flex wp-block-gallery-is-layout-flex\"><ul class=\"blocks-gallery-grid\"><li class=\"blocks-gallery-item\"><figure><a href=\"https:\/\/driewes.de\/wp-content\/uploads\/2021\/05\/IMG_8623.jpg\"><img loading=\"lazy\" decoding=\"async\" width=\"480\" height=\"640\" src=\"https:\/\/driewes.de\/wp-content\/uploads\/2021\/05\/IMG_8623.jpg\" alt=\"\" data-id=\"1638\" data-full-url=\"https:\/\/driewes.de\/wp-content\/uploads\/2021\/05\/IMG_8623.jpg\" data-link=\"https:\/\/driewes.de\/?attachment_id=1638\" class=\"wp-image-1638\" srcset=\"https:\/\/driewes.de\/wp-content\/uploads\/2021\/05\/IMG_8623.jpg 480w, https:\/\/driewes.de\/wp-content\/uploads\/2021\/05\/IMG_8623-225x300.jpg 225w\" sizes=\"auto, (max-width: 480px) 100vw, 480px\" \/><\/a><\/figure><\/li><li class=\"blocks-gallery-item\"><figure><a href=\"https:\/\/driewes.de\/wp-content\/uploads\/2021\/05\/IMG_8625.jpg\"><img loading=\"lazy\" decoding=\"async\" width=\"480\" height=\"640\" src=\"https:\/\/driewes.de\/wp-content\/uploads\/2021\/05\/IMG_8625.jpg\" alt=\"\" data-id=\"1639\" data-full-url=\"https:\/\/driewes.de\/wp-content\/uploads\/2021\/05\/IMG_8625.jpg\" data-link=\"https:\/\/driewes.de\/?attachment_id=1639\" class=\"wp-image-1639\" srcset=\"https:\/\/driewes.de\/wp-content\/uploads\/2021\/05\/IMG_8625.jpg 480w, https:\/\/driewes.de\/wp-content\/uploads\/2021\/05\/IMG_8625-225x300.jpg 225w\" sizes=\"auto, (max-width: 480px) 100vw, 480px\" \/><\/a><\/figure><\/li><li class=\"blocks-gallery-item\"><figure><a href=\"https:\/\/driewes.de\/wp-content\/uploads\/2021\/05\/IMG_8622.jpg\"><img loading=\"lazy\" decoding=\"async\" width=\"480\" height=\"640\" src=\"https:\/\/driewes.de\/wp-content\/uploads\/2021\/05\/IMG_8622.jpg\" alt=\"\" data-id=\"1640\" data-full-url=\"https:\/\/driewes.de\/wp-content\/uploads\/2021\/05\/IMG_8622.jpg\" data-link=\"https:\/\/driewes.de\/?attachment_id=1640\" class=\"wp-image-1640\" srcset=\"https:\/\/driewes.de\/wp-content\/uploads\/2021\/05\/IMG_8622.jpg 480w, https:\/\/driewes.de\/wp-content\/uploads\/2021\/05\/IMG_8622-225x300.jpg 225w\" sizes=\"auto, (max-width: 480px) 100vw, 480px\" \/><\/a><\/figure><\/li><li class=\"blocks-gallery-item\"><figure><a href=\"https:\/\/driewes.de\/wp-content\/uploads\/2021\/05\/IMG_8630.jpg\"><img loading=\"lazy\" decoding=\"async\" width=\"480\" height=\"640\" src=\"https:\/\/driewes.de\/wp-content\/uploads\/2021\/05\/IMG_8630.jpg\" alt=\"\" data-id=\"1641\" data-full-url=\"https:\/\/driewes.de\/wp-content\/uploads\/2021\/05\/IMG_8630.jpg\" data-link=\"https:\/\/driewes.de\/?attachment_id=1641\" class=\"wp-image-1641\" srcset=\"https:\/\/driewes.de\/wp-content\/uploads\/2021\/05\/IMG_8630.jpg 480w, https:\/\/driewes.de\/wp-content\/uploads\/2021\/05\/IMG_8630-225x300.jpg 225w\" sizes=\"auto, (max-width: 480px) 100vw, 480px\" \/><\/a><\/figure><\/li><li class=\"blocks-gallery-item\"><figure><a href=\"https:\/\/driewes.de\/wp-content\/uploads\/2021\/05\/IMG_8631.jpg\"><img loading=\"lazy\" decoding=\"async\" width=\"480\" height=\"640\" src=\"https:\/\/driewes.de\/wp-content\/uploads\/2021\/05\/IMG_8631.jpg\" alt=\"\" data-id=\"1642\" data-full-url=\"https:\/\/driewes.de\/wp-content\/uploads\/2021\/05\/IMG_8631.jpg\" data-link=\"https:\/\/driewes.de\/?attachment_id=1642\" class=\"wp-image-1642\" srcset=\"https:\/\/driewes.de\/wp-content\/uploads\/2021\/05\/IMG_8631.jpg 480w, https:\/\/driewes.de\/wp-content\/uploads\/2021\/05\/IMG_8631-225x300.jpg 225w\" sizes=\"auto, (max-width: 480px) 100vw, 480px\" \/><\/a><\/figure><\/li><li class=\"blocks-gallery-item\"><figure><a href=\"https:\/\/driewes.de\/wp-content\/uploads\/2021\/05\/IMG_8643.jpg\"><img loading=\"lazy\" decoding=\"async\" width=\"480\" height=\"640\" src=\"https:\/\/driewes.de\/wp-content\/uploads\/2021\/05\/IMG_8643.jpg\" alt=\"\" data-id=\"1643\" data-full-url=\"https:\/\/driewes.de\/wp-content\/uploads\/2021\/05\/IMG_8643.jpg\" data-link=\"https:\/\/driewes.de\/?attachment_id=1643\" class=\"wp-image-1643\" srcset=\"https:\/\/driewes.de\/wp-content\/uploads\/2021\/05\/IMG_8643.jpg 480w, https:\/\/driewes.de\/wp-content\/uploads\/2021\/05\/IMG_8643-225x300.jpg 225w\" sizes=\"auto, (max-width: 480px) 100vw, 480px\" \/><\/a><\/figure><\/li><li class=\"blocks-gallery-item\"><figure><a href=\"https:\/\/driewes.de\/wp-content\/uploads\/2021\/05\/IMG_8646.jpg\"><img loading=\"lazy\" decoding=\"async\" width=\"480\" height=\"640\" src=\"https:\/\/driewes.de\/wp-content\/uploads\/2021\/05\/IMG_8646.jpg\" alt=\"\" data-id=\"1644\" data-full-url=\"https:\/\/driewes.de\/wp-content\/uploads\/2021\/05\/IMG_8646.jpg\" data-link=\"https:\/\/driewes.de\/?attachment_id=1644\" class=\"wp-image-1644\" srcset=\"https:\/\/driewes.de\/wp-content\/uploads\/2021\/05\/IMG_8646.jpg 480w, https:\/\/driewes.de\/wp-content\/uploads\/2021\/05\/IMG_8646-225x300.jpg 225w\" sizes=\"auto, (max-width: 480px) 100vw, 480px\" \/><\/a><\/figure><\/li><li class=\"blocks-gallery-item\"><figure><a href=\"https:\/\/driewes.de\/wp-content\/uploads\/2021\/05\/IMG_8649.jpg\"><img loading=\"lazy\" decoding=\"async\" width=\"480\" height=\"640\" src=\"https:\/\/driewes.de\/wp-content\/uploads\/2021\/05\/IMG_8649.jpg\" alt=\"\" data-id=\"1645\" data-full-url=\"https:\/\/driewes.de\/wp-content\/uploads\/2021\/05\/IMG_8649.jpg\" data-link=\"https:\/\/driewes.de\/?attachment_id=1645\" class=\"wp-image-1645\" srcset=\"https:\/\/driewes.de\/wp-content\/uploads\/2021\/05\/IMG_8649.jpg 480w, https:\/\/driewes.de\/wp-content\/uploads\/2021\/05\/IMG_8649-225x300.jpg 225w\" sizes=\"auto, (max-width: 480px) 100vw, 480px\" \/><\/a><\/figure><\/li><li class=\"blocks-gallery-item\"><figure><a href=\"https:\/\/driewes.de\/wp-content\/uploads\/2021\/05\/IMG_8650.mov\"><img decoding=\"async\" src=\"https:\/\/driewes.de\/wp-content\/uploads\/2021\/05\/IMG_8650.mov\" alt=\"\" data-id=\"1647\" data-link=\"https:\/\/driewes.de\/?attachment_id=1647\" class=\"wp-image-1647\"\/><\/a><\/figure><\/li><li class=\"blocks-gallery-item\"><figure><a href=\"https:\/\/driewes.de\/wp-content\/uploads\/2021\/05\/IMG_8654.jpg\"><img loading=\"lazy\" decoding=\"async\" width=\"480\" height=\"640\" src=\"https:\/\/driewes.de\/wp-content\/uploads\/2021\/05\/IMG_8654.jpg\" alt=\"\" data-id=\"1646\" data-full-url=\"https:\/\/driewes.de\/wp-content\/uploads\/2021\/05\/IMG_8654.jpg\" data-link=\"https:\/\/driewes.de\/?attachment_id=1646\" class=\"wp-image-1646\" srcset=\"https:\/\/driewes.de\/wp-content\/uploads\/2021\/05\/IMG_8654.jpg 480w, https:\/\/driewes.de\/wp-content\/uploads\/2021\/05\/IMG_8654-225x300.jpg 225w\" sizes=\"auto, (max-width: 480px) 100vw, 480px\" \/><\/a><\/figure><\/li><\/ul><\/figure>\n\n\n\n<p><\/p>\n","protected":false},"excerpt":{"rendered":"<p>F\u00dcR FESTTAGE Ein fein s\u00fc\u00df-s\u00e4uerlicher Erdbeer- oder Himbeerrhabarber aus dem driewesGarten macht diese Rhabarbertarte zu einem himmlischen Festtagsvergn\u00fcgen. Roter Rhabarber eingebettet zwischen einer feinen Mandelcreme, Meringue und Rhabarbermarmeladentoping.Zutaten:Teig120 g Butter70 g Puderzucker30 g blanchierte und gemahlenen Mandeln1 Ei (M)200 g Mehl Type 4052 Prisen SalzMandelcreme65 g Butter75 g Puderzucker65 g gesch\u00e4lte gemahlene Mandeln1 Ei (M)10 [&hellip;]<\/p>\n","protected":false},"author":3,"featured_media":0,"parent":0,"menu_order":0,"comment_status":"closed","ping_status":"closed","template":"","meta":{"footnotes":""},"class_list":["post-1636","page","type-page","status-publish","hentry"],"_links":{"self":[{"href":"https:\/\/driewes.de\/index.php?rest_route=\/wp\/v2\/pages\/1636","targetHints":{"allow":["GET"]}}],"collection":[{"href":"https:\/\/driewes.de\/index.php?rest_route=\/wp\/v2\/pages"}],"about":[{"href":"https:\/\/driewes.de\/index.php?rest_route=\/wp\/v2\/types\/page"}],"author":[{"embeddable":true,"href":"https:\/\/driewes.de\/index.php?rest_route=\/wp\/v2\/users\/3"}],"replies":[{"embeddable":true,"href":"https:\/\/driewes.de\/index.php?rest_route=%2Fwp%2Fv2%2Fcomments&post=1636"}],"version-history":[{"count":2,"href":"https:\/\/driewes.de\/index.php?rest_route=\/wp\/v2\/pages\/1636\/revisions"}],"predecessor-version":[{"id":1650,"href":"https:\/\/driewes.de\/index.php?rest_route=\/wp\/v2\/pages\/1636\/revisions\/1650"}],"wp:attachment":[{"href":"https:\/\/driewes.de\/index.php?rest_route=%2Fwp%2Fv2%2Fmedia&parent=1636"}],"curies":[{"name":"wp","href":"https:\/\/api.w.org\/{rel}","templated":true}]}}