{"id":1611,"date":"2021-04-12T16:02:42","date_gmt":"2021-04-12T14:02:42","guid":{"rendered":"https:\/\/driewes.de\/?page_id=1611"},"modified":"2021-04-12T16:07:20","modified_gmt":"2021-04-12T14:07:20","slug":"der-weihnachtsweg","status":"publish","type":"page","link":"https:\/\/driewes.de\/?page_id=1611","title":{"rendered":"Der Weihnachtsweg"},"content":{"rendered":"\n<p>Des CVJM Obersdorf<\/p>\n\n\n\n<figure class=\"wp-block-image size-large\"><img loading=\"lazy\" decoding=\"async\" width=\"480\" height=\"640\" src=\"https:\/\/driewes.de\/wp-content\/uploads\/2021\/04\/IMG_6287.jpg\" alt=\"\" class=\"wp-image-1612\" srcset=\"https:\/\/driewes.de\/wp-content\/uploads\/2021\/04\/IMG_6287.jpg 480w, https:\/\/driewes.de\/wp-content\/uploads\/2021\/04\/IMG_6287-225x300.jpg 225w\" sizes=\"auto, (max-width: 480px) 100vw, 480px\" \/><\/figure>\n\n\n\n<p>Erlebnisspazierg\u00e4nge haben etwas ganz Besonderes. Sie bieten neue Perspektiven, \u00fcberraschen im Alltag und laden zum Innehalten ein. Solch ein fast schon besinnliches Erlebnis bietet seit einigen Jahren der CVJM Obersdorf mit seinem alle zwei Jahre organisierten Weihnachtsweg im Wald rund um den Sportplatz in Obersdorf\/R\u00f6dgen. Bei einem Rundweg vorbei an geschm\u00fcckten Tannenb\u00e4umen die den Weg zeigen, wird f\u00fcr Jung und Alt die Weihnachtgeschichte erlebbar. Kleine Holzh\u00e4uschen mit Figuren, gestaltete Schilder und andere sch\u00f6ne Hinweise laden ab dem 1. Advent zum Erleben der Weihnachtsgeschichte ein. Die einzelnen Stationen erz\u00e4hlen die Weihnachtsgeschichte und wurden von Gruppen aus dem Verein gestaltet: Jungenjungschaar, M\u00e4dchenjungschaar, CVJM-Vorstand und dem Posaunenchor.<\/p>\n\n\n\n<p>Der Weihnachtsweg ist eine sehr besinnliche Art und Weise die Adventszeit in Ruhe und Frieden im Wald zu beginnen. <\/p>\n\n\n\n<figure class=\"wp-block-gallery columns-3 is-cropped wp-block-gallery-1 is-layout-flex wp-block-gallery-is-layout-flex\"><ul class=\"blocks-gallery-grid\"><li class=\"blocks-gallery-item\"><figure><a href=\"https:\/\/driewes.de\/wp-content\/uploads\/2021\/04\/IMG_6270.jpg\"><img loading=\"lazy\" decoding=\"async\" width=\"480\" height=\"640\" src=\"https:\/\/driewes.de\/wp-content\/uploads\/2021\/04\/IMG_6270.jpg\" alt=\"\" data-id=\"1619\" data-full-url=\"https:\/\/driewes.de\/wp-content\/uploads\/2021\/04\/IMG_6270.jpg\" data-link=\"https:\/\/driewes.de\/?attachment_id=1619\" class=\"wp-image-1619\" srcset=\"https:\/\/driewes.de\/wp-content\/uploads\/2021\/04\/IMG_6270.jpg 480w, https:\/\/driewes.de\/wp-content\/uploads\/2021\/04\/IMG_6270-225x300.jpg 225w\" sizes=\"auto, (max-width: 480px) 100vw, 480px\" \/><\/a><\/figure><\/li><li class=\"blocks-gallery-item\"><figure><a href=\"https:\/\/driewes.de\/wp-content\/uploads\/2021\/04\/IMG_6283.jpg\"><img loading=\"lazy\" decoding=\"async\" width=\"480\" height=\"640\" src=\"https:\/\/driewes.de\/wp-content\/uploads\/2021\/04\/IMG_6283.jpg\" alt=\"\" data-id=\"1613\" data-full-url=\"https:\/\/driewes.de\/wp-content\/uploads\/2021\/04\/IMG_6283.jpg\" data-link=\"https:\/\/driewes.de\/?attachment_id=1613\" class=\"wp-image-1613\" srcset=\"https:\/\/driewes.de\/wp-content\/uploads\/2021\/04\/IMG_6283.jpg 480w, https:\/\/driewes.de\/wp-content\/uploads\/2021\/04\/IMG_6283-225x300.jpg 225w\" sizes=\"auto, (max-width: 480px) 100vw, 480px\" \/><\/a><\/figure><\/li><li class=\"blocks-gallery-item\"><figure><a href=\"https:\/\/driewes.de\/wp-content\/uploads\/2021\/04\/IMG_6288-rotated.jpg\"><img loading=\"lazy\" decoding=\"async\" width=\"480\" height=\"640\" src=\"https:\/\/driewes.de\/wp-content\/uploads\/2021\/04\/IMG_6288-rotated.jpg\" alt=\"\" data-id=\"1614\" data-full-url=\"https:\/\/driewes.de\/wp-content\/uploads\/2021\/04\/IMG_6288-rotated.jpg\" data-link=\"https:\/\/driewes.de\/?attachment_id=1614\" class=\"wp-image-1614\" srcset=\"https:\/\/driewes.de\/wp-content\/uploads\/2021\/04\/IMG_6288-rotated.jpg 480w, https:\/\/driewes.de\/wp-content\/uploads\/2021\/04\/IMG_6288-225x300.jpg 225w\" sizes=\"auto, (max-width: 480px) 100vw, 480px\" \/><\/a><\/figure><\/li><li class=\"blocks-gallery-item\"><figure><a href=\"https:\/\/driewes.de\/wp-content\/uploads\/2021\/04\/IMG_6291.jpg\"><img loading=\"lazy\" decoding=\"async\" width=\"480\" height=\"640\" src=\"https:\/\/driewes.de\/wp-content\/uploads\/2021\/04\/IMG_6291.jpg\" alt=\"\" data-id=\"1615\" data-full-url=\"https:\/\/driewes.de\/wp-content\/uploads\/2021\/04\/IMG_6291.jpg\" data-link=\"https:\/\/driewes.de\/?attachment_id=1615\" class=\"wp-image-1615\" srcset=\"https:\/\/driewes.de\/wp-content\/uploads\/2021\/04\/IMG_6291.jpg 480w, https:\/\/driewes.de\/wp-content\/uploads\/2021\/04\/IMG_6291-225x300.jpg 225w\" sizes=\"auto, (max-width: 480px) 100vw, 480px\" \/><\/a><\/figure><\/li><li class=\"blocks-gallery-item\"><figure><a href=\"https:\/\/driewes.de\/wp-content\/uploads\/2021\/04\/IMG_6297-rotated.jpg\"><img loading=\"lazy\" decoding=\"async\" width=\"480\" height=\"640\" src=\"https:\/\/driewes.de\/wp-content\/uploads\/2021\/04\/IMG_6297-rotated.jpg\" alt=\"\" data-id=\"1616\" data-full-url=\"https:\/\/driewes.de\/wp-content\/uploads\/2021\/04\/IMG_6297-rotated.jpg\" data-link=\"https:\/\/driewes.de\/?attachment_id=1616\" class=\"wp-image-1616\" srcset=\"https:\/\/driewes.de\/wp-content\/uploads\/2021\/04\/IMG_6297-rotated.jpg 480w, https:\/\/driewes.de\/wp-content\/uploads\/2021\/04\/IMG_6297-225x300.jpg 225w\" sizes=\"auto, (max-width: 480px) 100vw, 480px\" \/><\/a><\/figure><\/li><li class=\"blocks-gallery-item\"><figure><a href=\"https:\/\/driewes.de\/wp-content\/uploads\/2021\/04\/IMG_6302.jpg\"><img loading=\"lazy\" decoding=\"async\" width=\"480\" height=\"640\" src=\"https:\/\/driewes.de\/wp-content\/uploads\/2021\/04\/IMG_6302.jpg\" alt=\"\" data-id=\"1617\" data-full-url=\"https:\/\/driewes.de\/wp-content\/uploads\/2021\/04\/IMG_6302.jpg\" data-link=\"https:\/\/driewes.de\/?attachment_id=1617\" class=\"wp-image-1617\" srcset=\"https:\/\/driewes.de\/wp-content\/uploads\/2021\/04\/IMG_6302.jpg 480w, https:\/\/driewes.de\/wp-content\/uploads\/2021\/04\/IMG_6302-225x300.jpg 225w\" sizes=\"auto, (max-width: 480px) 100vw, 480px\" \/><\/a><\/figure><\/li><li class=\"blocks-gallery-item\"><figure><a href=\"https:\/\/driewes.de\/wp-content\/uploads\/2021\/04\/IMG_6305.jpg\"><img loading=\"lazy\" decoding=\"async\" width=\"480\" height=\"640\" src=\"https:\/\/driewes.de\/wp-content\/uploads\/2021\/04\/IMG_6305.jpg\" alt=\"\" data-id=\"1618\" data-full-url=\"https:\/\/driewes.de\/wp-content\/uploads\/2021\/04\/IMG_6305.jpg\" data-link=\"https:\/\/driewes.de\/?attachment_id=1618\" class=\"wp-image-1618\" srcset=\"https:\/\/driewes.de\/wp-content\/uploads\/2021\/04\/IMG_6305.jpg 480w, https:\/\/driewes.de\/wp-content\/uploads\/2021\/04\/IMG_6305-225x300.jpg 225w\" sizes=\"auto, (max-width: 480px) 100vw, 480px\" \/><\/a><\/figure><\/li><\/ul><\/figure>\n\n\n\n<p><\/p>\n","protected":false},"excerpt":{"rendered":"<p>Des CVJM Obersdorf Erlebnisspazierg\u00e4nge haben etwas ganz Besonderes. Sie bieten neue Perspektiven, \u00fcberraschen im Alltag und laden zum Innehalten ein. Solch ein fast schon besinnliches Erlebnis bietet seit einigen Jahren der CVJM Obersdorf mit seinem alle zwei Jahre organisierten Weihnachtsweg im Wald rund um den Sportplatz in Obersdorf\/R\u00f6dgen. Bei einem Rundweg vorbei an geschm\u00fcckten Tannenb\u00e4umen [&hellip;]<\/p>\n","protected":false},"author":3,"featured_media":0,"parent":0,"menu_order":0,"comment_status":"closed","ping_status":"closed","template":"","meta":{"footnotes":""},"class_list":["post-1611","page","type-page","status-publish","hentry"],"_links":{"self":[{"href":"https:\/\/driewes.de\/index.php?rest_route=\/wp\/v2\/pages\/1611","targetHints":{"allow":["GET"]}}],"collection":[{"href":"https:\/\/driewes.de\/index.php?rest_route=\/wp\/v2\/pages"}],"about":[{"href":"https:\/\/driewes.de\/index.php?rest_route=\/wp\/v2\/types\/page"}],"author":[{"embeddable":true,"href":"https:\/\/driewes.de\/index.php?rest_route=\/wp\/v2\/users\/3"}],"replies":[{"embeddable":true,"href":"https:\/\/driewes.de\/index.php?rest_route=%2Fwp%2Fv2%2Fcomments&post=1611"}],"version-history":[{"count":2,"href":"https:\/\/driewes.de\/index.php?rest_route=\/wp\/v2\/pages\/1611\/revisions"}],"predecessor-version":[{"id":1625,"href":"https:\/\/driewes.de\/index.php?rest_route=\/wp\/v2\/pages\/1611\/revisions\/1625"}],"wp:attachment":[{"href":"https:\/\/driewes.de\/index.php?rest_route=%2Fwp%2Fv2%2Fmedia&parent=1611"}],"curies":[{"name":"wp","href":"https:\/\/api.w.org\/{rel}","templated":true}]}}