{"id":1563,"date":"2021-04-02T19:31:58","date_gmt":"2021-04-02T17:31:58","guid":{"rendered":"https:\/\/driewes.de\/?page_id=1563"},"modified":"2022-05-08T11:03:20","modified_gmt":"2022-05-08T09:03:20","slug":"pickled-eggs-zweierlei-eingelegte-eier","status":"publish","type":"page","link":"https:\/\/driewes.de\/?page_id=1563","title":{"rendered":"Pickled Eggs"},"content":{"rendered":"\n<figure class=\"wp-block-image size-large is-resized\"><img loading=\"lazy\" decoding=\"async\" src=\"https:\/\/driewes.de\/wp-content\/uploads\/2021\/04\/IMG_7505-966x1024.jpg\" alt=\"\" class=\"wp-image-1564\" width=\"940\" height=\"940\" srcset=\"https:\/\/driewes.de\/wp-content\/uploads\/2021\/04\/IMG_7505-150x150.jpg 150w, https:\/\/driewes.de\/wp-content\/uploads\/2021\/04\/IMG_7505-70x70.jpg 70w, https:\/\/driewes.de\/wp-content\/uploads\/2021\/04\/IMG_7505-127x127.jpg 127w, https:\/\/driewes.de\/wp-content\/uploads\/2021\/04\/IMG_7505-476x476.jpg 476w, https:\/\/driewes.de\/wp-content\/uploads\/2021\/04\/IMG_7505-125x125.jpg 125w\" sizes=\"auto, (max-width: 940px) 100vw, 940px\" \/><\/figure>\n\n\n\n<p>Soleier sind f\u00fcr viele eine ganz fr\u00fche Kindheitserinnerung. Damals stand auf jedem Kneipentresen das obligatorische Glas mit Soleiern. In Berlin, im Rheinland und in Hessen befanden sich die Soleier oft in einer rundum verglasten, mehrst\u00f6ckigen, gek\u00fchlten Vitrine, dem sogenannten Hungerturm. Darin waren neben Soleiern noch andere kleine, deftige Gerichte wie Frikadellen, Schmalzbrote, S\u00fclzen, Rollm\u00f6pse oder Mettw\u00fcrstchen zu finden.<\/p>\n\n\n\n<p>Rezept f\u00fcr PICKLED EGGS: Zweierlei eingelegte Eier<\/p>\n\n\n\n<p><strong>Zutaten mit roter Bete<\/strong><br>\u2022 9 Bio-Eier, hart gekocht und gepellt<br>\u2022 1 Schalotte, fein geschnitten<br>\u2022 1\/2 Rote Bete, gesch\u00e4lt, in Scheiben geschnitten<br>\u2022 3 Dillzweige<br>\u2022 260 ml Wasser<br>\u2022 250 ml Wei\u00dfweinessig<br>\u2022 60 g Zucker<br>\u2022 1 EL Salz<br>\u2022 2 TL Pfefferk\u00f6rner<br>\u2022 2 Lorbeerbl\u00e4tter<br>\u2022 3 Sternanis<\/p>\n\n\n\n<p><strong>Zutaten mit Curry<\/strong><br>\u2022 9 Bio-Eier, hart gekocht und gepellt<br>\u2022 300 ml Wei\u00dfweinessig<br>\u2022 150 ml Wasser<br>\u2022 80 g Zucker<br>\u2022 \u00bd Tl Salz<br>\u2022 3 Tl Kurkumna<br>\u2022 Zitronenschale von einer \u00bd Zitrone<br>\u2022 2 TL Senfk\u00f6rner<br>\u2022 \u00bd Tl Chilliflocken<br>\u2022 2 Lorbeerbl\u00e4tter<\/p>\n\n\n\n<p>Zubereitung<\/p>\n\n\n\n<ol class=\"wp-block-list\"><li>Die gekochten und gepellten Eier in ein steriles, gut verschlie\u00dfbares 1-Liter-Glas geben.<\/li><li>Wasser und Wei\u00dfweinessig zusammen mit allen Zutaten in einen Topf geben und zum Kochen bringen. Etwa 5 Minuten k\u00f6cheln lassen, bis sich der Zucker aufgel\u00f6st hat. Vom Herd nehmen und kurz abk\u00fchlen lassen.<\/li><li>Die warme Fl\u00fcssigkeit zu den Eiern ins Glas gie\u00dfen, etwas abk\u00fchlen lassen und gut verschlie\u00dfen. Die Eier 3 bis 5 Tage ziehen lassen \u2013 je l\u00e4nger sie ziehen, desto intensiver schmecken sie. Im K\u00fchlschrank halten sich die Eier im Glas mindestens 10 Tage frisch<\/li><\/ol>\n\n\n\n<figure class=\"wp-block-gallery has-nested-images columns-default is-cropped wp-block-gallery-1 is-layout-flex wp-block-gallery-is-layout-flex\">\n<figure class=\"wp-block-image size-large\"><a href=\"https:\/\/driewes.de\/wp-content\/uploads\/2021\/04\/FC1BE2BE-D8CF-44B6-8CD2-7CED35B0613D.jpg\"><img loading=\"lazy\" decoding=\"async\" width=\"1024\" height=\"1024\" data-id=\"1565\" src=\"https:\/\/driewes.de\/wp-content\/uploads\/2021\/04\/FC1BE2BE-D8CF-44B6-8CD2-7CED35B0613D-1024x1024.jpg\" alt=\"\" class=\"wp-image-1565\" srcset=\"https:\/\/driewes.de\/wp-content\/uploads\/2021\/04\/FC1BE2BE-D8CF-44B6-8CD2-7CED35B0613D-1024x1024.jpg 1024w, https:\/\/driewes.de\/wp-content\/uploads\/2021\/04\/FC1BE2BE-D8CF-44B6-8CD2-7CED35B0613D-300x300.jpg 300w, https:\/\/driewes.de\/wp-content\/uploads\/2021\/04\/FC1BE2BE-D8CF-44B6-8CD2-7CED35B0613D-150x150.jpg 150w, https:\/\/driewes.de\/wp-content\/uploads\/2021\/04\/FC1BE2BE-D8CF-44B6-8CD2-7CED35B0613D-768x768.jpg 768w, https:\/\/driewes.de\/wp-content\/uploads\/2021\/04\/FC1BE2BE-D8CF-44B6-8CD2-7CED35B0613D-70x70.jpg 70w, https:\/\/driewes.de\/wp-content\/uploads\/2021\/04\/FC1BE2BE-D8CF-44B6-8CD2-7CED35B0613D-127x127.jpg 127w, https:\/\/driewes.de\/wp-content\/uploads\/2021\/04\/FC1BE2BE-D8CF-44B6-8CD2-7CED35B0613D-476x476.jpg 476w, https:\/\/driewes.de\/wp-content\/uploads\/2021\/04\/FC1BE2BE-D8CF-44B6-8CD2-7CED35B0613D-125x125.jpg 125w, https:\/\/driewes.de\/wp-content\/uploads\/2021\/04\/FC1BE2BE-D8CF-44B6-8CD2-7CED35B0613D.jpg 1280w\" sizes=\"auto, (max-width: 1024px) 100vw, 1024px\" \/><\/a><\/figure>\n\n\n\n<figure class=\"wp-block-image size-large\"><a href=\"https:\/\/driewes.de\/wp-content\/uploads\/2021\/04\/347602E8-8F51-4379-AD01-BBB7CFF2A989.jpg\"><img loading=\"lazy\" decoding=\"async\" width=\"1024\" height=\"1024\" data-id=\"1569\" src=\"https:\/\/driewes.de\/wp-content\/uploads\/2021\/04\/347602E8-8F51-4379-AD01-BBB7CFF2A989-1024x1024.jpg\" alt=\"\" class=\"wp-image-1569\" srcset=\"https:\/\/driewes.de\/wp-content\/uploads\/2021\/04\/347602E8-8F51-4379-AD01-BBB7CFF2A989-1024x1024.jpg 1024w, https:\/\/driewes.de\/wp-content\/uploads\/2021\/04\/347602E8-8F51-4379-AD01-BBB7CFF2A989-300x300.jpg 300w, https:\/\/driewes.de\/wp-content\/uploads\/2021\/04\/347602E8-8F51-4379-AD01-BBB7CFF2A989-150x150.jpg 150w, https:\/\/driewes.de\/wp-content\/uploads\/2021\/04\/347602E8-8F51-4379-AD01-BBB7CFF2A989-768x767.jpg 768w, https:\/\/driewes.de\/wp-content\/uploads\/2021\/04\/347602E8-8F51-4379-AD01-BBB7CFF2A989-70x70.jpg 70w, https:\/\/driewes.de\/wp-content\/uploads\/2021\/04\/347602E8-8F51-4379-AD01-BBB7CFF2A989-127x127.jpg 127w, https:\/\/driewes.de\/wp-content\/uploads\/2021\/04\/347602E8-8F51-4379-AD01-BBB7CFF2A989-476x476.jpg 476w, https:\/\/driewes.de\/wp-content\/uploads\/2021\/04\/347602E8-8F51-4379-AD01-BBB7CFF2A989-125x125.jpg 125w, https:\/\/driewes.de\/wp-content\/uploads\/2021\/04\/347602E8-8F51-4379-AD01-BBB7CFF2A989.jpg 1440w\" sizes=\"auto, (max-width: 1024px) 100vw, 1024px\" \/><\/a><\/figure>\n\n\n\n<figure class=\"wp-block-image size-large\"><a href=\"https:\/\/driewes.de\/wp-content\/uploads\/2021\/04\/0690085D-2587-4124-8E0D-B293B4A66DDD.jpg\"><img loading=\"lazy\" decoding=\"async\" width=\"1024\" height=\"1024\" data-id=\"1568\" src=\"https:\/\/driewes.de\/wp-content\/uploads\/2021\/04\/0690085D-2587-4124-8E0D-B293B4A66DDD-1024x1024.jpg\" alt=\"\" class=\"wp-image-1568\" srcset=\"https:\/\/driewes.de\/wp-content\/uploads\/2021\/04\/0690085D-2587-4124-8E0D-B293B4A66DDD-1024x1024.jpg 1024w, https:\/\/driewes.de\/wp-content\/uploads\/2021\/04\/0690085D-2587-4124-8E0D-B293B4A66DDD-300x300.jpg 300w, https:\/\/driewes.de\/wp-content\/uploads\/2021\/04\/0690085D-2587-4124-8E0D-B293B4A66DDD-150x150.jpg 150w, https:\/\/driewes.de\/wp-content\/uploads\/2021\/04\/0690085D-2587-4124-8E0D-B293B4A66DDD-768x767.jpg 768w, https:\/\/driewes.de\/wp-content\/uploads\/2021\/04\/0690085D-2587-4124-8E0D-B293B4A66DDD-70x70.jpg 70w, https:\/\/driewes.de\/wp-content\/uploads\/2021\/04\/0690085D-2587-4124-8E0D-B293B4A66DDD-127x127.jpg 127w, https:\/\/driewes.de\/wp-content\/uploads\/2021\/04\/0690085D-2587-4124-8E0D-B293B4A66DDD-476x476.jpg 476w, https:\/\/driewes.de\/wp-content\/uploads\/2021\/04\/0690085D-2587-4124-8E0D-B293B4A66DDD-125x125.jpg 125w, https:\/\/driewes.de\/wp-content\/uploads\/2021\/04\/0690085D-2587-4124-8E0D-B293B4A66DDD.jpg 1440w\" sizes=\"auto, (max-width: 1024px) 100vw, 1024px\" \/><\/a><\/figure>\n\n\n\n<figure class=\"wp-block-image size-large\"><a href=\"https:\/\/driewes.de\/wp-content\/uploads\/2021\/04\/D418B259-65A1-48CC-AE03-1ED90950E9E8.jpg\"><img loading=\"lazy\" decoding=\"async\" width=\"1024\" height=\"1024\" data-id=\"1566\" src=\"https:\/\/driewes.de\/wp-content\/uploads\/2021\/04\/D418B259-65A1-48CC-AE03-1ED90950E9E8-1024x1024.jpg\" alt=\"\" class=\"wp-image-1566\" srcset=\"https:\/\/driewes.de\/wp-content\/uploads\/2021\/04\/D418B259-65A1-48CC-AE03-1ED90950E9E8-1024x1024.jpg 1024w, https:\/\/driewes.de\/wp-content\/uploads\/2021\/04\/D418B259-65A1-48CC-AE03-1ED90950E9E8-300x300.jpg 300w, https:\/\/driewes.de\/wp-content\/uploads\/2021\/04\/D418B259-65A1-48CC-AE03-1ED90950E9E8-150x150.jpg 150w, https:\/\/driewes.de\/wp-content\/uploads\/2021\/04\/D418B259-65A1-48CC-AE03-1ED90950E9E8-768x768.jpg 768w, https:\/\/driewes.de\/wp-content\/uploads\/2021\/04\/D418B259-65A1-48CC-AE03-1ED90950E9E8-70x70.jpg 70w, https:\/\/driewes.de\/wp-content\/uploads\/2021\/04\/D418B259-65A1-48CC-AE03-1ED90950E9E8-127x127.jpg 127w, https:\/\/driewes.de\/wp-content\/uploads\/2021\/04\/D418B259-65A1-48CC-AE03-1ED90950E9E8-476x476.jpg 476w, https:\/\/driewes.de\/wp-content\/uploads\/2021\/04\/D418B259-65A1-48CC-AE03-1ED90950E9E8-125x125.jpg 125w, https:\/\/driewes.de\/wp-content\/uploads\/2021\/04\/D418B259-65A1-48CC-AE03-1ED90950E9E8.jpg 1280w\" sizes=\"auto, (max-width: 1024px) 100vw, 1024px\" \/><\/a><\/figure>\n\n\n\n<figure class=\"wp-block-image size-large\"><a href=\"https:\/\/driewes.de\/wp-content\/uploads\/2021\/04\/60CADC11-A279-42CD-9CA4-3DA258B2A406-1024x1024.jpg\"><img loading=\"lazy\" decoding=\"async\" width=\"1024\" height=\"1024\" data-id=\"1570\" src=\"https:\/\/driewes.de\/wp-content\/uploads\/2021\/04\/60CADC11-A279-42CD-9CA4-3DA258B2A406-1024x1024.jpg\" alt=\"\" class=\"wp-image-1570\" srcset=\"https:\/\/driewes.de\/wp-content\/uploads\/2021\/04\/60CADC11-A279-42CD-9CA4-3DA258B2A406-1024x1024.jpg 1024w, https:\/\/driewes.de\/wp-content\/uploads\/2021\/04\/60CADC11-A279-42CD-9CA4-3DA258B2A406-300x300.jpg 300w, https:\/\/driewes.de\/wp-content\/uploads\/2021\/04\/60CADC11-A279-42CD-9CA4-3DA258B2A406-150x150.jpg 150w, https:\/\/driewes.de\/wp-content\/uploads\/2021\/04\/60CADC11-A279-42CD-9CA4-3DA258B2A406-768x768.jpg 768w, https:\/\/driewes.de\/wp-content\/uploads\/2021\/04\/60CADC11-A279-42CD-9CA4-3DA258B2A406-70x70.jpg 70w, https:\/\/driewes.de\/wp-content\/uploads\/2021\/04\/60CADC11-A279-42CD-9CA4-3DA258B2A406-127x127.jpg 127w, https:\/\/driewes.de\/wp-content\/uploads\/2021\/04\/60CADC11-A279-42CD-9CA4-3DA258B2A406-476x476.jpg 476w, https:\/\/driewes.de\/wp-content\/uploads\/2021\/04\/60CADC11-A279-42CD-9CA4-3DA258B2A406-125x125.jpg 125w, https:\/\/driewes.de\/wp-content\/uploads\/2021\/04\/60CADC11-A279-42CD-9CA4-3DA258B2A406.jpg 1280w\" sizes=\"auto, (max-width: 1024px) 100vw, 1024px\" \/><\/a><\/figure>\n\n\n\n<figure class=\"wp-block-image size-large\"><a href=\"https:\/\/driewes.de\/wp-content\/uploads\/2021\/04\/22914726-AB8A-40AE-9450-F0A8216E6C4B-1024x1024.jpg\"><img loading=\"lazy\" decoding=\"async\" width=\"1024\" height=\"1024\" data-id=\"1567\" src=\"https:\/\/driewes.de\/wp-content\/uploads\/2021\/04\/22914726-AB8A-40AE-9450-F0A8216E6C4B-1024x1024.jpg\" alt=\"\" class=\"wp-image-1567\" srcset=\"https:\/\/driewes.de\/wp-content\/uploads\/2021\/04\/22914726-AB8A-40AE-9450-F0A8216E6C4B-1024x1024.jpg 1024w, https:\/\/driewes.de\/wp-content\/uploads\/2021\/04\/22914726-AB8A-40AE-9450-F0A8216E6C4B-300x300.jpg 300w, https:\/\/driewes.de\/wp-content\/uploads\/2021\/04\/22914726-AB8A-40AE-9450-F0A8216E6C4B-150x150.jpg 150w, https:\/\/driewes.de\/wp-content\/uploads\/2021\/04\/22914726-AB8A-40AE-9450-F0A8216E6C4B-768x768.jpg 768w, https:\/\/driewes.de\/wp-content\/uploads\/2021\/04\/22914726-AB8A-40AE-9450-F0A8216E6C4B-70x70.jpg 70w, https:\/\/driewes.de\/wp-content\/uploads\/2021\/04\/22914726-AB8A-40AE-9450-F0A8216E6C4B-127x127.jpg 127w, https:\/\/driewes.de\/wp-content\/uploads\/2021\/04\/22914726-AB8A-40AE-9450-F0A8216E6C4B-476x476.jpg 476w, https:\/\/driewes.de\/wp-content\/uploads\/2021\/04\/22914726-AB8A-40AE-9450-F0A8216E6C4B-125x125.jpg 125w, https:\/\/driewes.de\/wp-content\/uploads\/2021\/04\/22914726-AB8A-40AE-9450-F0A8216E6C4B.jpg 1440w\" sizes=\"auto, (max-width: 1024px) 100vw, 1024px\" \/><\/a><\/figure>\n<\/figure>\n\n\n\n<p><\/p>\n","protected":false},"excerpt":{"rendered":"<p>Soleier sind f\u00fcr viele eine ganz fr\u00fche Kindheitserinnerung. Damals stand auf jedem Kneipentresen das obligatorische Glas mit Soleiern. In Berlin, im Rheinland und in Hessen befanden sich die Soleier oft in einer rundum verglasten, mehrst\u00f6ckigen, gek\u00fchlten Vitrine, dem sogenannten Hungerturm. Darin waren neben Soleiern noch andere kleine, deftige Gerichte wie Frikadellen, Schmalzbrote, S\u00fclzen, Rollm\u00f6pse oder [&hellip;]<\/p>\n","protected":false},"author":3,"featured_media":0,"parent":0,"menu_order":0,"comment_status":"closed","ping_status":"closed","template":"","meta":{"footnotes":""},"class_list":["post-1563","page","type-page","status-publish","hentry"],"_links":{"self":[{"href":"https:\/\/driewes.de\/index.php?rest_route=\/wp\/v2\/pages\/1563","targetHints":{"allow":["GET"]}}],"collection":[{"href":"https:\/\/driewes.de\/index.php?rest_route=\/wp\/v2\/pages"}],"about":[{"href":"https:\/\/driewes.de\/index.php?rest_route=\/wp\/v2\/types\/page"}],"author":[{"embeddable":true,"href":"https:\/\/driewes.de\/index.php?rest_route=\/wp\/v2\/users\/3"}],"replies":[{"embeddable":true,"href":"https:\/\/driewes.de\/index.php?rest_route=%2Fwp%2Fv2%2Fcomments&post=1563"}],"version-history":[{"count":7,"href":"https:\/\/driewes.de\/index.php?rest_route=\/wp\/v2\/pages\/1563\/revisions"}],"predecessor-version":[{"id":1790,"href":"https:\/\/driewes.de\/index.php?rest_route=\/wp\/v2\/pages\/1563\/revisions\/1790"}],"wp:attachment":[{"href":"https:\/\/driewes.de\/index.php?rest_route=%2Fwp%2Fv2%2Fmedia&parent=1563"}],"curies":[{"name":"wp","href":"https:\/\/api.w.org\/{rel}","templated":true}]}}