{"id":1427,"date":"2020-07-08T16:51:46","date_gmt":"2020-07-08T14:51:46","guid":{"rendered":"http:\/\/driewes.de\/?page_id=1427"},"modified":"2020-07-08T17:51:03","modified_gmt":"2020-07-08T15:51:03","slug":"zucchini-puffer-mit-joghurtminzlimetten-dip","status":"publish","type":"page","link":"https:\/\/driewes.de\/?page_id=1427","title":{"rendered":"Zucchini Puffer mit JoghurtMinzLimetten Dip"},"content":{"rendered":"\n<figure class=\"wp-block-image size-large\"><img loading=\"lazy\" decoding=\"async\" width=\"1024\" height=\"1024\" src=\"http:\/\/driewes.de\/wp-content\/uploads\/2020\/07\/37271128-447E-439B-8932-764E8866696C-1024x1024.jpg\" alt=\"\" class=\"wp-image-1428\" srcset=\"https:\/\/driewes.de\/wp-content\/uploads\/2020\/07\/37271128-447E-439B-8932-764E8866696C-1024x1024.jpg 1024w, https:\/\/driewes.de\/wp-content\/uploads\/2020\/07\/37271128-447E-439B-8932-764E8866696C-300x300.jpg 300w, https:\/\/driewes.de\/wp-content\/uploads\/2020\/07\/37271128-447E-439B-8932-764E8866696C-150x150.jpg 150w, https:\/\/driewes.de\/wp-content\/uploads\/2020\/07\/37271128-447E-439B-8932-764E8866696C-768x767.jpg 768w, https:\/\/driewes.de\/wp-content\/uploads\/2020\/07\/37271128-447E-439B-8932-764E8866696C-70x70.jpg 70w, https:\/\/driewes.de\/wp-content\/uploads\/2020\/07\/37271128-447E-439B-8932-764E8866696C-127x127.jpg 127w, https:\/\/driewes.de\/wp-content\/uploads\/2020\/07\/37271128-447E-439B-8932-764E8866696C-476x476.jpg 476w, https:\/\/driewes.de\/wp-content\/uploads\/2020\/07\/37271128-447E-439B-8932-764E8866696C-125x125.jpg 125w, https:\/\/driewes.de\/wp-content\/uploads\/2020\/07\/37271128-447E-439B-8932-764E8866696C.jpg 1440w\" sizes=\"auto, (max-width: 1024px) 100vw, 1024px\" \/><\/figure>\n\n\n\n<p>Puffer:<br>\u2022 2 mittelgro\u00dfe Zucchini<br>\u2022 1 gro\u00dfe Kartoffel, gesch\u00e4lt<br>\u2022 1 kleine Zwiebel, gesch\u00e4lt<br>\u2022 2 Eier<br>\u2022 1 Knoblauchzehe, fein gehackt<br>\u2022 \u00bd TL Kreuzk\u00fcmmel<br>\u2022 2 TL Petersilie, fein gehackt<br>\u2022 2 EL Pfefferminze, fein gehackt<br>\u2022 40 g Mehl<br>\u2022 Salz, Pfeffer, Oliven\u00f6l, 1\/4 TL Chiliflocken<\/p>\n\n\n\n<p>Dip:<br>\u2022 200 g griechischer Joghurt<br>\u2022 Saft und Schale von einer Limette<br>\u2022 1 Knoblauchzehe, fein gehackt<br>\u2022 1 TL Honig<br>\u2022 2 EL Minze, fein gehackt<br>\u2022 2 EL Oliven\u00f6l<br>\u2022 Salz, Pfeffer<\/p>\n\n\n\n<p>Zubereitung:<br>F\u00fcr die Puffer die Zucchini, die Kartoffel und die Zwiebel mit einem Gem\u00fcsehobel raspeln, mit zwei TL Salz vermengen und in einem Sieb etwa eine halbe Stunde abtropfen lassen. Anschlie\u00dfend in ein sauberes K\u00fcchentuch geben und die restliche Fl\u00fcssigkeit ausdr\u00fccken.In einer gro\u00dfen Sch\u00fcssel die zwei Eier mit dem Kreuzk\u00fcmmel, den Kr\u00e4utern, den Chiliflocken und dem Knoblauch verquirlen. Die Zucchinimischung dazugeben und verr\u00fchren. Zuletzt das Mehl dar\u00fcber st\u00e4uben und nochmals vermischen.<br>In einer Pfanne etwas Oliven\u00f6l oder anderes Pflanzen\u00f6l auf mittlerer Stufe erhitzen, mit einem gro\u00dfen L\u00f6ffel kleine H\u00e4ufchen der Zucchini-Mischung hineingeben, leicht platt dr\u00fccken und auf jeder Seite etwa 3 Minuten knusprig braten.<\/p>\n\n\n\n<p>F\u00fcr den Dip alle Zutaten gut miteinander verr\u00fchren und zu den warmen Puffern servieren. <\/p>\n\n\n\n<figure class=\"wp-block-gallery columns-3 is-cropped wp-block-gallery-1 is-layout-flex wp-block-gallery-is-layout-flex\"><ul class=\"blocks-gallery-grid\"><li class=\"blocks-gallery-item\"><figure><a href=\"http:\/\/driewes.de\/wp-content\/uploads\/2020\/07\/79AB1FD4-717C-424C-8268-BB69FF6E4FA7.jpg\"><img loading=\"lazy\" decoding=\"async\" width=\"1024\" height=\"1024\" src=\"http:\/\/driewes.de\/wp-content\/uploads\/2020\/07\/79AB1FD4-717C-424C-8268-BB69FF6E4FA7-1024x1024.jpg\" alt=\"\" data-id=\"1429\" data-full-url=\"http:\/\/driewes.de\/wp-content\/uploads\/2020\/07\/79AB1FD4-717C-424C-8268-BB69FF6E4FA7.jpg\" data-link=\"http:\/\/driewes.de\/?attachment_id=1429\" class=\"wp-image-1429\" srcset=\"https:\/\/driewes.de\/wp-content\/uploads\/2020\/07\/79AB1FD4-717C-424C-8268-BB69FF6E4FA7-1024x1024.jpg 1024w, https:\/\/driewes.de\/wp-content\/uploads\/2020\/07\/79AB1FD4-717C-424C-8268-BB69FF6E4FA7-300x300.jpg 300w, https:\/\/driewes.de\/wp-content\/uploads\/2020\/07\/79AB1FD4-717C-424C-8268-BB69FF6E4FA7-150x150.jpg 150w, https:\/\/driewes.de\/wp-content\/uploads\/2020\/07\/79AB1FD4-717C-424C-8268-BB69FF6E4FA7-768x768.jpg 768w, https:\/\/driewes.de\/wp-content\/uploads\/2020\/07\/79AB1FD4-717C-424C-8268-BB69FF6E4FA7-70x70.jpg 70w, https:\/\/driewes.de\/wp-content\/uploads\/2020\/07\/79AB1FD4-717C-424C-8268-BB69FF6E4FA7-127x127.jpg 127w, https:\/\/driewes.de\/wp-content\/uploads\/2020\/07\/79AB1FD4-717C-424C-8268-BB69FF6E4FA7-476x476.jpg 476w, https:\/\/driewes.de\/wp-content\/uploads\/2020\/07\/79AB1FD4-717C-424C-8268-BB69FF6E4FA7-125x125.jpg 125w, https:\/\/driewes.de\/wp-content\/uploads\/2020\/07\/79AB1FD4-717C-424C-8268-BB69FF6E4FA7.jpg 1440w\" sizes=\"auto, (max-width: 1024px) 100vw, 1024px\" \/><\/a><\/figure><\/li><li class=\"blocks-gallery-item\"><figure><a href=\"http:\/\/driewes.de\/wp-content\/uploads\/2020\/07\/9AD929F5-94FD-4CD5-87CC-F7CA07C37EB5.jpg\"><img loading=\"lazy\" decoding=\"async\" width=\"1024\" height=\"1024\" src=\"http:\/\/driewes.de\/wp-content\/uploads\/2020\/07\/9AD929F5-94FD-4CD5-87CC-F7CA07C37EB5-1024x1024.jpg\" alt=\"\" data-id=\"1430\" data-full-url=\"http:\/\/driewes.de\/wp-content\/uploads\/2020\/07\/9AD929F5-94FD-4CD5-87CC-F7CA07C37EB5.jpg\" data-link=\"http:\/\/driewes.de\/?attachment_id=1430\" class=\"wp-image-1430\" srcset=\"https:\/\/driewes.de\/wp-content\/uploads\/2020\/07\/9AD929F5-94FD-4CD5-87CC-F7CA07C37EB5-1024x1024.jpg 1024w, https:\/\/driewes.de\/wp-content\/uploads\/2020\/07\/9AD929F5-94FD-4CD5-87CC-F7CA07C37EB5-300x300.jpg 300w, https:\/\/driewes.de\/wp-content\/uploads\/2020\/07\/9AD929F5-94FD-4CD5-87CC-F7CA07C37EB5-150x150.jpg 150w, https:\/\/driewes.de\/wp-content\/uploads\/2020\/07\/9AD929F5-94FD-4CD5-87CC-F7CA07C37EB5-768x768.jpg 768w, https:\/\/driewes.de\/wp-content\/uploads\/2020\/07\/9AD929F5-94FD-4CD5-87CC-F7CA07C37EB5-70x70.jpg 70w, https:\/\/driewes.de\/wp-content\/uploads\/2020\/07\/9AD929F5-94FD-4CD5-87CC-F7CA07C37EB5-127x127.jpg 127w, https:\/\/driewes.de\/wp-content\/uploads\/2020\/07\/9AD929F5-94FD-4CD5-87CC-F7CA07C37EB5-476x476.jpg 476w, https:\/\/driewes.de\/wp-content\/uploads\/2020\/07\/9AD929F5-94FD-4CD5-87CC-F7CA07C37EB5-125x125.jpg 125w, https:\/\/driewes.de\/wp-content\/uploads\/2020\/07\/9AD929F5-94FD-4CD5-87CC-F7CA07C37EB5.jpg 1440w\" sizes=\"auto, (max-width: 1024px) 100vw, 1024px\" \/><\/a><\/figure><\/li><li class=\"blocks-gallery-item\"><figure><a href=\"http:\/\/driewes.de\/wp-content\/uploads\/2020\/07\/0C7179C7-34C3-48CA-987A-8FA1AE8FF640.jpg\"><img loading=\"lazy\" decoding=\"async\" width=\"1024\" height=\"1024\" src=\"http:\/\/driewes.de\/wp-content\/uploads\/2020\/07\/0C7179C7-34C3-48CA-987A-8FA1AE8FF640-1024x1024.jpg\" alt=\"\" data-id=\"1432\" data-full-url=\"http:\/\/driewes.de\/wp-content\/uploads\/2020\/07\/0C7179C7-34C3-48CA-987A-8FA1AE8FF640.jpg\" data-link=\"http:\/\/driewes.de\/?attachment_id=1432\" class=\"wp-image-1432\" srcset=\"https:\/\/driewes.de\/wp-content\/uploads\/2020\/07\/0C7179C7-34C3-48CA-987A-8FA1AE8FF640-1024x1024.jpg 1024w, https:\/\/driewes.de\/wp-content\/uploads\/2020\/07\/0C7179C7-34C3-48CA-987A-8FA1AE8FF640-300x300.jpg 300w, https:\/\/driewes.de\/wp-content\/uploads\/2020\/07\/0C7179C7-34C3-48CA-987A-8FA1AE8FF640-150x150.jpg 150w, https:\/\/driewes.de\/wp-content\/uploads\/2020\/07\/0C7179C7-34C3-48CA-987A-8FA1AE8FF640-768x767.jpg 768w, https:\/\/driewes.de\/wp-content\/uploads\/2020\/07\/0C7179C7-34C3-48CA-987A-8FA1AE8FF640-70x70.jpg 70w, https:\/\/driewes.de\/wp-content\/uploads\/2020\/07\/0C7179C7-34C3-48CA-987A-8FA1AE8FF640-127x127.jpg 127w, https:\/\/driewes.de\/wp-content\/uploads\/2020\/07\/0C7179C7-34C3-48CA-987A-8FA1AE8FF640-476x476.jpg 476w, https:\/\/driewes.de\/wp-content\/uploads\/2020\/07\/0C7179C7-34C3-48CA-987A-8FA1AE8FF640-125x125.jpg 125w, https:\/\/driewes.de\/wp-content\/uploads\/2020\/07\/0C7179C7-34C3-48CA-987A-8FA1AE8FF640.jpg 1440w\" sizes=\"auto, (max-width: 1024px) 100vw, 1024px\" \/><\/a><\/figure><\/li><li class=\"blocks-gallery-item\"><figure><a href=\"http:\/\/driewes.de\/wp-content\/uploads\/2020\/07\/517961F4-E165-40A8-BB5A-959AFDF42394.jpg\"><img loading=\"lazy\" decoding=\"async\" width=\"1024\" height=\"1024\" src=\"http:\/\/driewes.de\/wp-content\/uploads\/2020\/07\/517961F4-E165-40A8-BB5A-959AFDF42394-1024x1024.jpg\" alt=\"\" data-id=\"1433\" data-full-url=\"http:\/\/driewes.de\/wp-content\/uploads\/2020\/07\/517961F4-E165-40A8-BB5A-959AFDF42394.jpg\" data-link=\"http:\/\/driewes.de\/?attachment_id=1433\" class=\"wp-image-1433\" srcset=\"https:\/\/driewes.de\/wp-content\/uploads\/2020\/07\/517961F4-E165-40A8-BB5A-959AFDF42394-1024x1024.jpg 1024w, https:\/\/driewes.de\/wp-content\/uploads\/2020\/07\/517961F4-E165-40A8-BB5A-959AFDF42394-300x300.jpg 300w, https:\/\/driewes.de\/wp-content\/uploads\/2020\/07\/517961F4-E165-40A8-BB5A-959AFDF42394-150x150.jpg 150w, https:\/\/driewes.de\/wp-content\/uploads\/2020\/07\/517961F4-E165-40A8-BB5A-959AFDF42394-768x767.jpg 768w, https:\/\/driewes.de\/wp-content\/uploads\/2020\/07\/517961F4-E165-40A8-BB5A-959AFDF42394-70x70.jpg 70w, https:\/\/driewes.de\/wp-content\/uploads\/2020\/07\/517961F4-E165-40A8-BB5A-959AFDF42394-127x127.jpg 127w, https:\/\/driewes.de\/wp-content\/uploads\/2020\/07\/517961F4-E165-40A8-BB5A-959AFDF42394-476x476.jpg 476w, https:\/\/driewes.de\/wp-content\/uploads\/2020\/07\/517961F4-E165-40A8-BB5A-959AFDF42394-125x125.jpg 125w, https:\/\/driewes.de\/wp-content\/uploads\/2020\/07\/517961F4-E165-40A8-BB5A-959AFDF42394.jpg 1440w\" sizes=\"auto, (max-width: 1024px) 100vw, 1024px\" \/><\/a><\/figure><\/li><\/ul><\/figure>\n","protected":false},"excerpt":{"rendered":"<p>Puffer:\u2022 2 mittelgro\u00dfe Zucchini\u2022 1 gro\u00dfe Kartoffel, gesch\u00e4lt\u2022 1 kleine Zwiebel, gesch\u00e4lt\u2022 2 Eier\u2022 1 Knoblauchzehe, fein gehackt\u2022 \u00bd TL Kreuzk\u00fcmmel\u2022 2 TL Petersilie, fein gehackt\u2022 2 EL Pfefferminze, fein gehackt\u2022 40 g Mehl\u2022 Salz, Pfeffer, Oliven\u00f6l, 1\/4 TL Chiliflocken Dip:\u2022 200 g griechischer Joghurt\u2022 Saft und Schale von einer Limette\u2022 1 Knoblauchzehe, fein gehackt\u2022 [&hellip;]<\/p>\n","protected":false},"author":3,"featured_media":0,"parent":0,"menu_order":0,"comment_status":"closed","ping_status":"closed","template":"","meta":{"footnotes":""},"class_list":["post-1427","page","type-page","status-publish","hentry"],"_links":{"self":[{"href":"https:\/\/driewes.de\/index.php?rest_route=\/wp\/v2\/pages\/1427","targetHints":{"allow":["GET"]}}],"collection":[{"href":"https:\/\/driewes.de\/index.php?rest_route=\/wp\/v2\/pages"}],"about":[{"href":"https:\/\/driewes.de\/index.php?rest_route=\/wp\/v2\/types\/page"}],"author":[{"embeddable":true,"href":"https:\/\/driewes.de\/index.php?rest_route=\/wp\/v2\/users\/3"}],"replies":[{"embeddable":true,"href":"https:\/\/driewes.de\/index.php?rest_route=%2Fwp%2Fv2%2Fcomments&post=1427"}],"version-history":[{"count":4,"href":"https:\/\/driewes.de\/index.php?rest_route=\/wp\/v2\/pages\/1427\/revisions"}],"predecessor-version":[{"id":1440,"href":"https:\/\/driewes.de\/index.php?rest_route=\/wp\/v2\/pages\/1427\/revisions\/1440"}],"wp:attachment":[{"href":"https:\/\/driewes.de\/index.php?rest_route=%2Fwp%2Fv2%2Fmedia&parent=1427"}],"curies":[{"name":"wp","href":"https:\/\/api.w.org\/{rel}","templated":true}]}}