{"id":1416,"date":"2020-07-04T08:46:40","date_gmt":"2020-07-04T06:46:40","guid":{"rendered":"http:\/\/driewes.de\/?page_id=1416"},"modified":"2020-07-04T08:46:40","modified_gmt":"2020-07-04T06:46:40","slug":"purpurrote-beerengruetze","status":"publish","type":"page","link":"https:\/\/driewes.de\/?page_id=1416","title":{"rendered":"PurpurRote Beerengr\u00fctze"},"content":{"rendered":"\n<figure class=\"wp-block-image size-large\"><img loading=\"lazy\" decoding=\"async\" width=\"1024\" height=\"1024\" src=\"http:\/\/driewes.de\/wp-content\/uploads\/2020\/07\/A16EDCEA-3EF3-40D6-B22B-30B295FEDDF0-1024x1024.jpg\" alt=\"\" class=\"wp-image-1417\" srcset=\"https:\/\/driewes.de\/wp-content\/uploads\/2020\/07\/A16EDCEA-3EF3-40D6-B22B-30B295FEDDF0-1024x1024.jpg 1024w, https:\/\/driewes.de\/wp-content\/uploads\/2020\/07\/A16EDCEA-3EF3-40D6-B22B-30B295FEDDF0-300x300.jpg 300w, https:\/\/driewes.de\/wp-content\/uploads\/2020\/07\/A16EDCEA-3EF3-40D6-B22B-30B295FEDDF0-150x150.jpg 150w, https:\/\/driewes.de\/wp-content\/uploads\/2020\/07\/A16EDCEA-3EF3-40D6-B22B-30B295FEDDF0-768x768.jpg 768w, https:\/\/driewes.de\/wp-content\/uploads\/2020\/07\/A16EDCEA-3EF3-40D6-B22B-30B295FEDDF0-70x70.jpg 70w, https:\/\/driewes.de\/wp-content\/uploads\/2020\/07\/A16EDCEA-3EF3-40D6-B22B-30B295FEDDF0-127x127.jpg 127w, https:\/\/driewes.de\/wp-content\/uploads\/2020\/07\/A16EDCEA-3EF3-40D6-B22B-30B295FEDDF0-476x476.jpg 476w, https:\/\/driewes.de\/wp-content\/uploads\/2020\/07\/A16EDCEA-3EF3-40D6-B22B-30B295FEDDF0-125x125.jpg 125w, https:\/\/driewes.de\/wp-content\/uploads\/2020\/07\/A16EDCEA-3EF3-40D6-B22B-30B295FEDDF0.jpg 1352w\" sizes=\"auto, (max-width: 1024px) 100vw, 1024px\" \/><\/figure>\n\n\n\n<p>1 kg gemischte rote und blaue Fr\u00fcchte<br>(z. B. Johannisbeeren, Brombeeren, Blaubeeren, Himbeeren, Erdbeeren, Kirschen)<br>250 ml roter Fruchtsaft<br>60 g Perlsago<br>60 g Zucker<\/p>\n\n\n\n<p>Die Fr\u00fcchte \u2013 au\u00dfer Himbeeren \u2013 Saft und Zucker 5 Minuten sanft k\u00f6cheln. Anschlie\u00dfend den Saft abgie\u00dfen, auffangen und wieder in den Topf geben. Die Fr\u00fcchte beiseite stellen.<br>Saft aufkochen und Sago hineinr\u00fchren. Beides 30 Minuten sanft k\u00f6cheln, so lange bis die K\u00f6rnchen durchsichtig sind, dabei ab und zu umr\u00fchren.<br>Nun die Fr\u00fcchte einige Minuten mitkochen, vom Herd nehmen und die Himbeeren hinzugeben. <br>Einige Stunden k\u00fchl quellen lassen und anschlie\u00dfend mit Eis, Sahne, Vanillesauce oder Joghurt servieren.<\/p>\n\n\n\n<figure class=\"wp-block-gallery columns-3 is-cropped wp-block-gallery-1 is-layout-flex wp-block-gallery-is-layout-flex\"><ul class=\"blocks-gallery-grid\"><li class=\"blocks-gallery-item\"><figure><a href=\"http:\/\/driewes.de\/wp-content\/uploads\/2020\/07\/IMG_2230.jpg\"><img loading=\"lazy\" decoding=\"async\" width=\"1024\" height=\"768\" src=\"http:\/\/driewes.de\/wp-content\/uploads\/2020\/07\/IMG_2230-1024x768.jpg\" alt=\"\" data-id=\"1420\" data-full-url=\"http:\/\/driewes.de\/wp-content\/uploads\/2020\/07\/IMG_2230.jpg\" data-link=\"http:\/\/driewes.de\/?attachment_id=1420\" class=\"wp-image-1420\" srcset=\"https:\/\/driewes.de\/wp-content\/uploads\/2020\/07\/IMG_2230-1024x768.jpg 1024w, https:\/\/driewes.de\/wp-content\/uploads\/2020\/07\/IMG_2230-300x225.jpg 300w, https:\/\/driewes.de\/wp-content\/uploads\/2020\/07\/IMG_2230-768x576.jpg 768w, https:\/\/driewes.de\/wp-content\/uploads\/2020\/07\/IMG_2230-1536x1152.jpg 1536w, https:\/\/driewes.de\/wp-content\/uploads\/2020\/07\/IMG_2230.jpg 2016w\" sizes=\"auto, (max-width: 1024px) 100vw, 1024px\" \/><\/a><\/figure><\/li><li class=\"blocks-gallery-item\"><figure><a href=\"http:\/\/driewes.de\/wp-content\/uploads\/2020\/07\/IMG_2121-rotated.jpg\"><img loading=\"lazy\" decoding=\"async\" width=\"768\" height=\"1024\" src=\"http:\/\/driewes.de\/wp-content\/uploads\/2020\/07\/IMG_2121-768x1024.jpg\" alt=\"\" data-id=\"1418\" data-full-url=\"http:\/\/driewes.de\/wp-content\/uploads\/2020\/07\/IMG_2121-rotated.jpg\" data-link=\"http:\/\/driewes.de\/?attachment_id=1418\" class=\"wp-image-1418\" srcset=\"https:\/\/driewes.de\/wp-content\/uploads\/2020\/07\/IMG_2121-768x1024.jpg 768w, https:\/\/driewes.de\/wp-content\/uploads\/2020\/07\/IMG_2121-225x300.jpg 225w, https:\/\/driewes.de\/wp-content\/uploads\/2020\/07\/IMG_2121-1152x1536.jpg 1152w, https:\/\/driewes.de\/wp-content\/uploads\/2020\/07\/IMG_2121-rotated.jpg 1512w\" sizes=\"auto, (max-width: 768px) 100vw, 768px\" \/><\/a><\/figure><\/li><li class=\"blocks-gallery-item\"><figure><a href=\"http:\/\/driewes.de\/wp-content\/uploads\/2020\/07\/IMG_2122.jpg\"><img loading=\"lazy\" decoding=\"async\" width=\"768\" height=\"1024\" src=\"http:\/\/driewes.de\/wp-content\/uploads\/2020\/07\/IMG_2122-768x1024.jpg\" alt=\"\" data-id=\"1419\" data-full-url=\"http:\/\/driewes.de\/wp-content\/uploads\/2020\/07\/IMG_2122.jpg\" data-link=\"http:\/\/driewes.de\/?attachment_id=1419\" class=\"wp-image-1419\" srcset=\"https:\/\/driewes.de\/wp-content\/uploads\/2020\/07\/IMG_2122-768x1024.jpg 768w, https:\/\/driewes.de\/wp-content\/uploads\/2020\/07\/IMG_2122-225x300.jpg 225w, https:\/\/driewes.de\/wp-content\/uploads\/2020\/07\/IMG_2122-1152x1536.jpg 1152w, https:\/\/driewes.de\/wp-content\/uploads\/2020\/07\/IMG_2122.jpg 1512w\" sizes=\"auto, (max-width: 768px) 100vw, 768px\" \/><\/a><\/figure><\/li><li class=\"blocks-gallery-item\"><figure><a href=\"http:\/\/driewes.de\/wp-content\/uploads\/2020\/07\/IMG_2288-rotated.jpg\"><img loading=\"lazy\" decoding=\"async\" width=\"768\" height=\"1024\" src=\"http:\/\/driewes.de\/wp-content\/uploads\/2020\/07\/IMG_2288-768x1024.jpg\" alt=\"\" data-id=\"1421\" data-full-url=\"http:\/\/driewes.de\/wp-content\/uploads\/2020\/07\/IMG_2288-rotated.jpg\" data-link=\"http:\/\/driewes.de\/?attachment_id=1421\" class=\"wp-image-1421\" srcset=\"https:\/\/driewes.de\/wp-content\/uploads\/2020\/07\/IMG_2288-768x1024.jpg 768w, https:\/\/driewes.de\/wp-content\/uploads\/2020\/07\/IMG_2288-225x300.jpg 225w, https:\/\/driewes.de\/wp-content\/uploads\/2020\/07\/IMG_2288-1152x1536.jpg 1152w, https:\/\/driewes.de\/wp-content\/uploads\/2020\/07\/IMG_2288-rotated.jpg 1512w\" sizes=\"auto, (max-width: 768px) 100vw, 768px\" \/><\/a><\/figure><\/li><\/ul><\/figure>\n","protected":false},"excerpt":{"rendered":"<p>1 kg gemischte rote und blaue Fr\u00fcchte(z. B. Johannisbeeren, Brombeeren, Blaubeeren, Himbeeren, Erdbeeren, Kirschen)250 ml roter Fruchtsaft60 g Perlsago60 g Zucker Die Fr\u00fcchte \u2013 au\u00dfer Himbeeren \u2013 Saft und Zucker 5 Minuten sanft k\u00f6cheln. Anschlie\u00dfend den Saft abgie\u00dfen, auffangen und wieder in den Topf geben. Die Fr\u00fcchte beiseite stellen.Saft aufkochen und Sago hineinr\u00fchren. Beides 30 [&hellip;]<\/p>\n","protected":false},"author":3,"featured_media":0,"parent":0,"menu_order":0,"comment_status":"closed","ping_status":"closed","template":"","meta":{"footnotes":""},"class_list":["post-1416","page","type-page","status-publish","hentry"],"_links":{"self":[{"href":"https:\/\/driewes.de\/index.php?rest_route=\/wp\/v2\/pages\/1416","targetHints":{"allow":["GET"]}}],"collection":[{"href":"https:\/\/driewes.de\/index.php?rest_route=\/wp\/v2\/pages"}],"about":[{"href":"https:\/\/driewes.de\/index.php?rest_route=\/wp\/v2\/types\/page"}],"author":[{"embeddable":true,"href":"https:\/\/driewes.de\/index.php?rest_route=\/wp\/v2\/users\/3"}],"replies":[{"embeddable":true,"href":"https:\/\/driewes.de\/index.php?rest_route=%2Fwp%2Fv2%2Fcomments&post=1416"}],"version-history":[{"count":1,"href":"https:\/\/driewes.de\/index.php?rest_route=\/wp\/v2\/pages\/1416\/revisions"}],"predecessor-version":[{"id":1422,"href":"https:\/\/driewes.de\/index.php?rest_route=\/wp\/v2\/pages\/1416\/revisions\/1422"}],"wp:attachment":[{"href":"https:\/\/driewes.de\/index.php?rest_route=%2Fwp%2Fv2%2Fmedia&parent=1416"}],"curies":[{"name":"wp","href":"https:\/\/api.w.org\/{rel}","templated":true}]}}