{"id":1370,"date":"2020-05-19T17:36:40","date_gmt":"2020-05-19T15:36:40","guid":{"rendered":"http:\/\/driewes.de\/?page_id=1370"},"modified":"2020-05-19T17:36:40","modified_gmt":"2020-05-19T15:36:40","slug":"waldmeistersirup","status":"publish","type":"page","link":"https:\/\/driewes.de\/?page_id=1370","title":{"rendered":"Waldmeistersirup"},"content":{"rendered":"\n<figure class=\"wp-block-image size-large\"><img loading=\"lazy\" decoding=\"async\" width=\"1024\" height=\"1024\" src=\"http:\/\/driewes.de\/wp-content\/uploads\/2020\/05\/97D3D1AE-FB54-41FE-AF7F-5B613E523257-1024x1024.jpg\" alt=\"\" class=\"wp-image-1371\" srcset=\"https:\/\/driewes.de\/wp-content\/uploads\/2020\/05\/97D3D1AE-FB54-41FE-AF7F-5B613E523257-1024x1024.jpg 1024w, https:\/\/driewes.de\/wp-content\/uploads\/2020\/05\/97D3D1AE-FB54-41FE-AF7F-5B613E523257-300x300.jpg 300w, https:\/\/driewes.de\/wp-content\/uploads\/2020\/05\/97D3D1AE-FB54-41FE-AF7F-5B613E523257-150x150.jpg 150w, https:\/\/driewes.de\/wp-content\/uploads\/2020\/05\/97D3D1AE-FB54-41FE-AF7F-5B613E523257-768x767.jpg 768w, https:\/\/driewes.de\/wp-content\/uploads\/2020\/05\/97D3D1AE-FB54-41FE-AF7F-5B613E523257-70x70.jpg 70w, https:\/\/driewes.de\/wp-content\/uploads\/2020\/05\/97D3D1AE-FB54-41FE-AF7F-5B613E523257-127x127.jpg 127w, https:\/\/driewes.de\/wp-content\/uploads\/2020\/05\/97D3D1AE-FB54-41FE-AF7F-5B613E523257-476x476.jpg 476w, https:\/\/driewes.de\/wp-content\/uploads\/2020\/05\/97D3D1AE-FB54-41FE-AF7F-5B613E523257-125x125.jpg 125w, https:\/\/driewes.de\/wp-content\/uploads\/2020\/05\/97D3D1AE-FB54-41FE-AF7F-5B613E523257.jpg 1440w\" sizes=\"auto, (max-width: 1024px) 100vw, 1024px\" \/><\/figure>\n\n\n\n<p>Der Waldmeister geh\u00f6rt zur Familie der R\u00f6telgew\u00e4chse. Er kann von April bis Anfang Juni (je nach H\u00f6henlage) vor der Bl\u00fctezeit gesammelt werden.  Das Aroma des Waldmeister entfaltet sich durch Einfrieren \u00fcber Nacht besonders gut.<\/p>\n\n\n\n<p>Zutaten:<\/p>\n\n\n\n<p>1 Bio Limette<br>400 g Zucker<br>eine Handvoll Waldmeister (der \u00fcber Nacht im Eisfach gelegen hat) <\/p>\n\n\n\n<p>Wasser und Zucker im Topf erhitzen bis sich der Zucker komplett aufgel\u00f6st hat. Den tiefgefrorenen Walmeister und die d\u00fcnn geschnittenen Limettenscheiben hinzugeben und 2 Tage im K\u00fchlen ziehen lasse. Dann alles durch ein Sieb geben, den Sirup noch einmal aufkochen und in abgekochte Gl\u00e4ser f\u00fcllen. <\/p>\n\n\n\n<p>Waldmeistersirup kann f\u00fcr das Marinieren von Beeren, Melonen und Rhabarber verwendet werden. Er schmeckt ausgezeichnet als erfrischendes Getr\u00e4nk als hei\u00dfen Sommertagen verd\u00fcnnt mit Mineralwasser und Zitrone.<\/p>\n\n\n\n<figure class=\"wp-block-gallery columns-2 is-cropped wp-block-gallery-1 is-layout-flex wp-block-gallery-is-layout-flex\"><ul class=\"blocks-gallery-grid\"><li class=\"blocks-gallery-item\"><figure><img loading=\"lazy\" decoding=\"async\" width=\"1024\" height=\"1024\" src=\"http:\/\/driewes.de\/wp-content\/uploads\/2020\/05\/7465023E-4C23-4C8E-B5DC-4897E8FC3853-1024x1024.jpg\" alt=\"\" data-id=\"1372\" data-full-url=\"http:\/\/driewes.de\/wp-content\/uploads\/2020\/05\/7465023E-4C23-4C8E-B5DC-4897E8FC3853.jpg\" data-link=\"http:\/\/driewes.de\/?attachment_id=1372\" class=\"wp-image-1372\" srcset=\"https:\/\/driewes.de\/wp-content\/uploads\/2020\/05\/7465023E-4C23-4C8E-B5DC-4897E8FC3853-1024x1024.jpg 1024w, https:\/\/driewes.de\/wp-content\/uploads\/2020\/05\/7465023E-4C23-4C8E-B5DC-4897E8FC3853-300x300.jpg 300w, https:\/\/driewes.de\/wp-content\/uploads\/2020\/05\/7465023E-4C23-4C8E-B5DC-4897E8FC3853-150x150.jpg 150w, https:\/\/driewes.de\/wp-content\/uploads\/2020\/05\/7465023E-4C23-4C8E-B5DC-4897E8FC3853-768x768.jpg 768w, https:\/\/driewes.de\/wp-content\/uploads\/2020\/05\/7465023E-4C23-4C8E-B5DC-4897E8FC3853-70x70.jpg 70w, https:\/\/driewes.de\/wp-content\/uploads\/2020\/05\/7465023E-4C23-4C8E-B5DC-4897E8FC3853-127x127.jpg 127w, https:\/\/driewes.de\/wp-content\/uploads\/2020\/05\/7465023E-4C23-4C8E-B5DC-4897E8FC3853-476x476.jpg 476w, https:\/\/driewes.de\/wp-content\/uploads\/2020\/05\/7465023E-4C23-4C8E-B5DC-4897E8FC3853-125x125.jpg 125w, https:\/\/driewes.de\/wp-content\/uploads\/2020\/05\/7465023E-4C23-4C8E-B5DC-4897E8FC3853.jpg 1440w\" sizes=\"auto, (max-width: 1024px) 100vw, 1024px\" \/><\/figure><\/li><li class=\"blocks-gallery-item\"><figure><img loading=\"lazy\" decoding=\"async\" width=\"1024\" height=\"1024\" src=\"http:\/\/driewes.de\/wp-content\/uploads\/2020\/05\/FE1F7D76-9D3D-40DA-8B6A-7C2D25CECEC6-1024x1024.jpg\" alt=\"\" data-id=\"1373\" data-full-url=\"http:\/\/driewes.de\/wp-content\/uploads\/2020\/05\/FE1F7D76-9D3D-40DA-8B6A-7C2D25CECEC6.jpg\" data-link=\"http:\/\/driewes.de\/?attachment_id=1373\" class=\"wp-image-1373\" srcset=\"https:\/\/driewes.de\/wp-content\/uploads\/2020\/05\/FE1F7D76-9D3D-40DA-8B6A-7C2D25CECEC6-1024x1024.jpg 1024w, https:\/\/driewes.de\/wp-content\/uploads\/2020\/05\/FE1F7D76-9D3D-40DA-8B6A-7C2D25CECEC6-300x300.jpg 300w, https:\/\/driewes.de\/wp-content\/uploads\/2020\/05\/FE1F7D76-9D3D-40DA-8B6A-7C2D25CECEC6-150x150.jpg 150w, https:\/\/driewes.de\/wp-content\/uploads\/2020\/05\/FE1F7D76-9D3D-40DA-8B6A-7C2D25CECEC6-768x768.jpg 768w, https:\/\/driewes.de\/wp-content\/uploads\/2020\/05\/FE1F7D76-9D3D-40DA-8B6A-7C2D25CECEC6-70x70.jpg 70w, https:\/\/driewes.de\/wp-content\/uploads\/2020\/05\/FE1F7D76-9D3D-40DA-8B6A-7C2D25CECEC6-127x127.jpg 127w, https:\/\/driewes.de\/wp-content\/uploads\/2020\/05\/FE1F7D76-9D3D-40DA-8B6A-7C2D25CECEC6-476x476.jpg 476w, https:\/\/driewes.de\/wp-content\/uploads\/2020\/05\/FE1F7D76-9D3D-40DA-8B6A-7C2D25CECEC6-125x125.jpg 125w, https:\/\/driewes.de\/wp-content\/uploads\/2020\/05\/FE1F7D76-9D3D-40DA-8B6A-7C2D25CECEC6.jpg 1440w\" sizes=\"auto, (max-width: 1024px) 100vw, 1024px\" \/><\/figure><\/li><\/ul><\/figure>\n\n\n\n<p><\/p>\n","protected":false},"excerpt":{"rendered":"<p>Der Waldmeister geh\u00f6rt zur Familie der R\u00f6telgew\u00e4chse. Er kann von April bis Anfang Juni (je nach H\u00f6henlage) vor der Bl\u00fctezeit gesammelt werden. Das Aroma des Waldmeister entfaltet sich durch Einfrieren \u00fcber Nacht besonders gut. Zutaten: 1 Bio Limette400 g Zuckereine Handvoll Waldmeister (der \u00fcber Nacht im Eisfach gelegen hat) Wasser und Zucker im Topf erhitzen [&hellip;]<\/p>\n","protected":false},"author":3,"featured_media":0,"parent":0,"menu_order":0,"comment_status":"closed","ping_status":"closed","template":"","meta":{"footnotes":""},"class_list":["post-1370","page","type-page","status-publish","hentry"],"_links":{"self":[{"href":"https:\/\/driewes.de\/index.php?rest_route=\/wp\/v2\/pages\/1370","targetHints":{"allow":["GET"]}}],"collection":[{"href":"https:\/\/driewes.de\/index.php?rest_route=\/wp\/v2\/pages"}],"about":[{"href":"https:\/\/driewes.de\/index.php?rest_route=\/wp\/v2\/types\/page"}],"author":[{"embeddable":true,"href":"https:\/\/driewes.de\/index.php?rest_route=\/wp\/v2\/users\/3"}],"replies":[{"embeddable":true,"href":"https:\/\/driewes.de\/index.php?rest_route=%2Fwp%2Fv2%2Fcomments&post=1370"}],"version-history":[{"count":1,"href":"https:\/\/driewes.de\/index.php?rest_route=\/wp\/v2\/pages\/1370\/revisions"}],"predecessor-version":[{"id":1374,"href":"https:\/\/driewes.de\/index.php?rest_route=\/wp\/v2\/pages\/1370\/revisions\/1374"}],"wp:attachment":[{"href":"https:\/\/driewes.de\/index.php?rest_route=%2Fwp%2Fv2%2Fmedia&parent=1370"}],"curies":[{"name":"wp","href":"https:\/\/api.w.org\/{rel}","templated":true}]}}