{"id":1345,"date":"2020-05-01T16:44:57","date_gmt":"2020-05-01T14:44:57","guid":{"rendered":"http:\/\/driewes.de\/?page_id=1345"},"modified":"2020-05-01T17:05:38","modified_gmt":"2020-05-01T15:05:38","slug":"loewenzahnbluetenhonig-oder-gelee","status":"publish","type":"page","link":"https:\/\/driewes.de\/?page_id=1345","title":{"rendered":"L\u00f6wenzahnbl\u00fctenhonig"},"content":{"rendered":"\n<figure class=\"wp-block-image size-large\"><img loading=\"lazy\" decoding=\"async\" width=\"480\" height=\"640\" src=\"http:\/\/driewes.de\/wp-content\/uploads\/2020\/05\/IMG_0998-rotated.jpg\" alt=\"\" class=\"wp-image-1337\" srcset=\"https:\/\/driewes.de\/wp-content\/uploads\/2020\/05\/IMG_0998-rotated.jpg 480w, https:\/\/driewes.de\/wp-content\/uploads\/2020\/05\/IMG_0998-225x300.jpg 225w\" sizes=\"auto, (max-width: 480px) 100vw, 480px\" \/><\/figure>\n\n\n\n<p>Zutaten f\u00fcr 4 Gl\u00e4ser<\/p>\n\n\n\n<p>200 g L\u00f6wenzahnbl\u00fcten<br>1 Bio Zitrone<br>1 Liter Wasser<br>500 g Gelierzucker f\u00fcr das Gelee<br>450 g Zucker f\u00fcr den Honig<\/p>\n\n\n\n<p>An einem sch\u00f6nen Fr\u00fchlingsmorgen die frisch aufgebl\u00fchten L\u00f6wenzahnbl\u00fcten abseits von Stra\u00dfen und Hundewiesen pfl\u00fccken. Die Bl\u00fcten in einem Sieb mit kalten Wasser reinigen und die Zitrone in Scheiben schneiden. L\u00f6wenzahnbl\u00fcten, Zitronenscheiben und Wasser in eine Sch\u00fcssel geben und 2 Tage ziehen lassen. Danach kurz aufkochen und durch ein Sieb geben. Die abgeseihte Fl\u00fcssigkeit mit dem Gelierzucker f\u00fcr das Gelee oder mit dem Zucker f\u00fcr den Honig kurz sprudelnd aufkochen. Beides gut einkochen, der L\u00f6wenzahnbl\u00fctenhonig muss gut 2-3 Stunden eink\u00f6cheln. In Gl\u00e4ser f\u00fcllen und viel Genu\u00df mit dem fruchtigen L\u00f6wenzahnbl\u00fcten!<\/p>\n\n\n\n<figure class=\"wp-block-gallery columns-3 is-cropped wp-block-gallery-1 is-layout-flex wp-block-gallery-is-layout-flex\"><ul class=\"blocks-gallery-grid\"><li class=\"blocks-gallery-item\"><figure><a href=\"http:\/\/driewes.de\/wp-content\/uploads\/2020\/05\/IMG_0778-rotated.jpg\"><img loading=\"lazy\" decoding=\"async\" width=\"480\" height=\"640\" src=\"http:\/\/driewes.de\/wp-content\/uploads\/2020\/05\/IMG_0778-rotated.jpg\" alt=\"\" data-id=\"1338\" data-full-url=\"http:\/\/driewes.de\/wp-content\/uploads\/2020\/05\/IMG_0778-rotated.jpg\" data-link=\"http:\/\/driewes.de\/?attachment_id=1338\" class=\"wp-image-1338\" srcset=\"https:\/\/driewes.de\/wp-content\/uploads\/2020\/05\/IMG_0778-rotated.jpg 480w, https:\/\/driewes.de\/wp-content\/uploads\/2020\/05\/IMG_0778-225x300.jpg 225w\" sizes=\"auto, (max-width: 480px) 100vw, 480px\" \/><\/a><\/figure><\/li><li class=\"blocks-gallery-item\"><figure><a href=\"http:\/\/driewes.de\/wp-content\/uploads\/2020\/05\/F29BF870-FC75-4294-BC25-7C6A64663100.jpg\"><img loading=\"lazy\" decoding=\"async\" width=\"640\" height=\"640\" src=\"http:\/\/driewes.de\/wp-content\/uploads\/2020\/05\/F29BF870-FC75-4294-BC25-7C6A64663100.jpg\" alt=\"\" data-id=\"1340\" data-full-url=\"http:\/\/driewes.de\/wp-content\/uploads\/2020\/05\/F29BF870-FC75-4294-BC25-7C6A64663100.jpg\" data-link=\"http:\/\/driewes.de\/?attachment_id=1340\" class=\"wp-image-1340\" srcset=\"https:\/\/driewes.de\/wp-content\/uploads\/2020\/05\/F29BF870-FC75-4294-BC25-7C6A64663100.jpg 640w, https:\/\/driewes.de\/wp-content\/uploads\/2020\/05\/F29BF870-FC75-4294-BC25-7C6A64663100-300x300.jpg 300w, https:\/\/driewes.de\/wp-content\/uploads\/2020\/05\/F29BF870-FC75-4294-BC25-7C6A64663100-150x150.jpg 150w, https:\/\/driewes.de\/wp-content\/uploads\/2020\/05\/F29BF870-FC75-4294-BC25-7C6A64663100-70x70.jpg 70w, https:\/\/driewes.de\/wp-content\/uploads\/2020\/05\/F29BF870-FC75-4294-BC25-7C6A64663100-127x127.jpg 127w, https:\/\/driewes.de\/wp-content\/uploads\/2020\/05\/F29BF870-FC75-4294-BC25-7C6A64663100-476x476.jpg 476w, https:\/\/driewes.de\/wp-content\/uploads\/2020\/05\/F29BF870-FC75-4294-BC25-7C6A64663100-125x125.jpg 125w\" sizes=\"auto, (max-width: 640px) 100vw, 640px\" \/><\/a><\/figure><\/li><li class=\"blocks-gallery-item\"><figure><a href=\"http:\/\/driewes.de\/wp-content\/uploads\/2020\/05\/IMG_0808-rotated.jpg\"><img loading=\"lazy\" decoding=\"async\" width=\"480\" height=\"640\" src=\"http:\/\/driewes.de\/wp-content\/uploads\/2020\/05\/IMG_0808-rotated.jpg\" alt=\"\" data-id=\"1339\" data-full-url=\"http:\/\/driewes.de\/wp-content\/uploads\/2020\/05\/IMG_0808-rotated.jpg\" data-link=\"http:\/\/driewes.de\/?attachment_id=1339\" class=\"wp-image-1339\" srcset=\"https:\/\/driewes.de\/wp-content\/uploads\/2020\/05\/IMG_0808-rotated.jpg 480w, https:\/\/driewes.de\/wp-content\/uploads\/2020\/05\/IMG_0808-225x300.jpg 225w\" sizes=\"auto, (max-width: 480px) 100vw, 480px\" \/><\/a><\/figure><\/li><li class=\"blocks-gallery-item\"><figure><a href=\"http:\/\/driewes.de\/wp-content\/uploads\/2020\/05\/247615EC-7888-4DDD-AF4B-5E7288087DFD.jpg\"><img loading=\"lazy\" decoding=\"async\" width=\"1024\" height=\"1024\" src=\"http:\/\/driewes.de\/wp-content\/uploads\/2020\/05\/247615EC-7888-4DDD-AF4B-5E7288087DFD-1024x1024.jpg\" alt=\"\" data-id=\"1341\" data-full-url=\"http:\/\/driewes.de\/wp-content\/uploads\/2020\/05\/247615EC-7888-4DDD-AF4B-5E7288087DFD.jpg\" data-link=\"http:\/\/driewes.de\/?attachment_id=1341\" class=\"wp-image-1341\" srcset=\"https:\/\/driewes.de\/wp-content\/uploads\/2020\/05\/247615EC-7888-4DDD-AF4B-5E7288087DFD-1024x1024.jpg 1024w, https:\/\/driewes.de\/wp-content\/uploads\/2020\/05\/247615EC-7888-4DDD-AF4B-5E7288087DFD-300x300.jpg 300w, https:\/\/driewes.de\/wp-content\/uploads\/2020\/05\/247615EC-7888-4DDD-AF4B-5E7288087DFD-150x150.jpg 150w, https:\/\/driewes.de\/wp-content\/uploads\/2020\/05\/247615EC-7888-4DDD-AF4B-5E7288087DFD-768x767.jpg 768w, https:\/\/driewes.de\/wp-content\/uploads\/2020\/05\/247615EC-7888-4DDD-AF4B-5E7288087DFD-70x70.jpg 70w, https:\/\/driewes.de\/wp-content\/uploads\/2020\/05\/247615EC-7888-4DDD-AF4B-5E7288087DFD-127x127.jpg 127w, https:\/\/driewes.de\/wp-content\/uploads\/2020\/05\/247615EC-7888-4DDD-AF4B-5E7288087DFD-476x476.jpg 476w, https:\/\/driewes.de\/wp-content\/uploads\/2020\/05\/247615EC-7888-4DDD-AF4B-5E7288087DFD-125x125.jpg 125w, https:\/\/driewes.de\/wp-content\/uploads\/2020\/05\/247615EC-7888-4DDD-AF4B-5E7288087DFD.jpg 1440w\" sizes=\"auto, (max-width: 1024px) 100vw, 1024px\" \/><\/a><\/figure><\/li><li class=\"blocks-gallery-item\"><figure><a href=\"http:\/\/driewes.de\/wp-content\/uploads\/2020\/05\/A77B3E55-F038-41DE-BB6A-D598530EC7C8.jpg\"><img loading=\"lazy\" decoding=\"async\" width=\"640\" height=\"640\" src=\"http:\/\/driewes.de\/wp-content\/uploads\/2020\/05\/A77B3E55-F038-41DE-BB6A-D598530EC7C8.jpg\" alt=\"\" data-id=\"1342\" data-full-url=\"http:\/\/driewes.de\/wp-content\/uploads\/2020\/05\/A77B3E55-F038-41DE-BB6A-D598530EC7C8.jpg\" data-link=\"http:\/\/driewes.de\/?attachment_id=1342\" class=\"wp-image-1342\" srcset=\"https:\/\/driewes.de\/wp-content\/uploads\/2020\/05\/A77B3E55-F038-41DE-BB6A-D598530EC7C8.jpg 640w, https:\/\/driewes.de\/wp-content\/uploads\/2020\/05\/A77B3E55-F038-41DE-BB6A-D598530EC7C8-300x300.jpg 300w, https:\/\/driewes.de\/wp-content\/uploads\/2020\/05\/A77B3E55-F038-41DE-BB6A-D598530EC7C8-150x150.jpg 150w, https:\/\/driewes.de\/wp-content\/uploads\/2020\/05\/A77B3E55-F038-41DE-BB6A-D598530EC7C8-70x70.jpg 70w, https:\/\/driewes.de\/wp-content\/uploads\/2020\/05\/A77B3E55-F038-41DE-BB6A-D598530EC7C8-127x127.jpg 127w, https:\/\/driewes.de\/wp-content\/uploads\/2020\/05\/A77B3E55-F038-41DE-BB6A-D598530EC7C8-476x476.jpg 476w, https:\/\/driewes.de\/wp-content\/uploads\/2020\/05\/A77B3E55-F038-41DE-BB6A-D598530EC7C8-125x125.jpg 125w\" sizes=\"auto, (max-width: 640px) 100vw, 640px\" \/><\/a><\/figure><\/li><\/ul><\/figure>\n","protected":false},"excerpt":{"rendered":"<p>Zutaten f\u00fcr 4 Gl\u00e4ser 200 g L\u00f6wenzahnbl\u00fcten1 Bio Zitrone1 Liter Wasser500 g Gelierzucker f\u00fcr das Gelee450 g Zucker f\u00fcr den Honig An einem sch\u00f6nen Fr\u00fchlingsmorgen die frisch aufgebl\u00fchten L\u00f6wenzahnbl\u00fcten abseits von Stra\u00dfen und Hundewiesen pfl\u00fccken. Die Bl\u00fcten in einem Sieb mit kalten Wasser reinigen und die Zitrone in Scheiben schneiden. L\u00f6wenzahnbl\u00fcten, Zitronenscheiben und Wasser in [&hellip;]<\/p>\n","protected":false},"author":3,"featured_media":0,"parent":0,"menu_order":0,"comment_status":"closed","ping_status":"closed","template":"","meta":{"footnotes":""},"class_list":["post-1345","page","type-page","status-publish","hentry"],"_links":{"self":[{"href":"https:\/\/driewes.de\/index.php?rest_route=\/wp\/v2\/pages\/1345","targetHints":{"allow":["GET"]}}],"collection":[{"href":"https:\/\/driewes.de\/index.php?rest_route=\/wp\/v2\/pages"}],"about":[{"href":"https:\/\/driewes.de\/index.php?rest_route=\/wp\/v2\/types\/page"}],"author":[{"embeddable":true,"href":"https:\/\/driewes.de\/index.php?rest_route=\/wp\/v2\/users\/3"}],"replies":[{"embeddable":true,"href":"https:\/\/driewes.de\/index.php?rest_route=%2Fwp%2Fv2%2Fcomments&post=1345"}],"version-history":[{"count":2,"href":"https:\/\/driewes.de\/index.php?rest_route=\/wp\/v2\/pages\/1345\/revisions"}],"predecessor-version":[{"id":1356,"href":"https:\/\/driewes.de\/index.php?rest_route=\/wp\/v2\/pages\/1345\/revisions\/1356"}],"wp:attachment":[{"href":"https:\/\/driewes.de\/index.php?rest_route=%2Fwp%2Fv2%2Fmedia&parent=1345"}],"curies":[{"name":"wp","href":"https:\/\/api.w.org\/{rel}","templated":true}]}}