{"id":1264,"date":"2019-12-16T17:19:30","date_gmt":"2019-12-16T16:19:30","guid":{"rendered":"http:\/\/driewes.de\/?page_id=1264"},"modified":"2019-12-16T17:19:30","modified_gmt":"2019-12-16T16:19:30","slug":"unverpackt-siegen","status":"publish","type":"page","link":"https:\/\/driewes.de\/?page_id=1264","title":{"rendered":"Unverpackt Siegen"},"content":{"rendered":"\n<p><strong>Lose, nat\u00fcrlich, pur \u2013 der Unverpackt-Laden in Siegen Weidenau<\/strong><\/p>\n\n\n\n<figure class=\"wp-block-image size-large\"><img loading=\"lazy\" decoding=\"async\" width=\"640\" height=\"638\" src=\"http:\/\/driewes.de\/wp-content\/uploads\/2019\/12\/1190F263-CD23-4B1A-BC4D-560990CCB8D2.jpg\" alt=\"\" class=\"wp-image-1265\" srcset=\"https:\/\/driewes.de\/wp-content\/uploads\/2019\/12\/1190F263-CD23-4B1A-BC4D-560990CCB8D2.jpg 640w, https:\/\/driewes.de\/wp-content\/uploads\/2019\/12\/1190F263-CD23-4B1A-BC4D-560990CCB8D2-300x300.jpg 300w, https:\/\/driewes.de\/wp-content\/uploads\/2019\/12\/1190F263-CD23-4B1A-BC4D-560990CCB8D2-150x150.jpg 150w, https:\/\/driewes.de\/wp-content\/uploads\/2019\/12\/1190F263-CD23-4B1A-BC4D-560990CCB8D2-70x70.jpg 70w, https:\/\/driewes.de\/wp-content\/uploads\/2019\/12\/1190F263-CD23-4B1A-BC4D-560990CCB8D2-127x127.jpg 127w, https:\/\/driewes.de\/wp-content\/uploads\/2019\/12\/1190F263-CD23-4B1A-BC4D-560990CCB8D2-476x476.jpg 476w, https:\/\/driewes.de\/wp-content\/uploads\/2019\/12\/1190F263-CD23-4B1A-BC4D-560990CCB8D2-125x125.jpg 125w\" sizes=\"auto, (max-width: 640px) 100vw, 640px\" \/><\/figure>\n\n\n\n<p>Ein konkreter Lichtblick im Gerangel um weniger Verpackungsm\u00fcll findet sich seit dem 30. November 2019 in Weidenau. Super angebunden an den \u00d6PNV, denn die Bushaltestelle ist fast vor der Ladent\u00fcr. Die vielf\u00e4ltig gef\u00fcllten Glaszylinder locken uns ebenso wie die nette Sitzecke, in der man erst mal in Ruhe \u00fcberlegen kann, was man kaufen aus dem doch \u00fcberraschend gro\u00dfen Sortiment m\u00f6chte. Es gibt z.B. Brot und regionale Eier, diverse Kaffees und Tees, Kekse, S\u00fc\u00dfigkeiten und Schokolade, Reis, spannende Nudelsorten, viele Getreide- und Sojaprodukte und H\u00fclsenfr\u00fcchte. Aber auch andere Dinge f\u00fcr den Haushalt wie Seifen aus einer Kreuztaler Seifenmanufaktur, Wasch- und Sp\u00fclmittel, alles zum Selbst-Abf\u00fcllen.<\/p>\n\n\n\n<p>Alle Lebensmittel haben Bioqualit\u00e4t und alle Produkte haben eine m\u00f6glichst kurze Lieferkette. Kein Wunder also, dass das Konzept 2018 den Zukunftsspreis des Kreises Siegen-Wittgenstein gewonnen hat. Die Idee zu dem Laden entwickelte sich in einer Siegener Gruppe der Transitionsbewegung, in der sich verschiedene Initiativen b\u00fcndeln, denen es um schonenden Umgang mit Ressourcen und weniger und bewussteren Konsum geht. Sie m\u00fcndete mit viel ehrenamtlichen Engagement durch eine bunte Gruppe junger Siegerl\u00e4nder*innen in die Bildung einer Genossenschaft. F\u00fcr die kann man weiterhin Anteile kaufen und Mitglied werden.<\/p>\n\n\n\n<p>Und ohne M\u00fcll einzukaufen geht eigentlich ganz einfach. Man bringt am besten von zu Hause einen oder mehrere eigene Beh\u00e4lter mit, wiegt sie ab und f\u00fcllt sie mit dem Produkt und der Menge, die man kaufen m\u00f6chte. Jedenfalls eine richtig gute M\u00f6glichkeit, selbst Verantwortung zu \u00fcbernehmen, um die Millionen Tonnen an Plastikm\u00fcll zu verringern, die jedes Jahr alleine in den Ozeanen landen.<\/p>\n\n\n\n<p>\u00d6ffnungszeiten: Montag bis Samstag\u00a0\u00a09.00 -18.00 Uhr<br>unverpackt-siegen<br>Hauptmarkt 20\u00a0<br>57076 Siegen<\/p>\n\n\n\n<figure class=\"wp-block-gallery columns-3 is-cropped wp-block-gallery-1 is-layout-flex wp-block-gallery-is-layout-flex\"><ul class=\"blocks-gallery-grid\"><li class=\"blocks-gallery-item\"><figure><a href=\"http:\/\/driewes.de\/wp-content\/uploads\/2019\/12\/0C4C3EDD-714C-41D5-880F-12CF302E3A56.jpg\"><img loading=\"lazy\" decoding=\"async\" width=\"640\" height=\"640\" src=\"http:\/\/driewes.de\/wp-content\/uploads\/2019\/12\/0C4C3EDD-714C-41D5-880F-12CF302E3A56.jpg\" alt=\"\" data-id=\"1266\" data-full-url=\"http:\/\/driewes.de\/wp-content\/uploads\/2019\/12\/0C4C3EDD-714C-41D5-880F-12CF302E3A56.jpg\" data-link=\"http:\/\/driewes.de\/?attachment_id=1266\" class=\"wp-image-1266\" srcset=\"https:\/\/driewes.de\/wp-content\/uploads\/2019\/12\/0C4C3EDD-714C-41D5-880F-12CF302E3A56.jpg 640w, https:\/\/driewes.de\/wp-content\/uploads\/2019\/12\/0C4C3EDD-714C-41D5-880F-12CF302E3A56-300x300.jpg 300w, https:\/\/driewes.de\/wp-content\/uploads\/2019\/12\/0C4C3EDD-714C-41D5-880F-12CF302E3A56-150x150.jpg 150w, https:\/\/driewes.de\/wp-content\/uploads\/2019\/12\/0C4C3EDD-714C-41D5-880F-12CF302E3A56-70x70.jpg 70w, https:\/\/driewes.de\/wp-content\/uploads\/2019\/12\/0C4C3EDD-714C-41D5-880F-12CF302E3A56-127x127.jpg 127w, https:\/\/driewes.de\/wp-content\/uploads\/2019\/12\/0C4C3EDD-714C-41D5-880F-12CF302E3A56-476x476.jpg 476w, https:\/\/driewes.de\/wp-content\/uploads\/2019\/12\/0C4C3EDD-714C-41D5-880F-12CF302E3A56-125x125.jpg 125w\" sizes=\"auto, (max-width: 640px) 100vw, 640px\" \/><\/a><\/figure><\/li><li class=\"blocks-gallery-item\"><figure><a href=\"http:\/\/driewes.de\/wp-content\/uploads\/2019\/12\/5C581BAB-0243-4852-A89E-5D459219F7AE.jpg\"><img loading=\"lazy\" decoding=\"async\" width=\"640\" height=\"638\" src=\"http:\/\/driewes.de\/wp-content\/uploads\/2019\/12\/5C581BAB-0243-4852-A89E-5D459219F7AE.jpg\" alt=\"\" data-id=\"1268\" data-full-url=\"http:\/\/driewes.de\/wp-content\/uploads\/2019\/12\/5C581BAB-0243-4852-A89E-5D459219F7AE.jpg\" data-link=\"http:\/\/driewes.de\/?attachment_id=1268\" class=\"wp-image-1268\" srcset=\"https:\/\/driewes.de\/wp-content\/uploads\/2019\/12\/5C581BAB-0243-4852-A89E-5D459219F7AE.jpg 640w, https:\/\/driewes.de\/wp-content\/uploads\/2019\/12\/5C581BAB-0243-4852-A89E-5D459219F7AE-300x300.jpg 300w, https:\/\/driewes.de\/wp-content\/uploads\/2019\/12\/5C581BAB-0243-4852-A89E-5D459219F7AE-150x150.jpg 150w, https:\/\/driewes.de\/wp-content\/uploads\/2019\/12\/5C581BAB-0243-4852-A89E-5D459219F7AE-70x70.jpg 70w, https:\/\/driewes.de\/wp-content\/uploads\/2019\/12\/5C581BAB-0243-4852-A89E-5D459219F7AE-127x127.jpg 127w, https:\/\/driewes.de\/wp-content\/uploads\/2019\/12\/5C581BAB-0243-4852-A89E-5D459219F7AE-476x476.jpg 476w, https:\/\/driewes.de\/wp-content\/uploads\/2019\/12\/5C581BAB-0243-4852-A89E-5D459219F7AE-125x125.jpg 125w\" sizes=\"auto, (max-width: 640px) 100vw, 640px\" \/><\/a><\/figure><\/li><li class=\"blocks-gallery-item\"><figure><a href=\"http:\/\/driewes.de\/wp-content\/uploads\/2019\/12\/663797CC-22E2-43B1-A818-833D5B2B4D75.jpg\"><img loading=\"lazy\" decoding=\"async\" width=\"640\" height=\"638\" src=\"http:\/\/driewes.de\/wp-content\/uploads\/2019\/12\/663797CC-22E2-43B1-A818-833D5B2B4D75.jpg\" alt=\"\" data-id=\"1269\" data-full-url=\"http:\/\/driewes.de\/wp-content\/uploads\/2019\/12\/663797CC-22E2-43B1-A818-833D5B2B4D75.jpg\" data-link=\"http:\/\/driewes.de\/?attachment_id=1269\" class=\"wp-image-1269\" srcset=\"https:\/\/driewes.de\/wp-content\/uploads\/2019\/12\/663797CC-22E2-43B1-A818-833D5B2B4D75.jpg 640w, https:\/\/driewes.de\/wp-content\/uploads\/2019\/12\/663797CC-22E2-43B1-A818-833D5B2B4D75-300x300.jpg 300w, https:\/\/driewes.de\/wp-content\/uploads\/2019\/12\/663797CC-22E2-43B1-A818-833D5B2B4D75-150x150.jpg 150w, https:\/\/driewes.de\/wp-content\/uploads\/2019\/12\/663797CC-22E2-43B1-A818-833D5B2B4D75-70x70.jpg 70w, https:\/\/driewes.de\/wp-content\/uploads\/2019\/12\/663797CC-22E2-43B1-A818-833D5B2B4D75-127x127.jpg 127w, https:\/\/driewes.de\/wp-content\/uploads\/2019\/12\/663797CC-22E2-43B1-A818-833D5B2B4D75-476x476.jpg 476w, https:\/\/driewes.de\/wp-content\/uploads\/2019\/12\/663797CC-22E2-43B1-A818-833D5B2B4D75-125x125.jpg 125w\" sizes=\"auto, (max-width: 640px) 100vw, 640px\" \/><\/a><\/figure><\/li><li class=\"blocks-gallery-item\"><figure><a href=\"http:\/\/driewes.de\/wp-content\/uploads\/2019\/12\/B111B59A-B528-438C-B0BD-D460C156451C.jpg\"><img loading=\"lazy\" decoding=\"async\" width=\"1024\" height=\"1021\" src=\"http:\/\/driewes.de\/wp-content\/uploads\/2019\/12\/B111B59A-B528-438C-B0BD-D460C156451C-1024x1021.jpg\" alt=\"\" data-id=\"1271\" data-full-url=\"http:\/\/driewes.de\/wp-content\/uploads\/2019\/12\/B111B59A-B528-438C-B0BD-D460C156451C.jpg\" data-link=\"http:\/\/driewes.de\/?attachment_id=1271\" class=\"wp-image-1271\" srcset=\"https:\/\/driewes.de\/wp-content\/uploads\/2019\/12\/B111B59A-B528-438C-B0BD-D460C156451C-1024x1021.jpg 1024w, https:\/\/driewes.de\/wp-content\/uploads\/2019\/12\/B111B59A-B528-438C-B0BD-D460C156451C-300x300.jpg 300w, https:\/\/driewes.de\/wp-content\/uploads\/2019\/12\/B111B59A-B528-438C-B0BD-D460C156451C-150x150.jpg 150w, https:\/\/driewes.de\/wp-content\/uploads\/2019\/12\/B111B59A-B528-438C-B0BD-D460C156451C-768x766.jpg 768w, https:\/\/driewes.de\/wp-content\/uploads\/2019\/12\/B111B59A-B528-438C-B0BD-D460C156451C-70x70.jpg 70w, https:\/\/driewes.de\/wp-content\/uploads\/2019\/12\/B111B59A-B528-438C-B0BD-D460C156451C-127x127.jpg 127w, https:\/\/driewes.de\/wp-content\/uploads\/2019\/12\/B111B59A-B528-438C-B0BD-D460C156451C-476x476.jpg 476w, https:\/\/driewes.de\/wp-content\/uploads\/2019\/12\/B111B59A-B528-438C-B0BD-D460C156451C-125x125.jpg 125w, https:\/\/driewes.de\/wp-content\/uploads\/2019\/12\/B111B59A-B528-438C-B0BD-D460C156451C.jpg 1440w\" sizes=\"auto, (max-width: 1024px) 100vw, 1024px\" \/><\/a><\/figure><\/li><li class=\"blocks-gallery-item\"><figure><a href=\"http:\/\/driewes.de\/wp-content\/uploads\/2019\/12\/D16B0EB1-48FC-4DF3-A899-39CE05EB6128.jpg\"><img loading=\"lazy\" decoding=\"async\" width=\"640\" height=\"638\" src=\"http:\/\/driewes.de\/wp-content\/uploads\/2019\/12\/D16B0EB1-48FC-4DF3-A899-39CE05EB6128.jpg\" alt=\"\" data-id=\"1272\" data-full-url=\"http:\/\/driewes.de\/wp-content\/uploads\/2019\/12\/D16B0EB1-48FC-4DF3-A899-39CE05EB6128.jpg\" data-link=\"http:\/\/driewes.de\/?attachment_id=1272\" class=\"wp-image-1272\" srcset=\"https:\/\/driewes.de\/wp-content\/uploads\/2019\/12\/D16B0EB1-48FC-4DF3-A899-39CE05EB6128.jpg 640w, https:\/\/driewes.de\/wp-content\/uploads\/2019\/12\/D16B0EB1-48FC-4DF3-A899-39CE05EB6128-300x300.jpg 300w, https:\/\/driewes.de\/wp-content\/uploads\/2019\/12\/D16B0EB1-48FC-4DF3-A899-39CE05EB6128-150x150.jpg 150w, https:\/\/driewes.de\/wp-content\/uploads\/2019\/12\/D16B0EB1-48FC-4DF3-A899-39CE05EB6128-70x70.jpg 70w, https:\/\/driewes.de\/wp-content\/uploads\/2019\/12\/D16B0EB1-48FC-4DF3-A899-39CE05EB6128-127x127.jpg 127w, https:\/\/driewes.de\/wp-content\/uploads\/2019\/12\/D16B0EB1-48FC-4DF3-A899-39CE05EB6128-476x476.jpg 476w, https:\/\/driewes.de\/wp-content\/uploads\/2019\/12\/D16B0EB1-48FC-4DF3-A899-39CE05EB6128-125x125.jpg 125w\" sizes=\"auto, (max-width: 640px) 100vw, 640px\" \/><\/a><\/figure><\/li><\/ul><\/figure>\n\n\n\n<figure class=\"wp-block-embed\"><div class=\"wp-block-embed__wrapper\">\nhttps:\/\/unverpackt-siegen.de\n<\/div><\/figure>\n\n\n\n<p><a href=\"mailto:info@unverpackt-siegen.de\">info@unverpackt-siegen.de<\/a><\/p>\n","protected":false},"excerpt":{"rendered":"<p>Lose, nat\u00fcrlich, pur \u2013 der Unverpackt-Laden in Siegen Weidenau Ein konkreter Lichtblick im Gerangel um weniger Verpackungsm\u00fcll findet sich seit dem 30. November 2019 in Weidenau. Super angebunden an den \u00d6PNV, denn die Bushaltestelle ist fast vor der Ladent\u00fcr. Die vielf\u00e4ltig gef\u00fcllten Glaszylinder locken uns ebenso wie die nette Sitzecke, in der man erst mal [&hellip;]<\/p>\n","protected":false},"author":3,"featured_media":0,"parent":0,"menu_order":0,"comment_status":"closed","ping_status":"closed","template":"","meta":{"footnotes":""},"class_list":["post-1264","page","type-page","status-publish","hentry"],"_links":{"self":[{"href":"https:\/\/driewes.de\/index.php?rest_route=\/wp\/v2\/pages\/1264","targetHints":{"allow":["GET"]}}],"collection":[{"href":"https:\/\/driewes.de\/index.php?rest_route=\/wp\/v2\/pages"}],"about":[{"href":"https:\/\/driewes.de\/index.php?rest_route=\/wp\/v2\/types\/page"}],"author":[{"embeddable":true,"href":"https:\/\/driewes.de\/index.php?rest_route=\/wp\/v2\/users\/3"}],"replies":[{"embeddable":true,"href":"https:\/\/driewes.de\/index.php?rest_route=%2Fwp%2Fv2%2Fcomments&post=1264"}],"version-history":[{"count":1,"href":"https:\/\/driewes.de\/index.php?rest_route=\/wp\/v2\/pages\/1264\/revisions"}],"predecessor-version":[{"id":1273,"href":"https:\/\/driewes.de\/index.php?rest_route=\/wp\/v2\/pages\/1264\/revisions\/1273"}],"wp:attachment":[{"href":"https:\/\/driewes.de\/index.php?rest_route=%2Fwp%2Fv2%2Fmedia&parent=1264"}],"curies":[{"name":"wp","href":"https:\/\/api.w.org\/{rel}","templated":true}]}}