{"id":1256,"date":"2019-12-16T17:05:41","date_gmt":"2019-12-16T16:05:41","guid":{"rendered":"http:\/\/driewes.de\/?page_id=1256"},"modified":"2019-12-16T17:10:58","modified_gmt":"2019-12-16T16:10:58","slug":"sbar","status":"publish","type":"page","link":"https:\/\/driewes.de\/?page_id=1256","title":{"rendered":"SBAR"},"content":{"rendered":"\n<p class=\"has-medium-font-size\"><strong>Von Tante Liese inspiriert &#8211; die Suppenk\u00fcche in der Siegener Oberstadt<\/strong><\/p>\n\n\n\n<figure class=\"wp-block-image size-large\"><img loading=\"lazy\" decoding=\"async\" width=\"1024\" height=\"1024\" src=\"http:\/\/driewes.de\/wp-content\/uploads\/2019\/12\/70912D5B-9AC7-4330-894D-4D1D89FA4A18-1-1024x1024.jpg\" alt=\"\" class=\"wp-image-1250\" srcset=\"https:\/\/driewes.de\/wp-content\/uploads\/2019\/12\/70912D5B-9AC7-4330-894D-4D1D89FA4A18-1-1024x1024.jpg 1024w, https:\/\/driewes.de\/wp-content\/uploads\/2019\/12\/70912D5B-9AC7-4330-894D-4D1D89FA4A18-1-300x300.jpg 300w, https:\/\/driewes.de\/wp-content\/uploads\/2019\/12\/70912D5B-9AC7-4330-894D-4D1D89FA4A18-1-150x150.jpg 150w, https:\/\/driewes.de\/wp-content\/uploads\/2019\/12\/70912D5B-9AC7-4330-894D-4D1D89FA4A18-1-768x768.jpg 768w, https:\/\/driewes.de\/wp-content\/uploads\/2019\/12\/70912D5B-9AC7-4330-894D-4D1D89FA4A18-1-70x70.jpg 70w, https:\/\/driewes.de\/wp-content\/uploads\/2019\/12\/70912D5B-9AC7-4330-894D-4D1D89FA4A18-1-127x127.jpg 127w, https:\/\/driewes.de\/wp-content\/uploads\/2019\/12\/70912D5B-9AC7-4330-894D-4D1D89FA4A18-1-476x476.jpg 476w, https:\/\/driewes.de\/wp-content\/uploads\/2019\/12\/70912D5B-9AC7-4330-894D-4D1D89FA4A18-1-125x125.jpg 125w, https:\/\/driewes.de\/wp-content\/uploads\/2019\/12\/70912D5B-9AC7-4330-894D-4D1D89FA4A18-1.jpg 1440w\" sizes=\"auto, (max-width: 1024px) 100vw, 1024px\" \/><\/figure>\n\n\n\n<p>\u201e Gibt\u2019s noch ein S\u00fcppchen f\u00fcr mich?\u201c Mit diesen Worten st\u00fcrmt eine junge Frau in den kleinen, famili\u00e4ren Gastraum. Barbara McCoy kann sie beruhigen, niemand muss hier hungern. Seit 2011 gibt es sie, die Suppenk\u00fcche, und Barbara McCoy hat alle H\u00e4nde voll zu tun. Denn sie kocht jeden Tag 2-3 Suppen frisch und daf\u00fcr hat sie jede Menge Rezepte im Kopf. Das Angebot an Lebensmitteln, also die Jahreszeit bestimmt die Auswahl. So gibt es jetzt im November eine wunderbare Gr\u00fcnkohlsuppe, aber auch K\u00fcrbissuppe. Ein Muss ist die H\u00fchnersuppe vom Biohuhn, die gerade im Winter w\u00e4rmt und gl\u00fccklich macht. Dazu gibt es immer Siegener Kartoffelbrot mit einer saisonalen Besonderheit. Dass Barbara McCoy , die fr\u00fcher in Berlin Kinder beim Film betreut hat, auf die Idee mit der Suppenk\u00fcche kam, ist ihrer Tante Liese zu verdanken. Denn wie ihre Tante findet sie, dass eine Suppe immer etwas Gem\u00fctliches hat und zudem ist sie leicht, lecker und gesund, wenn sie so gekocht ist, wie hier. Falls man f\u00fcr eine Party eine Suppe haben m\u00f6chte, kann man sie bei Barbara auch bestellen und anliefern lassen. Oder man kommt mit der eigenen Suppentasse vorbei und l\u00e4sst sich ganz nachhaltig ein S\u00fcppchen darin abf\u00fcllen.<\/p>\n\n\n\n<p>\u00d6ffnungszeiten:&nbsp;Montag bis Samstag11.30 -18.00 Uhr<br>Suppenk\u00fcche\/SBar<br>Kohlbettstr.20, vis \u00e0 vis Oberstadt Campus<br>57072 Siegen<br>Tel. 0171-5357497<br><a href=\"mailto:barbara-mc-coy@t-online.de\">barbara-mc-coy@t-online.de<\/a><\/p>\n\n\n\n<figure class=\"wp-block-gallery columns-3 is-cropped wp-block-gallery-1 is-layout-flex wp-block-gallery-is-layout-flex\"><ul class=\"blocks-gallery-grid\"><li class=\"blocks-gallery-item\"><figure><a href=\"http:\/\/driewes.de\/wp-content\/uploads\/2019\/12\/868B7D91-4AC1-41ED-A9B4-AE61B118427B.jpg\"><img loading=\"lazy\" decoding=\"async\" width=\"640\" height=\"640\" src=\"http:\/\/driewes.de\/wp-content\/uploads\/2019\/12\/868B7D91-4AC1-41ED-A9B4-AE61B118427B.jpg\" alt=\"\" data-id=\"1248\" data-full-url=\"http:\/\/driewes.de\/wp-content\/uploads\/2019\/12\/868B7D91-4AC1-41ED-A9B4-AE61B118427B.jpg\" data-link=\"http:\/\/driewes.de\/?attachment_id=1248\" class=\"wp-image-1248\" srcset=\"https:\/\/driewes.de\/wp-content\/uploads\/2019\/12\/868B7D91-4AC1-41ED-A9B4-AE61B118427B.jpg 640w, https:\/\/driewes.de\/wp-content\/uploads\/2019\/12\/868B7D91-4AC1-41ED-A9B4-AE61B118427B-300x300.jpg 300w, https:\/\/driewes.de\/wp-content\/uploads\/2019\/12\/868B7D91-4AC1-41ED-A9B4-AE61B118427B-150x150.jpg 150w, https:\/\/driewes.de\/wp-content\/uploads\/2019\/12\/868B7D91-4AC1-41ED-A9B4-AE61B118427B-70x70.jpg 70w, https:\/\/driewes.de\/wp-content\/uploads\/2019\/12\/868B7D91-4AC1-41ED-A9B4-AE61B118427B-127x127.jpg 127w, https:\/\/driewes.de\/wp-content\/uploads\/2019\/12\/868B7D91-4AC1-41ED-A9B4-AE61B118427B-476x476.jpg 476w, https:\/\/driewes.de\/wp-content\/uploads\/2019\/12\/868B7D91-4AC1-41ED-A9B4-AE61B118427B-125x125.jpg 125w\" sizes=\"auto, (max-width: 640px) 100vw, 640px\" \/><\/a><\/figure><\/li><li class=\"blocks-gallery-item\"><figure><a href=\"http:\/\/driewes.de\/wp-content\/uploads\/2019\/12\/D196008C-9228-40B9-8C16-29EDBF538B96.jpg\"><img loading=\"lazy\" decoding=\"async\" width=\"640\" height=\"640\" src=\"http:\/\/driewes.de\/wp-content\/uploads\/2019\/12\/D196008C-9228-40B9-8C16-29EDBF538B96.jpg\" alt=\"\" data-id=\"1254\" data-full-url=\"http:\/\/driewes.de\/wp-content\/uploads\/2019\/12\/D196008C-9228-40B9-8C16-29EDBF538B96.jpg\" data-link=\"http:\/\/driewes.de\/?attachment_id=1254\" class=\"wp-image-1254\" srcset=\"https:\/\/driewes.de\/wp-content\/uploads\/2019\/12\/D196008C-9228-40B9-8C16-29EDBF538B96.jpg 640w, https:\/\/driewes.de\/wp-content\/uploads\/2019\/12\/D196008C-9228-40B9-8C16-29EDBF538B96-300x300.jpg 300w, https:\/\/driewes.de\/wp-content\/uploads\/2019\/12\/D196008C-9228-40B9-8C16-29EDBF538B96-150x150.jpg 150w, https:\/\/driewes.de\/wp-content\/uploads\/2019\/12\/D196008C-9228-40B9-8C16-29EDBF538B96-70x70.jpg 70w, https:\/\/driewes.de\/wp-content\/uploads\/2019\/12\/D196008C-9228-40B9-8C16-29EDBF538B96-127x127.jpg 127w, https:\/\/driewes.de\/wp-content\/uploads\/2019\/12\/D196008C-9228-40B9-8C16-29EDBF538B96-476x476.jpg 476w, https:\/\/driewes.de\/wp-content\/uploads\/2019\/12\/D196008C-9228-40B9-8C16-29EDBF538B96-125x125.jpg 125w\" sizes=\"auto, (max-width: 640px) 100vw, 640px\" \/><\/a><\/figure><\/li><li class=\"blocks-gallery-item\"><figure><a href=\"http:\/\/driewes.de\/wp-content\/uploads\/2019\/12\/A5BEFBCE-4C12-4D27-9628-4FCA833528B5.jpg\"><img loading=\"lazy\" decoding=\"async\" width=\"640\" height=\"640\" src=\"http:\/\/driewes.de\/wp-content\/uploads\/2019\/12\/A5BEFBCE-4C12-4D27-9628-4FCA833528B5.jpg\" alt=\"\" data-id=\"1251\" data-full-url=\"http:\/\/driewes.de\/wp-content\/uploads\/2019\/12\/A5BEFBCE-4C12-4D27-9628-4FCA833528B5.jpg\" data-link=\"http:\/\/driewes.de\/?attachment_id=1251\" class=\"wp-image-1251\" srcset=\"https:\/\/driewes.de\/wp-content\/uploads\/2019\/12\/A5BEFBCE-4C12-4D27-9628-4FCA833528B5.jpg 640w, https:\/\/driewes.de\/wp-content\/uploads\/2019\/12\/A5BEFBCE-4C12-4D27-9628-4FCA833528B5-300x300.jpg 300w, https:\/\/driewes.de\/wp-content\/uploads\/2019\/12\/A5BEFBCE-4C12-4D27-9628-4FCA833528B5-150x150.jpg 150w, https:\/\/driewes.de\/wp-content\/uploads\/2019\/12\/A5BEFBCE-4C12-4D27-9628-4FCA833528B5-70x70.jpg 70w, https:\/\/driewes.de\/wp-content\/uploads\/2019\/12\/A5BEFBCE-4C12-4D27-9628-4FCA833528B5-127x127.jpg 127w, https:\/\/driewes.de\/wp-content\/uploads\/2019\/12\/A5BEFBCE-4C12-4D27-9628-4FCA833528B5-476x476.jpg 476w, https:\/\/driewes.de\/wp-content\/uploads\/2019\/12\/A5BEFBCE-4C12-4D27-9628-4FCA833528B5-125x125.jpg 125w\" sizes=\"auto, (max-width: 640px) 100vw, 640px\" \/><\/a><\/figure><\/li><li class=\"blocks-gallery-item\"><figure><a href=\"http:\/\/driewes.de\/wp-content\/uploads\/2019\/12\/AEC718EF-C8C7-4B98-A3D8-18D9129DE689.jpg\"><img loading=\"lazy\" decoding=\"async\" width=\"1024\" height=\"1024\" src=\"http:\/\/driewes.de\/wp-content\/uploads\/2019\/12\/AEC718EF-C8C7-4B98-A3D8-18D9129DE689-1024x1024.jpg\" alt=\"\" data-id=\"1252\" data-full-url=\"http:\/\/driewes.de\/wp-content\/uploads\/2019\/12\/AEC718EF-C8C7-4B98-A3D8-18D9129DE689.jpg\" data-link=\"http:\/\/driewes.de\/?attachment_id=1252\" class=\"wp-image-1252\" srcset=\"https:\/\/driewes.de\/wp-content\/uploads\/2019\/12\/AEC718EF-C8C7-4B98-A3D8-18D9129DE689-1024x1024.jpg 1024w, https:\/\/driewes.de\/wp-content\/uploads\/2019\/12\/AEC718EF-C8C7-4B98-A3D8-18D9129DE689-300x300.jpg 300w, https:\/\/driewes.de\/wp-content\/uploads\/2019\/12\/AEC718EF-C8C7-4B98-A3D8-18D9129DE689-150x150.jpg 150w, https:\/\/driewes.de\/wp-content\/uploads\/2019\/12\/AEC718EF-C8C7-4B98-A3D8-18D9129DE689-768x768.jpg 768w, https:\/\/driewes.de\/wp-content\/uploads\/2019\/12\/AEC718EF-C8C7-4B98-A3D8-18D9129DE689-70x70.jpg 70w, https:\/\/driewes.de\/wp-content\/uploads\/2019\/12\/AEC718EF-C8C7-4B98-A3D8-18D9129DE689-127x127.jpg 127w, https:\/\/driewes.de\/wp-content\/uploads\/2019\/12\/AEC718EF-C8C7-4B98-A3D8-18D9129DE689-476x476.jpg 476w, https:\/\/driewes.de\/wp-content\/uploads\/2019\/12\/AEC718EF-C8C7-4B98-A3D8-18D9129DE689-125x125.jpg 125w, https:\/\/driewes.de\/wp-content\/uploads\/2019\/12\/AEC718EF-C8C7-4B98-A3D8-18D9129DE689.jpg 1440w\" sizes=\"auto, (max-width: 1024px) 100vw, 1024px\" \/><\/a><\/figure><\/li><li class=\"blocks-gallery-item\"><figure><a href=\"http:\/\/driewes.de\/wp-content\/uploads\/2019\/12\/C763F976-35EF-4F7C-AC80-188C14AB6C3B.jpg\"><img loading=\"lazy\" decoding=\"async\" width=\"1024\" height=\"1024\" src=\"http:\/\/driewes.de\/wp-content\/uploads\/2019\/12\/C763F976-35EF-4F7C-AC80-188C14AB6C3B-1024x1024.jpg\" alt=\"\" data-id=\"1253\" data-full-url=\"http:\/\/driewes.de\/wp-content\/uploads\/2019\/12\/C763F976-35EF-4F7C-AC80-188C14AB6C3B.jpg\" data-link=\"http:\/\/driewes.de\/?attachment_id=1253\" class=\"wp-image-1253\" srcset=\"https:\/\/driewes.de\/wp-content\/uploads\/2019\/12\/C763F976-35EF-4F7C-AC80-188C14AB6C3B-1024x1024.jpg 1024w, https:\/\/driewes.de\/wp-content\/uploads\/2019\/12\/C763F976-35EF-4F7C-AC80-188C14AB6C3B-300x300.jpg 300w, https:\/\/driewes.de\/wp-content\/uploads\/2019\/12\/C763F976-35EF-4F7C-AC80-188C14AB6C3B-150x150.jpg 150w, https:\/\/driewes.de\/wp-content\/uploads\/2019\/12\/C763F976-35EF-4F7C-AC80-188C14AB6C3B-768x768.jpg 768w, https:\/\/driewes.de\/wp-content\/uploads\/2019\/12\/C763F976-35EF-4F7C-AC80-188C14AB6C3B-70x70.jpg 70w, https:\/\/driewes.de\/wp-content\/uploads\/2019\/12\/C763F976-35EF-4F7C-AC80-188C14AB6C3B-127x127.jpg 127w, https:\/\/driewes.de\/wp-content\/uploads\/2019\/12\/C763F976-35EF-4F7C-AC80-188C14AB6C3B-476x476.jpg 476w, https:\/\/driewes.de\/wp-content\/uploads\/2019\/12\/C763F976-35EF-4F7C-AC80-188C14AB6C3B-125x125.jpg 125w, https:\/\/driewes.de\/wp-content\/uploads\/2019\/12\/C763F976-35EF-4F7C-AC80-188C14AB6C3B.jpg 1440w\" sizes=\"auto, (max-width: 1024px) 100vw, 1024px\" \/><\/a><\/figure><\/li><\/ul><\/figure>\n\n\n\n<p><\/p>\n","protected":false},"excerpt":{"rendered":"<p>Von Tante Liese inspiriert &#8211; die Suppenk\u00fcche in der Siegener Oberstadt \u201e Gibt\u2019s noch ein S\u00fcppchen f\u00fcr mich?\u201c Mit diesen Worten st\u00fcrmt eine junge Frau in den kleinen, famili\u00e4ren Gastraum. Barbara McCoy kann sie beruhigen, niemand muss hier hungern. Seit 2011 gibt es sie, die Suppenk\u00fcche, und Barbara McCoy hat alle H\u00e4nde voll zu tun. [&hellip;]<\/p>\n","protected":false},"author":3,"featured_media":0,"parent":0,"menu_order":0,"comment_status":"closed","ping_status":"closed","template":"","meta":{"footnotes":""},"class_list":["post-1256","page","type-page","status-publish","hentry"],"_links":{"self":[{"href":"https:\/\/driewes.de\/index.php?rest_route=\/wp\/v2\/pages\/1256","targetHints":{"allow":["GET"]}}],"collection":[{"href":"https:\/\/driewes.de\/index.php?rest_route=\/wp\/v2\/pages"}],"about":[{"href":"https:\/\/driewes.de\/index.php?rest_route=\/wp\/v2\/types\/page"}],"author":[{"embeddable":true,"href":"https:\/\/driewes.de\/index.php?rest_route=\/wp\/v2\/users\/3"}],"replies":[{"embeddable":true,"href":"https:\/\/driewes.de\/index.php?rest_route=%2Fwp%2Fv2%2Fcomments&post=1256"}],"version-history":[{"count":4,"href":"https:\/\/driewes.de\/index.php?rest_route=\/wp\/v2\/pages\/1256\/revisions"}],"predecessor-version":[{"id":1262,"href":"https:\/\/driewes.de\/index.php?rest_route=\/wp\/v2\/pages\/1256\/revisions\/1262"}],"wp:attachment":[{"href":"https:\/\/driewes.de\/index.php?rest_route=%2Fwp%2Fv2%2Fmedia&parent=1256"}],"curies":[{"name":"wp","href":"https:\/\/api.w.org\/{rel}","templated":true}]}}