{"id":1191,"date":"2019-11-21T09:41:23","date_gmt":"2019-11-21T08:41:23","guid":{"rendered":"http:\/\/driewes.de\/?page_id=1191"},"modified":"2019-11-22T11:34:13","modified_gmt":"2019-11-22T10:34:13","slug":"gusto-puro","status":"publish","type":"page","link":"https:\/\/driewes.de\/?page_id=1191","title":{"rendered":"GUSTO PURO"},"content":{"rendered":"\n<p class=\"has-medium-font-size\"><strong>Gusto Puro = reiner Geschmack<\/strong><br><strong>Italienisches Lebensgef\u00fchl in der Siegener Oberstadt<\/strong><\/p>\n\n\n\n<figure class=\"wp-block-image size-large\"><img loading=\"lazy\" decoding=\"async\" width=\"1024\" height=\"1024\" src=\"http:\/\/driewes.de\/wp-content\/uploads\/2019\/11\/BBAC4D01-CBAD-4315-912C-D4E21B9060D3-1024x1024.jpg\" alt=\"\" class=\"wp-image-1192\" srcset=\"https:\/\/driewes.de\/wp-content\/uploads\/2019\/11\/BBAC4D01-CBAD-4315-912C-D4E21B9060D3-1024x1024.jpg 1024w, https:\/\/driewes.de\/wp-content\/uploads\/2019\/11\/BBAC4D01-CBAD-4315-912C-D4E21B9060D3-300x300.jpg 300w, https:\/\/driewes.de\/wp-content\/uploads\/2019\/11\/BBAC4D01-CBAD-4315-912C-D4E21B9060D3-150x150.jpg 150w, https:\/\/driewes.de\/wp-content\/uploads\/2019\/11\/BBAC4D01-CBAD-4315-912C-D4E21B9060D3-768x768.jpg 768w, https:\/\/driewes.de\/wp-content\/uploads\/2019\/11\/BBAC4D01-CBAD-4315-912C-D4E21B9060D3-70x70.jpg 70w, https:\/\/driewes.de\/wp-content\/uploads\/2019\/11\/BBAC4D01-CBAD-4315-912C-D4E21B9060D3-127x127.jpg 127w, https:\/\/driewes.de\/wp-content\/uploads\/2019\/11\/BBAC4D01-CBAD-4315-912C-D4E21B9060D3-476x476.jpg 476w, https:\/\/driewes.de\/wp-content\/uploads\/2019\/11\/BBAC4D01-CBAD-4315-912C-D4E21B9060D3-125x125.jpg 125w, https:\/\/driewes.de\/wp-content\/uploads\/2019\/11\/BBAC4D01-CBAD-4315-912C-D4E21B9060D3.jpg 1440w\" sizes=\"auto, (max-width: 1024px) 100vw, 1024px\" \/><\/figure>\n\n\n\n<p>Am Anfang war die Pizza, und die Passion f\u00fcr italienisches Essen, mit dem Bruno Puddu, der geb\u00fcrtige Sarde, das Siegerland begeistern wollte, indem er zun\u00e4chst mit seinem mobilen Pizzaofen die K\u00f6stlichkeiten zu den Kunden trug. Oder aber italienische K\u00f6stlichkeiten als Catering anbot, die in einem zur Profik\u00fcche umgebauten ehemaligen Lagerraum in der Hinterstra\u00dfe entstanden. Das reichte dem umtriebigen Bruno Puddu aber nicht und so kam er auf die Idee, dort in der Hinterstra\u00dfe Pizza-Events zu veranstalten, bei denen bald die G\u00e4ste bis auf die Stra\u00dfe standen.&nbsp;<\/p>\n\n\n\n<p>Noch anspruchsvoller waren und sind die Themenabende, bei denen man via 5-G\u00e4nge-Men\u00fc durch die Provinzen Italiens reist. Diese Abende finden im Speisesaal nebenan statt und sind auf lange Zeit ausgebucht, Reservierungen also unbedingt n\u00f6tig. Das liegt zum einen daran, dass die Frische der verarbeiteten Produkte einen hohen Stellenwert hat, aber auch daran, dass die Men\u00fcfolge bis zum letzten Moment ein Geheimnis ist und jedes Mal die G\u00e4ste \u00fcberrascht. Die G\u00e4ste wissen aber auch sehr zu sch\u00e4tzen, dass sie mit anderen an einem Tisch sitzen, sich spannende Gespr\u00e4che und manchmal auch neue Kontakte entwickeln, italienisches Lebensgef\u00fchl eben. Der besondere Speiseraum, die Qualit\u00e4t des Essens und das Zusammensitzen z\u00e4hlen hier im GUSTO PURO.<\/p>\n\n\n\n<p>Spannend ist es auch, an einem der Kochkurse teilzunehmen, egal ob Einsteiger oder routinierte Hobbyk\u00f6chin. Seit kurzem ist Luca, als Koch mit im Team und es gibt in der Officina zus\u00e4tzlich zum monatlichen Pizza-Event jetzt jeden Mittwoch und Donnerstag von 11.30 &#8211; 14.30 Uhr&nbsp;&nbsp;und von 17.00 &#8211; 21.30 Uhr k\u00f6stliche Pizzen, die man vorbestellen und abholen kann. Sch\u00f6ner ist es aber, dort im Speiseraum zu verweilen und in Ruhe die leckere Pizza zu genie\u00dfen.<\/p>\n\n\n\n<p>Alle Informationen rund um die K\u00f6stlichkeiten und Termine sind unter :&nbsp;<a href=\"http:\/\/www.gusto-puro.de\/\">w<\/a><a href=\"http:\/\/www.gusto-puro.de\/\" target=\"_blank\" rel=\"noreferrer noopener\" aria-label=\"ww.gusto-puro.de (\u00f6ffnet in neuem Tab)\">ww.gusto-puro.de<\/a> zu finden.<\/p>\n\n\n\n<figure class=\"wp-block-gallery columns-3 is-cropped wp-block-gallery-1 is-layout-flex wp-block-gallery-is-layout-flex\"><ul class=\"blocks-gallery-grid\"><li class=\"blocks-gallery-item\"><figure><a href=\"http:\/\/driewes.de\/wp-content\/uploads\/2019\/11\/53C93365-67EC-4DF0-9DD7-5A4AF88AD499.jpg\"><img loading=\"lazy\" decoding=\"async\" width=\"1024\" height=\"1021\" src=\"http:\/\/driewes.de\/wp-content\/uploads\/2019\/11\/53C93365-67EC-4DF0-9DD7-5A4AF88AD499-1024x1021.jpg\" alt=\"\" data-id=\"1193\" data-full-url=\"http:\/\/driewes.de\/wp-content\/uploads\/2019\/11\/53C93365-67EC-4DF0-9DD7-5A4AF88AD499.jpg\" data-link=\"http:\/\/driewes.de\/?attachment_id=1193\" class=\"wp-image-1193\" srcset=\"https:\/\/driewes.de\/wp-content\/uploads\/2019\/11\/53C93365-67EC-4DF0-9DD7-5A4AF88AD499-1024x1021.jpg 1024w, https:\/\/driewes.de\/wp-content\/uploads\/2019\/11\/53C93365-67EC-4DF0-9DD7-5A4AF88AD499-300x300.jpg 300w, https:\/\/driewes.de\/wp-content\/uploads\/2019\/11\/53C93365-67EC-4DF0-9DD7-5A4AF88AD499-150x150.jpg 150w, https:\/\/driewes.de\/wp-content\/uploads\/2019\/11\/53C93365-67EC-4DF0-9DD7-5A4AF88AD499-768x766.jpg 768w, https:\/\/driewes.de\/wp-content\/uploads\/2019\/11\/53C93365-67EC-4DF0-9DD7-5A4AF88AD499-70x70.jpg 70w, https:\/\/driewes.de\/wp-content\/uploads\/2019\/11\/53C93365-67EC-4DF0-9DD7-5A4AF88AD499-127x127.jpg 127w, https:\/\/driewes.de\/wp-content\/uploads\/2019\/11\/53C93365-67EC-4DF0-9DD7-5A4AF88AD499-476x476.jpg 476w, https:\/\/driewes.de\/wp-content\/uploads\/2019\/11\/53C93365-67EC-4DF0-9DD7-5A4AF88AD499-125x125.jpg 125w, https:\/\/driewes.de\/wp-content\/uploads\/2019\/11\/53C93365-67EC-4DF0-9DD7-5A4AF88AD499.jpg 1440w\" sizes=\"auto, (max-width: 1024px) 100vw, 1024px\" \/><\/a><\/figure><\/li><li class=\"blocks-gallery-item\"><figure><a href=\"http:\/\/driewes.de\/wp-content\/uploads\/2019\/11\/0E03802F-7D6A-4D51-93A8-D6FA27A30D63-1.jpg\"><img loading=\"lazy\" decoding=\"async\" width=\"1024\" height=\"1021\" src=\"http:\/\/driewes.de\/wp-content\/uploads\/2019\/11\/0E03802F-7D6A-4D51-93A8-D6FA27A30D63-1-1024x1021.jpg\" alt=\"\" data-id=\"1197\" data-full-url=\"http:\/\/driewes.de\/wp-content\/uploads\/2019\/11\/0E03802F-7D6A-4D51-93A8-D6FA27A30D63-1.jpg\" data-link=\"http:\/\/driewes.de\/?attachment_id=1197\" class=\"wp-image-1197\" srcset=\"https:\/\/driewes.de\/wp-content\/uploads\/2019\/11\/0E03802F-7D6A-4D51-93A8-D6FA27A30D63-1-1024x1021.jpg 1024w, https:\/\/driewes.de\/wp-content\/uploads\/2019\/11\/0E03802F-7D6A-4D51-93A8-D6FA27A30D63-1-300x300.jpg 300w, https:\/\/driewes.de\/wp-content\/uploads\/2019\/11\/0E03802F-7D6A-4D51-93A8-D6FA27A30D63-1-150x150.jpg 150w, https:\/\/driewes.de\/wp-content\/uploads\/2019\/11\/0E03802F-7D6A-4D51-93A8-D6FA27A30D63-1-768x766.jpg 768w, https:\/\/driewes.de\/wp-content\/uploads\/2019\/11\/0E03802F-7D6A-4D51-93A8-D6FA27A30D63-1-70x70.jpg 70w, https:\/\/driewes.de\/wp-content\/uploads\/2019\/11\/0E03802F-7D6A-4D51-93A8-D6FA27A30D63-1-127x127.jpg 127w, https:\/\/driewes.de\/wp-content\/uploads\/2019\/11\/0E03802F-7D6A-4D51-93A8-D6FA27A30D63-1-476x476.jpg 476w, https:\/\/driewes.de\/wp-content\/uploads\/2019\/11\/0E03802F-7D6A-4D51-93A8-D6FA27A30D63-1-125x125.jpg 125w, https:\/\/driewes.de\/wp-content\/uploads\/2019\/11\/0E03802F-7D6A-4D51-93A8-D6FA27A30D63-1.jpg 1440w\" sizes=\"auto, (max-width: 1024px) 100vw, 1024px\" \/><\/a><\/figure><\/li><li class=\"blocks-gallery-item\"><figure><a href=\"http:\/\/driewes.de\/wp-content\/uploads\/2019\/11\/031AE715-AB77-417A-83FB-23FC8E7F7772.jpg\"><img loading=\"lazy\" decoding=\"async\" width=\"1024\" height=\"1021\" src=\"http:\/\/driewes.de\/wp-content\/uploads\/2019\/11\/031AE715-AB77-417A-83FB-23FC8E7F7772-1024x1021.jpg\" alt=\"\" data-id=\"1196\" data-full-url=\"http:\/\/driewes.de\/wp-content\/uploads\/2019\/11\/031AE715-AB77-417A-83FB-23FC8E7F7772.jpg\" data-link=\"http:\/\/driewes.de\/?attachment_id=1196\" class=\"wp-image-1196\" srcset=\"https:\/\/driewes.de\/wp-content\/uploads\/2019\/11\/031AE715-AB77-417A-83FB-23FC8E7F7772-1024x1021.jpg 1024w, https:\/\/driewes.de\/wp-content\/uploads\/2019\/11\/031AE715-AB77-417A-83FB-23FC8E7F7772-300x300.jpg 300w, https:\/\/driewes.de\/wp-content\/uploads\/2019\/11\/031AE715-AB77-417A-83FB-23FC8E7F7772-150x150.jpg 150w, https:\/\/driewes.de\/wp-content\/uploads\/2019\/11\/031AE715-AB77-417A-83FB-23FC8E7F7772-768x766.jpg 768w, https:\/\/driewes.de\/wp-content\/uploads\/2019\/11\/031AE715-AB77-417A-83FB-23FC8E7F7772-70x70.jpg 70w, https:\/\/driewes.de\/wp-content\/uploads\/2019\/11\/031AE715-AB77-417A-83FB-23FC8E7F7772-127x127.jpg 127w, https:\/\/driewes.de\/wp-content\/uploads\/2019\/11\/031AE715-AB77-417A-83FB-23FC8E7F7772-476x476.jpg 476w, https:\/\/driewes.de\/wp-content\/uploads\/2019\/11\/031AE715-AB77-417A-83FB-23FC8E7F7772-125x125.jpg 125w, https:\/\/driewes.de\/wp-content\/uploads\/2019\/11\/031AE715-AB77-417A-83FB-23FC8E7F7772.jpg 1440w\" sizes=\"auto, (max-width: 1024px) 100vw, 1024px\" \/><\/a><\/figure><\/li><li class=\"blocks-gallery-item\"><figure><a href=\"http:\/\/driewes.de\/wp-content\/uploads\/2019\/11\/70B93960-C35B-4E1E-8303-4C85C81C0313.jpg\"><img loading=\"lazy\" decoding=\"async\" width=\"1024\" height=\"1021\" src=\"http:\/\/driewes.de\/wp-content\/uploads\/2019\/11\/70B93960-C35B-4E1E-8303-4C85C81C0313-1024x1021.jpg\" alt=\"\" data-id=\"1195\" data-full-url=\"http:\/\/driewes.de\/wp-content\/uploads\/2019\/11\/70B93960-C35B-4E1E-8303-4C85C81C0313.jpg\" data-link=\"http:\/\/driewes.de\/?attachment_id=1195\" class=\"wp-image-1195\" srcset=\"https:\/\/driewes.de\/wp-content\/uploads\/2019\/11\/70B93960-C35B-4E1E-8303-4C85C81C0313-1024x1021.jpg 1024w, https:\/\/driewes.de\/wp-content\/uploads\/2019\/11\/70B93960-C35B-4E1E-8303-4C85C81C0313-300x300.jpg 300w, https:\/\/driewes.de\/wp-content\/uploads\/2019\/11\/70B93960-C35B-4E1E-8303-4C85C81C0313-150x150.jpg 150w, https:\/\/driewes.de\/wp-content\/uploads\/2019\/11\/70B93960-C35B-4E1E-8303-4C85C81C0313-768x766.jpg 768w, https:\/\/driewes.de\/wp-content\/uploads\/2019\/11\/70B93960-C35B-4E1E-8303-4C85C81C0313-70x70.jpg 70w, https:\/\/driewes.de\/wp-content\/uploads\/2019\/11\/70B93960-C35B-4E1E-8303-4C85C81C0313-127x127.jpg 127w, https:\/\/driewes.de\/wp-content\/uploads\/2019\/11\/70B93960-C35B-4E1E-8303-4C85C81C0313-476x476.jpg 476w, https:\/\/driewes.de\/wp-content\/uploads\/2019\/11\/70B93960-C35B-4E1E-8303-4C85C81C0313-125x125.jpg 125w, https:\/\/driewes.de\/wp-content\/uploads\/2019\/11\/70B93960-C35B-4E1E-8303-4C85C81C0313.jpg 1440w\" sizes=\"auto, (max-width: 1024px) 100vw, 1024px\" \/><\/a><\/figure><\/li><\/ul><\/figure>\n\n\n\n<div class=\"wp-block-webfactory-map\"><div class=\"wp-block-webfactory-map\"><iframe loading=\"lazy\" width=\"100%\" height=\"300px\" src=\"https:\/\/www.google.com\/maps\/embed\/v1\/place?q=K%C3%B6lnerstr.%2010%20siegen&amp;maptype=roadmap&amp;zoom=10&amp;key=AIzaSyAjyDspiPfzEfjRSS5fQzm-3jHFjHxeXB4\" frameborder=\"0\"><\/iframe><\/div><\/div>\n","protected":false},"excerpt":{"rendered":"<p>Gusto Puro = reiner GeschmackItalienisches Lebensgef\u00fchl in der Siegener Oberstadt Am Anfang war die Pizza, und die Passion f\u00fcr italienisches Essen, mit dem Bruno Puddu, der geb\u00fcrtige Sarde, das Siegerland begeistern wollte, indem er zun\u00e4chst mit seinem mobilen Pizzaofen die K\u00f6stlichkeiten zu den Kunden trug. Oder aber italienische K\u00f6stlichkeiten als Catering anbot, die in einem [&hellip;]<\/p>\n","protected":false},"author":3,"featured_media":0,"parent":0,"menu_order":0,"comment_status":"closed","ping_status":"closed","template":"","meta":{"footnotes":""},"class_list":["post-1191","page","type-page","status-publish","hentry"],"_links":{"self":[{"href":"https:\/\/driewes.de\/index.php?rest_route=\/wp\/v2\/pages\/1191","targetHints":{"allow":["GET"]}}],"collection":[{"href":"https:\/\/driewes.de\/index.php?rest_route=\/wp\/v2\/pages"}],"about":[{"href":"https:\/\/driewes.de\/index.php?rest_route=\/wp\/v2\/types\/page"}],"author":[{"embeddable":true,"href":"https:\/\/driewes.de\/index.php?rest_route=\/wp\/v2\/users\/3"}],"replies":[{"embeddable":true,"href":"https:\/\/driewes.de\/index.php?rest_route=%2Fwp%2Fv2%2Fcomments&post=1191"}],"version-history":[{"count":9,"href":"https:\/\/driewes.de\/index.php?rest_route=\/wp\/v2\/pages\/1191\/revisions"}],"predecessor-version":[{"id":1213,"href":"https:\/\/driewes.de\/index.php?rest_route=\/wp\/v2\/pages\/1191\/revisions\/1213"}],"wp:attachment":[{"href":"https:\/\/driewes.de\/index.php?rest_route=%2Fwp%2Fv2%2Fmedia&parent=1191"}],"curies":[{"name":"wp","href":"https:\/\/api.w.org\/{rel}","templated":true}]}}