{"id":1167,"date":"2019-11-12T18:00:50","date_gmt":"2019-11-12T17:00:50","guid":{"rendered":"http:\/\/driewes.de\/?page_id=1167"},"modified":"2019-11-15T10:45:19","modified_gmt":"2019-11-15T09:45:19","slug":"backes-niederndorf","status":"publish","type":"page","link":"https:\/\/driewes.de\/?page_id=1167","title":{"rendered":"Backes Niederndorf"},"content":{"rendered":"\n<p>Backtag im Niederndorfer Backes &#8211; Duftspuren im ganzen Dorf <\/p>\n\n\n\n<figure class=\"wp-block-image\"><img loading=\"lazy\" decoding=\"async\" width=\"1024\" height=\"1024\" src=\"http:\/\/driewes.de\/wp-content\/uploads\/2019\/11\/D55157F5-D414-45B5-BB44-3BFAEA2717F0-1024x1024.jpg\" alt=\"\" class=\"wp-image-1168\" srcset=\"https:\/\/driewes.de\/wp-content\/uploads\/2019\/11\/D55157F5-D414-45B5-BB44-3BFAEA2717F0-1024x1024.jpg 1024w, https:\/\/driewes.de\/wp-content\/uploads\/2019\/11\/D55157F5-D414-45B5-BB44-3BFAEA2717F0-150x150.jpg 150w, https:\/\/driewes.de\/wp-content\/uploads\/2019\/11\/D55157F5-D414-45B5-BB44-3BFAEA2717F0-300x300.jpg 300w, https:\/\/driewes.de\/wp-content\/uploads\/2019\/11\/D55157F5-D414-45B5-BB44-3BFAEA2717F0-768x768.jpg 768w, https:\/\/driewes.de\/wp-content\/uploads\/2019\/11\/D55157F5-D414-45B5-BB44-3BFAEA2717F0-70x70.jpg 70w, https:\/\/driewes.de\/wp-content\/uploads\/2019\/11\/D55157F5-D414-45B5-BB44-3BFAEA2717F0-127x127.jpg 127w, https:\/\/driewes.de\/wp-content\/uploads\/2019\/11\/D55157F5-D414-45B5-BB44-3BFAEA2717F0-476x476.jpg 476w, https:\/\/driewes.de\/wp-content\/uploads\/2019\/11\/D55157F5-D414-45B5-BB44-3BFAEA2717F0-125x125.jpg 125w, https:\/\/driewes.de\/wp-content\/uploads\/2019\/11\/D55157F5-D414-45B5-BB44-3BFAEA2717F0.jpg 1280w\" sizes=\"auto, (max-width: 1024px) 100vw, 1024px\" \/><\/figure>\n\n\n\n<p>Es ist so ein richtiger Novembertag und eigentlich will man gar nicht vor die T\u00fcr. Aber es ist Backtag in Niederndorf, es locken Schanzenbrot , B\u00e4ckel und Bierbrot. Grund genug, sich auf den Weg zu machen. Wir haben keine Brote vorbestellt, m\u00fcssen also fr\u00fch genug vor Ort sein, wenn wir nicht leer ausgehen wollen. Also los!&nbsp;<\/p>\n\n\n\n<p>Der Backes (= das Backhaus) in Niederndorf ist zwar erst 1996 in der jetzigen Form an der Stelle des alten Backes gebaut worden, f\u00fcgt sich aber in seiner Fachwerkbauweise nahtlos in den alten Ortskern ein. Gleich nebenan steht das denkmalgesch\u00fctzte Boos Hus aus dem 15. Jahrhundert.<\/p>\n\n\n\n<p>Kaum haben wir das Auto verlassen, tr\u00e4gt ein Herr einen Korb mit Broten an uns vorbei und diesem Duft kann man nicht widerstehen.<\/p>\n\n\n\n<p>Der Verkaufsraum beherbergt viele Brote, eines sieht leckerer aus als das andere, fast alle sind reserviert. Drei bis vier Hobbyb\u00e4cker backen hier , alle ehrenamtlich, ungef\u00e4hr achtmal im Jahr. In der Regel am ersten Donnerstag im Monat kommen dann alle Fans von gutem Brot hierher, die meisten sind aus dem Dorf oder wohnen in der N\u00e4he, so dass der Verkaufsraum am Backtag zum Treffpunkt wird.<\/p>\n\n\n\n<p>Ein Verein betreibt den Backes und sorgt unter anderem damit f\u00fcr ein lebendiges Dorfleben.<\/p>\n\n\n\n<p>Der Backofen wird 2 Tage vor dem Backtag befeuert mit Schanzen aus dem Hauberg und der Sauerteig wird angesetzt. Alte Rezepte sind die Grundlage und es kommen keinerlei Zusatzstoffe in den Teig.&nbsp;<\/p>\n\n\n\n<p>Und das schmeckt man! Wir ergattern die letzten Brote und werden ab jetzt darauf achten, wann die n\u00e4chsten Backtage sind. Und wir werden auf jeden Fall vorbestellen \u00fcber&nbsp;<a href=\"mailto:vzee-niederndorf@t-online.de\">vzee-niederndorf@t-online.de<\/a><\/p>\n\n\n\n<p>Weitere Informationen findet man unter&nbsp;<a href=\"http:\/\/www.heimatverein-niederndorf.de\/\">www.heimatverein-niederndorf.de<\/a>.<\/p>\n\n\n\n<p>Backtage und Backesfeste haben im Siegerland an vielen Orten eine lange Tradition. Man kann die Termine f\u00fcr 2019 einsehen&nbsp;&nbsp;unter&nbsp;&nbsp;<a href=\"https:\/\/www.siegen-wittgenstein.de\/media\/custom\/2170_3054_1.PDF?1487594380\">https:\/\/www.siegen-wittgenstein.de\/media\/custom\/2170_3054_1.PDF?1487594380<\/a><\/p>\n\n\n\n<figure class=\"wp-block-gallery columns-3 is-cropped wp-block-gallery-1 is-layout-flex wp-block-gallery-is-layout-flex\"><ul class=\"blocks-gallery-grid\"><li class=\"blocks-gallery-item\"><figure><a href=\"http:\/\/driewes.de\/wp-content\/uploads\/2019\/11\/947D257A-FE6C-4682-AE4A-20EEFE34D0BA-1024x1024.jpg\"><img loading=\"lazy\" decoding=\"async\" width=\"1024\" height=\"1024\" src=\"http:\/\/driewes.de\/wp-content\/uploads\/2019\/11\/947D257A-FE6C-4682-AE4A-20EEFE34D0BA-1024x1024.jpg\" alt=\"\" data-id=\"1173\" data-link=\"http:\/\/driewes.de\/?attachment_id=1173\" class=\"wp-image-1173\" srcset=\"https:\/\/driewes.de\/wp-content\/uploads\/2019\/11\/947D257A-FE6C-4682-AE4A-20EEFE34D0BA-1024x1024.jpg 1024w, https:\/\/driewes.de\/wp-content\/uploads\/2019\/11\/947D257A-FE6C-4682-AE4A-20EEFE34D0BA-150x150.jpg 150w, https:\/\/driewes.de\/wp-content\/uploads\/2019\/11\/947D257A-FE6C-4682-AE4A-20EEFE34D0BA-300x300.jpg 300w, https:\/\/driewes.de\/wp-content\/uploads\/2019\/11\/947D257A-FE6C-4682-AE4A-20EEFE34D0BA-768x768.jpg 768w, https:\/\/driewes.de\/wp-content\/uploads\/2019\/11\/947D257A-FE6C-4682-AE4A-20EEFE34D0BA-70x70.jpg 70w, https:\/\/driewes.de\/wp-content\/uploads\/2019\/11\/947D257A-FE6C-4682-AE4A-20EEFE34D0BA-127x127.jpg 127w, https:\/\/driewes.de\/wp-content\/uploads\/2019\/11\/947D257A-FE6C-4682-AE4A-20EEFE34D0BA-476x476.jpg 476w, https:\/\/driewes.de\/wp-content\/uploads\/2019\/11\/947D257A-FE6C-4682-AE4A-20EEFE34D0BA-125x125.jpg 125w, https:\/\/driewes.de\/wp-content\/uploads\/2019\/11\/947D257A-FE6C-4682-AE4A-20EEFE34D0BA.jpg 1440w\" sizes=\"auto, (max-width: 1024px) 100vw, 1024px\" \/><\/a><\/figure><\/li><li class=\"blocks-gallery-item\"><figure><a href=\"http:\/\/driewes.de\/wp-content\/uploads\/2019\/11\/IMG_8403-e1573577758900-768x1024.jpg\"><img loading=\"lazy\" decoding=\"async\" width=\"768\" height=\"1024\" src=\"http:\/\/driewes.de\/wp-content\/uploads\/2019\/11\/IMG_8403-e1573577758900-768x1024.jpg\" alt=\"\" data-id=\"1170\" data-link=\"http:\/\/driewes.de\/?attachment_id=1170\" class=\"wp-image-1170\" srcset=\"https:\/\/driewes.de\/wp-content\/uploads\/2019\/11\/IMG_8403-e1573577758900-768x1024.jpg 768w, https:\/\/driewes.de\/wp-content\/uploads\/2019\/11\/IMG_8403-e1573577758900-225x300.jpg 225w, https:\/\/driewes.de\/wp-content\/uploads\/2019\/11\/IMG_8403-e1573577758900.jpg 1512w\" sizes=\"auto, (max-width: 768px) 100vw, 768px\" \/><\/a><\/figure><\/li><li class=\"blocks-gallery-item\"><figure><a href=\"http:\/\/driewes.de\/wp-content\/uploads\/2019\/11\/8BD782ED-BB80-4FB2-8B56-F320F524AF3C-1024x1024.jpg\"><img loading=\"lazy\" decoding=\"async\" width=\"1024\" height=\"1024\" src=\"http:\/\/driewes.de\/wp-content\/uploads\/2019\/11\/8BD782ED-BB80-4FB2-8B56-F320F524AF3C-1024x1024.jpg\" alt=\"\" data-id=\"1171\" data-link=\"http:\/\/driewes.de\/?attachment_id=1171\" class=\"wp-image-1171\" srcset=\"https:\/\/driewes.de\/wp-content\/uploads\/2019\/11\/8BD782ED-BB80-4FB2-8B56-F320F524AF3C-1024x1024.jpg 1024w, https:\/\/driewes.de\/wp-content\/uploads\/2019\/11\/8BD782ED-BB80-4FB2-8B56-F320F524AF3C-150x150.jpg 150w, https:\/\/driewes.de\/wp-content\/uploads\/2019\/11\/8BD782ED-BB80-4FB2-8B56-F320F524AF3C-300x300.jpg 300w, https:\/\/driewes.de\/wp-content\/uploads\/2019\/11\/8BD782ED-BB80-4FB2-8B56-F320F524AF3C-768x768.jpg 768w, https:\/\/driewes.de\/wp-content\/uploads\/2019\/11\/8BD782ED-BB80-4FB2-8B56-F320F524AF3C-70x70.jpg 70w, https:\/\/driewes.de\/wp-content\/uploads\/2019\/11\/8BD782ED-BB80-4FB2-8B56-F320F524AF3C-127x127.jpg 127w, https:\/\/driewes.de\/wp-content\/uploads\/2019\/11\/8BD782ED-BB80-4FB2-8B56-F320F524AF3C-476x476.jpg 476w, https:\/\/driewes.de\/wp-content\/uploads\/2019\/11\/8BD782ED-BB80-4FB2-8B56-F320F524AF3C-125x125.jpg 125w, https:\/\/driewes.de\/wp-content\/uploads\/2019\/11\/8BD782ED-BB80-4FB2-8B56-F320F524AF3C.jpg 1280w\" sizes=\"auto, (max-width: 1024px) 100vw, 1024px\" \/><\/a><\/figure><\/li><li class=\"blocks-gallery-item\"><figure><a href=\"http:\/\/driewes.de\/wp-content\/uploads\/2019\/11\/IMG_8399-e1573577784823-768x1024.jpg\"><img loading=\"lazy\" decoding=\"async\" width=\"768\" height=\"1024\" src=\"http:\/\/driewes.de\/wp-content\/uploads\/2019\/11\/IMG_8399-e1573577784823-768x1024.jpg\" alt=\"\" data-id=\"1169\" data-link=\"http:\/\/driewes.de\/?attachment_id=1169\" class=\"wp-image-1169\" srcset=\"https:\/\/driewes.de\/wp-content\/uploads\/2019\/11\/IMG_8399-e1573577784823-768x1024.jpg 768w, https:\/\/driewes.de\/wp-content\/uploads\/2019\/11\/IMG_8399-e1573577784823-225x300.jpg 225w, https:\/\/driewes.de\/wp-content\/uploads\/2019\/11\/IMG_8399-e1573577784823.jpg 1512w\" sizes=\"auto, (max-width: 768px) 100vw, 768px\" \/><\/a><\/figure><\/li><li class=\"blocks-gallery-item\"><figure><a href=\"http:\/\/driewes.de\/wp-content\/uploads\/2019\/11\/FB8B8D67-10DF-47F8-B93C-DA720C3AB0D1-1024x1024.jpg\"><img loading=\"lazy\" decoding=\"async\" width=\"1024\" height=\"1024\" src=\"http:\/\/driewes.de\/wp-content\/uploads\/2019\/11\/FB8B8D67-10DF-47F8-B93C-DA720C3AB0D1-1024x1024.jpg\" alt=\"\" data-id=\"1172\" data-link=\"http:\/\/driewes.de\/?attachment_id=1172\" class=\"wp-image-1172\" srcset=\"https:\/\/driewes.de\/wp-content\/uploads\/2019\/11\/FB8B8D67-10DF-47F8-B93C-DA720C3AB0D1-1024x1024.jpg 1024w, https:\/\/driewes.de\/wp-content\/uploads\/2019\/11\/FB8B8D67-10DF-47F8-B93C-DA720C3AB0D1-150x150.jpg 150w, https:\/\/driewes.de\/wp-content\/uploads\/2019\/11\/FB8B8D67-10DF-47F8-B93C-DA720C3AB0D1-300x300.jpg 300w, https:\/\/driewes.de\/wp-content\/uploads\/2019\/11\/FB8B8D67-10DF-47F8-B93C-DA720C3AB0D1-768x768.jpg 768w, https:\/\/driewes.de\/wp-content\/uploads\/2019\/11\/FB8B8D67-10DF-47F8-B93C-DA720C3AB0D1-70x70.jpg 70w, https:\/\/driewes.de\/wp-content\/uploads\/2019\/11\/FB8B8D67-10DF-47F8-B93C-DA720C3AB0D1-127x127.jpg 127w, https:\/\/driewes.de\/wp-content\/uploads\/2019\/11\/FB8B8D67-10DF-47F8-B93C-DA720C3AB0D1-476x476.jpg 476w, https:\/\/driewes.de\/wp-content\/uploads\/2019\/11\/FB8B8D67-10DF-47F8-B93C-DA720C3AB0D1-125x125.jpg 125w, https:\/\/driewes.de\/wp-content\/uploads\/2019\/11\/FB8B8D67-10DF-47F8-B93C-DA720C3AB0D1.jpg 1280w\" sizes=\"auto, (max-width: 1024px) 100vw, 1024px\" \/><\/a><\/figure><\/li><\/ul><\/figure>\n\n\n\n<figure class=\"wp-block-gallery columns-0 is-cropped wp-block-gallery-2 is-layout-flex wp-block-gallery-is-layout-flex\"><ul class=\"blocks-gallery-grid\"><\/ul><\/figure>\n\n\n\n<p><\/p>\n","protected":false},"excerpt":{"rendered":"<p>Backtag im Niederndorfer Backes &#8211; Duftspuren im ganzen Dorf Es ist so ein richtiger Novembertag und eigentlich will man gar nicht vor die T\u00fcr. Aber es ist Backtag in Niederndorf, es locken Schanzenbrot , B\u00e4ckel und Bierbrot. Grund genug, sich auf den Weg zu machen. Wir haben keine Brote vorbestellt, m\u00fcssen also fr\u00fch genug vor [&hellip;]<\/p>\n","protected":false},"author":3,"featured_media":0,"parent":324,"menu_order":0,"comment_status":"closed","ping_status":"closed","template":"","meta":{"footnotes":""},"class_list":["post-1167","page","type-page","status-publish","hentry"],"_links":{"self":[{"href":"https:\/\/driewes.de\/index.php?rest_route=\/wp\/v2\/pages\/1167","targetHints":{"allow":["GET"]}}],"collection":[{"href":"https:\/\/driewes.de\/index.php?rest_route=\/wp\/v2\/pages"}],"about":[{"href":"https:\/\/driewes.de\/index.php?rest_route=\/wp\/v2\/types\/page"}],"author":[{"embeddable":true,"href":"https:\/\/driewes.de\/index.php?rest_route=\/wp\/v2\/users\/3"}],"replies":[{"embeddable":true,"href":"https:\/\/driewes.de\/index.php?rest_route=%2Fwp%2Fv2%2Fcomments&post=1167"}],"version-history":[{"count":4,"href":"https:\/\/driewes.de\/index.php?rest_route=\/wp\/v2\/pages\/1167\/revisions"}],"predecessor-version":[{"id":1184,"href":"https:\/\/driewes.de\/index.php?rest_route=\/wp\/v2\/pages\/1167\/revisions\/1184"}],"up":[{"embeddable":true,"href":"https:\/\/driewes.de\/index.php?rest_route=\/wp\/v2\/pages\/324"}],"wp:attachment":[{"href":"https:\/\/driewes.de\/index.php?rest_route=%2Fwp%2Fv2%2Fmedia&parent=1167"}],"curies":[{"name":"wp","href":"https:\/\/api.w.org\/{rel}","templated":true}]}}