{"id":1135,"date":"2019-11-06T11:00:03","date_gmt":"2019-11-06T10:00:03","guid":{"rendered":"http:\/\/driewes.de\/?page_id=1135"},"modified":"2019-11-21T10:10:31","modified_gmt":"2019-11-21T09:10:31","slug":"handwerkskunst-und-leidenschaft","status":"publish","type":"page","link":"https:\/\/driewes.de\/?page_id=1135","title":{"rendered":"Der Gerbermeister"},"content":{"rendered":"\n<p>Handwerkskunst und Leidenschaft &#8211; Ein Besuch bei Theo J\u00fcngst in der Gerberei Eschenbach<\/p>\n\n\n\n<figure class=\"wp-block-image\"><img loading=\"lazy\" decoding=\"async\" width=\"916\" height=\"1024\" src=\"http:\/\/driewes.de\/wp-content\/uploads\/2019\/11\/IMG_8320-1-916x1024.jpg\" alt=\"\" class=\"wp-image-1137\" srcset=\"https:\/\/driewes.de\/wp-content\/uploads\/2019\/11\/IMG_8320-1-916x1024.jpg 916w, https:\/\/driewes.de\/wp-content\/uploads\/2019\/11\/IMG_8320-1-268x300.jpg 268w, https:\/\/driewes.de\/wp-content\/uploads\/2019\/11\/IMG_8320-1-768x859.jpg 768w, https:\/\/driewes.de\/wp-content\/uploads\/2019\/11\/IMG_8320-1.jpg 1433w\" sizes=\"auto, (max-width: 916px) 100vw, 916px\" \/><figcaption>Der Gerbermeister Theo J\u00fcngst<\/figcaption><\/figure>\n\n\n\n<p>Wir haben uns angemeldet und betreten tats\u00e4chlich eine andere als die gewohnte Welt, als wir freundlich von Theo J\u00fcngst begr\u00fc\u00dft werden. Und es ist in der Tat ein sehr besonderer Ort, eine von nur noch wenigen Fellgerbereien in Deutschland. Schon der Gro\u00dfvater hatte vor mehr als 120 Jahren den Betrieb gegr\u00fcndet, der zun\u00e4chst eine Ledergerberei war. Theo J\u00fcngst gerbt heute ausschlie\u00dflich Felle, \u00fcberwiegend f\u00fcr Auftraggeber, vor allem Sch\u00e4fer und J\u00e4ger, aber auch f\u00fcr Museen, die aus vielen L\u00e4ndern Europas Felle schicken, weil sie offensichtlich wissen, dass hier in Eschenbach hochwertige Produkte entstehen. So ist heute ein B\u00e4renfell aus Schweden im Gerbfass. Dort findet der eigentliche Gerbprozess statt und das dauert 2 volle Tage. Aber das ist nur einer von vielen Schritten in einem aufw\u00e4ndigen Herstellungsverfahren. Wenig ansehnlich und schmutzig liegen die angelieferten Felle zu unseren F\u00fc\u00dfen. Wie soll daraus am Ende ein kuscheliges Etwas werden? Dass das geht, bekommen wir zu sehen in einem Szenario, das seinen Ursprung im 19. Jahrhundert noch erahnen l\u00e4sst, auch wenn heute die archaisch anmutenden Maschinen elektrisch betrieben werden. Das Entfleischen und vieles andere erfolgen aber von Hand. Die dann gewaschenen und 48 Stunden gegerbten Felle werden getrocknet, gestollt, geschliffen und gek\u00e4mmt. Es ist bei jeder dieser T\u00e4tigkeiten zu sp\u00fcren, mit welcher Passion und Erfahrung Theo J\u00fcngst seinen Beruf macht.&nbsp;<\/p>\n\n\n\n<p>Und im Lager liegen sie dann, wie frisch vom Friseur: das gelockte Fell des Schottlandrindes, die schneewei\u00dfen dichten Schafsfelle, die langhaarig-zotteligen, schwarz-grauen Felle der Heidschnucken und die sch\u00f6n gezeichneten Dachs- und Waschb\u00e4rfelle. Jedes anders, jedes ein Unikat und jeder Auftraggeber bekommt auch exakt sein Fell mit Nummer zur\u00fcck. Es gibt nat\u00fcrlich auch Felle, die man kaufen kann, aber wir k\u00f6nnen uns nicht so schnell entscheiden, so wunderbar sind sie. Wir m\u00fcssen also nochmal wiederkommen. Vielleicht kriegen wir dann ja auch das fertige B\u00e4renfell zu sehen.<\/p>\n\n\n\n<p>Wie schade, dass es kaum mehr Menschen gibt, die sich von Theo J\u00fcngst Leidenschaft anstecken lassen und dieses Handwerk erlernen, das es in naher Zukunft wohl nicht mehr geben wird.<\/p>\n\n\n\n<p>Unter&nbsp;<a href=\"http:\/\/www.gerberei-juengst.de\/\" target=\"_blank\" rel=\"noreferrer noopener\" aria-label=\"www.gerberei-juengst.de (\u00f6ffnet in neuem Tab)\">www.gerberei-juengst.de<\/a> kann man die Arbeitsschritte der Fellgerberei anschauen und Adresse und Telefonnummer finden.<\/p>\n\n\n\n<figure class=\"wp-block-gallery columns-3 is-cropped wp-block-gallery-1 is-layout-flex wp-block-gallery-is-layout-flex\"><ul class=\"blocks-gallery-grid\"><li class=\"blocks-gallery-item\"><figure><a href=\"http:\/\/driewes.de\/wp-content\/uploads\/2019\/11\/IMG_8324-899x1024.jpg\"><img loading=\"lazy\" decoding=\"async\" width=\"899\" height=\"1024\" src=\"http:\/\/driewes.de\/wp-content\/uploads\/2019\/11\/IMG_8324-899x1024.jpg\" alt=\"\" data-id=\"1138\" data-link=\"http:\/\/driewes.de\/?attachment_id=1138\" class=\"wp-image-1138\" srcset=\"https:\/\/driewes.de\/wp-content\/uploads\/2019\/11\/IMG_8324-899x1024.jpg 899w, https:\/\/driewes.de\/wp-content\/uploads\/2019\/11\/IMG_8324-263x300.jpg 263w, https:\/\/driewes.de\/wp-content\/uploads\/2019\/11\/IMG_8324-768x875.jpg 768w, https:\/\/driewes.de\/wp-content\/uploads\/2019\/11\/IMG_8324.jpg 1511w\" sizes=\"auto, (max-width: 899px) 100vw, 899px\" \/><\/a><figcaption class=\"blocks-gallery-item__caption\">Das Fell wird entfleischt,<\/figcaption><\/figure><\/li><li class=\"blocks-gallery-item\"><figure><a href=\"http:\/\/driewes.de\/wp-content\/uploads\/2019\/11\/IMG_8325-813x1024.jpg\"><img loading=\"lazy\" decoding=\"async\" width=\"813\" height=\"1024\" src=\"http:\/\/driewes.de\/wp-content\/uploads\/2019\/11\/IMG_8325-813x1024.jpg\" alt=\"\" data-id=\"1139\" data-link=\"http:\/\/driewes.de\/?attachment_id=1139\" class=\"wp-image-1139\" srcset=\"https:\/\/driewes.de\/wp-content\/uploads\/2019\/11\/IMG_8325-813x1024.jpg 813w, https:\/\/driewes.de\/wp-content\/uploads\/2019\/11\/IMG_8325-238x300.jpg 238w, https:\/\/driewes.de\/wp-content\/uploads\/2019\/11\/IMG_8325-768x967.jpg 768w, https:\/\/driewes.de\/wp-content\/uploads\/2019\/11\/IMG_8325.jpg 1511w\" sizes=\"auto, (max-width: 813px) 100vw, 813px\" \/><\/a><figcaption class=\"blocks-gallery-item__caption\">in der Maschine wird gegerbt,<\/figcaption><\/figure><\/li><li class=\"blocks-gallery-item\"><figure><a href=\"http:\/\/driewes.de\/wp-content\/uploads\/2019\/11\/IMG_8337-1024x794.jpg\"><img loading=\"lazy\" decoding=\"async\" width=\"1024\" height=\"794\" src=\"http:\/\/driewes.de\/wp-content\/uploads\/2019\/11\/IMG_8337-1024x794.jpg\" alt=\"\" data-id=\"1142\" data-link=\"http:\/\/driewes.de\/?attachment_id=1142\" class=\"wp-image-1142\" srcset=\"https:\/\/driewes.de\/wp-content\/uploads\/2019\/11\/IMG_8337-1024x794.jpg 1024w, https:\/\/driewes.de\/wp-content\/uploads\/2019\/11\/IMG_8337-300x233.jpg 300w, https:\/\/driewes.de\/wp-content\/uploads\/2019\/11\/IMG_8337-768x596.jpg 768w, https:\/\/driewes.de\/wp-content\/uploads\/2019\/11\/IMG_8337.jpg 1949w\" sizes=\"auto, (max-width: 1024px) 100vw, 1024px\" \/><\/a><figcaption class=\"blocks-gallery-item__caption\">das Fell wird getrocknet<\/figcaption><\/figure><\/li><li class=\"blocks-gallery-item\"><figure><a href=\"http:\/\/driewes.de\/wp-content\/uploads\/2019\/11\/IMG_8332-841x1024.jpg\"><img loading=\"lazy\" decoding=\"async\" width=\"841\" height=\"1024\" src=\"http:\/\/driewes.de\/wp-content\/uploads\/2019\/11\/IMG_8332-841x1024.jpg\" alt=\"\" data-id=\"1140\" data-link=\"http:\/\/driewes.de\/?attachment_id=1140\" class=\"wp-image-1140\" srcset=\"https:\/\/driewes.de\/wp-content\/uploads\/2019\/11\/IMG_8332-841x1024.jpg 841w, https:\/\/driewes.de\/wp-content\/uploads\/2019\/11\/IMG_8332-246x300.jpg 246w, https:\/\/driewes.de\/wp-content\/uploads\/2019\/11\/IMG_8332-768x935.jpg 768w, https:\/\/driewes.de\/wp-content\/uploads\/2019\/11\/IMG_8332.jpg 1511w\" sizes=\"auto, (max-width: 841px) 100vw, 841px\" \/><\/a><figcaption class=\"blocks-gallery-item__caption\">und gek\u00e4mmt<\/figcaption><\/figure><\/li><li class=\"blocks-gallery-item\"><figure><a href=\"http:\/\/driewes.de\/wp-content\/uploads\/2019\/11\/IMG_8333-885x1024.jpg\"><img loading=\"lazy\" decoding=\"async\" width=\"885\" height=\"1024\" src=\"http:\/\/driewes.de\/wp-content\/uploads\/2019\/11\/IMG_8333-885x1024.jpg\" alt=\"\" data-id=\"1141\" data-link=\"http:\/\/driewes.de\/?attachment_id=1141\" class=\"wp-image-1141\" srcset=\"https:\/\/driewes.de\/wp-content\/uploads\/2019\/11\/IMG_8333-885x1024.jpg 885w, https:\/\/driewes.de\/wp-content\/uploads\/2019\/11\/IMG_8333-259x300.jpg 259w, https:\/\/driewes.de\/wp-content\/uploads\/2019\/11\/IMG_8333-768x889.jpg 768w, https:\/\/driewes.de\/wp-content\/uploads\/2019\/11\/IMG_8333.jpg 1510w\" sizes=\"auto, (max-width: 885px) 100vw, 885px\" \/><\/a><figcaption class=\"blocks-gallery-item__caption\">Die Arbeitsbank mit Nadelwalze<br><\/figcaption><\/figure><\/li><li class=\"blocks-gallery-item\"><figure><a href=\"http:\/\/driewes.de\/wp-content\/uploads\/2019\/11\/IMG_8345-814x1024.jpg\"><img loading=\"lazy\" decoding=\"async\" width=\"814\" height=\"1024\" src=\"http:\/\/driewes.de\/wp-content\/uploads\/2019\/11\/IMG_8345-814x1024.jpg\" alt=\"\" data-id=\"1146\" data-link=\"http:\/\/driewes.de\/?attachment_id=1146\" class=\"wp-image-1146\" srcset=\"https:\/\/driewes.de\/wp-content\/uploads\/2019\/11\/IMG_8345-814x1024.jpg 814w, https:\/\/driewes.de\/wp-content\/uploads\/2019\/11\/IMG_8345-239x300.jpg 239w, https:\/\/driewes.de\/wp-content\/uploads\/2019\/11\/IMG_8345-768x966.jpg 768w, https:\/\/driewes.de\/wp-content\/uploads\/2019\/11\/IMG_8345.jpg 1512w\" sizes=\"auto, (max-width: 814px) 100vw, 814px\" \/><\/a><figcaption class=\"blocks-gallery-item__caption\">Gek\u00e4mmtes Schottlandrind<\/figcaption><\/figure><\/li><li class=\"blocks-gallery-item\"><figure><a href=\"http:\/\/driewes.de\/wp-content\/uploads\/2019\/11\/IMG_8338-880x1024.jpg\"><img loading=\"lazy\" decoding=\"async\" width=\"880\" height=\"1024\" src=\"http:\/\/driewes.de\/wp-content\/uploads\/2019\/11\/IMG_8338-880x1024.jpg\" alt=\"\" data-id=\"1143\" data-link=\"http:\/\/driewes.de\/?attachment_id=1143\" class=\"wp-image-1143\" srcset=\"https:\/\/driewes.de\/wp-content\/uploads\/2019\/11\/IMG_8338-880x1024.jpg 880w, https:\/\/driewes.de\/wp-content\/uploads\/2019\/11\/IMG_8338-258x300.jpg 258w, https:\/\/driewes.de\/wp-content\/uploads\/2019\/11\/IMG_8338-768x894.jpg 768w, https:\/\/driewes.de\/wp-content\/uploads\/2019\/11\/IMG_8338.jpg 1508w\" sizes=\"auto, (max-width: 880px) 100vw, 880px\" \/><\/a><figcaption class=\"blocks-gallery-item__caption\">Kuschelige Schafsfelle<\/figcaption><\/figure><\/li><li class=\"blocks-gallery-item\"><figure><a href=\"http:\/\/driewes.de\/wp-content\/uploads\/2019\/11\/IMG_8347-815x1024.jpg\"><img loading=\"lazy\" decoding=\"async\" width=\"815\" height=\"1024\" src=\"http:\/\/driewes.de\/wp-content\/uploads\/2019\/11\/IMG_8347-815x1024.jpg\" alt=\"\" data-id=\"1148\" data-link=\"http:\/\/driewes.de\/?attachment_id=1148\" class=\"wp-image-1148\" srcset=\"https:\/\/driewes.de\/wp-content\/uploads\/2019\/11\/IMG_8347-815x1024.jpg 815w, https:\/\/driewes.de\/wp-content\/uploads\/2019\/11\/IMG_8347-239x300.jpg 239w, https:\/\/driewes.de\/wp-content\/uploads\/2019\/11\/IMG_8347-768x965.jpg 768w, https:\/\/driewes.de\/wp-content\/uploads\/2019\/11\/IMG_8347.jpg 1512w\" sizes=\"auto, (max-width: 815px) 100vw, 815px\" \/><\/a><figcaption class=\"blocks-gallery-item__caption\">Gezeichnetes Fell<\/figcaption><\/figure><\/li><li class=\"blocks-gallery-item\"><figure><a href=\"http:\/\/driewes.de\/wp-content\/uploads\/2019\/11\/IMG_8346-809x1024.jpg\"><img loading=\"lazy\" decoding=\"async\" width=\"809\" height=\"1024\" src=\"http:\/\/driewes.de\/wp-content\/uploads\/2019\/11\/IMG_8346-809x1024.jpg\" alt=\"\" data-id=\"1147\" data-link=\"http:\/\/driewes.de\/?attachment_id=1147\" class=\"wp-image-1147\" srcset=\"https:\/\/driewes.de\/wp-content\/uploads\/2019\/11\/IMG_8346-809x1024.jpg 809w, https:\/\/driewes.de\/wp-content\/uploads\/2019\/11\/IMG_8346-237x300.jpg 237w, https:\/\/driewes.de\/wp-content\/uploads\/2019\/11\/IMG_8346-768x972.jpg 768w, https:\/\/driewes.de\/wp-content\/uploads\/2019\/11\/IMG_8346.jpg 1511w\" sizes=\"auto, (max-width: 809px) 100vw, 809px\" \/><\/a><figcaption class=\"blocks-gallery-item__caption\">Edle Felle<\/figcaption><\/figure><\/li><li class=\"blocks-gallery-item\"><figure><a href=\"http:\/\/driewes.de\/wp-content\/uploads\/2019\/11\/IMG_8344-871x1024.jpg\"><img loading=\"lazy\" decoding=\"async\" width=\"871\" height=\"1024\" src=\"http:\/\/driewes.de\/wp-content\/uploads\/2019\/11\/IMG_8344-871x1024.jpg\" alt=\"\" data-id=\"1145\" data-link=\"http:\/\/driewes.de\/?attachment_id=1145\" class=\"wp-image-1145\" srcset=\"https:\/\/driewes.de\/wp-content\/uploads\/2019\/11\/IMG_8344-871x1024.jpg 871w, https:\/\/driewes.de\/wp-content\/uploads\/2019\/11\/IMG_8344-255x300.jpg 255w, https:\/\/driewes.de\/wp-content\/uploads\/2019\/11\/IMG_8344-768x903.jpg 768w, https:\/\/driewes.de\/wp-content\/uploads\/2019\/11\/IMG_8344.jpg 1511w\" sizes=\"auto, (max-width: 871px) 100vw, 871px\" \/><\/a><figcaption class=\"blocks-gallery-item__caption\">Rehfell<\/figcaption><\/figure><\/li><li class=\"blocks-gallery-item\"><figure><a href=\"http:\/\/driewes.de\/wp-content\/uploads\/2019\/11\/IMG_8343-818x1024.jpg\"><img loading=\"lazy\" decoding=\"async\" width=\"818\" height=\"1024\" src=\"http:\/\/driewes.de\/wp-content\/uploads\/2019\/11\/IMG_8343-818x1024.jpg\" alt=\"\" data-id=\"1144\" data-link=\"http:\/\/driewes.de\/?attachment_id=1144\" class=\"wp-image-1144\" srcset=\"https:\/\/driewes.de\/wp-content\/uploads\/2019\/11\/IMG_8343-818x1024.jpg 818w, https:\/\/driewes.de\/wp-content\/uploads\/2019\/11\/IMG_8343-240x300.jpg 240w, https:\/\/driewes.de\/wp-content\/uploads\/2019\/11\/IMG_8343-768x961.jpg 768w, https:\/\/driewes.de\/wp-content\/uploads\/2019\/11\/IMG_8343.jpg 1511w\" sizes=\"auto, (max-width: 818px) 100vw, 818px\" \/><\/a><figcaption class=\"blocks-gallery-item__caption\">Dach-und Wildschweinfelle<\/figcaption><\/figure><\/li><li class=\"blocks-gallery-item\"><figure><a href=\"http:\/\/driewes.de\/wp-content\/uploads\/2019\/11\/IMG_8348-798x1024.jpg\"><img loading=\"lazy\" decoding=\"async\" width=\"798\" height=\"1024\" src=\"http:\/\/driewes.de\/wp-content\/uploads\/2019\/11\/IMG_8348-798x1024.jpg\" alt=\"\" data-id=\"1149\" data-link=\"http:\/\/driewes.de\/?attachment_id=1149\" class=\"wp-image-1149\" srcset=\"https:\/\/driewes.de\/wp-content\/uploads\/2019\/11\/IMG_8348-798x1024.jpg 798w, https:\/\/driewes.de\/wp-content\/uploads\/2019\/11\/IMG_8348-234x300.jpg 234w, https:\/\/driewes.de\/wp-content\/uploads\/2019\/11\/IMG_8348-768x986.jpg 768w, https:\/\/driewes.de\/wp-content\/uploads\/2019\/11\/IMG_8348.jpg 1511w\" sizes=\"auto, (max-width: 798px) 100vw, 798px\" \/><\/a><figcaption class=\"blocks-gallery-item__caption\">Verkauf der Felle<\/figcaption><\/figure><\/li><li class=\"blocks-gallery-item\"><figure><a href=\"http:\/\/driewes.de\/wp-content\/uploads\/2019\/11\/IMG_8350-860x1024.jpg\"><img loading=\"lazy\" decoding=\"async\" width=\"860\" height=\"1024\" src=\"http:\/\/driewes.de\/wp-content\/uploads\/2019\/11\/IMG_8350-860x1024.jpg\" alt=\"\" data-id=\"1150\" data-link=\"http:\/\/driewes.de\/?attachment_id=1150\" class=\"wp-image-1150\" srcset=\"https:\/\/driewes.de\/wp-content\/uploads\/2019\/11\/IMG_8350-860x1024.jpg 860w, https:\/\/driewes.de\/wp-content\/uploads\/2019\/11\/IMG_8350-252x300.jpg 252w, https:\/\/driewes.de\/wp-content\/uploads\/2019\/11\/IMG_8350-768x914.jpg 768w, https:\/\/driewes.de\/wp-content\/uploads\/2019\/11\/IMG_8350.jpg 1511w\" sizes=\"auto, (max-width: 860px) 100vw, 860px\" \/><\/a><figcaption class=\"blocks-gallery-item__caption\">Ein Ort mit Tradition <\/figcaption><\/figure><\/li><\/ul><\/figure>\n\n\n\n<p><\/p>\n","protected":false},"excerpt":{"rendered":"<p>Handwerkskunst und Leidenschaft &#8211; Ein Besuch bei Theo J\u00fcngst in der Gerberei Eschenbach Wir haben uns angemeldet und betreten tats\u00e4chlich eine andere als die gewohnte Welt, als wir freundlich von Theo J\u00fcngst begr\u00fc\u00dft werden. Und es ist in der Tat ein sehr besonderer Ort, eine von nur noch wenigen Fellgerbereien in Deutschland. Schon der Gro\u00dfvater [&hellip;]<\/p>\n","protected":false},"author":3,"featured_media":0,"parent":320,"menu_order":0,"comment_status":"closed","ping_status":"closed","template":"","meta":{"footnotes":""},"class_list":["post-1135","page","type-page","status-publish","hentry"],"_links":{"self":[{"href":"https:\/\/driewes.de\/index.php?rest_route=\/wp\/v2\/pages\/1135","targetHints":{"allow":["GET"]}}],"collection":[{"href":"https:\/\/driewes.de\/index.php?rest_route=\/wp\/v2\/pages"}],"about":[{"href":"https:\/\/driewes.de\/index.php?rest_route=\/wp\/v2\/types\/page"}],"author":[{"embeddable":true,"href":"https:\/\/driewes.de\/index.php?rest_route=\/wp\/v2\/users\/3"}],"replies":[{"embeddable":true,"href":"https:\/\/driewes.de\/index.php?rest_route=%2Fwp%2Fv2%2Fcomments&post=1135"}],"version-history":[{"count":8,"href":"https:\/\/driewes.de\/index.php?rest_route=\/wp\/v2\/pages\/1135\/revisions"}],"predecessor-version":[{"id":1207,"href":"https:\/\/driewes.de\/index.php?rest_route=\/wp\/v2\/pages\/1135\/revisions\/1207"}],"up":[{"embeddable":true,"href":"https:\/\/driewes.de\/index.php?rest_route=\/wp\/v2\/pages\/320"}],"wp:attachment":[{"href":"https:\/\/driewes.de\/index.php?rest_route=%2Fwp%2Fv2%2Fmedia&parent=1135"}],"curies":[{"name":"wp","href":"https:\/\/api.w.org\/{rel}","templated":true}]}}